{"id":246423,"date":"2023-03-03T09:49:58","date_gmt":"2023-03-03T09:50:03","guid":{"rendered":"https:\/\/www.erresse-shop.it\/?post_type=product&#038;p=246423"},"modified":"2025-01-14T08:06:48","modified_gmt":"2025-01-14T08:06:48","slug":"g3-ferrari-artiko","status":"publish","type":"product","link":"https:\/\/www.erresse-shop.it\/fr\/shop\/petits-electromenagers\/sorbetieres\/g3-ferrari-artiko\/","title":{"rendered":"G3 FERRARI Artiko"},"content":{"rendered":"<p>Fournir des boissons fra\u00eeches en quantit\u00e9 et en peu de temps, ou conserver des aliments sur un lit froid, ne sont plus des probl\u00e8mes impossibles : avec <strong>ARTIKO<\/strong>, vous avez une solution pratique et \u00e9conomique chez vous. Prenant peu de place et n\u00e9cessitant une faible consommation d&#8217;\u00e9nergie, cette machine \u00e0 gla\u00e7ons r\u00e9pond facilement aux besoins des m\u00e9nages mais peut \u00e9galement satisfaire les exigences des petites entreprises et des collectivit\u00e9s.<\/p>\n<p>Environ 1400 cubes creux peuvent \u00eatre produits en 24 heures, un approvisionnement toujours pr\u00eat en toutes saisons et \u00e0 toutes les temp\u00e9ratures, en utilisant de l&#8217;eau naturelle ou potable du robinet.<\/p>\n<p><strong>Caract\u00e9ristiques techniques<\/strong><\/p>\n<ul>\n<li>Possibilit\u00e9 de d\u00e9finir 2 tailles de cubes : petit et grand<\/li>\n<li>Capacit\u00e9 de production : 12 kg en 24 heures (environ 1400 cubes)<\/li>\n<li>Capacit\u00e9 du r\u00e9servoir d&#8217;eau : 1,2 l<\/li>\n<li>Capacit\u00e9 du bac \u00e0 gla\u00e7ons : environ 600 g<\/li>\n<li>Arr\u00eat automatique lorsque le r\u00e9servoir d&#8217;eau est vide ou le r\u00e9servoir de glace plein.<\/li>\n<li>Fonctionnement automatique et silencieux<\/li>\n<li>Compresseur ultramoderne utilisant un gaz \u00e9cologique<\/li>\n<li>Gaz \u00e9cologique R600a, 22g<\/li>\n<li>Accessoires : bac \u00e0 glace, pelle<\/li>\n<li>Alimentation \u00e9lectrique : AC 230V ~ 50Hz<\/li>\n<li>Dimensions (L x H x P) : 22 x 29 x 28,5 cm<\/li>\n<li>Poids : 6,2 kg<\/li>\n<\/ul>\n<p><strong>Non commercialis\u00e9 en dehors de l&#8217;Europe<\/strong><\/p>\n","protected":false},"excerpt":{"rendered":"<p>Fournir des boissons fra\u00eeches en quantit\u00e9 et en peu de temps, ou conserver des aliments sur un lit froid, ne<\/p>\n","protected":false},"featured_media":246465,"template":"","meta":{"_acf_changed":false,"inline_featured_image":false},"product_cat":[12449,12761],"product_tag":[23910,23690,21821],"acf":[],"yoast_head":"<!-- This site is optimized with the Yoast SEO Premium plugin v18.6 (Yoast SEO v19.13) - https:\/\/yoast.com\/wordpress\/plugins\/seo\/ -->\n<title>G3 FERRARI Artiko<\/title>\n<meta name=\"description\" content=\"D\u00e9couvrez G3 FERRARI Artiko sur ErresseShop. Qualit\u00e9, prix r\u00e9duits et achat s\u00e9curis\u00e9 \u2013 commandez d\u00e8s maintenant en ligne !\" \/>\n<meta name=\"robots\" content=\"index, follow, max-snippet:-1, max-image-preview:large, max-video-preview:-1\" \/>\n<link rel=\"canonical\" href=\"https:\/\/www.erresse-shop.it\/fr\/shop\/petits-electromenagers\/sorbetieres\/g3-ferrari-artiko\/\" \/>\n<meta property=\"og:locale\" content=\"fr_FR\" \/>\n<meta property=\"og:type\" content=\"article\" \/>\n<meta property=\"og:title\" content=\"G3 FERRARI Artiko\" \/>\n<meta property=\"og:description\" content=\"D\u00e9couvrez G3 FERRARI Artiko sur ErresseShop. Qualit\u00e9, prix r\u00e9duits et achat s\u00e9curis\u00e9 \u2013 commandez d\u00e8s maintenant en ligne !\" \/>\n<meta property=\"og:url\" content=\"https:\/\/www.erresse-shop.it\/fr\/shop\/petits-electromenagers\/sorbetieres\/g3-ferrari-artiko\/\" \/>\n<meta property=\"og:site_name\" content=\"Erresse Shop\" \/>\n<meta property=\"article:modified_time\" content=\"2025-01-14T08:06:48+00:00\" \/>\n<meta property=\"og:image\" content=\"https:\/\/www.erresse-shop.it\/wp-content\/uploads\/2023\/03\/G3-FERRARI-Artiko.jpg\" \/>\n\t<meta property=\"og:image:width\" content=\"800\" \/>\n\t<meta property=\"og:image:height\" content=\"800\" \/>\n\t<meta property=\"og:image:type\" content=\"image\/jpeg\" \/>\n<meta name=\"twitter:card\" content=\"summary_large_image\" \/>\n<script type=\"application\/ld+json\" class=\"yoast-schema-graph\">{\"@context\":\"https:\/\/schema.org\",\"@graph\":[{\"@type\":\"WebPage\",\"@id\":\"https:\/\/www.erresse-shop.it\/fr\/shop\/petits-electromenagers\/sorbetieres\/g3-ferrari-artiko\/\",\"url\":\"https:\/\/www.erresse-shop.it\/fr\/shop\/petits-electromenagers\/sorbetieres\/g3-ferrari-artiko\/\",\"name\":\"G3 FERRARI Artiko\",\"isPartOf\":{\"@id\":\"https:\/\/www.erresse-shop.it\/fr\/#website\"},\"datePublished\":\"2023-03-03T09:50:03+00:00\",\"dateModified\":\"2025-01-14T08:06:48+00:00\",\"description\":\"D\u00e9couvrez G3 FERRARI Artiko sur ErresseShop. Qualit\u00e9, prix r\u00e9duits et achat s\u00e9curis\u00e9 \u2013 commandez d\u00e8s maintenant en ligne !\",\"breadcrumb\":{\"@id\":\"https:\/\/www.erresse-shop.it\/fr\/shop\/petits-electromenagers\/sorbetieres\/g3-ferrari-artiko\/#breadcrumb\"},\"inLanguage\":\"fr-FR\",\"potentialAction\":[{\"@type\":\"ReadAction\",\"target\":[\"https:\/\/www.erresse-shop.it\/fr\/shop\/petits-electromenagers\/sorbetieres\/g3-ferrari-artiko\/\"]}]},{\"@type\":\"BreadcrumbList\",\"@id\":\"https:\/\/www.erresse-shop.it\/fr\/shop\/petits-electromenagers\/sorbetieres\/g3-ferrari-artiko\/#breadcrumb\",\"itemListElement\":[{\"@type\":\"ListItem\",\"position\":1,\"name\":\"Home\",\"item\":\"https:\/\/www.erresse-shop.it\/fr\/\"},{\"@type\":\"ListItem\",\"position\":2,\"name\":\"Shop\",\"item\":\"https:\/\/www.erresse-shop.it\/fr\/shop\/\"},{\"@type\":\"ListItem\",\"position\":3,\"name\":\"G3 FERRARI Artiko\"}]},{\"@type\":\"WebSite\",\"@id\":\"https:\/\/www.erresse-shop.it\/fr\/#website\",\"url\":\"https:\/\/www.erresse-shop.it\/fr\/\",\"name\":\"Erresse Shop\",\"description\":\"Articoli di qualit\u00e0 per la casa\",\"potentialAction\":[{\"@type\":\"SearchAction\",\"target\":{\"@type\":\"EntryPoint\",\"urlTemplate\":\"https:\/\/www.erresse-shop.it\/fr\/?s={search_term_string}\"},\"query-input\":\"required name=search_term_string\"}],\"inLanguage\":\"fr-FR\"}]}<\/script>\n<!-- \/ Yoast SEO Premium plugin. -->","yoast_head_json":{"title":"G3 FERRARI Artiko","description":"D\u00e9couvrez G3 FERRARI Artiko sur ErresseShop. Qualit\u00e9, prix r\u00e9duits et achat s\u00e9curis\u00e9 \u2013 commandez d\u00e8s maintenant en ligne !","robots":{"index":"index","follow":"follow","max-snippet":"max-snippet:-1","max-image-preview":"max-image-preview:large","max-video-preview":"max-video-preview:-1"},"canonical":"https:\/\/www.erresse-shop.it\/fr\/shop\/petits-electromenagers\/sorbetieres\/g3-ferrari-artiko\/","og_locale":"fr_FR","og_type":"article","og_title":"G3 FERRARI Artiko","og_description":"D\u00e9couvrez G3 FERRARI Artiko sur ErresseShop. Qualit\u00e9, prix r\u00e9duits et achat s\u00e9curis\u00e9 \u2013 commandez d\u00e8s maintenant en ligne !","og_url":"https:\/\/www.erresse-shop.it\/fr\/shop\/petits-electromenagers\/sorbetieres\/g3-ferrari-artiko\/","og_site_name":"Erresse Shop","article_modified_time":"2025-01-14T08:06:48+00:00","og_image":[{"width":800,"height":800,"url":"https:\/\/www.erresse-shop.it\/wp-content\/uploads\/2023\/03\/G3-FERRARI-Artiko.jpg","type":"image\/jpeg"}],"twitter_card":"summary_large_image","schema":{"@context":"https:\/\/schema.org","@graph":[{"@type":"WebPage","@id":"https:\/\/www.erresse-shop.it\/fr\/shop\/petits-electromenagers\/sorbetieres\/g3-ferrari-artiko\/","url":"https:\/\/www.erresse-shop.it\/fr\/shop\/petits-electromenagers\/sorbetieres\/g3-ferrari-artiko\/","name":"G3 FERRARI Artiko","isPartOf":{"@id":"https:\/\/www.erresse-shop.it\/fr\/#website"},"datePublished":"2023-03-03T09:50:03+00:00","dateModified":"2025-01-14T08:06:48+00:00","description":"D\u00e9couvrez G3 FERRARI Artiko sur ErresseShop. Qualit\u00e9, prix r\u00e9duits et achat s\u00e9curis\u00e9 \u2013 commandez d\u00e8s maintenant en ligne !","breadcrumb":{"@id":"https:\/\/www.erresse-shop.it\/fr\/shop\/petits-electromenagers\/sorbetieres\/g3-ferrari-artiko\/#breadcrumb"},"inLanguage":"fr-FR","potentialAction":[{"@type":"ReadAction","target":["https:\/\/www.erresse-shop.it\/fr\/shop\/petits-electromenagers\/sorbetieres\/g3-ferrari-artiko\/"]}]},{"@type":"BreadcrumbList","@id":"https:\/\/www.erresse-shop.it\/fr\/shop\/petits-electromenagers\/sorbetieres\/g3-ferrari-artiko\/#breadcrumb","itemListElement":[{"@type":"ListItem","position":1,"name":"Home","item":"https:\/\/www.erresse-shop.it\/fr\/"},{"@type":"ListItem","position":2,"name":"Shop","item":"https:\/\/www.erresse-shop.it\/fr\/shop\/"},{"@type":"ListItem","position":3,"name":"G3 FERRARI Artiko"}]},{"@type":"WebSite","@id":"https:\/\/www.erresse-shop.it\/fr\/#website","url":"https:\/\/www.erresse-shop.it\/fr\/","name":"Erresse Shop","description":"Articoli di qualit\u00e0 per la casa","potentialAction":[{"@type":"SearchAction","target":{"@type":"EntryPoint","urlTemplate":"https:\/\/www.erresse-shop.it\/fr\/?s={search_term_string}"},"query-input":"required name=search_term_string"}],"inLanguage":"fr-FR"}]}},"df_price":184.9,"df_sale_price":184.9,"df_regular_price":184.9,"df_image_link":"https:\/\/www.erresse-shop.it\/wp-content\/uploads\/2023\/03\/G3-FERRARI-Artiko-300x300.jpg","_links":{"self":[{"href":"https:\/\/www.erresse-shop.it\/fr\/wp-json\/wp\/v2\/product\/246423"}],"collection":[{"href":"https:\/\/www.erresse-shop.it\/fr\/wp-json\/wp\/v2\/product"}],"about":[{"href":"https:\/\/www.erresse-shop.it\/fr\/wp-json\/wp\/v2\/types\/product"}],"wp:featuredmedia":[{"embeddable":true,"href":"https:\/\/www.erresse-shop.it\/fr\/wp-json\/wp\/v2\/media\/246465"}],"wp:attachment":[{"href":"https:\/\/www.erresse-shop.it\/fr\/wp-json\/wp\/v2\/media?parent=246423"}],"wp:term":[{"taxonomy":"product_cat","embeddable":true,"href":"https:\/\/www.erresse-shop.it\/fr\/wp-json\/wp\/v2\/product_cat?post=246423"},{"taxonomy":"product_tag","embeddable":true,"href":"https:\/\/www.erresse-shop.it\/fr\/wp-json\/wp\/v2\/product_tag?post=246423"}],"curies":[{"name":"wp","href":"https:\/\/api.w.org\/{rel}","templated":true}]}}