{"id":246330,"date":"2023-03-03T09:20:43","date_gmt":"2023-03-03T09:20:47","guid":{"rendered":"https:\/\/www.erresse-shop.it\/?post_type=product&#038;p=246330"},"modified":"2025-01-14T08:06:38","modified_gmt":"2025-01-14T08:06:38","slug":"g3-ferrari-pastaio-10lode","status":"publish","type":"product","link":"https:\/\/www.erresse-shop.it\/fr\/shop\/petits-electromenagers\/petrins\/g3-ferrari-pastaio-10lode\/","title":{"rendered":"G3 FERRARI Pastaio 10&#038;Lode"},"content":{"rendered":"<p>Le <strong>Pastaio 10&amp;Lode<\/strong> est une machine multifonctionnelle \u00e0 mouvement plan\u00e9taire qui donne d&#8217;excellents r\u00e9sultats. Il peut traiter de nombreux ingr\u00e9dients, gr\u00e2ce \u00e0 la puissance tr\u00e8s \u00e9lev\u00e9e de son moteur, \u00e0 ses engrenages internes en m\u00e9tal et \u00e0 ses 6 vitesses de traitement. Vous pouvez pr\u00e9parer diff\u00e9rentes recettes : p\u00e2te \u00e0 pizza, p\u00e2tes traditionnelles ou aux \u0153ufs, g\u00e2teaux, biscuits, et de nombreux types de pain. Pastaio 10&amp;Lode est polyvalent et d&#8217;une grande aide \u00e0 la maison : facile \u00e0 utiliser et \u00e0 nettoyer au quotidien, il garantit d&#8217;excellents r\u00e9sultats avec le fouet crochet pour le p\u00e9trissage, l&#8217;accessoire m\u00e9langeur pour les p\u00e2tes molles et le fouet plan\u00e9taire pour battre et fouetter. Les accessoires en option offrent de nombreuses autres utilisations : hacher la viande, rouler les p\u00e2tes, faire des nouilles et des spaghettis.<\/p>\n<p><strong>Caract\u00e9ristiques techniques<\/strong><\/p>\n<ul>\n<li>6 vitesses de fonctionnement + PULSE<\/li>\n<li>R\u00e9cipient en acier inoxydable de 10 litres avec couvercle<\/li>\n<li>Capacit\u00e9 \u00e0 traiter des p\u00e2tes jusqu&#8217;\u00e0 4 kg (en fonction des aliments \u00e0 m\u00e9langer)<\/li>\n<li>Pieds \u00e0 ventouses pour une meilleure stabilit\u00e9<\/li>\n<li>Dispositif de s\u00e9curit\u00e9 qui emp\u00eache toute utilisation accidentelle<\/li>\n<li>Accessoires inclus : crochet p\u00e9trisseur et m\u00e9langeur en aluminium, fouet en acier inoxydable (ou batteur plan\u00e9taire), couvercle en plastique transparent<\/li>\n<li>Alimentation \u00e9lectrique : AC 220-240V ~ 50\/60 Hz<\/li>\n<li>Puissance : 1500W (2200W Max)<\/li>\n<li>Dimensions (L x H x P) : 40 x 39,5 x 27 cm<\/li>\n<li>Poids : 6.9 Kg<\/li>\n<\/ul>\n<p><strong>Ne pas vendre en dehors de l&#8217;Europe<\/strong><\/p>\n","protected":false},"excerpt":{"rendered":"<p>Le Pastaio 10&amp;Lode est une machine multifonctionnelle \u00e0 mouvement plan\u00e9taire qui donne d&#8217;excellents r\u00e9sultats. Il peut traiter de nombreux ingr\u00e9dients,<\/p>\n","protected":false},"featured_media":246386,"template":"","meta":{"_acf_changed":false,"inline_featured_image":false},"product_cat":[12449,14476],"product_tag":[23690,14835,13257],"acf":[],"yoast_head":"<!-- This site is optimized with the Yoast SEO Premium plugin v18.6 (Yoast SEO v19.13) - https:\/\/yoast.com\/wordpress\/plugins\/seo\/ -->\n<title>G3 FERRARI Pastaio 10&amp;Lode<\/title>\n<meta name=\"description\" content=\"D\u00e9couvrez G3 FERRARI Pastaio 10&amp;Lode sur ErresseShop. Qualit\u00e9, prix r\u00e9duits et achat s\u00e9curis\u00e9 \u2013 commandez d\u00e8s maintenant en ligne !\" \/>\n<meta name=\"robots\" content=\"index, follow, max-snippet:-1, max-image-preview:large, max-video-preview:-1\" \/>\n<link rel=\"canonical\" href=\"https:\/\/www.erresse-shop.it\/fr\/shop\/petits-electromenagers\/petrins\/g3-ferrari-pastaio-10lode\/\" \/>\n<meta property=\"og:locale\" content=\"fr_FR\" \/>\n<meta property=\"og:type\" content=\"article\" \/>\n<meta property=\"og:title\" content=\"G3 FERRARI Pastaio 10&amp;Lode\" \/>\n<meta property=\"og:description\" content=\"D\u00e9couvrez G3 FERRARI Pastaio 10&amp;Lode sur ErresseShop. Qualit\u00e9, prix r\u00e9duits et achat s\u00e9curis\u00e9 \u2013 commandez d\u00e8s maintenant en ligne !\" \/>\n<meta property=\"og:url\" content=\"https:\/\/www.erresse-shop.it\/fr\/shop\/petits-electromenagers\/petrins\/g3-ferrari-pastaio-10lode\/\" \/>\n<meta property=\"og:site_name\" content=\"Erresse Shop\" \/>\n<meta property=\"article:modified_time\" content=\"2025-01-14T08:06:38+00:00\" \/>\n<meta property=\"og:image\" content=\"https:\/\/www.erresse-shop.it\/wp-content\/uploads\/2023\/03\/G3-FERRARI-Pastaio-10Lode-10-L.jpg\" \/>\n\t<meta property=\"og:image:width\" content=\"800\" \/>\n\t<meta property=\"og:image:height\" content=\"800\" \/>\n\t<meta property=\"og:image:type\" content=\"image\/jpeg\" \/>\n<meta name=\"twitter:card\" content=\"summary_large_image\" \/>\n<script type=\"application\/ld+json\" class=\"yoast-schema-graph\">{\"@context\":\"https:\/\/schema.org\",\"@graph\":[{\"@type\":\"WebPage\",\"@id\":\"https:\/\/www.erresse-shop.it\/fr\/shop\/petits-electromenagers\/petrins\/g3-ferrari-pastaio-10lode\/\",\"url\":\"https:\/\/www.erresse-shop.it\/fr\/shop\/petits-electromenagers\/petrins\/g3-ferrari-pastaio-10lode\/\",\"name\":\"G3 FERRARI Pastaio 10&Lode\",\"isPartOf\":{\"@id\":\"https:\/\/www.erresse-shop.it\/fr\/#website\"},\"datePublished\":\"2023-03-03T09:20:47+00:00\",\"dateModified\":\"2025-01-14T08:06:38+00:00\",\"description\":\"D\u00e9couvrez G3 FERRARI Pastaio 10&Lode sur ErresseShop. Qualit\u00e9, prix r\u00e9duits et achat s\u00e9curis\u00e9 \u2013 commandez d\u00e8s maintenant en ligne !\",\"breadcrumb\":{\"@id\":\"https:\/\/www.erresse-shop.it\/fr\/shop\/petits-electromenagers\/petrins\/g3-ferrari-pastaio-10lode\/#breadcrumb\"},\"inLanguage\":\"fr-FR\",\"potentialAction\":[{\"@type\":\"ReadAction\",\"target\":[\"https:\/\/www.erresse-shop.it\/fr\/shop\/petits-electromenagers\/petrins\/g3-ferrari-pastaio-10lode\/\"]}]},{\"@type\":\"BreadcrumbList\",\"@id\":\"https:\/\/www.erresse-shop.it\/fr\/shop\/petits-electromenagers\/petrins\/g3-ferrari-pastaio-10lode\/#breadcrumb\",\"itemListElement\":[{\"@type\":\"ListItem\",\"position\":1,\"name\":\"Home\",\"item\":\"https:\/\/www.erresse-shop.it\/fr\/\"},{\"@type\":\"ListItem\",\"position\":2,\"name\":\"Shop\",\"item\":\"https:\/\/www.erresse-shop.it\/fr\/shop\/\"},{\"@type\":\"ListItem\",\"position\":3,\"name\":\"G3 FERRARI Pastaio 10&#038;Lode\"}]},{\"@type\":\"WebSite\",\"@id\":\"https:\/\/www.erresse-shop.it\/fr\/#website\",\"url\":\"https:\/\/www.erresse-shop.it\/fr\/\",\"name\":\"Erresse Shop\",\"description\":\"Articoli di qualit\u00e0 per la casa\",\"potentialAction\":[{\"@type\":\"SearchAction\",\"target\":{\"@type\":\"EntryPoint\",\"urlTemplate\":\"https:\/\/www.erresse-shop.it\/fr\/?s={search_term_string}\"},\"query-input\":\"required name=search_term_string\"}],\"inLanguage\":\"fr-FR\"}]}<\/script>\n<!-- \/ Yoast SEO Premium plugin. -->","yoast_head_json":{"title":"G3 FERRARI Pastaio 10&Lode","description":"D\u00e9couvrez G3 FERRARI Pastaio 10&Lode sur ErresseShop. Qualit\u00e9, prix r\u00e9duits et achat s\u00e9curis\u00e9 \u2013 commandez d\u00e8s maintenant en ligne !","robots":{"index":"index","follow":"follow","max-snippet":"max-snippet:-1","max-image-preview":"max-image-preview:large","max-video-preview":"max-video-preview:-1"},"canonical":"https:\/\/www.erresse-shop.it\/fr\/shop\/petits-electromenagers\/petrins\/g3-ferrari-pastaio-10lode\/","og_locale":"fr_FR","og_type":"article","og_title":"G3 FERRARI Pastaio 10&Lode","og_description":"D\u00e9couvrez G3 FERRARI Pastaio 10&Lode sur ErresseShop. Qualit\u00e9, prix r\u00e9duits et achat s\u00e9curis\u00e9 \u2013 commandez d\u00e8s maintenant en ligne !","og_url":"https:\/\/www.erresse-shop.it\/fr\/shop\/petits-electromenagers\/petrins\/g3-ferrari-pastaio-10lode\/","og_site_name":"Erresse Shop","article_modified_time":"2025-01-14T08:06:38+00:00","og_image":[{"width":800,"height":800,"url":"https:\/\/www.erresse-shop.it\/wp-content\/uploads\/2023\/03\/G3-FERRARI-Pastaio-10Lode-10-L.jpg","type":"image\/jpeg"}],"twitter_card":"summary_large_image","schema":{"@context":"https:\/\/schema.org","@graph":[{"@type":"WebPage","@id":"https:\/\/www.erresse-shop.it\/fr\/shop\/petits-electromenagers\/petrins\/g3-ferrari-pastaio-10lode\/","url":"https:\/\/www.erresse-shop.it\/fr\/shop\/petits-electromenagers\/petrins\/g3-ferrari-pastaio-10lode\/","name":"G3 FERRARI Pastaio 10&Lode","isPartOf":{"@id":"https:\/\/www.erresse-shop.it\/fr\/#website"},"datePublished":"2023-03-03T09:20:47+00:00","dateModified":"2025-01-14T08:06:38+00:00","description":"D\u00e9couvrez G3 FERRARI Pastaio 10&Lode sur ErresseShop. Qualit\u00e9, prix r\u00e9duits et achat s\u00e9curis\u00e9 \u2013 commandez d\u00e8s maintenant en ligne !","breadcrumb":{"@id":"https:\/\/www.erresse-shop.it\/fr\/shop\/petits-electromenagers\/petrins\/g3-ferrari-pastaio-10lode\/#breadcrumb"},"inLanguage":"fr-FR","potentialAction":[{"@type":"ReadAction","target":["https:\/\/www.erresse-shop.it\/fr\/shop\/petits-electromenagers\/petrins\/g3-ferrari-pastaio-10lode\/"]}]},{"@type":"BreadcrumbList","@id":"https:\/\/www.erresse-shop.it\/fr\/shop\/petits-electromenagers\/petrins\/g3-ferrari-pastaio-10lode\/#breadcrumb","itemListElement":[{"@type":"ListItem","position":1,"name":"Home","item":"https:\/\/www.erresse-shop.it\/fr\/"},{"@type":"ListItem","position":2,"name":"Shop","item":"https:\/\/www.erresse-shop.it\/fr\/shop\/"},{"@type":"ListItem","position":3,"name":"G3 FERRARI Pastaio 10&#038;Lode"}]},{"@type":"WebSite","@id":"https:\/\/www.erresse-shop.it\/fr\/#website","url":"https:\/\/www.erresse-shop.it\/fr\/","name":"Erresse Shop","description":"Articoli di qualit\u00e0 per la casa","potentialAction":[{"@type":"SearchAction","target":{"@type":"EntryPoint","urlTemplate":"https:\/\/www.erresse-shop.it\/fr\/?s={search_term_string}"},"query-input":"required name=search_term_string"}],"inLanguage":"fr-FR"}]}},"df_price":219.9,"df_sale_price":219.9,"df_regular_price":219.9,"df_image_link":"https:\/\/www.erresse-shop.it\/wp-content\/uploads\/2023\/03\/G3-FERRARI-Pastaio-10Lode-10-L-300x300.jpg","_links":{"self":[{"href":"https:\/\/www.erresse-shop.it\/fr\/wp-json\/wp\/v2\/product\/246330"}],"collection":[{"href":"https:\/\/www.erresse-shop.it\/fr\/wp-json\/wp\/v2\/product"}],"about":[{"href":"https:\/\/www.erresse-shop.it\/fr\/wp-json\/wp\/v2\/types\/product"}],"wp:featuredmedia":[{"embeddable":true,"href":"https:\/\/www.erresse-shop.it\/fr\/wp-json\/wp\/v2\/media\/246386"}],"wp:attachment":[{"href":"https:\/\/www.erresse-shop.it\/fr\/wp-json\/wp\/v2\/media?parent=246330"}],"wp:term":[{"taxonomy":"product_cat","embeddable":true,"href":"https:\/\/www.erresse-shop.it\/fr\/wp-json\/wp\/v2\/product_cat?post=246330"},{"taxonomy":"product_tag","embeddable":true,"href":"https:\/\/www.erresse-shop.it\/fr\/wp-json\/wp\/v2\/product_tag?post=246330"}],"curies":[{"name":"wp","href":"https:\/\/api.w.org\/{rel}","templated":true}]}}