{"id":246258,"date":"2020-09-22T10:15:26","date_gmt":"2020-09-22T10:15:26","guid":{"rendered":"https:\/\/www.erresse-shop.it\/shop\/non%20class\u00e9\/emile-henry-pain-tranche-grand-cru\/"},"modified":"2025-03-06T07:55:09","modified_gmt":"2025-03-06T07:55:09","slug":"emile-henry-pain-tranche-grand-cru","status":"publish","type":"product","link":"https:\/\/www.erresse-shop.it\/fr\/shop\/poeles-pots\/cuiseur-a-pain\/emile-henry-pain-tranche-grand-cru\/","title":{"rendered":"EMILE HENRY Pain Tranch\u00e9  Grand Cru"},"content":{"rendered":"<p>\u00c9mile Henry a \u00e9t\u00e9 fond\u00e9 en 1850.<br \/>\nLa c\u00e9ramique d&#8217;Emile Henry permet de diffuser progressivement la chaleur pour une cuisson \u00e0 feu doux des aliments afin de conserver intacts les saveurs et les ar\u00f4mes ainsi que les \u00e9l\u00e9ments naturels pr\u00e9sents dans les aliments.<br \/>\nLa cuisson saine \u00e0 basse temp\u00e9rature des c\u00e9ramiques Emile Henry pr\u00e9serve les saveurs, pr\u00e9serve les vitamines et les qualit\u00e9s nutritionnelles.<br \/>\nLes produits Emile Henry sont fabriqu\u00e9s avec des composants naturels : argile non trait\u00e9e pour le m\u00e9lange, sable, eau filtr\u00e9e, oxydes min\u00e9raux naturels pour les couleurs. Les m\u00e9taux lourds nocifs pour la sant\u00e9 sont absents des produits Emile Henry : sans plomb, sans cadmium et sans nickel.<br \/>\nLes produits Emile Henry r\u00e9sistent aux chocs et peuvent \u00eatre utilis\u00e9s avec des changements de temp\u00e9rature importants. Ils peuvent \u00eatre utilis\u00e9s au lave-vaisselle.<\/p>\n<p>Le boulanger Emile Henry permet de cuire des pains gros et g\u00e9n\u00e9reux (jusqu&#8217;\u00e0 1,5 kg), faciles \u00e0 couper en tranches \u00e9gales.<\/p>\n<p>Pour varier le go\u00fbt et la texture du pain (sans gluten, pain de seigle\u2026), vous pouvez m\u00e9langer diff\u00e9rentes farines entre elles.<\/p>\n<p>Gr\u00e2ce au couvercle bomb\u00e9 en c\u00e9ramique r\u00e9fractaire, le cuiseur \u00e0 pain cr\u00e9e les m\u00eames conditions qu&#8217;un four \u00e0 pain traditionnel, avec le bon degr\u00e9 d&#8217;humidit\u00e9 pendant la cuisson pour obtenir une cro\u00fbte dor\u00e9e et croustillante avec un int\u00e9rieur moelleux et a\u00e9r\u00e9.<\/p>\n<p>Les nervures sur le dessous emp\u00eachent le pain de coller et les petites poign\u00e9es facilitent sa manipulation, m\u00eame chaude.<\/p>\n<p>La base s&#8217;ins\u00e8re \u00e9galement \u00e0 l&#8217;int\u00e9rieur du couvercle pour un rangement facile. Pain italien, miche tress\u00e9e aux grains ou aux oignons, la machine \u00e0 pain vous permet de r\u00e9aliser une grande vari\u00e9t\u00e9 de recettes diff\u00e9rentes !<\/p>\n<p>Longueur \/ Diam\u00e8tre &#8211; 39 cm<br \/>\nLargeur &#8211; 16,5 cm<br \/>\nHauteur &#8211; 15 cm<br \/>\nLongueur interne \/ Diam\u00e8tre &#8211; 33,5 cm<br \/>\nLargeur interne &#8211; 13 cm<br \/>\nHauteur int\u00e9rieure &#8211; 14 cm<br \/>\nCapacit\u00e9 utile &#8211; 2,3 L<br \/>\nCapacit\u00e9 &#8211; 4,5 L litre<br \/>\nPoids &#8211; KG 3<br \/>\nTemp\u00e9rature maximale &#8211; \u00b0C 270 \u00b0C<br \/>\nTemp\u00e9rature minimale &#8211; \u00b0C -20 \u00b0C<\/p>\n","protected":false},"excerpt":{"rendered":"<p>\u00c9mile Henry a \u00e9t\u00e9 fond\u00e9 en 1850. La c\u00e9ramique d&#8217;Emile Henry permet de diffuser progressivement la chaleur pour une cuisson<\/p>\n","protected":false},"featured_media":75663,"template":"","meta":{"_acf_changed":false,"inline_featured_image":false},"product_cat":[12458,26047],"product_tag":[21723,21725],"acf":[],"yoast_head":"<!-- This site is optimized with the Yoast SEO Premium plugin v18.6 (Yoast SEO v19.13) - https:\/\/yoast.com\/wordpress\/plugins\/seo\/ -->\n<title>EMILE HENRY Pain Tranch\u00e9 EH349503 Grand Cru<\/title>\n<meta name=\"description\" content=\"D\u00e9couvrez EMILE HENRY Pain Tranch\u00e9\u00a0 EH349503 Grand Cru sur ErresseShop. Qualit\u00e9, prix r\u00e9duits et achat s\u00e9curis\u00e9 \u2013 commandez d\u00e8s maintenant en ligne !\" \/>\n<meta name=\"robots\" content=\"index, follow, max-snippet:-1, max-image-preview:large, max-video-preview:-1\" \/>\n<link rel=\"canonical\" href=\"https:\/\/www.erresse-shop.it\/fr\/shop\/poeles-pots\/cuiseur-a-pain\/emile-henry-pain-tranche-grand-cru\/\" \/>\n<meta property=\"og:locale\" content=\"fr_FR\" \/>\n<meta property=\"og:type\" content=\"article\" \/>\n<meta property=\"og:title\" content=\"EMILE HENRY Pain Tranch\u00e9 Grand Cru\" \/>\n<meta property=\"og:description\" content=\"D\u00e9couvrez EMILE HENRY Pain Tranch\u00e9\u00a0 EH349503 Grand Cru sur ErresseShop. Qualit\u00e9, prix r\u00e9duits et achat s\u00e9curis\u00e9 \u2013 commandez d\u00e8s maintenant en ligne !\" \/>\n<meta property=\"og:url\" content=\"https:\/\/www.erresse-shop.it\/fr\/shop\/poeles-pots\/cuiseur-a-pain\/emile-henry-pain-tranche-grand-cru\/\" \/>\n<meta property=\"og:site_name\" content=\"Erresse Shop\" \/>\n<meta property=\"article:modified_time\" content=\"2025-03-06T07:55:09+00:00\" \/>\n<meta property=\"og:image\" content=\"https:\/\/www.erresse-shop.it\/wp-content\/uploads\/2020\/09\/EH349503.jpg\" \/>\n\t<meta property=\"og:image:width\" content=\"800\" \/>\n\t<meta property=\"og:image:height\" content=\"800\" \/>\n\t<meta property=\"og:image:type\" content=\"image\/jpeg\" \/>\n<meta name=\"twitter:card\" content=\"summary_large_image\" \/>\n<script type=\"application\/ld+json\" class=\"yoast-schema-graph\">{\"@context\":\"https:\/\/schema.org\",\"@graph\":[{\"@type\":\"WebPage\",\"@id\":\"https:\/\/www.erresse-shop.it\/fr\/shop\/poeles-pots\/cuiseur-a-pain\/emile-henry-pain-tranche-grand-cru\/\",\"url\":\"https:\/\/www.erresse-shop.it\/fr\/shop\/poeles-pots\/cuiseur-a-pain\/emile-henry-pain-tranche-grand-cru\/\",\"name\":\"EMILE HENRY Pain Tranch\u00e9 EH349503 Grand Cru\",\"isPartOf\":{\"@id\":\"https:\/\/www.erresse-shop.it\/fr\/#website\"},\"datePublished\":\"2020-09-22T10:15:26+00:00\",\"dateModified\":\"2025-03-06T07:55:09+00:00\",\"description\":\"D\u00e9couvrez EMILE HENRY Pain Tranch\u00e9\u00a0 EH349503 Grand Cru sur ErresseShop. Qualit\u00e9, prix r\u00e9duits et achat s\u00e9curis\u00e9 \u2013 commandez d\u00e8s maintenant en ligne !\",\"breadcrumb\":{\"@id\":\"https:\/\/www.erresse-shop.it\/fr\/shop\/poeles-pots\/cuiseur-a-pain\/emile-henry-pain-tranche-grand-cru\/#breadcrumb\"},\"inLanguage\":\"fr-FR\",\"potentialAction\":[{\"@type\":\"ReadAction\",\"target\":[\"https:\/\/www.erresse-shop.it\/fr\/shop\/poeles-pots\/cuiseur-a-pain\/emile-henry-pain-tranche-grand-cru\/\"]}]},{\"@type\":\"BreadcrumbList\",\"@id\":\"https:\/\/www.erresse-shop.it\/fr\/shop\/poeles-pots\/cuiseur-a-pain\/emile-henry-pain-tranche-grand-cru\/#breadcrumb\",\"itemListElement\":[{\"@type\":\"ListItem\",\"position\":1,\"name\":\"Home\",\"item\":\"https:\/\/www.erresse-shop.it\/fr\/\"},{\"@type\":\"ListItem\",\"position\":2,\"name\":\"Shop\",\"item\":\"https:\/\/www.erresse-shop.it\/fr\/shop\/\"},{\"@type\":\"ListItem\",\"position\":3,\"name\":\"EMILE HENRY Pain Tranch\u00e9 Grand Cru\"}]},{\"@type\":\"WebSite\",\"@id\":\"https:\/\/www.erresse-shop.it\/fr\/#website\",\"url\":\"https:\/\/www.erresse-shop.it\/fr\/\",\"name\":\"Erresse Shop\",\"description\":\"Articoli di qualit\u00e0 per la casa\",\"potentialAction\":[{\"@type\":\"SearchAction\",\"target\":{\"@type\":\"EntryPoint\",\"urlTemplate\":\"https:\/\/www.erresse-shop.it\/fr\/?s={search_term_string}\"},\"query-input\":\"required name=search_term_string\"}],\"inLanguage\":\"fr-FR\"}]}<\/script>\n<!-- \/ Yoast SEO Premium plugin. -->","yoast_head_json":{"title":"EMILE HENRY Pain Tranch\u00e9 EH349503 Grand Cru","description":"D\u00e9couvrez EMILE HENRY Pain Tranch\u00e9\u00a0 EH349503 Grand Cru sur ErresseShop. Qualit\u00e9, prix r\u00e9duits et achat s\u00e9curis\u00e9 \u2013 commandez d\u00e8s maintenant en ligne !","robots":{"index":"index","follow":"follow","max-snippet":"max-snippet:-1","max-image-preview":"max-image-preview:large","max-video-preview":"max-video-preview:-1"},"canonical":"https:\/\/www.erresse-shop.it\/fr\/shop\/poeles-pots\/cuiseur-a-pain\/emile-henry-pain-tranche-grand-cru\/","og_locale":"fr_FR","og_type":"article","og_title":"EMILE HENRY Pain Tranch\u00e9 Grand Cru","og_description":"D\u00e9couvrez EMILE HENRY Pain Tranch\u00e9\u00a0 EH349503 Grand Cru sur ErresseShop. Qualit\u00e9, prix r\u00e9duits et achat s\u00e9curis\u00e9 \u2013 commandez d\u00e8s maintenant en ligne !","og_url":"https:\/\/www.erresse-shop.it\/fr\/shop\/poeles-pots\/cuiseur-a-pain\/emile-henry-pain-tranche-grand-cru\/","og_site_name":"Erresse Shop","article_modified_time":"2025-03-06T07:55:09+00:00","og_image":[{"width":800,"height":800,"url":"https:\/\/www.erresse-shop.it\/wp-content\/uploads\/2020\/09\/EH349503.jpg","type":"image\/jpeg"}],"twitter_card":"summary_large_image","schema":{"@context":"https:\/\/schema.org","@graph":[{"@type":"WebPage","@id":"https:\/\/www.erresse-shop.it\/fr\/shop\/poeles-pots\/cuiseur-a-pain\/emile-henry-pain-tranche-grand-cru\/","url":"https:\/\/www.erresse-shop.it\/fr\/shop\/poeles-pots\/cuiseur-a-pain\/emile-henry-pain-tranche-grand-cru\/","name":"EMILE HENRY Pain Tranch\u00e9 EH349503 Grand Cru","isPartOf":{"@id":"https:\/\/www.erresse-shop.it\/fr\/#website"},"datePublished":"2020-09-22T10:15:26+00:00","dateModified":"2025-03-06T07:55:09+00:00","description":"D\u00e9couvrez EMILE HENRY Pain Tranch\u00e9\u00a0 EH349503 Grand Cru sur ErresseShop. Qualit\u00e9, prix r\u00e9duits et achat s\u00e9curis\u00e9 \u2013 commandez d\u00e8s maintenant en ligne !","breadcrumb":{"@id":"https:\/\/www.erresse-shop.it\/fr\/shop\/poeles-pots\/cuiseur-a-pain\/emile-henry-pain-tranche-grand-cru\/#breadcrumb"},"inLanguage":"fr-FR","potentialAction":[{"@type":"ReadAction","target":["https:\/\/www.erresse-shop.it\/fr\/shop\/poeles-pots\/cuiseur-a-pain\/emile-henry-pain-tranche-grand-cru\/"]}]},{"@type":"BreadcrumbList","@id":"https:\/\/www.erresse-shop.it\/fr\/shop\/poeles-pots\/cuiseur-a-pain\/emile-henry-pain-tranche-grand-cru\/#breadcrumb","itemListElement":[{"@type":"ListItem","position":1,"name":"Home","item":"https:\/\/www.erresse-shop.it\/fr\/"},{"@type":"ListItem","position":2,"name":"Shop","item":"https:\/\/www.erresse-shop.it\/fr\/shop\/"},{"@type":"ListItem","position":3,"name":"EMILE HENRY Pain Tranch\u00e9 Grand Cru"}]},{"@type":"WebSite","@id":"https:\/\/www.erresse-shop.it\/fr\/#website","url":"https:\/\/www.erresse-shop.it\/fr\/","name":"Erresse Shop","description":"Articoli di qualit\u00e0 per la casa","potentialAction":[{"@type":"SearchAction","target":{"@type":"EntryPoint","urlTemplate":"https:\/\/www.erresse-shop.it\/fr\/?s={search_term_string}"},"query-input":"required name=search_term_string"}],"inLanguage":"fr-FR"}]}},"df_price":99.76200000000001,"df_sale_price":99.76200000000001,"df_regular_price":127.9,"df_image_link":"https:\/\/www.erresse-shop.it\/wp-content\/uploads\/2020\/09\/EH349503-300x300.jpg","_links":{"self":[{"href":"https:\/\/www.erresse-shop.it\/fr\/wp-json\/wp\/v2\/product\/246258"}],"collection":[{"href":"https:\/\/www.erresse-shop.it\/fr\/wp-json\/wp\/v2\/product"}],"about":[{"href":"https:\/\/www.erresse-shop.it\/fr\/wp-json\/wp\/v2\/types\/product"}],"wp:featuredmedia":[{"embeddable":true,"href":"https:\/\/www.erresse-shop.it\/fr\/wp-json\/wp\/v2\/media\/75663"}],"wp:attachment":[{"href":"https:\/\/www.erresse-shop.it\/fr\/wp-json\/wp\/v2\/media?parent=246258"}],"wp:term":[{"taxonomy":"product_cat","embeddable":true,"href":"https:\/\/www.erresse-shop.it\/fr\/wp-json\/wp\/v2\/product_cat?post=246258"},{"taxonomy":"product_tag","embeddable":true,"href":"https:\/\/www.erresse-shop.it\/fr\/wp-json\/wp\/v2\/product_tag?post=246258"}],"curies":[{"name":"wp","href":"https:\/\/api.w.org\/{rel}","templated":true}]}}