{"id":244633,"date":"2023-02-28T15:23:24","date_gmt":"2023-02-28T15:23:28","guid":{"rendered":"https:\/\/www.erresse-shop.it\/?post_type=product&#038;p=244633"},"modified":"2025-01-14T08:03:34","modified_gmt":"2025-01-14T08:03:34","slug":"g3-ferrari-friggisano-duo-8-l","status":"publish","type":"product","link":"https:\/\/www.erresse-shop.it\/fr\/shop\/petits-electromenagers\/fours\/g3-ferrari-friggisano-duo-8-l\/","title":{"rendered":"G3 FERRARI Friggisano Duo 8 L"},"content":{"rendered":"<p>Chacun a ses propres go\u00fbts, mais avec <strong>Friggisano Duo<\/strong> tout le monde est content. Voici la nouvelle friteuse \u00e0 air double zone, qui fait frire deux plats diff\u00e9rents avec moins de graisse et vous permet de les servir chauds et croustillants ensemble.<\/p>\n<p><strong>La friteuse \u00e0 air chaud qui se d\u00e9double pour cuisiner sainement <\/strong><br \/>\nFriggisano Duo est pr\u00eat \u00e0 transformer le monde des friteuses, aussi bien celui des friteuses \u00e0 air chaud que celui des friteuses traditionnelles. Pourquoi ? Parce qu&#8217;elle combine le meilleur des deux technologies, en vous offrant la possibilit\u00e9 de cuisiner vos plats de mani\u00e8re saine et savoureuse.<\/p>\n<p>Gr\u00e2ce \u00e0 la fonctionnalit\u00e9 de la friteuse \u00e0 air, vous pouvez cuire des frites croustillantes avec jusqu&#8217;\u00e0 80% de graisses en moins. La technologie de circulation rapide de l&#8217;air chaud de la fonction AIR FRY, en effet, vous permet d&#8217;atteindre rapidement une temp\u00e9rature si \u00e9lev\u00e9e que les aliments sont croustillants \u00e0 l&#8217;ext\u00e9rieur et moelleux \u00e0 l&#8217;int\u00e9rieur comme lorsque vous les faites frire de mani\u00e8re traditionnelle, mais la beaut\u00e9 est que vous pouvez frire sans huile !<\/p>\n<p><strong>Chacun a son plat pr\u00e9f\u00e9r\u00e9<\/strong><br \/>\nChacun a ses propres go\u00fbts, mais avec Friggisano Duo, vous pouvez faire plaisir \u00e0 tout le monde car cet appareil vous offre quelque chose de plus que les meilleures friteuses \u00e0 air : c&#8217;est une friteuse \u00e0 deux cuves qui vous permet de cuisiner deux plats diff\u00e9rents en m\u00eame temps sans m\u00e9langer les saveurs. Gr\u00e2ce \u00e0 la fonction sp\u00e9ciale SYNC, elle termine la cuisson des deux plats en m\u00eame temps, ce qui vous permet de les servir chauds et croustillants ensemble.<\/p>\n<p>Enfin, vous pouvez cuisiner pour toute la famille avec cette nouvelle friteuse de 8 litres, divis\u00e9e en deux paniers antiadh\u00e9sifs ind\u00e9pendants de 4 litres. Des frites pour tout le monde ? Avec la fonction DUAL COOK, vous doublez les portions et r\u00e9glez la m\u00eame cuisson dans les deux compartiments pour une capacit\u00e9 totale jusqu&#8217;\u00e0 1800 gr.<\/p>\n<p><strong>De nombreuses fa\u00e7ons de cuisiner sainement<\/strong><br \/>\nSi vous \u00eates toujours \u00e0 la recherche de nouvelles id\u00e9es pour cuisiner sainement sans sacrifier le go\u00fbt, avec Friggisano Duo il sera encore plus facile de cr\u00e9er un menu app\u00e9tissant et diversifi\u00e9. Gr\u00e2ce aux 8 modes de cuisson, vous pouvez <strong>faire frire, r\u00f4tir, griller, cuire, r\u00e9chauffer, d\u00e9shydrater, maintenir au chaud et d\u00e9congeler<\/strong> une grande vari\u00e9t\u00e9 d&#8217;aliments. Avec la fonction TIMER et la temp\u00e9rature r\u00e9glable jusqu&#8217;\u00e0 200\u00b0, vous aurez toujours une cuisson parfaite, quel que soit le mode choisi pour votre recette. Vous ne pouvez pas vous tromper avec la fonction SHAKE : un signal sonore vous indique qu&#8217;il est temps de mixer.<\/p>\n<p><strong>Facile \u00e0 utiliser et \u00e0 nettoyer<\/strong><br \/>\nFriggisano Duo vous garantit le r\u00e9sultat d&#8217;une friteuse professionnelle avec une grande facilit\u00e9 d&#8217;utilisation, ce qui la rend id\u00e9ale pour une utilisation quotidienne. \u00c0 tout moment, vous pouvez v\u00e9rifier les r\u00e9glages s\u00e9lectionn\u00e9s gr\u00e2ce \u00e0 l&#8217;affichage num\u00e9rique pratique, clair et facile \u00e0 utiliser.<\/p>\n<p>Le nettoyage est \u00e9galement un jeu d&#8217;enfant ! Il suffit d&#8217;utiliser une \u00e9ponge non abrasive et de l&#8217;eau chaude pour nettoyer les r\u00e9cipients antiadh\u00e9sifs de votre friteuse \u00e0 deux paniers.<\/p>\n<p><strong>Sp\u00e9cifications techniques<\/strong><br \/>\n&#8211; Puissance 1700W<br \/>\n&#8211; 2 zones de cuisson ind\u00e9pendantes<br \/>\n&#8211; Capacit\u00e9 totale 8 litres (4L + 4L, jusqu&#8217;\u00e0 1800g)<br \/>\n&#8211; R\u00e9cipients avec poign\u00e9e confortable<br \/>\n&#8211; R\u00e9cipients et plateaux antiadh\u00e9sifs<br \/>\n&#8211; Minuterie et temp\u00e9rature r\u00e9glable (jusqu&#8217;\u00e0 200\u00b0C)<br \/>\n&#8211; Affichage num\u00e9rique<br \/>\n&#8211; 8 modes de cuisson : air fry, roast, broil, bake, reheat, dehydrate, keep warm, frites<br \/>\n&#8211; Fonction SYNC : termine les deux cuissons en m\u00eame temps.<br \/>\n&#8211; Fonction SHAKE : signal auditif pour secouer les aliments.<br \/>\n&#8211; Fonction DUAL COOK : double capacit\u00e9 de cuisson, m\u00eames r\u00e9glages pour les deux zones.<br \/>\n&#8211; Pieds antid\u00e9rapants<br \/>\n&#8211; Alimentation \u00e9lectrique : AC 220-240V ~ 50-60Hz<\/p>\n","protected":false},"excerpt":{"rendered":"<p>Chacun a ses propres go\u00fbts, mais avec Friggisano Duo tout le monde est content. Voici la nouvelle friteuse \u00e0 air<\/p>\n","protected":false},"featured_media":458120,"template":"","meta":{"_acf_changed":false,"inline_featured_image":false},"product_cat":[15660,21503,12449],"product_tag":[23690,22111,17107,22099,20943,12858,22110],"acf":[],"yoast_head":"<!-- This site is optimized with the Yoast SEO Premium plugin v18.6 (Yoast SEO v19.13) - https:\/\/yoast.com\/wordpress\/plugins\/seo\/ -->\n<title>G3 FERRARI Friggisano Duo 8 L<\/title>\n<meta name=\"description\" content=\"D\u00e9couvrez G3 FERRARI Friggisano Duo 8 L sur ErresseShop. Qualit\u00e9, prix r\u00e9duits et achat s\u00e9curis\u00e9 \u2013 commandez d\u00e8s maintenant en ligne !\" \/>\n<meta name=\"robots\" content=\"index, follow, max-snippet:-1, max-image-preview:large, max-video-preview:-1\" \/>\n<link rel=\"canonical\" href=\"https:\/\/www.erresse-shop.it\/fr\/shop\/petits-electromenagers\/fours\/g3-ferrari-friggisano-duo-8-l\/\" \/>\n<meta property=\"og:locale\" content=\"fr_FR\" \/>\n<meta property=\"og:type\" content=\"article\" \/>\n<meta property=\"og:title\" content=\"G3 FERRARI Friggisano Duo 8 L\" \/>\n<meta property=\"og:description\" content=\"D\u00e9couvrez G3 FERRARI Friggisano Duo 8 L sur ErresseShop. Qualit\u00e9, prix r\u00e9duits et achat s\u00e9curis\u00e9 \u2013 commandez d\u00e8s maintenant en ligne !\" \/>\n<meta property=\"og:url\" content=\"https:\/\/www.erresse-shop.it\/fr\/shop\/petits-electromenagers\/fours\/g3-ferrari-friggisano-duo-8-l\/\" \/>\n<meta property=\"og:site_name\" content=\"Erresse Shop\" \/>\n<meta property=\"article:modified_time\" content=\"2025-01-14T08:03:34+00:00\" \/>\n<meta property=\"og:image\" content=\"https:\/\/www.erresse-shop.it\/wp-content\/uploads\/2023\/02\/G3-FERRARI-Friggisano-Duo-8-L.jpg\" \/>\n\t<meta property=\"og:image:width\" content=\"1200\" \/>\n\t<meta property=\"og:image:height\" content=\"1200\" \/>\n\t<meta property=\"og:image:type\" content=\"image\/jpeg\" \/>\n<meta name=\"twitter:card\" content=\"summary_large_image\" \/>\n<script type=\"application\/ld+json\" class=\"yoast-schema-graph\">{\"@context\":\"https:\/\/schema.org\",\"@graph\":[{\"@type\":\"WebPage\",\"@id\":\"https:\/\/www.erresse-shop.it\/fr\/shop\/petits-electromenagers\/fours\/g3-ferrari-friggisano-duo-8-l\/\",\"url\":\"https:\/\/www.erresse-shop.it\/fr\/shop\/petits-electromenagers\/fours\/g3-ferrari-friggisano-duo-8-l\/\",\"name\":\"G3 FERRARI Friggisano Duo 8 L\",\"isPartOf\":{\"@id\":\"https:\/\/www.erresse-shop.it\/fr\/#website\"},\"datePublished\":\"2023-02-28T15:23:28+00:00\",\"dateModified\":\"2025-01-14T08:03:34+00:00\",\"description\":\"D\u00e9couvrez G3 FERRARI Friggisano Duo 8 L sur ErresseShop. Qualit\u00e9, prix r\u00e9duits et achat s\u00e9curis\u00e9 \u2013 commandez d\u00e8s maintenant en ligne !\",\"breadcrumb\":{\"@id\":\"https:\/\/www.erresse-shop.it\/fr\/shop\/petits-electromenagers\/fours\/g3-ferrari-friggisano-duo-8-l\/#breadcrumb\"},\"inLanguage\":\"fr-FR\",\"potentialAction\":[{\"@type\":\"ReadAction\",\"target\":[\"https:\/\/www.erresse-shop.it\/fr\/shop\/petits-electromenagers\/fours\/g3-ferrari-friggisano-duo-8-l\/\"]}]},{\"@type\":\"BreadcrumbList\",\"@id\":\"https:\/\/www.erresse-shop.it\/fr\/shop\/petits-electromenagers\/fours\/g3-ferrari-friggisano-duo-8-l\/#breadcrumb\",\"itemListElement\":[{\"@type\":\"ListItem\",\"position\":1,\"name\":\"Home\",\"item\":\"https:\/\/www.erresse-shop.it\/fr\/\"},{\"@type\":\"ListItem\",\"position\":2,\"name\":\"Shop\",\"item\":\"https:\/\/www.erresse-shop.it\/fr\/shop\/\"},{\"@type\":\"ListItem\",\"position\":3,\"name\":\"G3 FERRARI Friggisano Duo 8 L\"}]},{\"@type\":\"WebSite\",\"@id\":\"https:\/\/www.erresse-shop.it\/fr\/#website\",\"url\":\"https:\/\/www.erresse-shop.it\/fr\/\",\"name\":\"Erresse Shop\",\"description\":\"Articoli di qualit\u00e0 per la casa\",\"potentialAction\":[{\"@type\":\"SearchAction\",\"target\":{\"@type\":\"EntryPoint\",\"urlTemplate\":\"https:\/\/www.erresse-shop.it\/fr\/?s={search_term_string}\"},\"query-input\":\"required name=search_term_string\"}],\"inLanguage\":\"fr-FR\"}]}<\/script>\n<!-- \/ Yoast SEO Premium plugin. -->","yoast_head_json":{"title":"G3 FERRARI Friggisano Duo 8 L","description":"D\u00e9couvrez G3 FERRARI Friggisano Duo 8 L sur ErresseShop. Qualit\u00e9, prix r\u00e9duits et achat s\u00e9curis\u00e9 \u2013 commandez d\u00e8s maintenant en ligne !","robots":{"index":"index","follow":"follow","max-snippet":"max-snippet:-1","max-image-preview":"max-image-preview:large","max-video-preview":"max-video-preview:-1"},"canonical":"https:\/\/www.erresse-shop.it\/fr\/shop\/petits-electromenagers\/fours\/g3-ferrari-friggisano-duo-8-l\/","og_locale":"fr_FR","og_type":"article","og_title":"G3 FERRARI Friggisano Duo 8 L","og_description":"D\u00e9couvrez G3 FERRARI Friggisano Duo 8 L sur ErresseShop. Qualit\u00e9, prix r\u00e9duits et achat s\u00e9curis\u00e9 \u2013 commandez d\u00e8s maintenant en ligne !","og_url":"https:\/\/www.erresse-shop.it\/fr\/shop\/petits-electromenagers\/fours\/g3-ferrari-friggisano-duo-8-l\/","og_site_name":"Erresse Shop","article_modified_time":"2025-01-14T08:03:34+00:00","og_image":[{"width":1200,"height":1200,"url":"https:\/\/www.erresse-shop.it\/wp-content\/uploads\/2023\/02\/G3-FERRARI-Friggisano-Duo-8-L.jpg","type":"image\/jpeg"}],"twitter_card":"summary_large_image","schema":{"@context":"https:\/\/schema.org","@graph":[{"@type":"WebPage","@id":"https:\/\/www.erresse-shop.it\/fr\/shop\/petits-electromenagers\/fours\/g3-ferrari-friggisano-duo-8-l\/","url":"https:\/\/www.erresse-shop.it\/fr\/shop\/petits-electromenagers\/fours\/g3-ferrari-friggisano-duo-8-l\/","name":"G3 FERRARI Friggisano Duo 8 L","isPartOf":{"@id":"https:\/\/www.erresse-shop.it\/fr\/#website"},"datePublished":"2023-02-28T15:23:28+00:00","dateModified":"2025-01-14T08:03:34+00:00","description":"D\u00e9couvrez G3 FERRARI Friggisano Duo 8 L sur ErresseShop. Qualit\u00e9, prix r\u00e9duits et achat s\u00e9curis\u00e9 \u2013 commandez d\u00e8s maintenant en ligne !","breadcrumb":{"@id":"https:\/\/www.erresse-shop.it\/fr\/shop\/petits-electromenagers\/fours\/g3-ferrari-friggisano-duo-8-l\/#breadcrumb"},"inLanguage":"fr-FR","potentialAction":[{"@type":"ReadAction","target":["https:\/\/www.erresse-shop.it\/fr\/shop\/petits-electromenagers\/fours\/g3-ferrari-friggisano-duo-8-l\/"]}]},{"@type":"BreadcrumbList","@id":"https:\/\/www.erresse-shop.it\/fr\/shop\/petits-electromenagers\/fours\/g3-ferrari-friggisano-duo-8-l\/#breadcrumb","itemListElement":[{"@type":"ListItem","position":1,"name":"Home","item":"https:\/\/www.erresse-shop.it\/fr\/"},{"@type":"ListItem","position":2,"name":"Shop","item":"https:\/\/www.erresse-shop.it\/fr\/shop\/"},{"@type":"ListItem","position":3,"name":"G3 FERRARI Friggisano Duo 8 L"}]},{"@type":"WebSite","@id":"https:\/\/www.erresse-shop.it\/fr\/#website","url":"https:\/\/www.erresse-shop.it\/fr\/","name":"Erresse Shop","description":"Articoli di qualit\u00e0 per la casa","potentialAction":[{"@type":"SearchAction","target":{"@type":"EntryPoint","urlTemplate":"https:\/\/www.erresse-shop.it\/fr\/?s={search_term_string}"},"query-input":"required name=search_term_string"}],"inLanguage":"fr-FR"}]}},"df_price":129.9,"df_sale_price":129.9,"df_regular_price":129.9,"df_image_link":"https:\/\/www.erresse-shop.it\/wp-content\/uploads\/2023\/02\/G3-FERRARI-Friggisano-Duo-8-L-300x300.jpg","_links":{"self":[{"href":"https:\/\/www.erresse-shop.it\/fr\/wp-json\/wp\/v2\/product\/244633"}],"collection":[{"href":"https:\/\/www.erresse-shop.it\/fr\/wp-json\/wp\/v2\/product"}],"about":[{"href":"https:\/\/www.erresse-shop.it\/fr\/wp-json\/wp\/v2\/types\/product"}],"wp:featuredmedia":[{"embeddable":true,"href":"https:\/\/www.erresse-shop.it\/fr\/wp-json\/wp\/v2\/media\/458120"}],"wp:attachment":[{"href":"https:\/\/www.erresse-shop.it\/fr\/wp-json\/wp\/v2\/media?parent=244633"}],"wp:term":[{"taxonomy":"product_cat","embeddable":true,"href":"https:\/\/www.erresse-shop.it\/fr\/wp-json\/wp\/v2\/product_cat?post=244633"},{"taxonomy":"product_tag","embeddable":true,"href":"https:\/\/www.erresse-shop.it\/fr\/wp-json\/wp\/v2\/product_tag?post=244633"}],"curies":[{"name":"wp","href":"https:\/\/api.w.org\/{rel}","templated":true}]}}