{"id":244387,"date":"2023-02-28T13:43:39","date_gmt":"2023-02-28T13:43:43","guid":{"rendered":"https:\/\/www.erresse-shop.it\/?post_type=product&#038;p=244387"},"modified":"2025-01-14T08:03:20","modified_gmt":"2025-01-14T08:03:20","slug":"g3-ferrari-rosto-45-l","status":"publish","type":"product","link":"https:\/\/www.erresse-shop.it\/fr\/shop\/petits-electromenagers\/fours\/g3-ferrari-rosto-45-l\/","title":{"rendered":"G3 FERRARI Rost\u00f2 45 L"},"content":{"rendered":"<p><strong>ROST\u00d3 45<\/strong> est facile \u00e0 utiliser et tr\u00e8s spacieux avec sa cavit\u00e9 de 45 litres. Il est possible de cuire 2 plats en m\u00eame temps, et gr\u00e2ce \u00e0 sa faible consommation d&#8217;\u00e9nergie, c&#8217;est un pr\u00e9cieux appareil auxiliaire de cuisine. La fonction de convection offre la possibilit\u00e9 de cuire les aliments en un temps plus court. Il est facile \u00e0 transporter et utile dans de nombreuses situations diff\u00e9rentes, \u00e0 l&#8217;int\u00e9rieur comme \u00e0 l&#8217;ext\u00e9rieur. La temp\u00e9rature int\u00e9rieure \u00e9lev\u00e9e, qui peut atteindre plus de 300 degr\u00e9s, et le plateau rond sp\u00e9cial, font de ce four un excellent outil pour la cuisson des pizzas et autres plats similaires.<\/p>\n<p><strong>Sp\u00e9cifications techniques<\/strong><br \/>\n&#8211; Puissance : 1400W<br \/>\n&#8211; Capacit\u00e9 : 45 litres<br \/>\n&#8211; Convection et lumi\u00e8re int\u00e9rieure<br \/>\n&#8211; Convient \u00e0 un plat de 40 cm de diam\u00e8tre<br \/>\n&#8211; Double verre pour l&#8217;isolation thermique<br \/>\n&#8211; Minuterie : 90 minutes avec signal sonore<br \/>\n&#8211; Thermostat r\u00e9glable : de 40\u00b0C \u00e0 300\u00b0C<br \/>\n&#8211; \u00c9l\u00e9ments chauffants en acier<br \/>\n&#8211; Fonctions de cuisson : double chaleur, fond et gril<br \/>\n&#8211; Lumi\u00e8re rouge pour le fonctionnement<br \/>\n&#8211; Facile \u00e0 nettoyer : Parois internes \u00e9maill\u00e9es.<br \/>\n&#8211; Accessoires : 1 grille, 1 plateau rectangulaire, 1 plateau rond \u00d837cm<br \/>\n&#8211; Alimentation \u00e9lectrique : AC 230V ~ 50-60Hz<\/p>\n","protected":false},"excerpt":{"rendered":"<p>ROST\u00d3 45 est facile \u00e0 utiliser et tr\u00e8s spacieux avec sa cavit\u00e9 de 45 litres. Il est possible de cuire<\/p>\n","protected":false},"featured_media":244552,"template":"","meta":{"_acf_changed":false,"inline_featured_image":false},"product_cat":[15660,12449],"product_tag":[23690,12948,17107,22099],"acf":[],"yoast_head":"<!-- This site is optimized with the Yoast SEO Premium plugin v18.6 (Yoast SEO v19.13) - https:\/\/yoast.com\/wordpress\/plugins\/seo\/ -->\n<title>G3 FERRARI Rost\u00f2 45 L<\/title>\n<meta name=\"description\" content=\"D\u00e9couvrez G3 FERRARI Rost\u00f2 45 L sur ErresseShop. Qualit\u00e9, prix r\u00e9duits et achat s\u00e9curis\u00e9 \u2013 commandez d\u00e8s maintenant en ligne !\" \/>\n<meta name=\"robots\" content=\"index, follow, max-snippet:-1, max-image-preview:large, max-video-preview:-1\" \/>\n<link rel=\"canonical\" href=\"https:\/\/www.erresse-shop.it\/fr\/shop\/petits-electromenagers\/fours\/g3-ferrari-rosto-45-l\/\" \/>\n<meta property=\"og:locale\" content=\"fr_FR\" \/>\n<meta property=\"og:type\" content=\"article\" \/>\n<meta property=\"og:title\" content=\"G3 FERRARI Rost\u00f2 45 L\" \/>\n<meta property=\"og:description\" content=\"D\u00e9couvrez G3 FERRARI Rost\u00f2 45 L sur ErresseShop. Qualit\u00e9, prix r\u00e9duits et achat s\u00e9curis\u00e9 \u2013 commandez d\u00e8s maintenant en ligne !\" \/>\n<meta property=\"og:url\" content=\"https:\/\/www.erresse-shop.it\/fr\/shop\/petits-electromenagers\/fours\/g3-ferrari-rosto-45-l\/\" \/>\n<meta property=\"og:site_name\" content=\"Erresse Shop\" \/>\n<meta property=\"article:modified_time\" content=\"2025-01-14T08:03:20+00:00\" \/>\n<meta property=\"og:image\" content=\"https:\/\/www.erresse-shop.it\/wp-content\/uploads\/2023\/02\/G3-FERRARI-Forno-Rosto-45-L-9.jpg\" \/>\n\t<meta property=\"og:image:width\" content=\"2500\" \/>\n\t<meta property=\"og:image:height\" content=\"2199\" \/>\n\t<meta property=\"og:image:type\" content=\"image\/jpeg\" \/>\n<meta name=\"twitter:card\" content=\"summary_large_image\" \/>\n<script type=\"application\/ld+json\" class=\"yoast-schema-graph\">{\"@context\":\"https:\/\/schema.org\",\"@graph\":[{\"@type\":\"WebPage\",\"@id\":\"https:\/\/www.erresse-shop.it\/fr\/shop\/petits-electromenagers\/fours\/g3-ferrari-rosto-45-l\/\",\"url\":\"https:\/\/www.erresse-shop.it\/fr\/shop\/petits-electromenagers\/fours\/g3-ferrari-rosto-45-l\/\",\"name\":\"G3 FERRARI Rost\u00f2 45 L\",\"isPartOf\":{\"@id\":\"https:\/\/www.erresse-shop.it\/fr\/#website\"},\"datePublished\":\"2023-02-28T13:43:43+00:00\",\"dateModified\":\"2025-01-14T08:03:20+00:00\",\"description\":\"D\u00e9couvrez G3 FERRARI Rost\u00f2 45 L sur ErresseShop. Qualit\u00e9, prix r\u00e9duits et achat s\u00e9curis\u00e9 \u2013 commandez d\u00e8s maintenant en ligne !\",\"breadcrumb\":{\"@id\":\"https:\/\/www.erresse-shop.it\/fr\/shop\/petits-electromenagers\/fours\/g3-ferrari-rosto-45-l\/#breadcrumb\"},\"inLanguage\":\"fr-FR\",\"potentialAction\":[{\"@type\":\"ReadAction\",\"target\":[\"https:\/\/www.erresse-shop.it\/fr\/shop\/petits-electromenagers\/fours\/g3-ferrari-rosto-45-l\/\"]}]},{\"@type\":\"BreadcrumbList\",\"@id\":\"https:\/\/www.erresse-shop.it\/fr\/shop\/petits-electromenagers\/fours\/g3-ferrari-rosto-45-l\/#breadcrumb\",\"itemListElement\":[{\"@type\":\"ListItem\",\"position\":1,\"name\":\"Home\",\"item\":\"https:\/\/www.erresse-shop.it\/fr\/\"},{\"@type\":\"ListItem\",\"position\":2,\"name\":\"Shop\",\"item\":\"https:\/\/www.erresse-shop.it\/fr\/shop\/\"},{\"@type\":\"ListItem\",\"position\":3,\"name\":\"G3 FERRARI Rost\u00f2 45 L\"}]},{\"@type\":\"WebSite\",\"@id\":\"https:\/\/www.erresse-shop.it\/fr\/#website\",\"url\":\"https:\/\/www.erresse-shop.it\/fr\/\",\"name\":\"Erresse Shop\",\"description\":\"Articoli di qualit\u00e0 per la casa\",\"potentialAction\":[{\"@type\":\"SearchAction\",\"target\":{\"@type\":\"EntryPoint\",\"urlTemplate\":\"https:\/\/www.erresse-shop.it\/fr\/?s={search_term_string}\"},\"query-input\":\"required name=search_term_string\"}],\"inLanguage\":\"fr-FR\"}]}<\/script>\n<!-- \/ Yoast SEO Premium plugin. -->","yoast_head_json":{"title":"G3 FERRARI Rost\u00f2 45 L","description":"D\u00e9couvrez G3 FERRARI Rost\u00f2 45 L sur ErresseShop. Qualit\u00e9, prix r\u00e9duits et achat s\u00e9curis\u00e9 \u2013 commandez d\u00e8s maintenant en ligne !","robots":{"index":"index","follow":"follow","max-snippet":"max-snippet:-1","max-image-preview":"max-image-preview:large","max-video-preview":"max-video-preview:-1"},"canonical":"https:\/\/www.erresse-shop.it\/fr\/shop\/petits-electromenagers\/fours\/g3-ferrari-rosto-45-l\/","og_locale":"fr_FR","og_type":"article","og_title":"G3 FERRARI Rost\u00f2 45 L","og_description":"D\u00e9couvrez G3 FERRARI Rost\u00f2 45 L sur ErresseShop. Qualit\u00e9, prix r\u00e9duits et achat s\u00e9curis\u00e9 \u2013 commandez d\u00e8s maintenant en ligne !","og_url":"https:\/\/www.erresse-shop.it\/fr\/shop\/petits-electromenagers\/fours\/g3-ferrari-rosto-45-l\/","og_site_name":"Erresse Shop","article_modified_time":"2025-01-14T08:03:20+00:00","og_image":[{"width":2500,"height":2199,"url":"https:\/\/www.erresse-shop.it\/wp-content\/uploads\/2023\/02\/G3-FERRARI-Forno-Rosto-45-L-9.jpg","type":"image\/jpeg"}],"twitter_card":"summary_large_image","schema":{"@context":"https:\/\/schema.org","@graph":[{"@type":"WebPage","@id":"https:\/\/www.erresse-shop.it\/fr\/shop\/petits-electromenagers\/fours\/g3-ferrari-rosto-45-l\/","url":"https:\/\/www.erresse-shop.it\/fr\/shop\/petits-electromenagers\/fours\/g3-ferrari-rosto-45-l\/","name":"G3 FERRARI Rost\u00f2 45 L","isPartOf":{"@id":"https:\/\/www.erresse-shop.it\/fr\/#website"},"datePublished":"2023-02-28T13:43:43+00:00","dateModified":"2025-01-14T08:03:20+00:00","description":"D\u00e9couvrez G3 FERRARI Rost\u00f2 45 L sur ErresseShop. Qualit\u00e9, prix r\u00e9duits et achat s\u00e9curis\u00e9 \u2013 commandez d\u00e8s maintenant en ligne !","breadcrumb":{"@id":"https:\/\/www.erresse-shop.it\/fr\/shop\/petits-electromenagers\/fours\/g3-ferrari-rosto-45-l\/#breadcrumb"},"inLanguage":"fr-FR","potentialAction":[{"@type":"ReadAction","target":["https:\/\/www.erresse-shop.it\/fr\/shop\/petits-electromenagers\/fours\/g3-ferrari-rosto-45-l\/"]}]},{"@type":"BreadcrumbList","@id":"https:\/\/www.erresse-shop.it\/fr\/shop\/petits-electromenagers\/fours\/g3-ferrari-rosto-45-l\/#breadcrumb","itemListElement":[{"@type":"ListItem","position":1,"name":"Home","item":"https:\/\/www.erresse-shop.it\/fr\/"},{"@type":"ListItem","position":2,"name":"Shop","item":"https:\/\/www.erresse-shop.it\/fr\/shop\/"},{"@type":"ListItem","position":3,"name":"G3 FERRARI Rost\u00f2 45 L"}]},{"@type":"WebSite","@id":"https:\/\/www.erresse-shop.it\/fr\/#website","url":"https:\/\/www.erresse-shop.it\/fr\/","name":"Erresse Shop","description":"Articoli di qualit\u00e0 per la casa","potentialAction":[{"@type":"SearchAction","target":{"@type":"EntryPoint","urlTemplate":"https:\/\/www.erresse-shop.it\/fr\/?s={search_term_string}"},"query-input":"required name=search_term_string"}],"inLanguage":"fr-FR"}]}},"df_price":184.9,"df_sale_price":184.9,"df_regular_price":184.9,"df_image_link":"https:\/\/www.erresse-shop.it\/wp-content\/uploads\/2023\/02\/G3-FERRARI-Forno-Rosto-45-L-9-300x264.jpg","_links":{"self":[{"href":"https:\/\/www.erresse-shop.it\/fr\/wp-json\/wp\/v2\/product\/244387"}],"collection":[{"href":"https:\/\/www.erresse-shop.it\/fr\/wp-json\/wp\/v2\/product"}],"about":[{"href":"https:\/\/www.erresse-shop.it\/fr\/wp-json\/wp\/v2\/types\/product"}],"wp:featuredmedia":[{"embeddable":true,"href":"https:\/\/www.erresse-shop.it\/fr\/wp-json\/wp\/v2\/media\/244552"}],"wp:attachment":[{"href":"https:\/\/www.erresse-shop.it\/fr\/wp-json\/wp\/v2\/media?parent=244387"}],"wp:term":[{"taxonomy":"product_cat","embeddable":true,"href":"https:\/\/www.erresse-shop.it\/fr\/wp-json\/wp\/v2\/product_cat?post=244387"},{"taxonomy":"product_tag","embeddable":true,"href":"https:\/\/www.erresse-shop.it\/fr\/wp-json\/wp\/v2\/product_tag?post=244387"}],"curies":[{"name":"wp","href":"https:\/\/api.w.org\/{rel}","templated":true}]}}