{"id":244242,"date":"2023-02-28T11:26:18","date_gmt":"2023-02-28T11:26:23","guid":{"rendered":"https:\/\/www.erresse-shop.it\/?post_type=product&#038;p=244242"},"modified":"2025-01-28T14:40:08","modified_gmt":"2025-01-28T14:40:08","slug":"g3-ferrari-four-a-pizza-delizia-evo-rouge","status":"publish","type":"product","link":"https:\/\/www.erresse-shop.it\/fr\/shop\/petits-electromenagers\/fours\/g3-ferrari-four-a-pizza-delizia-evo-rouge\/","title":{"rendered":"G3 FERRARI Delizia Evo Rouge"},"content":{"rendered":"<p>Avec le four \u00e0 pizza Delizia vous pourrez enfin cuisiner la vraie Pizza Napoletana dans votre cuisine en seulement 5 minutes, l&#8217;assaisonner avec les ingr\u00e9dients que vous pr\u00e9f\u00e9rez, en vous amusant \u00e0 exp\u00e9rimenter chaque jour de nouvelles recettes savoureuses. Le parfum et le go\u00fbt inimitable de la pizza au four sont mis en valeur \u00e0 l&#8217;int\u00e9rieur du four <strong>Delizia<\/strong>. La cl\u00e9 pour obtenir une bonne pizza est une temp\u00e9rature de cuisson tr\u00e8s \u00e9lev\u00e9e (400\u00b0 C) pendant quelques minutes : de cette fa\u00e7on, on peut cuire la p\u00e2te sans dess\u00e9cher l&#8217;assaisonnement. Les fours domestiques n&#8217;atteignent g\u00e9n\u00e9ralement pas ces temp\u00e9ratures, mais la pierre r\u00e9fractaire Delizia fait vraiment la diff\u00e9rence en atteignant jusqu&#8217;\u00e0 400\u00b0C, garantissant le m\u00eame r\u00e9sultat que les fours des meilleures pizzeria de Naples. Sans fum\u00e9e de cuisson ni odeurs d\u00e9sagr\u00e9ables, le four \u00e0 pizza Delizia peut \u00e9galement \u00eatre utilis\u00e9 pour cuire des g\u00e2teaux, des tartes, des enveloppes, des g\u00e2teaux et des ch\u00e2taignes.<\/p>\n<p><strong>Sp\u00e9cifications techniques<\/strong><br \/>\n&#8211; Minuterie : 5 minutes avec signal<br \/>\n&#8211; Thermostat r\u00e9glable : jusqu&#8217;\u00e0 400\u00b0C<br \/>\n&#8211; Pierre de cuisson r\u00e9fractaire (\u00f8 31 cm)<br \/>\n&#8211; Deux \u00e9l\u00e9ments chauffants en acier inoxydable<br \/>\n&#8211; Lumi\u00e8re rouge pour le fonctionnement<br \/>\n&#8211; Conforme \u00e0 la norme europ\u00e9enne EN 60335-2-9:A13\/2010<br \/>\n&#8211; Accessoires : plaques \u00e0 pizza en aluminium \u00d8 28 cm<br \/>\n&#8211; Alimentation \u00e9lectrique : AC 230V ~ 50 Hz<br \/>\n&#8211; Puissance : 1200W<\/p>\n","protected":false},"excerpt":{"rendered":"<p>Avec le four \u00e0 pizza Delizia vous pourrez enfin cuisiner la vraie Pizza Napoletana dans votre cuisine en seulement 5<\/p>\n","protected":false},"featured_media":452912,"template":"","meta":{"_acf_changed":false,"inline_featured_image":false},"product_cat":[15660,12449],"product_tag":[23690,22094,12858,14638,13783],"acf":[],"yoast_head":"<!-- This site is optimized with the Yoast SEO Premium plugin v18.6 (Yoast SEO v19.13) - https:\/\/yoast.com\/wordpress\/plugins\/seo\/ -->\n<title>G3 FERRARI Delizia Evo Rouge<\/title>\n<meta name=\"description\" content=\"D\u00e9couvrez G3 FERRARI Delizia Evo Rouge sur ErresseShop. Qualit\u00e9, prix r\u00e9duits et achat s\u00e9curis\u00e9 \u2013 commandez d\u00e8s maintenant en ligne !\" \/>\n<meta name=\"robots\" content=\"index, follow, max-snippet:-1, max-image-preview:large, max-video-preview:-1\" \/>\n<link rel=\"canonical\" href=\"https:\/\/www.erresse-shop.it\/fr\/shop\/petits-electromenagers\/fours\/g3-ferrari-four-a-pizza-delizia-evo-rouge\/\" \/>\n<meta property=\"og:locale\" content=\"fr_FR\" \/>\n<meta property=\"og:type\" content=\"article\" \/>\n<meta property=\"og:title\" content=\"G3 FERRARI Delizia Evo Rouge\" \/>\n<meta property=\"og:description\" content=\"D\u00e9couvrez G3 FERRARI Delizia Evo Rouge sur ErresseShop. Qualit\u00e9, prix r\u00e9duits et achat s\u00e9curis\u00e9 \u2013 commandez d\u00e8s maintenant en ligne !\" \/>\n<meta property=\"og:url\" content=\"https:\/\/www.erresse-shop.it\/fr\/shop\/petits-electromenagers\/fours\/g3-ferrari-four-a-pizza-delizia-evo-rouge\/\" \/>\n<meta property=\"og:site_name\" content=\"Erresse Shop\" \/>\n<meta property=\"article:modified_time\" content=\"2025-01-28T14:40:08+00:00\" \/>\n<meta property=\"og:image\" content=\"https:\/\/www.erresse-shop.it\/wp-content\/uploads\/2023\/02\/G3-FERRARI-Delizia-Evo-Rosso.jpg\" \/>\n\t<meta property=\"og:image:width\" content=\"1200\" \/>\n\t<meta property=\"og:image:height\" content=\"1200\" \/>\n\t<meta property=\"og:image:type\" content=\"image\/jpeg\" \/>\n<meta name=\"twitter:card\" content=\"summary_large_image\" \/>\n<script type=\"application\/ld+json\" class=\"yoast-schema-graph\">{\"@context\":\"https:\/\/schema.org\",\"@graph\":[{\"@type\":\"WebPage\",\"@id\":\"https:\/\/www.erresse-shop.it\/fr\/shop\/petits-electromenagers\/fours\/g3-ferrari-four-a-pizza-delizia-evo-rouge\/\",\"url\":\"https:\/\/www.erresse-shop.it\/fr\/shop\/petits-electromenagers\/fours\/g3-ferrari-four-a-pizza-delizia-evo-rouge\/\",\"name\":\"G3 FERRARI Delizia Evo Rouge\",\"isPartOf\":{\"@id\":\"https:\/\/www.erresse-shop.it\/fr\/#website\"},\"datePublished\":\"2023-02-28T11:26:23+00:00\",\"dateModified\":\"2025-01-28T14:40:08+00:00\",\"description\":\"D\u00e9couvrez G3 FERRARI Delizia Evo Rouge sur ErresseShop. Qualit\u00e9, prix r\u00e9duits et achat s\u00e9curis\u00e9 \u2013 commandez d\u00e8s maintenant en ligne !\",\"breadcrumb\":{\"@id\":\"https:\/\/www.erresse-shop.it\/fr\/shop\/petits-electromenagers\/fours\/g3-ferrari-four-a-pizza-delizia-evo-rouge\/#breadcrumb\"},\"inLanguage\":\"fr-FR\",\"potentialAction\":[{\"@type\":\"ReadAction\",\"target\":[\"https:\/\/www.erresse-shop.it\/fr\/shop\/petits-electromenagers\/fours\/g3-ferrari-four-a-pizza-delizia-evo-rouge\/\"]}]},{\"@type\":\"BreadcrumbList\",\"@id\":\"https:\/\/www.erresse-shop.it\/fr\/shop\/petits-electromenagers\/fours\/g3-ferrari-four-a-pizza-delizia-evo-rouge\/#breadcrumb\",\"itemListElement\":[{\"@type\":\"ListItem\",\"position\":1,\"name\":\"Home\",\"item\":\"https:\/\/www.erresse-shop.it\/fr\/\"},{\"@type\":\"ListItem\",\"position\":2,\"name\":\"Shop\",\"item\":\"https:\/\/www.erresse-shop.it\/fr\/shop\/\"},{\"@type\":\"ListItem\",\"position\":3,\"name\":\"G3 FERRARI Delizia Evo Rouge\"}]},{\"@type\":\"WebSite\",\"@id\":\"https:\/\/www.erresse-shop.it\/fr\/#website\",\"url\":\"https:\/\/www.erresse-shop.it\/fr\/\",\"name\":\"Erresse Shop\",\"description\":\"Articoli di qualit\u00e0 per la casa\",\"potentialAction\":[{\"@type\":\"SearchAction\",\"target\":{\"@type\":\"EntryPoint\",\"urlTemplate\":\"https:\/\/www.erresse-shop.it\/fr\/?s={search_term_string}\"},\"query-input\":\"required name=search_term_string\"}],\"inLanguage\":\"fr-FR\"}]}<\/script>\n<!-- \/ Yoast SEO Premium plugin. -->","yoast_head_json":{"title":"G3 FERRARI Delizia Evo Rouge","description":"D\u00e9couvrez G3 FERRARI Delizia Evo Rouge sur ErresseShop. Qualit\u00e9, prix r\u00e9duits et achat s\u00e9curis\u00e9 \u2013 commandez d\u00e8s maintenant en ligne !","robots":{"index":"index","follow":"follow","max-snippet":"max-snippet:-1","max-image-preview":"max-image-preview:large","max-video-preview":"max-video-preview:-1"},"canonical":"https:\/\/www.erresse-shop.it\/fr\/shop\/petits-electromenagers\/fours\/g3-ferrari-four-a-pizza-delizia-evo-rouge\/","og_locale":"fr_FR","og_type":"article","og_title":"G3 FERRARI Delizia Evo Rouge","og_description":"D\u00e9couvrez G3 FERRARI Delizia Evo Rouge sur ErresseShop. Qualit\u00e9, prix r\u00e9duits et achat s\u00e9curis\u00e9 \u2013 commandez d\u00e8s maintenant en ligne !","og_url":"https:\/\/www.erresse-shop.it\/fr\/shop\/petits-electromenagers\/fours\/g3-ferrari-four-a-pizza-delizia-evo-rouge\/","og_site_name":"Erresse Shop","article_modified_time":"2025-01-28T14:40:08+00:00","og_image":[{"width":1200,"height":1200,"url":"https:\/\/www.erresse-shop.it\/wp-content\/uploads\/2023\/02\/G3-FERRARI-Delizia-Evo-Rosso.jpg","type":"image\/jpeg"}],"twitter_card":"summary_large_image","schema":{"@context":"https:\/\/schema.org","@graph":[{"@type":"WebPage","@id":"https:\/\/www.erresse-shop.it\/fr\/shop\/petits-electromenagers\/fours\/g3-ferrari-four-a-pizza-delizia-evo-rouge\/","url":"https:\/\/www.erresse-shop.it\/fr\/shop\/petits-electromenagers\/fours\/g3-ferrari-four-a-pizza-delizia-evo-rouge\/","name":"G3 FERRARI Delizia Evo Rouge","isPartOf":{"@id":"https:\/\/www.erresse-shop.it\/fr\/#website"},"datePublished":"2023-02-28T11:26:23+00:00","dateModified":"2025-01-28T14:40:08+00:00","description":"D\u00e9couvrez G3 FERRARI Delizia Evo Rouge sur ErresseShop. Qualit\u00e9, prix r\u00e9duits et achat s\u00e9curis\u00e9 \u2013 commandez d\u00e8s maintenant en ligne !","breadcrumb":{"@id":"https:\/\/www.erresse-shop.it\/fr\/shop\/petits-electromenagers\/fours\/g3-ferrari-four-a-pizza-delizia-evo-rouge\/#breadcrumb"},"inLanguage":"fr-FR","potentialAction":[{"@type":"ReadAction","target":["https:\/\/www.erresse-shop.it\/fr\/shop\/petits-electromenagers\/fours\/g3-ferrari-four-a-pizza-delizia-evo-rouge\/"]}]},{"@type":"BreadcrumbList","@id":"https:\/\/www.erresse-shop.it\/fr\/shop\/petits-electromenagers\/fours\/g3-ferrari-four-a-pizza-delizia-evo-rouge\/#breadcrumb","itemListElement":[{"@type":"ListItem","position":1,"name":"Home","item":"https:\/\/www.erresse-shop.it\/fr\/"},{"@type":"ListItem","position":2,"name":"Shop","item":"https:\/\/www.erresse-shop.it\/fr\/shop\/"},{"@type":"ListItem","position":3,"name":"G3 FERRARI Delizia Evo Rouge"}]},{"@type":"WebSite","@id":"https:\/\/www.erresse-shop.it\/fr\/#website","url":"https:\/\/www.erresse-shop.it\/fr\/","name":"Erresse Shop","description":"Articoli di qualit\u00e0 per la casa","potentialAction":[{"@type":"SearchAction","target":{"@type":"EntryPoint","urlTemplate":"https:\/\/www.erresse-shop.it\/fr\/?s={search_term_string}"},"query-input":"required name=search_term_string"}],"inLanguage":"fr-FR"}]}},"df_price":114.9,"df_sale_price":114.9,"df_regular_price":114.9,"df_image_link":"https:\/\/www.erresse-shop.it\/wp-content\/uploads\/2023\/02\/G3-FERRARI-Delizia-Evo-Rosso-300x300.jpg","_links":{"self":[{"href":"https:\/\/www.erresse-shop.it\/fr\/wp-json\/wp\/v2\/product\/244242"}],"collection":[{"href":"https:\/\/www.erresse-shop.it\/fr\/wp-json\/wp\/v2\/product"}],"about":[{"href":"https:\/\/www.erresse-shop.it\/fr\/wp-json\/wp\/v2\/types\/product"}],"wp:featuredmedia":[{"embeddable":true,"href":"https:\/\/www.erresse-shop.it\/fr\/wp-json\/wp\/v2\/media\/452912"}],"wp:attachment":[{"href":"https:\/\/www.erresse-shop.it\/fr\/wp-json\/wp\/v2\/media?parent=244242"}],"wp:term":[{"taxonomy":"product_cat","embeddable":true,"href":"https:\/\/www.erresse-shop.it\/fr\/wp-json\/wp\/v2\/product_cat?post=244242"},{"taxonomy":"product_tag","embeddable":true,"href":"https:\/\/www.erresse-shop.it\/fr\/wp-json\/wp\/v2\/product_tag?post=244242"}],"curies":[{"name":"wp","href":"https:\/\/api.w.org\/{rel}","templated":true}]}}