{"id":243930,"date":"2023-02-27T15:54:29","date_gmt":"2023-02-27T15:54:33","guid":{"rendered":"https:\/\/www.erresse-shop.it\/?post_type=product&#038;p=243930"},"modified":"2025-01-17T12:12:29","modified_gmt":"2025-01-17T12:12:29","slug":"g3-ferrari-four-a-pizza-napoletana-rouge","status":"publish","type":"product","link":"https:\/\/www.erresse-shop.it\/fr\/shop\/petits-electromenagers\/fours\/g3-ferrari-four-a-pizza-napoletana-rouge\/","title":{"rendered":"G3 FERRARI Napoletana Rouge"},"content":{"rendered":"<p>La traditionnelle pizza italienne en 5 minutes ! Le parfum et le go\u00fbt sont exalt\u00e9s gr\u00e2ce \u00e0 l&#8217;unique four \u00e0 pizza <strong>Pizzeria Snack NAPOLETANA<\/strong>. Gr\u00e2ce aux temp\u00e9ratures de cuisson \u00e9lev\u00e9es (jusqu&#8217;\u00e0 400\u00b0C), ce four est en mesure de cuire la pizza sans dess\u00e9cher la sauce, garantissant ainsi le m\u00eame r\u00e9sultat que les meilleures pizzerias de Naples. NAPOLETANA, gr\u00e2ce au syst\u00e8me de cuisson EXCLUSIF avec 2 plaques en pierre r\u00e9fractaire, peut \u00eatre utilis\u00e9 pour pr\u00e9parer d&#8217;excellentes tigelles emiliane ou piadine romagnole traditionnelles et pour cuire des toasts, des g\u00e2teaux, des tartes et de d\u00e9licieux sandwichs. Livre de recettes inclus.<\/p>\n<p><strong>Caract\u00e9ristiques techniques<\/strong><br \/>\n&#8211; Thermostat r\u00e9glable (max 400\u00b0C)<br \/>\n&#8211; Minuterie de 5 minutes<br \/>\n&#8211; 2 pierres r\u00e9fractaires (\u00d8 31 cm)<br \/>\n&#8211; Pierre r\u00e9fractaire sup\u00e9rieure amovible<br \/>\n&#8211; 2 \u00e9l\u00e9ments chauffants en acier<br \/>\n&#8211; T\u00e9moin lumineux de fonctionnement<br \/>\n&#8211; 2 positions de cuisson<br \/>\n&#8211; Accessoires : plaques \u00e0 pizza en aluminium \u00d8 28 cm<br \/>\n&#8211; Alimentation \u00e9lectrique : AC 230V ~ 50Hz<br \/>\n&#8211; Puissance : 1200W<\/p>\n","protected":false},"excerpt":{"rendered":"<p>La traditionnelle pizza italienne en 5 minutes ! Le parfum et le go\u00fbt sont exalt\u00e9s gr\u00e2ce \u00e0 l&#8217;unique four \u00e0<\/p>\n","protected":false},"featured_media":457934,"template":"","meta":{"_acf_changed":false,"inline_featured_image":false},"product_cat":[15660,12449],"product_tag":[23690,12858,14638,22089,13783],"acf":[],"yoast_head":"<!-- This site is optimized with the Yoast SEO Premium plugin v18.6 (Yoast SEO v19.13) - https:\/\/yoast.com\/wordpress\/plugins\/seo\/ -->\n<title>G3 FERRARI Napoletana Rouge<\/title>\n<meta name=\"description\" content=\"D\u00e9couvrez G3 FERRARI Napoletana Rouge sur ErresseShop. Qualit\u00e9, prix r\u00e9duits et achat s\u00e9curis\u00e9 \u2013 commandez d\u00e8s maintenant en ligne !\" \/>\n<meta name=\"robots\" content=\"index, follow, max-snippet:-1, max-image-preview:large, max-video-preview:-1\" \/>\n<link rel=\"canonical\" href=\"https:\/\/www.erresse-shop.it\/fr\/shop\/petits-electromenagers\/fours\/g3-ferrari-four-a-pizza-napoletana-rouge\/\" \/>\n<meta property=\"og:locale\" content=\"fr_FR\" \/>\n<meta property=\"og:type\" content=\"article\" \/>\n<meta property=\"og:title\" content=\"G3 FERRARI Napoletana Rouge\" \/>\n<meta property=\"og:description\" content=\"D\u00e9couvrez G3 FERRARI Napoletana Rouge sur ErresseShop. Qualit\u00e9, prix r\u00e9duits et achat s\u00e9curis\u00e9 \u2013 commandez d\u00e8s maintenant en ligne !\" \/>\n<meta property=\"og:url\" content=\"https:\/\/www.erresse-shop.it\/fr\/shop\/petits-electromenagers\/fours\/g3-ferrari-four-a-pizza-napoletana-rouge\/\" \/>\n<meta property=\"og:site_name\" content=\"Erresse Shop\" \/>\n<meta property=\"article:modified_time\" content=\"2025-01-17T12:12:29+00:00\" \/>\n<meta property=\"og:image\" content=\"https:\/\/www.erresse-shop.it\/wp-content\/uploads\/2023\/02\/G3-FERRARI-Napoletana-Rosso.jpg\" \/>\n\t<meta property=\"og:image:width\" content=\"1200\" \/>\n\t<meta property=\"og:image:height\" content=\"1200\" \/>\n\t<meta property=\"og:image:type\" content=\"image\/jpeg\" \/>\n<meta name=\"twitter:card\" content=\"summary_large_image\" \/>\n<script type=\"application\/ld+json\" class=\"yoast-schema-graph\">{\"@context\":\"https:\/\/schema.org\",\"@graph\":[{\"@type\":\"WebPage\",\"@id\":\"https:\/\/www.erresse-shop.it\/fr\/shop\/petits-electromenagers\/fours\/g3-ferrari-four-a-pizza-napoletana-rouge\/\",\"url\":\"https:\/\/www.erresse-shop.it\/fr\/shop\/petits-electromenagers\/fours\/g3-ferrari-four-a-pizza-napoletana-rouge\/\",\"name\":\"G3 FERRARI Napoletana Rouge\",\"isPartOf\":{\"@id\":\"https:\/\/www.erresse-shop.it\/fr\/#website\"},\"datePublished\":\"2023-02-27T15:54:33+00:00\",\"dateModified\":\"2025-01-17T12:12:29+00:00\",\"description\":\"D\u00e9couvrez G3 FERRARI Napoletana Rouge sur ErresseShop. Qualit\u00e9, prix r\u00e9duits et achat s\u00e9curis\u00e9 \u2013 commandez d\u00e8s maintenant en ligne !\",\"breadcrumb\":{\"@id\":\"https:\/\/www.erresse-shop.it\/fr\/shop\/petits-electromenagers\/fours\/g3-ferrari-four-a-pizza-napoletana-rouge\/#breadcrumb\"},\"inLanguage\":\"fr-FR\",\"potentialAction\":[{\"@type\":\"ReadAction\",\"target\":[\"https:\/\/www.erresse-shop.it\/fr\/shop\/petits-electromenagers\/fours\/g3-ferrari-four-a-pizza-napoletana-rouge\/\"]}]},{\"@type\":\"BreadcrumbList\",\"@id\":\"https:\/\/www.erresse-shop.it\/fr\/shop\/petits-electromenagers\/fours\/g3-ferrari-four-a-pizza-napoletana-rouge\/#breadcrumb\",\"itemListElement\":[{\"@type\":\"ListItem\",\"position\":1,\"name\":\"Home\",\"item\":\"https:\/\/www.erresse-shop.it\/fr\/\"},{\"@type\":\"ListItem\",\"position\":2,\"name\":\"Shop\",\"item\":\"https:\/\/www.erresse-shop.it\/fr\/shop\/\"},{\"@type\":\"ListItem\",\"position\":3,\"name\":\"G3 FERRARI Napoletana Rouge\"}]},{\"@type\":\"WebSite\",\"@id\":\"https:\/\/www.erresse-shop.it\/fr\/#website\",\"url\":\"https:\/\/www.erresse-shop.it\/fr\/\",\"name\":\"Erresse Shop\",\"description\":\"Articoli di qualit\u00e0 per la casa\",\"potentialAction\":[{\"@type\":\"SearchAction\",\"target\":{\"@type\":\"EntryPoint\",\"urlTemplate\":\"https:\/\/www.erresse-shop.it\/fr\/?s={search_term_string}\"},\"query-input\":\"required name=search_term_string\"}],\"inLanguage\":\"fr-FR\"}]}<\/script>\n<!-- \/ Yoast SEO Premium plugin. -->","yoast_head_json":{"title":"G3 FERRARI Napoletana Rouge","description":"D\u00e9couvrez G3 FERRARI Napoletana Rouge sur ErresseShop. Qualit\u00e9, prix r\u00e9duits et achat s\u00e9curis\u00e9 \u2013 commandez d\u00e8s maintenant en ligne !","robots":{"index":"index","follow":"follow","max-snippet":"max-snippet:-1","max-image-preview":"max-image-preview:large","max-video-preview":"max-video-preview:-1"},"canonical":"https:\/\/www.erresse-shop.it\/fr\/shop\/petits-electromenagers\/fours\/g3-ferrari-four-a-pizza-napoletana-rouge\/","og_locale":"fr_FR","og_type":"article","og_title":"G3 FERRARI Napoletana Rouge","og_description":"D\u00e9couvrez G3 FERRARI Napoletana Rouge sur ErresseShop. Qualit\u00e9, prix r\u00e9duits et achat s\u00e9curis\u00e9 \u2013 commandez d\u00e8s maintenant en ligne !","og_url":"https:\/\/www.erresse-shop.it\/fr\/shop\/petits-electromenagers\/fours\/g3-ferrari-four-a-pizza-napoletana-rouge\/","og_site_name":"Erresse Shop","article_modified_time":"2025-01-17T12:12:29+00:00","og_image":[{"width":1200,"height":1200,"url":"https:\/\/www.erresse-shop.it\/wp-content\/uploads\/2023\/02\/G3-FERRARI-Napoletana-Rosso.jpg","type":"image\/jpeg"}],"twitter_card":"summary_large_image","schema":{"@context":"https:\/\/schema.org","@graph":[{"@type":"WebPage","@id":"https:\/\/www.erresse-shop.it\/fr\/shop\/petits-electromenagers\/fours\/g3-ferrari-four-a-pizza-napoletana-rouge\/","url":"https:\/\/www.erresse-shop.it\/fr\/shop\/petits-electromenagers\/fours\/g3-ferrari-four-a-pizza-napoletana-rouge\/","name":"G3 FERRARI Napoletana Rouge","isPartOf":{"@id":"https:\/\/www.erresse-shop.it\/fr\/#website"},"datePublished":"2023-02-27T15:54:33+00:00","dateModified":"2025-01-17T12:12:29+00:00","description":"D\u00e9couvrez G3 FERRARI Napoletana Rouge sur ErresseShop. Qualit\u00e9, prix r\u00e9duits et achat s\u00e9curis\u00e9 \u2013 commandez d\u00e8s maintenant en ligne !","breadcrumb":{"@id":"https:\/\/www.erresse-shop.it\/fr\/shop\/petits-electromenagers\/fours\/g3-ferrari-four-a-pizza-napoletana-rouge\/#breadcrumb"},"inLanguage":"fr-FR","potentialAction":[{"@type":"ReadAction","target":["https:\/\/www.erresse-shop.it\/fr\/shop\/petits-electromenagers\/fours\/g3-ferrari-four-a-pizza-napoletana-rouge\/"]}]},{"@type":"BreadcrumbList","@id":"https:\/\/www.erresse-shop.it\/fr\/shop\/petits-electromenagers\/fours\/g3-ferrari-four-a-pizza-napoletana-rouge\/#breadcrumb","itemListElement":[{"@type":"ListItem","position":1,"name":"Home","item":"https:\/\/www.erresse-shop.it\/fr\/"},{"@type":"ListItem","position":2,"name":"Shop","item":"https:\/\/www.erresse-shop.it\/fr\/shop\/"},{"@type":"ListItem","position":3,"name":"G3 FERRARI Napoletana Rouge"}]},{"@type":"WebSite","@id":"https:\/\/www.erresse-shop.it\/fr\/#website","url":"https:\/\/www.erresse-shop.it\/fr\/","name":"Erresse Shop","description":"Articoli di qualit\u00e0 per la casa","potentialAction":[{"@type":"SearchAction","target":{"@type":"EntryPoint","urlTemplate":"https:\/\/www.erresse-shop.it\/fr\/?s={search_term_string}"},"query-input":"required name=search_term_string"}],"inLanguage":"fr-FR"}]}},"df_price":159.9,"df_sale_price":159.9,"df_regular_price":159.9,"df_image_link":"https:\/\/www.erresse-shop.it\/wp-content\/uploads\/2023\/02\/G3-FERRARI-Napoletana-Rosso-300x300.jpg","_links":{"self":[{"href":"https:\/\/www.erresse-shop.it\/fr\/wp-json\/wp\/v2\/product\/243930"}],"collection":[{"href":"https:\/\/www.erresse-shop.it\/fr\/wp-json\/wp\/v2\/product"}],"about":[{"href":"https:\/\/www.erresse-shop.it\/fr\/wp-json\/wp\/v2\/types\/product"}],"wp:featuredmedia":[{"embeddable":true,"href":"https:\/\/www.erresse-shop.it\/fr\/wp-json\/wp\/v2\/media\/457934"}],"wp:attachment":[{"href":"https:\/\/www.erresse-shop.it\/fr\/wp-json\/wp\/v2\/media?parent=243930"}],"wp:term":[{"taxonomy":"product_cat","embeddable":true,"href":"https:\/\/www.erresse-shop.it\/fr\/wp-json\/wp\/v2\/product_cat?post=243930"},{"taxonomy":"product_tag","embeddable":true,"href":"https:\/\/www.erresse-shop.it\/fr\/wp-json\/wp\/v2\/product_tag?post=243930"}],"curies":[{"name":"wp","href":"https:\/\/api.w.org\/{rel}","templated":true}]}}