{"id":243848,"date":"2023-02-27T14:23:13","date_gmt":"2023-02-27T14:23:18","guid":{"rendered":"https:\/\/www.erresse-shop.it\/?post_type=product&#038;p=243848"},"modified":"2025-01-14T08:02:45","modified_gmt":"2025-01-14T08:02:45","slug":"sage-the-no-mess-waffle","status":"publish","type":"product","link":"https:\/\/www.erresse-shop.it\/fr\/shop\/petits-electromenagers\/grilles-et-barbecues\/sage-the-no-mess-waffle\/","title":{"rendered":"SAGE The No-mess Waffle"},"content":{"rendered":"<p><strong>Gaufrier circulaire classique.<\/strong><br \/>\nNous nous sommes attaqu\u00e9s au seul point faible de la pr\u00e9paration des gaufres : les projections de p\u00e2te. La goutti\u00e8re circulaire r\u00e9cup\u00e8re l&#8217;exc\u00e8s de p\u00e2te et le cuit, ce qui permet d&#8217;\u00e9viter le gaspillage. Gr\u00e2ce au contr\u00f4le du brunissage, vous pouvez choisir la couleur de votre gaufre.<\/p>\n<p><strong>Gaufrier circulaire classique.<\/strong><br \/>\nNous nous sommes attaqu\u00e9s au seul point faible de la pr\u00e9paration des gaufres : les projections de p\u00e2te. La goutti\u00e8re circulaire r\u00e9cup\u00e8re l&#8217;exc\u00e8s de p\u00e2te et le cuit, ce qui permet d&#8217;\u00e9viter le gaspillage. Gr\u00e2ce au contr\u00f4le du brunissage, vous pouvez choisir la couleur de votre gaufre.<\/p>\n<p><strong>GOUTTI\u00c8RE INCLUSE<\/strong><br \/>\nLa goutti\u00e8re de l&#8217;appareil r\u00e9cup\u00e8re la p\u00e2te \u00e0 gaufres qui en temps normal coule sur votre plan de travail.<\/p>\n<p><strong>SURFACE ANTIADH\u00c9SIVE<\/strong><br \/>\nLe rev\u00eatement antiadh\u00e9sif sans PFOA premium emp\u00eache la p\u00e2te d&#8217;adh\u00e9rer aux plaques de cuisson.<\/p>\n<p><strong>CUISSON UNIFORME<\/strong><br \/>\nDites adieu aux \u00e9carts de cuisson : the No-mess Waffle\u00ae r\u00e9partit la chaleur uniform\u00e9ment.<\/p>\n<p><strong>VOYANT PR\u00caT<\/strong><br \/>\nThe No-mess Waffle\u2122 s&#8217;allume lorsque vous pouvez verser la p\u00e2te.<\/p>\n<p><strong>Dimensions (l x P x H)<\/strong><br \/>\n&#8211; 24,1 x 29,2 x 14,6 cm<\/p>\n<p><strong>Mat\u00e9riaux<\/strong><br \/>\n&#8211; Conteneur en acier inoxydable<br \/>\n&#8211; Plaques de cuisson en aluminium moul\u00e9<\/p>\n<p><strong>Capacit\u00e9<\/strong><br \/>\n&#8211; 1 gaufre classique<\/p>\n<p><strong>Param\u00e8tres<\/strong><br \/>\n&#8211; Bouton de commande du brunissage avec 7 r\u00e9glages de couleur<\/p>\n<p><strong>Puissance<\/strong><br \/>\n&#8211; 900 Watts<\/p>\n<p><strong>Tension<\/strong><br \/>\n&#8211; 220 &#8211; 240 V<\/p>\n<p><strong>Cuisson uniforme Thermal Pro<\/strong><br \/>\n&#8211; Des \u00e9l\u00e9ments chauffants thermiques assurent une r\u00e9partition uniforme de la chaleur<\/p>\n<p><strong>Garantie<\/strong><br \/>\n&#8211; Garantie remplacement ou r\u00e9paration de 1 an<\/p>\n<p>&nbsp;<\/p>\n<p><strong>Ne peut \u00eatre vendu en dehors de l&#8217;Europe<\/strong><\/p>\n","protected":false},"excerpt":{"rendered":"<p>Gaufrier circulaire classique. Nous nous sommes attaqu\u00e9s au seul point faible de la pr\u00e9paration des gaufres : les projections de<\/p>\n","protected":false},"featured_media":460628,"template":"","meta":{"_acf_changed":false,"inline_featured_image":false},"product_cat":[13383,12449],"product_tag":[22077,21021],"acf":[],"yoast_head":"<!-- This site is optimized with the Yoast SEO Premium plugin v18.6 (Yoast SEO v19.13) - https:\/\/yoast.com\/wordpress\/plugins\/seo\/ -->\n<title>SAGE The No-mess Waffle<\/title>\n<meta name=\"description\" content=\"D\u00e9couvrez SAGE The No-mess Waffle sur ErresseShop. Qualit\u00e9, prix r\u00e9duits et achat s\u00e9curis\u00e9 \u2013 commandez d\u00e8s maintenant en ligne !\" \/>\n<meta name=\"robots\" content=\"index, follow, max-snippet:-1, max-image-preview:large, max-video-preview:-1\" \/>\n<link rel=\"canonical\" href=\"https:\/\/www.erresse-shop.it\/fr\/shop\/petits-electromenagers\/grilles-et-barbecues\/sage-the-no-mess-waffle\/\" \/>\n<meta property=\"og:locale\" content=\"fr_FR\" \/>\n<meta property=\"og:type\" content=\"article\" \/>\n<meta property=\"og:title\" content=\"SAGE The No-mess Waffle\" \/>\n<meta property=\"og:description\" content=\"D\u00e9couvrez SAGE The No-mess Waffle sur ErresseShop. Qualit\u00e9, prix r\u00e9duits et achat s\u00e9curis\u00e9 \u2013 commandez d\u00e8s maintenant en ligne !\" \/>\n<meta property=\"og:url\" content=\"https:\/\/www.erresse-shop.it\/fr\/shop\/petits-electromenagers\/grilles-et-barbecues\/sage-the-no-mess-waffle\/\" \/>\n<meta property=\"og:site_name\" content=\"Erresse Shop\" \/>\n<meta property=\"article:modified_time\" content=\"2025-01-14T08:02:45+00:00\" \/>\n<meta property=\"og:image\" content=\"https:\/\/www.erresse-shop.it\/wp-content\/uploads\/2023\/02\/SAGE-The-No-mess-Waffle-1.jpg\" \/>\n\t<meta property=\"og:image:width\" content=\"1200\" \/>\n\t<meta property=\"og:image:height\" content=\"1200\" \/>\n\t<meta property=\"og:image:type\" content=\"image\/jpeg\" \/>\n<meta name=\"twitter:card\" content=\"summary_large_image\" \/>\n<script type=\"application\/ld+json\" class=\"yoast-schema-graph\">{\"@context\":\"https:\/\/schema.org\",\"@graph\":[{\"@type\":\"WebPage\",\"@id\":\"https:\/\/www.erresse-shop.it\/fr\/shop\/petits-electromenagers\/grilles-et-barbecues\/sage-the-no-mess-waffle\/\",\"url\":\"https:\/\/www.erresse-shop.it\/fr\/shop\/petits-electromenagers\/grilles-et-barbecues\/sage-the-no-mess-waffle\/\",\"name\":\"SAGE The No-mess Waffle\",\"isPartOf\":{\"@id\":\"https:\/\/www.erresse-shop.it\/fr\/#website\"},\"datePublished\":\"2023-02-27T14:23:18+00:00\",\"dateModified\":\"2025-01-14T08:02:45+00:00\",\"description\":\"D\u00e9couvrez SAGE The No-mess Waffle sur ErresseShop. Qualit\u00e9, prix r\u00e9duits et achat s\u00e9curis\u00e9 \u2013 commandez d\u00e8s maintenant en ligne !\",\"breadcrumb\":{\"@id\":\"https:\/\/www.erresse-shop.it\/fr\/shop\/petits-electromenagers\/grilles-et-barbecues\/sage-the-no-mess-waffle\/#breadcrumb\"},\"inLanguage\":\"fr-FR\",\"potentialAction\":[{\"@type\":\"ReadAction\",\"target\":[\"https:\/\/www.erresse-shop.it\/fr\/shop\/petits-electromenagers\/grilles-et-barbecues\/sage-the-no-mess-waffle\/\"]}]},{\"@type\":\"BreadcrumbList\",\"@id\":\"https:\/\/www.erresse-shop.it\/fr\/shop\/petits-electromenagers\/grilles-et-barbecues\/sage-the-no-mess-waffle\/#breadcrumb\",\"itemListElement\":[{\"@type\":\"ListItem\",\"position\":1,\"name\":\"Home\",\"item\":\"https:\/\/www.erresse-shop.it\/fr\/\"},{\"@type\":\"ListItem\",\"position\":2,\"name\":\"Shop\",\"item\":\"https:\/\/www.erresse-shop.it\/fr\/shop\/\"},{\"@type\":\"ListItem\",\"position\":3,\"name\":\"SAGE The No-mess Waffle\"}]},{\"@type\":\"WebSite\",\"@id\":\"https:\/\/www.erresse-shop.it\/fr\/#website\",\"url\":\"https:\/\/www.erresse-shop.it\/fr\/\",\"name\":\"Erresse Shop\",\"description\":\"Articoli di qualit\u00e0 per la casa\",\"potentialAction\":[{\"@type\":\"SearchAction\",\"target\":{\"@type\":\"EntryPoint\",\"urlTemplate\":\"https:\/\/www.erresse-shop.it\/fr\/?s={search_term_string}\"},\"query-input\":\"required name=search_term_string\"}],\"inLanguage\":\"fr-FR\"}]}<\/script>\n<!-- \/ Yoast SEO Premium plugin. -->","yoast_head_json":{"title":"SAGE The No-mess Waffle","description":"D\u00e9couvrez SAGE The No-mess Waffle sur ErresseShop. Qualit\u00e9, prix r\u00e9duits et achat s\u00e9curis\u00e9 \u2013 commandez d\u00e8s maintenant en ligne !","robots":{"index":"index","follow":"follow","max-snippet":"max-snippet:-1","max-image-preview":"max-image-preview:large","max-video-preview":"max-video-preview:-1"},"canonical":"https:\/\/www.erresse-shop.it\/fr\/shop\/petits-electromenagers\/grilles-et-barbecues\/sage-the-no-mess-waffle\/","og_locale":"fr_FR","og_type":"article","og_title":"SAGE The No-mess Waffle","og_description":"D\u00e9couvrez SAGE The No-mess Waffle sur ErresseShop. Qualit\u00e9, prix r\u00e9duits et achat s\u00e9curis\u00e9 \u2013 commandez d\u00e8s maintenant en ligne !","og_url":"https:\/\/www.erresse-shop.it\/fr\/shop\/petits-electromenagers\/grilles-et-barbecues\/sage-the-no-mess-waffle\/","og_site_name":"Erresse Shop","article_modified_time":"2025-01-14T08:02:45+00:00","og_image":[{"width":1200,"height":1200,"url":"https:\/\/www.erresse-shop.it\/wp-content\/uploads\/2023\/02\/SAGE-The-No-mess-Waffle-1.jpg","type":"image\/jpeg"}],"twitter_card":"summary_large_image","schema":{"@context":"https:\/\/schema.org","@graph":[{"@type":"WebPage","@id":"https:\/\/www.erresse-shop.it\/fr\/shop\/petits-electromenagers\/grilles-et-barbecues\/sage-the-no-mess-waffle\/","url":"https:\/\/www.erresse-shop.it\/fr\/shop\/petits-electromenagers\/grilles-et-barbecues\/sage-the-no-mess-waffle\/","name":"SAGE The No-mess Waffle","isPartOf":{"@id":"https:\/\/www.erresse-shop.it\/fr\/#website"},"datePublished":"2023-02-27T14:23:18+00:00","dateModified":"2025-01-14T08:02:45+00:00","description":"D\u00e9couvrez SAGE The No-mess Waffle sur ErresseShop. Qualit\u00e9, prix r\u00e9duits et achat s\u00e9curis\u00e9 \u2013 commandez d\u00e8s maintenant en ligne !","breadcrumb":{"@id":"https:\/\/www.erresse-shop.it\/fr\/shop\/petits-electromenagers\/grilles-et-barbecues\/sage-the-no-mess-waffle\/#breadcrumb"},"inLanguage":"fr-FR","potentialAction":[{"@type":"ReadAction","target":["https:\/\/www.erresse-shop.it\/fr\/shop\/petits-electromenagers\/grilles-et-barbecues\/sage-the-no-mess-waffle\/"]}]},{"@type":"BreadcrumbList","@id":"https:\/\/www.erresse-shop.it\/fr\/shop\/petits-electromenagers\/grilles-et-barbecues\/sage-the-no-mess-waffle\/#breadcrumb","itemListElement":[{"@type":"ListItem","position":1,"name":"Home","item":"https:\/\/www.erresse-shop.it\/fr\/"},{"@type":"ListItem","position":2,"name":"Shop","item":"https:\/\/www.erresse-shop.it\/fr\/shop\/"},{"@type":"ListItem","position":3,"name":"SAGE The No-mess Waffle"}]},{"@type":"WebSite","@id":"https:\/\/www.erresse-shop.it\/fr\/#website","url":"https:\/\/www.erresse-shop.it\/fr\/","name":"Erresse Shop","description":"Articoli di qualit\u00e0 per la casa","potentialAction":[{"@type":"SearchAction","target":{"@type":"EntryPoint","urlTemplate":"https:\/\/www.erresse-shop.it\/fr\/?s={search_term_string}"},"query-input":"required name=search_term_string"}],"inLanguage":"fr-FR"}]}},"df_price":149.95,"df_sale_price":149.95,"df_regular_price":169.9,"df_image_link":"https:\/\/www.erresse-shop.it\/wp-content\/uploads\/2023\/02\/SAGE-The-No-mess-Waffle-1-300x300.jpg","_links":{"self":[{"href":"https:\/\/www.erresse-shop.it\/fr\/wp-json\/wp\/v2\/product\/243848"}],"collection":[{"href":"https:\/\/www.erresse-shop.it\/fr\/wp-json\/wp\/v2\/product"}],"about":[{"href":"https:\/\/www.erresse-shop.it\/fr\/wp-json\/wp\/v2\/types\/product"}],"wp:featuredmedia":[{"embeddable":true,"href":"https:\/\/www.erresse-shop.it\/fr\/wp-json\/wp\/v2\/media\/460628"}],"wp:attachment":[{"href":"https:\/\/www.erresse-shop.it\/fr\/wp-json\/wp\/v2\/media?parent=243848"}],"wp:term":[{"taxonomy":"product_cat","embeddable":true,"href":"https:\/\/www.erresse-shop.it\/fr\/wp-json\/wp\/v2\/product_cat?post=243848"},{"taxonomy":"product_tag","embeddable":true,"href":"https:\/\/www.erresse-shop.it\/fr\/wp-json\/wp\/v2\/product_tag?post=243848"}],"curies":[{"name":"wp","href":"https:\/\/api.w.org\/{rel}","templated":true}]}}