{"id":243748,"date":"2023-02-27T13:05:46","date_gmt":"2023-02-27T13:05:51","guid":{"rendered":"https:\/\/www.erresse-shop.it\/?post_type=product&#038;p=243748"},"modified":"2025-01-14T08:02:26","modified_gmt":"2025-01-14T08:02:26","slug":"sage-the-perfect-press","status":"publish","type":"product","link":"https:\/\/www.erresse-shop.it\/fr\/shop\/petits-electromenagers\/grilles-et-barbecues\/sage-the-perfect-press\/","title":{"rendered":"SAGE The Perfect Press"},"content":{"rendered":"<p><strong>Avec charni\u00e8re contr\u00f4lant la pression<\/strong><br \/>\nLa conception innovante de la charni\u00e8re contr\u00f4lant la pression de The Perfect Press garantit une pression juste suffisante pour griller l&#8217;ext\u00e9rieur sans \u00e9craser l&#8217;int\u00e9rieur, ce qui donne un sandwich croustillant et moelleux.<\/p>\n<p><strong>Contr\u00f4le de la hauteur<\/strong><br \/>\nGr\u00e2ce au r\u00e9glage de la hauteur, la plaque sup\u00e9rieure est \u00e0 la bonne hauteur pour faire cuire et brunir des tartines de toutes tailles, des croissants ou pains plats.<\/p>\n<p><strong>Pression contr\u00f4l\u00e9e \u00e0 charni\u00e8re<\/strong><br \/>\nLa charni\u00e8re \u00e0 contrepoids r\u00e9sistante permet au couvercle flottant d&#8217;exercer moins de 230 g de pression pour griller parfaitement sans \u00e9craser l&#8217;int\u00e9rieur du sandwich.<\/p>\n<p><strong>Nettoyage facile<\/strong><br \/>\nLes plaques de cuisson pr\u00e9sentent des courbes de surface \u00e9tendues et un rev\u00eatement antiadh\u00e9sif sans PFOA qui permettent un nettoyage facile en tout point.<\/p>\n<p><strong>Id\u00e9al sur le comptoir<\/strong><br \/>\nCet appareil compact vous garantit un maximum de saveurs, tout en occupant un minimum d&#8217;espace sur votre comptoir.<\/p>\n<p><strong>Rangement optimal<\/strong><br \/>\nLe clip de rangement robuste permet de refermer le gril en toute s\u00e9curit\u00e9 et le pied arri\u00e8re facilite le rangement en position verticale.<\/p>\n<p><strong>Dimensions (l x P x H)<\/strong><br \/>\n&#8211; 13 x 32 x 29 cm<\/p>\n<p><strong>Mat\u00e9riaux<\/strong><br \/>\n&#8211; Conteneur en acier inoxydable bross\u00e9<\/p>\n<p><strong>Capacit\u00e9<\/strong><br \/>\n&#8211; 2 tranches<\/p>\n<p><strong>Param\u00e8tres<\/strong><br \/>\n&#8211; Marche ou Arr\u00eat<\/p>\n<p><strong>Puissance<\/strong><br \/>\n&#8211; 1500 Watts<\/p>\n<p><strong>Tension<\/strong><br \/>\n&#8211; 220\u2013240 Volts<\/p>\n<p><strong>Conception de la plaque<\/strong><br \/>\n&#8211; Plaques antiadh\u00e9sives \u00e0 fond et \u00e0 dessus plats<\/p>\n<p><strong>Hauteur r\u00e9glable<\/strong><br \/>\n&#8211; Avec contr\u00f4le de la pression et positions pour les tartines<\/p>\n<p><strong>Plaque antiadh\u00e9sive<\/strong><br \/>\n&#8211; Rev\u00eatement antiadh\u00e9sif sans PFOA de qualit\u00e9 pour un nettoyage facile<\/p>\n<p><strong>Garantie<\/strong><br \/>\n&#8211; Garantie remplacement ou r\u00e9paration de 2 ans<\/p>\n<p>&nbsp;<\/p>\n<p><strong>Ne peut \u00eatre vendu en dehors de l&#8217;Europe<\/strong><\/p>\n","protected":false},"excerpt":{"rendered":"<p>Avec charni\u00e8re contr\u00f4lant la pression La conception innovante de la charni\u00e8re contr\u00f4lant la pression de The Perfect Press garantit une<\/p>\n","protected":false},"featured_media":466868,"template":"","meta":{"_acf_changed":false,"inline_featured_image":false},"product_cat":[13383,12449],"product_tag":[22069,22068,21005],"acf":[],"yoast_head":"<!-- This site is optimized with the Yoast SEO Premium plugin v18.6 (Yoast SEO v19.13) - https:\/\/yoast.com\/wordpress\/plugins\/seo\/ -->\n<title>SAGE The Perfect Press<\/title>\n<meta name=\"description\" content=\"D\u00e9couvrez SAGE The Perfect Press sur ErresseShop. Qualit\u00e9, prix r\u00e9duits et achat s\u00e9curis\u00e9 \u2013 commandez d\u00e8s maintenant en ligne !\" \/>\n<meta name=\"robots\" content=\"index, follow, max-snippet:-1, max-image-preview:large, max-video-preview:-1\" \/>\n<link rel=\"canonical\" href=\"https:\/\/www.erresse-shop.it\/fr\/shop\/petits-electromenagers\/grilles-et-barbecues\/sage-the-perfect-press\/\" \/>\n<meta property=\"og:locale\" content=\"fr_FR\" \/>\n<meta property=\"og:type\" content=\"article\" \/>\n<meta property=\"og:title\" content=\"SAGE The Perfect Press\" \/>\n<meta property=\"og:description\" content=\"D\u00e9couvrez SAGE The Perfect Press sur ErresseShop. Qualit\u00e9, prix r\u00e9duits et achat s\u00e9curis\u00e9 \u2013 commandez d\u00e8s maintenant en ligne !\" \/>\n<meta property=\"og:url\" content=\"https:\/\/www.erresse-shop.it\/fr\/shop\/petits-electromenagers\/grilles-et-barbecues\/sage-the-perfect-press\/\" \/>\n<meta property=\"og:site_name\" content=\"Erresse Shop\" \/>\n<meta property=\"article:modified_time\" content=\"2025-01-14T08:02:26+00:00\" \/>\n<meta property=\"og:image\" content=\"https:\/\/www.erresse-shop.it\/wp-content\/uploads\/2023\/02\/SAGE-The-Perfect-Press.jpg\" \/>\n\t<meta property=\"og:image:width\" content=\"1300\" \/>\n\t<meta property=\"og:image:height\" content=\"1300\" \/>\n\t<meta property=\"og:image:type\" content=\"image\/jpeg\" \/>\n<meta name=\"twitter:card\" content=\"summary_large_image\" \/>\n<script type=\"application\/ld+json\" class=\"yoast-schema-graph\">{\"@context\":\"https:\/\/schema.org\",\"@graph\":[{\"@type\":\"WebPage\",\"@id\":\"https:\/\/www.erresse-shop.it\/fr\/shop\/petits-electromenagers\/grilles-et-barbecues\/sage-the-perfect-press\/\",\"url\":\"https:\/\/www.erresse-shop.it\/fr\/shop\/petits-electromenagers\/grilles-et-barbecues\/sage-the-perfect-press\/\",\"name\":\"SAGE The Perfect Press\",\"isPartOf\":{\"@id\":\"https:\/\/www.erresse-shop.it\/fr\/#website\"},\"datePublished\":\"2023-02-27T13:05:51+00:00\",\"dateModified\":\"2025-01-14T08:02:26+00:00\",\"description\":\"D\u00e9couvrez SAGE The Perfect Press sur ErresseShop. Qualit\u00e9, prix r\u00e9duits et achat s\u00e9curis\u00e9 \u2013 commandez d\u00e8s maintenant en ligne !\",\"breadcrumb\":{\"@id\":\"https:\/\/www.erresse-shop.it\/fr\/shop\/petits-electromenagers\/grilles-et-barbecues\/sage-the-perfect-press\/#breadcrumb\"},\"inLanguage\":\"fr-FR\",\"potentialAction\":[{\"@type\":\"ReadAction\",\"target\":[\"https:\/\/www.erresse-shop.it\/fr\/shop\/petits-electromenagers\/grilles-et-barbecues\/sage-the-perfect-press\/\"]}]},{\"@type\":\"BreadcrumbList\",\"@id\":\"https:\/\/www.erresse-shop.it\/fr\/shop\/petits-electromenagers\/grilles-et-barbecues\/sage-the-perfect-press\/#breadcrumb\",\"itemListElement\":[{\"@type\":\"ListItem\",\"position\":1,\"name\":\"Home\",\"item\":\"https:\/\/www.erresse-shop.it\/fr\/\"},{\"@type\":\"ListItem\",\"position\":2,\"name\":\"Shop\",\"item\":\"https:\/\/www.erresse-shop.it\/fr\/shop\/\"},{\"@type\":\"ListItem\",\"position\":3,\"name\":\"SAGE The Perfect Press\"}]},{\"@type\":\"WebSite\",\"@id\":\"https:\/\/www.erresse-shop.it\/fr\/#website\",\"url\":\"https:\/\/www.erresse-shop.it\/fr\/\",\"name\":\"Erresse Shop\",\"description\":\"Articoli di qualit\u00e0 per la casa\",\"potentialAction\":[{\"@type\":\"SearchAction\",\"target\":{\"@type\":\"EntryPoint\",\"urlTemplate\":\"https:\/\/www.erresse-shop.it\/fr\/?s={search_term_string}\"},\"query-input\":\"required name=search_term_string\"}],\"inLanguage\":\"fr-FR\"}]}<\/script>\n<!-- \/ Yoast SEO Premium plugin. -->","yoast_head_json":{"title":"SAGE The Perfect Press","description":"D\u00e9couvrez SAGE The Perfect Press sur ErresseShop. Qualit\u00e9, prix r\u00e9duits et achat s\u00e9curis\u00e9 \u2013 commandez d\u00e8s maintenant en ligne !","robots":{"index":"index","follow":"follow","max-snippet":"max-snippet:-1","max-image-preview":"max-image-preview:large","max-video-preview":"max-video-preview:-1"},"canonical":"https:\/\/www.erresse-shop.it\/fr\/shop\/petits-electromenagers\/grilles-et-barbecues\/sage-the-perfect-press\/","og_locale":"fr_FR","og_type":"article","og_title":"SAGE The Perfect Press","og_description":"D\u00e9couvrez SAGE The Perfect Press sur ErresseShop. Qualit\u00e9, prix r\u00e9duits et achat s\u00e9curis\u00e9 \u2013 commandez d\u00e8s maintenant en ligne !","og_url":"https:\/\/www.erresse-shop.it\/fr\/shop\/petits-electromenagers\/grilles-et-barbecues\/sage-the-perfect-press\/","og_site_name":"Erresse Shop","article_modified_time":"2025-01-14T08:02:26+00:00","og_image":[{"width":1300,"height":1300,"url":"https:\/\/www.erresse-shop.it\/wp-content\/uploads\/2023\/02\/SAGE-The-Perfect-Press.jpg","type":"image\/jpeg"}],"twitter_card":"summary_large_image","schema":{"@context":"https:\/\/schema.org","@graph":[{"@type":"WebPage","@id":"https:\/\/www.erresse-shop.it\/fr\/shop\/petits-electromenagers\/grilles-et-barbecues\/sage-the-perfect-press\/","url":"https:\/\/www.erresse-shop.it\/fr\/shop\/petits-electromenagers\/grilles-et-barbecues\/sage-the-perfect-press\/","name":"SAGE The Perfect Press","isPartOf":{"@id":"https:\/\/www.erresse-shop.it\/fr\/#website"},"datePublished":"2023-02-27T13:05:51+00:00","dateModified":"2025-01-14T08:02:26+00:00","description":"D\u00e9couvrez SAGE The Perfect Press sur ErresseShop. Qualit\u00e9, prix r\u00e9duits et achat s\u00e9curis\u00e9 \u2013 commandez d\u00e8s maintenant en ligne !","breadcrumb":{"@id":"https:\/\/www.erresse-shop.it\/fr\/shop\/petits-electromenagers\/grilles-et-barbecues\/sage-the-perfect-press\/#breadcrumb"},"inLanguage":"fr-FR","potentialAction":[{"@type":"ReadAction","target":["https:\/\/www.erresse-shop.it\/fr\/shop\/petits-electromenagers\/grilles-et-barbecues\/sage-the-perfect-press\/"]}]},{"@type":"BreadcrumbList","@id":"https:\/\/www.erresse-shop.it\/fr\/shop\/petits-electromenagers\/grilles-et-barbecues\/sage-the-perfect-press\/#breadcrumb","itemListElement":[{"@type":"ListItem","position":1,"name":"Home","item":"https:\/\/www.erresse-shop.it\/fr\/"},{"@type":"ListItem","position":2,"name":"Shop","item":"https:\/\/www.erresse-shop.it\/fr\/shop\/"},{"@type":"ListItem","position":3,"name":"SAGE The Perfect Press"}]},{"@type":"WebSite","@id":"https:\/\/www.erresse-shop.it\/fr\/#website","url":"https:\/\/www.erresse-shop.it\/fr\/","name":"Erresse Shop","description":"Articoli di qualit\u00e0 per la casa","potentialAction":[{"@type":"SearchAction","target":{"@type":"EntryPoint","urlTemplate":"https:\/\/www.erresse-shop.it\/fr\/?s={search_term_string}"},"query-input":"required name=search_term_string"}],"inLanguage":"fr-FR"}]}},"df_price":119.95,"df_sale_price":119.95,"df_regular_price":129,"df_image_link":"https:\/\/www.erresse-shop.it\/wp-content\/uploads\/2023\/02\/SAGE-The-Perfect-Press-300x300.jpg","_links":{"self":[{"href":"https:\/\/www.erresse-shop.it\/fr\/wp-json\/wp\/v2\/product\/243748"}],"collection":[{"href":"https:\/\/www.erresse-shop.it\/fr\/wp-json\/wp\/v2\/product"}],"about":[{"href":"https:\/\/www.erresse-shop.it\/fr\/wp-json\/wp\/v2\/types\/product"}],"wp:featuredmedia":[{"embeddable":true,"href":"https:\/\/www.erresse-shop.it\/fr\/wp-json\/wp\/v2\/media\/466868"}],"wp:attachment":[{"href":"https:\/\/www.erresse-shop.it\/fr\/wp-json\/wp\/v2\/media?parent=243748"}],"wp:term":[{"taxonomy":"product_cat","embeddable":true,"href":"https:\/\/www.erresse-shop.it\/fr\/wp-json\/wp\/v2\/product_cat?post=243748"},{"taxonomy":"product_tag","embeddable":true,"href":"https:\/\/www.erresse-shop.it\/fr\/wp-json\/wp\/v2\/product_tag?post=243748"}],"curies":[{"name":"wp","href":"https:\/\/api.w.org\/{rel}","templated":true}]}}