{"id":243706,"date":"2023-02-27T11:43:54","date_gmt":"2023-02-27T11:43:59","guid":{"rendered":"https:\/\/www.erresse-shop.it\/?post_type=product&#038;p=243706"},"modified":"2025-01-14T08:02:21","modified_gmt":"2025-01-14T08:02:21","slug":"carlo-moretti-vase-troncocono-4s","status":"publish","type":"product","link":"https:\/\/www.erresse-shop.it\/fr\/shop\/ameublement-maison\/vases-fr\/carlo-moretti-vase-troncocono-4s\/","title":{"rendered":"CARLO MORETTI Vase Troncocono 4S"},"content":{"rendered":"<p>Collection Troncocono, vase en verre de Murano souffl\u00e9 et fini \u00e0 la main &#8211; \u00c9tant donn\u00e9 le caract\u00e8re unique du produit, toute imperfection doit \u00eatre consid\u00e9r\u00e9e comme un m\u00e9rite &#8211; Disponible en diff\u00e9rentes couleurs : brun, gris, rouge (\u00c9cosse), vert (Italie) &#8211; Diam &#8211; 15 cm., H &#8211; 36 cm. &#8211; Usage d\u00e9coratif.<\/p>\n<p>Couleur : Rouge<\/p>\n<p>Mat\u00e9riau : verre de Murano<\/p>\n<p><strong>DIMENSIONS<\/strong><\/p>\n<p>Largeur : 15 cm<\/p>\n<p>Profondeur : 15 cm<\/p>\n<p>Hauteur : 36 cm<\/p>\n","protected":false},"excerpt":{"rendered":"<p>Collection Troncocono, vase en verre de Murano souffl\u00e9 et fini \u00e0 la main &#8211; \u00c9tant donn\u00e9 le caract\u00e8re unique du<\/p>\n","protected":false},"featured_media":243713,"template":"","meta":{"_acf_changed":false,"inline_featured_image":false},"product_cat":[12738,14422],"product_tag":[25036,23910,14413,25021,24397,24680,12856,14592],"acf":[],"yoast_head":"<!-- This site is optimized with the Yoast SEO Premium plugin v18.6 (Yoast SEO v19.13) - https:\/\/yoast.com\/wordpress\/plugins\/seo\/ -->\n<title>CARLO MORETTI Vase Troncocono 4S<\/title>\n<meta name=\"description\" content=\"D\u00e9couvrez CARLO MORETTI Vase Troncocono 4S sur ErresseShop. Qualit\u00e9, prix r\u00e9duits et achat s\u00e9curis\u00e9 \u2013 commandez d\u00e8s maintenant en ligne !\" \/>\n<meta name=\"robots\" content=\"index, follow, max-snippet:-1, max-image-preview:large, max-video-preview:-1\" \/>\n<link rel=\"canonical\" href=\"https:\/\/www.erresse-shop.it\/fr\/shop\/ameublement-maison\/vases-fr\/carlo-moretti-vase-troncocono-4s\/\" \/>\n<meta property=\"og:locale\" content=\"fr_FR\" \/>\n<meta property=\"og:type\" content=\"article\" \/>\n<meta property=\"og:title\" content=\"CARLO MORETTI Vase Troncocono 4S\" \/>\n<meta property=\"og:description\" content=\"D\u00e9couvrez CARLO MORETTI Vase Troncocono 4S sur ErresseShop. Qualit\u00e9, prix r\u00e9duits et achat s\u00e9curis\u00e9 \u2013 commandez d\u00e8s maintenant en ligne !\" \/>\n<meta property=\"og:url\" content=\"https:\/\/www.erresse-shop.it\/fr\/shop\/ameublement-maison\/vases-fr\/carlo-moretti-vase-troncocono-4s\/\" \/>\n<meta property=\"og:site_name\" content=\"Erresse Shop\" \/>\n<meta property=\"article:modified_time\" content=\"2025-01-14T08:02:21+00:00\" \/>\n<meta property=\"og:image\" content=\"https:\/\/www.erresse-shop.it\/wp-content\/uploads\/2023\/02\/Carlo-Moretti-Troncocono-4s-1741-M.KS_.jpg\" \/>\n\t<meta property=\"og:image:width\" content=\"800\" \/>\n\t<meta property=\"og:image:height\" content=\"800\" \/>\n\t<meta property=\"og:image:type\" content=\"image\/jpeg\" \/>\n<meta name=\"twitter:card\" content=\"summary_large_image\" \/>\n<script type=\"application\/ld+json\" class=\"yoast-schema-graph\">{\"@context\":\"https:\/\/schema.org\",\"@graph\":[{\"@type\":\"WebPage\",\"@id\":\"https:\/\/www.erresse-shop.it\/fr\/shop\/ameublement-maison\/vases-fr\/carlo-moretti-vase-troncocono-4s\/\",\"url\":\"https:\/\/www.erresse-shop.it\/fr\/shop\/ameublement-maison\/vases-fr\/carlo-moretti-vase-troncocono-4s\/\",\"name\":\"CARLO MORETTI Vase Troncocono 4S\",\"isPartOf\":{\"@id\":\"https:\/\/www.erresse-shop.it\/fr\/#website\"},\"datePublished\":\"2023-02-27T11:43:59+00:00\",\"dateModified\":\"2025-01-14T08:02:21+00:00\",\"description\":\"D\u00e9couvrez CARLO MORETTI Vase Troncocono 4S sur ErresseShop. Qualit\u00e9, prix r\u00e9duits et achat s\u00e9curis\u00e9 \u2013 commandez d\u00e8s maintenant en ligne !\",\"breadcrumb\":{\"@id\":\"https:\/\/www.erresse-shop.it\/fr\/shop\/ameublement-maison\/vases-fr\/carlo-moretti-vase-troncocono-4s\/#breadcrumb\"},\"inLanguage\":\"fr-FR\",\"potentialAction\":[{\"@type\":\"ReadAction\",\"target\":[\"https:\/\/www.erresse-shop.it\/fr\/shop\/ameublement-maison\/vases-fr\/carlo-moretti-vase-troncocono-4s\/\"]}]},{\"@type\":\"BreadcrumbList\",\"@id\":\"https:\/\/www.erresse-shop.it\/fr\/shop\/ameublement-maison\/vases-fr\/carlo-moretti-vase-troncocono-4s\/#breadcrumb\",\"itemListElement\":[{\"@type\":\"ListItem\",\"position\":1,\"name\":\"Home\",\"item\":\"https:\/\/www.erresse-shop.it\/fr\/\"},{\"@type\":\"ListItem\",\"position\":2,\"name\":\"Shop\",\"item\":\"https:\/\/www.erresse-shop.it\/fr\/shop\/\"},{\"@type\":\"ListItem\",\"position\":3,\"name\":\"CARLO MORETTI Vase Troncocono 4S\"}]},{\"@type\":\"WebSite\",\"@id\":\"https:\/\/www.erresse-shop.it\/fr\/#website\",\"url\":\"https:\/\/www.erresse-shop.it\/fr\/\",\"name\":\"Erresse Shop\",\"description\":\"Articoli di qualit\u00e0 per la casa\",\"potentialAction\":[{\"@type\":\"SearchAction\",\"target\":{\"@type\":\"EntryPoint\",\"urlTemplate\":\"https:\/\/www.erresse-shop.it\/fr\/?s={search_term_string}\"},\"query-input\":\"required name=search_term_string\"}],\"inLanguage\":\"fr-FR\"}]}<\/script>\n<!-- \/ Yoast SEO Premium plugin. -->","yoast_head_json":{"title":"CARLO MORETTI Vase Troncocono 4S","description":"D\u00e9couvrez CARLO MORETTI Vase Troncocono 4S sur ErresseShop. Qualit\u00e9, prix r\u00e9duits et achat s\u00e9curis\u00e9 \u2013 commandez d\u00e8s maintenant en ligne !","robots":{"index":"index","follow":"follow","max-snippet":"max-snippet:-1","max-image-preview":"max-image-preview:large","max-video-preview":"max-video-preview:-1"},"canonical":"https:\/\/www.erresse-shop.it\/fr\/shop\/ameublement-maison\/vases-fr\/carlo-moretti-vase-troncocono-4s\/","og_locale":"fr_FR","og_type":"article","og_title":"CARLO MORETTI Vase Troncocono 4S","og_description":"D\u00e9couvrez CARLO MORETTI Vase Troncocono 4S sur ErresseShop. Qualit\u00e9, prix r\u00e9duits et achat s\u00e9curis\u00e9 \u2013 commandez d\u00e8s maintenant en ligne !","og_url":"https:\/\/www.erresse-shop.it\/fr\/shop\/ameublement-maison\/vases-fr\/carlo-moretti-vase-troncocono-4s\/","og_site_name":"Erresse Shop","article_modified_time":"2025-01-14T08:02:21+00:00","og_image":[{"width":800,"height":800,"url":"https:\/\/www.erresse-shop.it\/wp-content\/uploads\/2023\/02\/Carlo-Moretti-Troncocono-4s-1741-M.KS_.jpg","type":"image\/jpeg"}],"twitter_card":"summary_large_image","schema":{"@context":"https:\/\/schema.org","@graph":[{"@type":"WebPage","@id":"https:\/\/www.erresse-shop.it\/fr\/shop\/ameublement-maison\/vases-fr\/carlo-moretti-vase-troncocono-4s\/","url":"https:\/\/www.erresse-shop.it\/fr\/shop\/ameublement-maison\/vases-fr\/carlo-moretti-vase-troncocono-4s\/","name":"CARLO MORETTI Vase Troncocono 4S","isPartOf":{"@id":"https:\/\/www.erresse-shop.it\/fr\/#website"},"datePublished":"2023-02-27T11:43:59+00:00","dateModified":"2025-01-14T08:02:21+00:00","description":"D\u00e9couvrez CARLO MORETTI Vase Troncocono 4S sur ErresseShop. Qualit\u00e9, prix r\u00e9duits et achat s\u00e9curis\u00e9 \u2013 commandez d\u00e8s maintenant en ligne !","breadcrumb":{"@id":"https:\/\/www.erresse-shop.it\/fr\/shop\/ameublement-maison\/vases-fr\/carlo-moretti-vase-troncocono-4s\/#breadcrumb"},"inLanguage":"fr-FR","potentialAction":[{"@type":"ReadAction","target":["https:\/\/www.erresse-shop.it\/fr\/shop\/ameublement-maison\/vases-fr\/carlo-moretti-vase-troncocono-4s\/"]}]},{"@type":"BreadcrumbList","@id":"https:\/\/www.erresse-shop.it\/fr\/shop\/ameublement-maison\/vases-fr\/carlo-moretti-vase-troncocono-4s\/#breadcrumb","itemListElement":[{"@type":"ListItem","position":1,"name":"Home","item":"https:\/\/www.erresse-shop.it\/fr\/"},{"@type":"ListItem","position":2,"name":"Shop","item":"https:\/\/www.erresse-shop.it\/fr\/shop\/"},{"@type":"ListItem","position":3,"name":"CARLO MORETTI Vase Troncocono 4S"}]},{"@type":"WebSite","@id":"https:\/\/www.erresse-shop.it\/fr\/#website","url":"https:\/\/www.erresse-shop.it\/fr\/","name":"Erresse Shop","description":"Articoli di qualit\u00e0 per la casa","potentialAction":[{"@type":"SearchAction","target":{"@type":"EntryPoint","urlTemplate":"https:\/\/www.erresse-shop.it\/fr\/?s={search_term_string}"},"query-input":"required name=search_term_string"}],"inLanguage":"fr-FR"}]}},"df_price":447.15000000000003,"df_sale_price":447.15000000000003,"df_regular_price":813,"df_image_link":"https:\/\/www.erresse-shop.it\/wp-content\/uploads\/2023\/02\/Carlo-Moretti-Troncocono-4s-1741-M.KS_-300x300.jpg","_links":{"self":[{"href":"https:\/\/www.erresse-shop.it\/fr\/wp-json\/wp\/v2\/product\/243706"}],"collection":[{"href":"https:\/\/www.erresse-shop.it\/fr\/wp-json\/wp\/v2\/product"}],"about":[{"href":"https:\/\/www.erresse-shop.it\/fr\/wp-json\/wp\/v2\/types\/product"}],"wp:featuredmedia":[{"embeddable":true,"href":"https:\/\/www.erresse-shop.it\/fr\/wp-json\/wp\/v2\/media\/243713"}],"wp:attachment":[{"href":"https:\/\/www.erresse-shop.it\/fr\/wp-json\/wp\/v2\/media?parent=243706"}],"wp:term":[{"taxonomy":"product_cat","embeddable":true,"href":"https:\/\/www.erresse-shop.it\/fr\/wp-json\/wp\/v2\/product_cat?post=243706"},{"taxonomy":"product_tag","embeddable":true,"href":"https:\/\/www.erresse-shop.it\/fr\/wp-json\/wp\/v2\/product_tag?post=243706"}],"curies":[{"name":"wp","href":"https:\/\/api.w.org\/{rel}","templated":true}]}}