{"id":243671,"date":"2023-02-27T11:31:08","date_gmt":"2023-02-27T11:31:13","guid":{"rendered":"https:\/\/www.erresse-shop.it\/?post_type=product&#038;p=243671"},"modified":"2025-01-14T08:02:11","modified_gmt":"2025-01-14T08:02:11","slug":"sage-the-citrus-press","status":"publish","type":"product","link":"https:\/\/www.erresse-shop.it\/fr\/shop\/petits-electromenagers\/presse-agrumes\/sage-the-citrus-press\/","title":{"rendered":"SAGE The Citrus Press"},"content":{"rendered":"<div class=\"c_product-detail__description font-archer-book\">\n<p><strong>C\u00f4ne pour toutes les tailles d&#8217;agrumes.<\/strong><br \/>\nNe perdez pas une goutte de jus, que vous pressiez un citron vert ou un pamplemousse. Obtenez un jus d\u00e9licieux en un tour de main. Apr\u00e8s l&#8217;extraction, il vous suffit de retourner le bec verseur vers le haut pour \u00e9viter que le jus ne coule.<\/p>\n<p><strong>C\u00f4ne d&#8217;extraction universel<\/strong><br \/>\nNotre c\u00f4ne extrait le maximum de jus de toutes les tailles d&#8217;agrumes pour que vous puissiez profiter de leurs bienfaits. Bonus, il est adapt\u00e9 au lave-vaisselle.<\/p>\n<p><strong>Bras presse-jus \u00e0 double interrupteur de s\u00e9curit\u00e9<\/strong><br \/>\nR\u00e9alisez vos jus d&#8217;une seule main. Le bras d&#8217;extraction innovant permet d&#8217;exercer une pression vers le bas directement sur le fruit pour un meilleur rendement du jus. L&#8217;interrupteur de s\u00e9curit\u00e9 emp\u00eache le c\u00f4ne de tourner tant que le bras n&#8217;est pas abaiss\u00e9 et qu&#8217;une pression suffisante n&#8217;est pas exerc\u00e9e sur le c\u00f4ne.<\/p>\n<p><strong>Bec verseur anti-goutte<\/strong><br \/>\nLe syst\u00e8me anti-goutte pratique et innovant retient le jus pour \u00e9viter de salir votre plan de travail.<\/p>\n<p><strong>D\u00f4me de pressage magn\u00e9tique<\/strong><br \/>\nLe d\u00f4me magn\u00e9tique est facile \u00e0 retirer et \u00e0 remettre en place pour simplifier le nettoyage.<\/p>\n<p><strong>Adapt\u00e9 au lave-vaisselle<\/strong><br \/>\nGagnez du temps sur le nettoyage. Le c\u00f4ne d&#8217;extraction, le collecteur de jus, le filtre \u00e0 jus et le d\u00f4me de pressage sont tous lavables au lave-vaisselle.<\/p>\n<p><strong>Dimensions (l x P x H)<\/strong><br \/>\n&#8211; 33 x 20,3 x 45,7 cm<\/p>\n<p><strong>Mat\u00e9riaux<\/strong><br \/>\n&#8211; Corps en polym\u00e8re de haute qualit\u00e9<br \/>\n&#8211; Panier \u00e0 filtre en acier inoxydable<\/p>\n<p><strong>Param\u00e8tres<\/strong><br \/>\n&#8211; Marche et Arr\u00eat<\/p>\n<p><strong>Puissance<\/strong><br \/>\n&#8211; 110 Watts<\/p>\n<p><strong>Tension<\/strong><br \/>\n&#8211; 220\u2013240 Volts<\/p>\n<p><strong>Syst\u00e8me d&#8217;extraction<\/strong><br \/>\n&#8211; Le c\u00f4ne d&#8217;extraction \u00e0 ailerons et le d\u00f4me de pressage offrent adh\u00e9rence et pression pour maximiser l&#8217;extraction du jus. Du citron vert au pamplemousse, pressez les fruits jusqu&#8217;\u00e0 la derni\u00e8re goutte gr\u00e2ce au c\u00f4ne universel<\/p>\n<p><strong>Moteur puissant<\/strong><br \/>\n&#8211; D\u00e9marre automatiquement lorsqu&#8217;une pression est appliqu\u00e9e sur le c\u00f4ne d&#8217;extraction<\/p>\n<p><strong>Bras \u00e0 assistance \u00e9lectrique<\/strong><br \/>\n&#8211; Permet d&#8217;extraire le jus rapidement et facilement<\/p>\n<p><strong>Interrupteur \u00e0 double s\u00e9curit\u00e9<\/strong><br \/>\n&#8211; Le double interrupteur brevet\u00e9 emp\u00eache le c\u00f4ne de tourner tant que le bras n&#8217;est pas abaiss\u00e9 et qu&#8217;une pression suffisante n&#8217;est pas exerc\u00e9e sur le c\u00f4ne<\/p>\n<p><strong>Garantie<\/strong><br \/>\n&#8211; Garantie r\u00e9paration, remplacement ou remboursement de 2 ans (\u00e0 la seule discr\u00e9tion de Sage Appliances)<\/p>\n<\/div>\n<div>\n<div class=\"half-content base aem-GridColumn aem-GridColumn--default--12\">\n<div class=\"c_half-content c_half-content--left \" data-module=\"halfcontent\">\n<div class=\"c_half-content__text dna-class\" data-status=\"false\">\n<div class=\"text-content\">\n<p><strong>Ne peut \u00eatre vendu en dehors de l&#8217;Europe<\/strong><\/p>\n<\/div>\n<\/div>\n<\/div>\n<\/div>\n<\/div>\n","protected":false},"excerpt":{"rendered":"<p>C\u00f4ne pour toutes les tailles d&#8217;agrumes. Ne perdez pas une goutte de jus, que vous pressiez un citron vert ou<\/p>\n","protected":false},"featured_media":487568,"template":"","meta":{"_acf_changed":false,"inline_featured_image":false},"product_cat":[12449,12769],"product_tag":[23972],"acf":[],"yoast_head":"<!-- This site is optimized with the Yoast SEO Premium plugin v18.6 (Yoast SEO v19.13) - https:\/\/yoast.com\/wordpress\/plugins\/seo\/ -->\n<title>SAGE The Citrus Press<\/title>\n<meta name=\"description\" content=\"D\u00e9couvrez SAGE The Citrus Press sur ErresseShop. Qualit\u00e9, prix r\u00e9duits et achat s\u00e9curis\u00e9 \u2013 commandez d\u00e8s maintenant en ligne !\" \/>\n<meta name=\"robots\" content=\"index, follow, max-snippet:-1, max-image-preview:large, max-video-preview:-1\" \/>\n<link rel=\"canonical\" href=\"https:\/\/www.erresse-shop.it\/fr\/shop\/petits-electromenagers\/presse-agrumes\/sage-the-citrus-press\/\" \/>\n<meta property=\"og:locale\" content=\"fr_FR\" \/>\n<meta property=\"og:type\" content=\"article\" \/>\n<meta property=\"og:title\" content=\"SAGE The Citrus Press\" \/>\n<meta property=\"og:description\" content=\"D\u00e9couvrez SAGE The Citrus Press sur ErresseShop. Qualit\u00e9, prix r\u00e9duits et achat s\u00e9curis\u00e9 \u2013 commandez d\u00e8s maintenant en ligne !\" \/>\n<meta property=\"og:url\" content=\"https:\/\/www.erresse-shop.it\/fr\/shop\/petits-electromenagers\/presse-agrumes\/sage-the-citrus-press\/\" \/>\n<meta property=\"og:site_name\" content=\"Erresse Shop\" \/>\n<meta property=\"article:modified_time\" content=\"2025-01-14T08:02:11+00:00\" \/>\n<meta property=\"og:image\" content=\"https:\/\/www.erresse-shop.it\/wp-content\/uploads\/2023\/02\/SAGE-The-Citrus-Press.jpg\" \/>\n\t<meta property=\"og:image:width\" content=\"1300\" \/>\n\t<meta property=\"og:image:height\" content=\"1300\" \/>\n\t<meta property=\"og:image:type\" content=\"image\/jpeg\" \/>\n<meta name=\"twitter:card\" content=\"summary_large_image\" \/>\n<script type=\"application\/ld+json\" class=\"yoast-schema-graph\">{\"@context\":\"https:\/\/schema.org\",\"@graph\":[{\"@type\":\"WebPage\",\"@id\":\"https:\/\/www.erresse-shop.it\/fr\/shop\/petits-electromenagers\/presse-agrumes\/sage-the-citrus-press\/\",\"url\":\"https:\/\/www.erresse-shop.it\/fr\/shop\/petits-electromenagers\/presse-agrumes\/sage-the-citrus-press\/\",\"name\":\"SAGE The Citrus Press\",\"isPartOf\":{\"@id\":\"https:\/\/www.erresse-shop.it\/fr\/#website\"},\"datePublished\":\"2023-02-27T11:31:13+00:00\",\"dateModified\":\"2025-01-14T08:02:11+00:00\",\"description\":\"D\u00e9couvrez SAGE The Citrus Press sur ErresseShop. Qualit\u00e9, prix r\u00e9duits et achat s\u00e9curis\u00e9 \u2013 commandez d\u00e8s maintenant en ligne !\",\"breadcrumb\":{\"@id\":\"https:\/\/www.erresse-shop.it\/fr\/shop\/petits-electromenagers\/presse-agrumes\/sage-the-citrus-press\/#breadcrumb\"},\"inLanguage\":\"fr-FR\",\"potentialAction\":[{\"@type\":\"ReadAction\",\"target\":[\"https:\/\/www.erresse-shop.it\/fr\/shop\/petits-electromenagers\/presse-agrumes\/sage-the-citrus-press\/\"]}]},{\"@type\":\"BreadcrumbList\",\"@id\":\"https:\/\/www.erresse-shop.it\/fr\/shop\/petits-electromenagers\/presse-agrumes\/sage-the-citrus-press\/#breadcrumb\",\"itemListElement\":[{\"@type\":\"ListItem\",\"position\":1,\"name\":\"Home\",\"item\":\"https:\/\/www.erresse-shop.it\/fr\/\"},{\"@type\":\"ListItem\",\"position\":2,\"name\":\"Shop\",\"item\":\"https:\/\/www.erresse-shop.it\/fr\/shop\/\"},{\"@type\":\"ListItem\",\"position\":3,\"name\":\"SAGE The Citrus Press\"}]},{\"@type\":\"WebSite\",\"@id\":\"https:\/\/www.erresse-shop.it\/fr\/#website\",\"url\":\"https:\/\/www.erresse-shop.it\/fr\/\",\"name\":\"Erresse Shop\",\"description\":\"Articoli di qualit\u00e0 per la casa\",\"potentialAction\":[{\"@type\":\"SearchAction\",\"target\":{\"@type\":\"EntryPoint\",\"urlTemplate\":\"https:\/\/www.erresse-shop.it\/fr\/?s={search_term_string}\"},\"query-input\":\"required name=search_term_string\"}],\"inLanguage\":\"fr-FR\"}]}<\/script>\n<!-- \/ Yoast SEO Premium plugin. -->","yoast_head_json":{"title":"SAGE The Citrus Press","description":"D\u00e9couvrez SAGE The Citrus Press sur ErresseShop. Qualit\u00e9, prix r\u00e9duits et achat s\u00e9curis\u00e9 \u2013 commandez d\u00e8s maintenant en ligne !","robots":{"index":"index","follow":"follow","max-snippet":"max-snippet:-1","max-image-preview":"max-image-preview:large","max-video-preview":"max-video-preview:-1"},"canonical":"https:\/\/www.erresse-shop.it\/fr\/shop\/petits-electromenagers\/presse-agrumes\/sage-the-citrus-press\/","og_locale":"fr_FR","og_type":"article","og_title":"SAGE The Citrus Press","og_description":"D\u00e9couvrez SAGE The Citrus Press sur ErresseShop. Qualit\u00e9, prix r\u00e9duits et achat s\u00e9curis\u00e9 \u2013 commandez d\u00e8s maintenant en ligne !","og_url":"https:\/\/www.erresse-shop.it\/fr\/shop\/petits-electromenagers\/presse-agrumes\/sage-the-citrus-press\/","og_site_name":"Erresse Shop","article_modified_time":"2025-01-14T08:02:11+00:00","og_image":[{"width":1300,"height":1300,"url":"https:\/\/www.erresse-shop.it\/wp-content\/uploads\/2023\/02\/SAGE-The-Citrus-Press.jpg","type":"image\/jpeg"}],"twitter_card":"summary_large_image","schema":{"@context":"https:\/\/schema.org","@graph":[{"@type":"WebPage","@id":"https:\/\/www.erresse-shop.it\/fr\/shop\/petits-electromenagers\/presse-agrumes\/sage-the-citrus-press\/","url":"https:\/\/www.erresse-shop.it\/fr\/shop\/petits-electromenagers\/presse-agrumes\/sage-the-citrus-press\/","name":"SAGE The Citrus Press","isPartOf":{"@id":"https:\/\/www.erresse-shop.it\/fr\/#website"},"datePublished":"2023-02-27T11:31:13+00:00","dateModified":"2025-01-14T08:02:11+00:00","description":"D\u00e9couvrez SAGE The Citrus Press sur ErresseShop. Qualit\u00e9, prix r\u00e9duits et achat s\u00e9curis\u00e9 \u2013 commandez d\u00e8s maintenant en ligne !","breadcrumb":{"@id":"https:\/\/www.erresse-shop.it\/fr\/shop\/petits-electromenagers\/presse-agrumes\/sage-the-citrus-press\/#breadcrumb"},"inLanguage":"fr-FR","potentialAction":[{"@type":"ReadAction","target":["https:\/\/www.erresse-shop.it\/fr\/shop\/petits-electromenagers\/presse-agrumes\/sage-the-citrus-press\/"]}]},{"@type":"BreadcrumbList","@id":"https:\/\/www.erresse-shop.it\/fr\/shop\/petits-electromenagers\/presse-agrumes\/sage-the-citrus-press\/#breadcrumb","itemListElement":[{"@type":"ListItem","position":1,"name":"Home","item":"https:\/\/www.erresse-shop.it\/fr\/"},{"@type":"ListItem","position":2,"name":"Shop","item":"https:\/\/www.erresse-shop.it\/fr\/shop\/"},{"@type":"ListItem","position":3,"name":"SAGE The Citrus Press"}]},{"@type":"WebSite","@id":"https:\/\/www.erresse-shop.it\/fr\/#website","url":"https:\/\/www.erresse-shop.it\/fr\/","name":"Erresse Shop","description":"Articoli di qualit\u00e0 per la casa","potentialAction":[{"@type":"SearchAction","target":{"@type":"EntryPoint","urlTemplate":"https:\/\/www.erresse-shop.it\/fr\/?s={search_term_string}"},"query-input":"required name=search_term_string"}],"inLanguage":"fr-FR"}]}},"df_price":189.9,"df_sale_price":189.9,"df_regular_price":189.9,"df_image_link":"https:\/\/www.erresse-shop.it\/wp-content\/uploads\/2023\/02\/SAGE-The-Citrus-Press-300x300.jpg","_links":{"self":[{"href":"https:\/\/www.erresse-shop.it\/fr\/wp-json\/wp\/v2\/product\/243671"}],"collection":[{"href":"https:\/\/www.erresse-shop.it\/fr\/wp-json\/wp\/v2\/product"}],"about":[{"href":"https:\/\/www.erresse-shop.it\/fr\/wp-json\/wp\/v2\/types\/product"}],"wp:featuredmedia":[{"embeddable":true,"href":"https:\/\/www.erresse-shop.it\/fr\/wp-json\/wp\/v2\/media\/487568"}],"wp:attachment":[{"href":"https:\/\/www.erresse-shop.it\/fr\/wp-json\/wp\/v2\/media?parent=243671"}],"wp:term":[{"taxonomy":"product_cat","embeddable":true,"href":"https:\/\/www.erresse-shop.it\/fr\/wp-json\/wp\/v2\/product_cat?post=243671"},{"taxonomy":"product_tag","embeddable":true,"href":"https:\/\/www.erresse-shop.it\/fr\/wp-json\/wp\/v2\/product_tag?post=243671"}],"curies":[{"name":"wp","href":"https:\/\/api.w.org\/{rel}","templated":true}]}}