{"id":243640,"date":"2023-02-27T11:02:44","date_gmt":"2023-02-27T11:02:49","guid":{"rendered":"https:\/\/www.erresse-shop.it\/?post_type=product&#038;p=243640"},"modified":"2025-01-14T08:01:59","modified_gmt":"2025-01-14T08:01:59","slug":"sage-the-smart-grinder-pro-truffe-noire","status":"publish","type":"product","link":"https:\/\/www.erresse-shop.it\/fr\/shop\/petits-electromenagers\/moulins-a-cafe\/sage-the-smart-grinder-pro-truffe-noire\/","title":{"rendered":"SAGE The Smart Grinder Pro Truffe Noire"},"content":{"rendered":"<div class=\"c_product-detail__description font-archer-book\">\n<p>Avec ses 60 r\u00e9glages uniques, ce moulin \u00e0 caf\u00e9 programmable \u00e0 meules coniques am\u00e9liore le potentiel de tout m\u00e9lange. Choisissez entre les &#8220;tasses&#8221; pour la pr\u00e9paration du caf\u00e9 \u00e0 piston ou du caf\u00e9 filtre et les &#8220;tasses&#8221; pour la pr\u00e9paration de l&#8217;espresso afin d&#8217;obtenir la bonne dose pour tout type de caf\u00e9. Mouds directement dans le porte-filtre ou dans un r\u00e9cipient herm\u00e9tique.<\/p>\n<p><strong>Dosage facile :<\/strong><br \/>\nLe Smart Grinder Pro vous permet de moudre le caf\u00e9 directement dans le portafiltre, dans un r\u00e9cipient herm\u00e9tique, dans le filtre en or ou dans des filtres en papier. Le choix vous appartient.<\/p>\n<p><strong>Affichage LCD :<\/strong><br \/>\nL&#8217;\u00e9cran LCD pratique indique le r\u00e9glage de la mouture, le temps de mouture et le nombre de tasses ou de mugs s\u00e9lectionn\u00e9s.<\/p>\n<p><strong>R\u00e9glages pr\u00e9programm\u00e9s :<\/strong><br \/>\nLes r\u00e9glages intelligents du moulin \u00e0 caf\u00e9 vous permettent d&#8217;obtenir des r\u00e9sultats parfaits, quel que soit le degr\u00e9 de mouture s\u00e9lectionn\u00e9.<\/p>\n<p><strong>60 R\u00e9glages de broyage :<\/strong><br \/>\nAvec un tel \u00e9ventail de r\u00e9glages intuitifs de la mouture, vous pouvez cr\u00e9er le caf\u00e9 parfait, de l&#8217;espresso \u00e0 l&#8217;infusion par piston.<\/p>\n<p><strong>Avec Dosing IQ, la quantit\u00e9 est toujours correcte :<\/strong><br \/>\nLa fonction Precision Digital Time vous permet de r\u00e9gler et de programmer la dur\u00e9e de broyage par incr\u00e9ments de 0,2 seconde, pour un contr\u00f4le total et une dose parfaite \u00e0 chaque fois.<\/p>\n<p>Alimentation \u00e9lectrique : 165 Watt<br \/>\nCapacit\u00e9 : 450g de caf\u00e9 en grains<br \/>\nDimensions (LxPxH) : 21,5 x 16 x 38,9 cm<br \/>\nVoltage : 220-240 Volt<br \/>\nMat\u00e9riau de construction : Bo\u00eetier en acier inoxydable + meules coniques en acier inoxydable<br \/>\nR\u00e9glages : 60 r\u00e9glages de mouture de pr\u00e9cision, de l&#8217;espresso \u00e0 la cafeti\u00e8re \u00e0 piston.<br \/>\nGarantie : 2 ans pour r\u00e9paration, remplacement ou remboursement (\u00e0 la seule discr\u00e9tion de Sage Appliances)<\/p>\n<p><strong>Accessoires :<\/strong><br \/>\nBo\u00eetier porte-filtre &#8211; Petit 50-54 mm<br \/>\nLogement du porte-filtre-Large 58 mm<br \/>\nR\u00e9cipient pour caf\u00e9 moulu avec couvercle \u00e9tanche<br \/>\nBrosse de nettoyage pour meuleuses coniques<\/p>\n<\/div>\n<div>\n<div class=\"half-content base aem-GridColumn aem-GridColumn--default--12\">\n<div class=\"c_half-content c_half-content--left \" data-module=\"halfcontent\">\n<div class=\"c_half-content__text dna-class\" data-status=\"false\">\n<div class=\"text-content\">\n<p><strong>Ne peut \u00eatre vendu en dehors de l&#8217;Europe<\/strong><\/p>\n<\/div>\n<\/div>\n<\/div>\n<\/div>\n<\/div>\n","protected":false},"excerpt":{"rendered":"<p>Avec ses 60 r\u00e9glages uniques, ce moulin \u00e0 caf\u00e9 programmable \u00e0 meules coniques am\u00e9liore le potentiel de tout m\u00e9lange. Choisissez<\/p>\n","protected":false},"featured_media":498730,"template":"","meta":{"_acf_changed":false,"inline_featured_image":false},"product_cat":[25385,12449],"product_tag":[23563],"acf":[],"yoast_head":"<!-- This site is optimized with the Yoast SEO Premium plugin v18.6 (Yoast SEO v19.13) - https:\/\/yoast.com\/wordpress\/plugins\/seo\/ -->\n<title>SAGE The Smart Grinder Pro Truffe Noire<\/title>\n<meta name=\"description\" content=\"D\u00e9couvrez SAGE The Smart Grinder Pro Truffe Noire sur ErresseShop. Qualit\u00e9, prix r\u00e9duits et achat s\u00e9curis\u00e9 \u2013 commandez d\u00e8s maintenant en ligne !\" \/>\n<meta name=\"robots\" content=\"index, follow, max-snippet:-1, max-image-preview:large, max-video-preview:-1\" \/>\n<link rel=\"canonical\" href=\"https:\/\/www.erresse-shop.it\/fr\/shop\/petits-electromenagers\/moulins-a-cafe\/sage-the-smart-grinder-pro-truffe-noire\/\" \/>\n<meta property=\"og:locale\" content=\"fr_FR\" \/>\n<meta property=\"og:type\" content=\"article\" \/>\n<meta property=\"og:title\" content=\"SAGE The Smart Grinder Pro Truffe Noire\" \/>\n<meta property=\"og:description\" content=\"D\u00e9couvrez SAGE The Smart Grinder Pro Truffe Noire sur ErresseShop. Qualit\u00e9, prix r\u00e9duits et achat s\u00e9curis\u00e9 \u2013 commandez d\u00e8s maintenant en ligne !\" \/>\n<meta property=\"og:url\" content=\"https:\/\/www.erresse-shop.it\/fr\/shop\/petits-electromenagers\/moulins-a-cafe\/sage-the-smart-grinder-pro-truffe-noire\/\" \/>\n<meta property=\"og:site_name\" content=\"Erresse Shop\" \/>\n<meta property=\"article:modified_time\" content=\"2025-01-14T08:01:59+00:00\" \/>\n<meta property=\"og:image\" content=\"https:\/\/www.erresse-shop.it\/wp-content\/uploads\/2023\/02\/SAGE-The-Smart-Grinder-Pro-Black-Truffle.jpg\" \/>\n\t<meta property=\"og:image:width\" content=\"1300\" \/>\n\t<meta property=\"og:image:height\" content=\"1300\" \/>\n\t<meta property=\"og:image:type\" content=\"image\/jpeg\" \/>\n<meta name=\"twitter:card\" content=\"summary_large_image\" \/>\n<script type=\"application\/ld+json\" class=\"yoast-schema-graph\">{\"@context\":\"https:\/\/schema.org\",\"@graph\":[{\"@type\":\"WebPage\",\"@id\":\"https:\/\/www.erresse-shop.it\/fr\/shop\/petits-electromenagers\/moulins-a-cafe\/sage-the-smart-grinder-pro-truffe-noire\/\",\"url\":\"https:\/\/www.erresse-shop.it\/fr\/shop\/petits-electromenagers\/moulins-a-cafe\/sage-the-smart-grinder-pro-truffe-noire\/\",\"name\":\"SAGE The Smart Grinder Pro Truffe Noire\",\"isPartOf\":{\"@id\":\"https:\/\/www.erresse-shop.it\/fr\/#website\"},\"datePublished\":\"2023-02-27T11:02:49+00:00\",\"dateModified\":\"2025-01-14T08:01:59+00:00\",\"description\":\"D\u00e9couvrez SAGE The Smart Grinder Pro Truffe Noire sur ErresseShop. Qualit\u00e9, prix r\u00e9duits et achat s\u00e9curis\u00e9 \u2013 commandez d\u00e8s maintenant en ligne !\",\"breadcrumb\":{\"@id\":\"https:\/\/www.erresse-shop.it\/fr\/shop\/petits-electromenagers\/moulins-a-cafe\/sage-the-smart-grinder-pro-truffe-noire\/#breadcrumb\"},\"inLanguage\":\"fr-FR\",\"potentialAction\":[{\"@type\":\"ReadAction\",\"target\":[\"https:\/\/www.erresse-shop.it\/fr\/shop\/petits-electromenagers\/moulins-a-cafe\/sage-the-smart-grinder-pro-truffe-noire\/\"]}]},{\"@type\":\"BreadcrumbList\",\"@id\":\"https:\/\/www.erresse-shop.it\/fr\/shop\/petits-electromenagers\/moulins-a-cafe\/sage-the-smart-grinder-pro-truffe-noire\/#breadcrumb\",\"itemListElement\":[{\"@type\":\"ListItem\",\"position\":1,\"name\":\"Home\",\"item\":\"https:\/\/www.erresse-shop.it\/fr\/\"},{\"@type\":\"ListItem\",\"position\":2,\"name\":\"Shop\",\"item\":\"https:\/\/www.erresse-shop.it\/fr\/shop\/\"},{\"@type\":\"ListItem\",\"position\":3,\"name\":\"SAGE The Smart Grinder Pro Truffe Noire\"}]},{\"@type\":\"WebSite\",\"@id\":\"https:\/\/www.erresse-shop.it\/fr\/#website\",\"url\":\"https:\/\/www.erresse-shop.it\/fr\/\",\"name\":\"Erresse Shop\",\"description\":\"Articoli di qualit\u00e0 per la casa\",\"potentialAction\":[{\"@type\":\"SearchAction\",\"target\":{\"@type\":\"EntryPoint\",\"urlTemplate\":\"https:\/\/www.erresse-shop.it\/fr\/?s={search_term_string}\"},\"query-input\":\"required name=search_term_string\"}],\"inLanguage\":\"fr-FR\"}]}<\/script>\n<!-- \/ Yoast SEO Premium plugin. -->","yoast_head_json":{"title":"SAGE The Smart Grinder Pro Truffe Noire","description":"D\u00e9couvrez SAGE The Smart Grinder Pro Truffe Noire sur ErresseShop. Qualit\u00e9, prix r\u00e9duits et achat s\u00e9curis\u00e9 \u2013 commandez d\u00e8s maintenant en ligne !","robots":{"index":"index","follow":"follow","max-snippet":"max-snippet:-1","max-image-preview":"max-image-preview:large","max-video-preview":"max-video-preview:-1"},"canonical":"https:\/\/www.erresse-shop.it\/fr\/shop\/petits-electromenagers\/moulins-a-cafe\/sage-the-smart-grinder-pro-truffe-noire\/","og_locale":"fr_FR","og_type":"article","og_title":"SAGE The Smart Grinder Pro Truffe Noire","og_description":"D\u00e9couvrez SAGE The Smart Grinder Pro Truffe Noire sur ErresseShop. Qualit\u00e9, prix r\u00e9duits et achat s\u00e9curis\u00e9 \u2013 commandez d\u00e8s maintenant en ligne !","og_url":"https:\/\/www.erresse-shop.it\/fr\/shop\/petits-electromenagers\/moulins-a-cafe\/sage-the-smart-grinder-pro-truffe-noire\/","og_site_name":"Erresse Shop","article_modified_time":"2025-01-14T08:01:59+00:00","og_image":[{"width":1300,"height":1300,"url":"https:\/\/www.erresse-shop.it\/wp-content\/uploads\/2023\/02\/SAGE-The-Smart-Grinder-Pro-Black-Truffle.jpg","type":"image\/jpeg"}],"twitter_card":"summary_large_image","schema":{"@context":"https:\/\/schema.org","@graph":[{"@type":"WebPage","@id":"https:\/\/www.erresse-shop.it\/fr\/shop\/petits-electromenagers\/moulins-a-cafe\/sage-the-smart-grinder-pro-truffe-noire\/","url":"https:\/\/www.erresse-shop.it\/fr\/shop\/petits-electromenagers\/moulins-a-cafe\/sage-the-smart-grinder-pro-truffe-noire\/","name":"SAGE The Smart Grinder Pro Truffe Noire","isPartOf":{"@id":"https:\/\/www.erresse-shop.it\/fr\/#website"},"datePublished":"2023-02-27T11:02:49+00:00","dateModified":"2025-01-14T08:01:59+00:00","description":"D\u00e9couvrez SAGE The Smart Grinder Pro Truffe Noire sur ErresseShop. Qualit\u00e9, prix r\u00e9duits et achat s\u00e9curis\u00e9 \u2013 commandez d\u00e8s maintenant en ligne !","breadcrumb":{"@id":"https:\/\/www.erresse-shop.it\/fr\/shop\/petits-electromenagers\/moulins-a-cafe\/sage-the-smart-grinder-pro-truffe-noire\/#breadcrumb"},"inLanguage":"fr-FR","potentialAction":[{"@type":"ReadAction","target":["https:\/\/www.erresse-shop.it\/fr\/shop\/petits-electromenagers\/moulins-a-cafe\/sage-the-smart-grinder-pro-truffe-noire\/"]}]},{"@type":"BreadcrumbList","@id":"https:\/\/www.erresse-shop.it\/fr\/shop\/petits-electromenagers\/moulins-a-cafe\/sage-the-smart-grinder-pro-truffe-noire\/#breadcrumb","itemListElement":[{"@type":"ListItem","position":1,"name":"Home","item":"https:\/\/www.erresse-shop.it\/fr\/"},{"@type":"ListItem","position":2,"name":"Shop","item":"https:\/\/www.erresse-shop.it\/fr\/shop\/"},{"@type":"ListItem","position":3,"name":"SAGE The Smart Grinder Pro Truffe Noire"}]},{"@type":"WebSite","@id":"https:\/\/www.erresse-shop.it\/fr\/#website","url":"https:\/\/www.erresse-shop.it\/fr\/","name":"Erresse Shop","description":"Articoli di qualit\u00e0 per la casa","potentialAction":[{"@type":"SearchAction","target":{"@type":"EntryPoint","urlTemplate":"https:\/\/www.erresse-shop.it\/fr\/?s={search_term_string}"},"query-input":"required name=search_term_string"}],"inLanguage":"fr-FR"}]}},"df_price":259.9,"df_sale_price":259.9,"df_regular_price":259.9,"df_image_link":"https:\/\/www.erresse-shop.it\/wp-content\/uploads\/2023\/02\/SAGE-The-Smart-Grinder-Pro-Tartufo-Nero-300x300.jpg","_links":{"self":[{"href":"https:\/\/www.erresse-shop.it\/fr\/wp-json\/wp\/v2\/product\/243640"}],"collection":[{"href":"https:\/\/www.erresse-shop.it\/fr\/wp-json\/wp\/v2\/product"}],"about":[{"href":"https:\/\/www.erresse-shop.it\/fr\/wp-json\/wp\/v2\/types\/product"}],"wp:featuredmedia":[{"embeddable":true,"href":"https:\/\/www.erresse-shop.it\/fr\/wp-json\/wp\/v2\/media\/498730"}],"wp:attachment":[{"href":"https:\/\/www.erresse-shop.it\/fr\/wp-json\/wp\/v2\/media?parent=243640"}],"wp:term":[{"taxonomy":"product_cat","embeddable":true,"href":"https:\/\/www.erresse-shop.it\/fr\/wp-json\/wp\/v2\/product_cat?post=243640"},{"taxonomy":"product_tag","embeddable":true,"href":"https:\/\/www.erresse-shop.it\/fr\/wp-json\/wp\/v2\/product_tag?post=243640"}],"curies":[{"name":"wp","href":"https:\/\/api.w.org\/{rel}","templated":true}]}}