{"id":243568,"date":"2023-02-27T10:25:18","date_gmt":"2023-02-27T10:25:23","guid":{"rendered":"https:\/\/www.erresse-shop.it\/?post_type=product&#038;p=243568"},"modified":"2025-01-14T08:01:54","modified_gmt":"2025-01-14T08:01:54","slug":"sage-the-puck-sucker","status":"publish","type":"product","link":"https:\/\/www.erresse-shop.it\/fr\/shop\/cafe\/accessoires-fr-2\/sage-the-puck-sucker\/","title":{"rendered":"SAGE The Puck Sucker"},"content":{"rendered":"<p><strong>Compatible avec les gammes Oracle et Dual Boiler de Sage<\/strong><br \/>\nConvient aux porte-filtres Sage de 58mm.<\/p>\n<p><strong>Extraction silencieuse et facile<\/strong><br \/>\nUne ventouse activ\u00e9e automatiquement cr\u00e9e un vide rapide qui d\u00e9tache le galet de marc de caf\u00e9 en toute simplicit\u00e9 du porte-filtre en un seul geste.<\/p>\n<p><strong>Nettoyage facile<\/strong><br \/>\nUn couvercle \u00e0 ouverture rapide permet de jeter rapidement le galet, associ\u00e9 \u00e0 un r\u00e9cipient en Tritan adapt\u00e9 au lave-vaisselle, pour un nettoyage simple et facile.<\/p>\n<p><strong>Tension<\/strong><br \/>\n&#8211; Fonctionne avec une pile de 9 V (incluse)<\/p>\n<p><strong>Fonctionnalit\u00e9s suppl\u00e9mentaires<\/strong><br \/>\n&#8211; Activation automatique<br \/>\n&#8211; Convient aux porte-filtres de 58 mm Sage UNIQUEMENT<br \/>\n&#8211; R\u00e9cipient Tritan adapt\u00e9 au lave-vaisselle<br \/>\n&#8211; Capacit\u00e9 pour 10 \u00e0 12 galets<br \/>\n&#8211; Pompe \u00e0 vide<br \/>\n&#8211; Pile de 9 V incluse<br \/>\n&#8211; Design cannel\u00e9<br \/>\n&#8211; Base en caoutchouc antid\u00e9rapante<br \/>\n&#8211; R\u00e9cipient transparent pour mieux g\u00e9rer la capacit\u00e9<\/p>\n","protected":false},"excerpt":{"rendered":"<p>Compatible avec les gammes Oracle et Dual Boiler de Sage Convient aux porte-filtres Sage de 58mm. Extraction silencieuse et facile<\/p>\n","protected":false},"featured_media":489090,"template":"","meta":{"_acf_changed":false,"inline_featured_image":false},"product_cat":[25355,25350,12764,12449],"product_tag":[23608,23563],"acf":[],"yoast_head":"<!-- This site is optimized with the Yoast SEO Premium plugin v18.6 (Yoast SEO v19.13) - https:\/\/yoast.com\/wordpress\/plugins\/seo\/ -->\n<title>SAGE The Puck Sucker<\/title>\n<meta name=\"description\" content=\"D\u00e9couvrez SAGE The Puck Sucker sur ErresseShop. Qualit\u00e9, prix r\u00e9duits et achat s\u00e9curis\u00e9 \u2013 commandez d\u00e8s maintenant en ligne !\" \/>\n<meta name=\"robots\" content=\"index, follow, max-snippet:-1, max-image-preview:large, max-video-preview:-1\" \/>\n<link rel=\"canonical\" href=\"https:\/\/www.erresse-shop.it\/fr\/shop\/cafe\/accessoires-fr-2\/sage-the-puck-sucker\/\" \/>\n<meta property=\"og:locale\" content=\"fr_FR\" \/>\n<meta property=\"og:type\" content=\"article\" \/>\n<meta property=\"og:title\" content=\"SAGE The Puck Sucker\" \/>\n<meta property=\"og:description\" content=\"D\u00e9couvrez SAGE The Puck Sucker sur ErresseShop. Qualit\u00e9, prix r\u00e9duits et achat s\u00e9curis\u00e9 \u2013 commandez d\u00e8s maintenant en ligne !\" \/>\n<meta property=\"og:url\" content=\"https:\/\/www.erresse-shop.it\/fr\/shop\/cafe\/accessoires-fr-2\/sage-the-puck-sucker\/\" \/>\n<meta property=\"og:site_name\" content=\"Erresse Shop\" \/>\n<meta property=\"article:modified_time\" content=\"2025-01-14T08:01:54+00:00\" \/>\n<meta property=\"og:image\" content=\"https:\/\/www.erresse-shop.it\/wp-content\/uploads\/2023\/02\/SAGE-The-Push-Sucker.jpg\" \/>\n\t<meta property=\"og:image:width\" content=\"1300\" \/>\n\t<meta property=\"og:image:height\" content=\"1300\" \/>\n\t<meta property=\"og:image:type\" content=\"image\/jpeg\" \/>\n<meta name=\"twitter:card\" content=\"summary_large_image\" \/>\n<script type=\"application\/ld+json\" class=\"yoast-schema-graph\">{\"@context\":\"https:\/\/schema.org\",\"@graph\":[{\"@type\":\"WebPage\",\"@id\":\"https:\/\/www.erresse-shop.it\/fr\/shop\/cafe\/accessoires-fr-2\/sage-the-puck-sucker\/\",\"url\":\"https:\/\/www.erresse-shop.it\/fr\/shop\/cafe\/accessoires-fr-2\/sage-the-puck-sucker\/\",\"name\":\"SAGE The Puck Sucker\",\"isPartOf\":{\"@id\":\"https:\/\/www.erresse-shop.it\/fr\/#website\"},\"datePublished\":\"2023-02-27T10:25:23+00:00\",\"dateModified\":\"2025-01-14T08:01:54+00:00\",\"description\":\"D\u00e9couvrez SAGE The Puck Sucker sur ErresseShop. Qualit\u00e9, prix r\u00e9duits et achat s\u00e9curis\u00e9 \u2013 commandez d\u00e8s maintenant en ligne !\",\"breadcrumb\":{\"@id\":\"https:\/\/www.erresse-shop.it\/fr\/shop\/cafe\/accessoires-fr-2\/sage-the-puck-sucker\/#breadcrumb\"},\"inLanguage\":\"fr-FR\",\"potentialAction\":[{\"@type\":\"ReadAction\",\"target\":[\"https:\/\/www.erresse-shop.it\/fr\/shop\/cafe\/accessoires-fr-2\/sage-the-puck-sucker\/\"]}]},{\"@type\":\"BreadcrumbList\",\"@id\":\"https:\/\/www.erresse-shop.it\/fr\/shop\/cafe\/accessoires-fr-2\/sage-the-puck-sucker\/#breadcrumb\",\"itemListElement\":[{\"@type\":\"ListItem\",\"position\":1,\"name\":\"Home\",\"item\":\"https:\/\/www.erresse-shop.it\/fr\/\"},{\"@type\":\"ListItem\",\"position\":2,\"name\":\"Shop\",\"item\":\"https:\/\/www.erresse-shop.it\/fr\/shop\/\"},{\"@type\":\"ListItem\",\"position\":3,\"name\":\"SAGE The Puck Sucker\"}]},{\"@type\":\"WebSite\",\"@id\":\"https:\/\/www.erresse-shop.it\/fr\/#website\",\"url\":\"https:\/\/www.erresse-shop.it\/fr\/\",\"name\":\"Erresse Shop\",\"description\":\"Articoli di qualit\u00e0 per la casa\",\"potentialAction\":[{\"@type\":\"SearchAction\",\"target\":{\"@type\":\"EntryPoint\",\"urlTemplate\":\"https:\/\/www.erresse-shop.it\/fr\/?s={search_term_string}\"},\"query-input\":\"required name=search_term_string\"}],\"inLanguage\":\"fr-FR\"}]}<\/script>\n<!-- \/ Yoast SEO Premium plugin. -->","yoast_head_json":{"title":"SAGE The Puck Sucker","description":"D\u00e9couvrez SAGE The Puck Sucker sur ErresseShop. Qualit\u00e9, prix r\u00e9duits et achat s\u00e9curis\u00e9 \u2013 commandez d\u00e8s maintenant en ligne !","robots":{"index":"index","follow":"follow","max-snippet":"max-snippet:-1","max-image-preview":"max-image-preview:large","max-video-preview":"max-video-preview:-1"},"canonical":"https:\/\/www.erresse-shop.it\/fr\/shop\/cafe\/accessoires-fr-2\/sage-the-puck-sucker\/","og_locale":"fr_FR","og_type":"article","og_title":"SAGE The Puck Sucker","og_description":"D\u00e9couvrez SAGE The Puck Sucker sur ErresseShop. Qualit\u00e9, prix r\u00e9duits et achat s\u00e9curis\u00e9 \u2013 commandez d\u00e8s maintenant en ligne !","og_url":"https:\/\/www.erresse-shop.it\/fr\/shop\/cafe\/accessoires-fr-2\/sage-the-puck-sucker\/","og_site_name":"Erresse Shop","article_modified_time":"2025-01-14T08:01:54+00:00","og_image":[{"width":1300,"height":1300,"url":"https:\/\/www.erresse-shop.it\/wp-content\/uploads\/2023\/02\/SAGE-The-Push-Sucker.jpg","type":"image\/jpeg"}],"twitter_card":"summary_large_image","schema":{"@context":"https:\/\/schema.org","@graph":[{"@type":"WebPage","@id":"https:\/\/www.erresse-shop.it\/fr\/shop\/cafe\/accessoires-fr-2\/sage-the-puck-sucker\/","url":"https:\/\/www.erresse-shop.it\/fr\/shop\/cafe\/accessoires-fr-2\/sage-the-puck-sucker\/","name":"SAGE The Puck Sucker","isPartOf":{"@id":"https:\/\/www.erresse-shop.it\/fr\/#website"},"datePublished":"2023-02-27T10:25:23+00:00","dateModified":"2025-01-14T08:01:54+00:00","description":"D\u00e9couvrez SAGE The Puck Sucker sur ErresseShop. Qualit\u00e9, prix r\u00e9duits et achat s\u00e9curis\u00e9 \u2013 commandez d\u00e8s maintenant en ligne !","breadcrumb":{"@id":"https:\/\/www.erresse-shop.it\/fr\/shop\/cafe\/accessoires-fr-2\/sage-the-puck-sucker\/#breadcrumb"},"inLanguage":"fr-FR","potentialAction":[{"@type":"ReadAction","target":["https:\/\/www.erresse-shop.it\/fr\/shop\/cafe\/accessoires-fr-2\/sage-the-puck-sucker\/"]}]},{"@type":"BreadcrumbList","@id":"https:\/\/www.erresse-shop.it\/fr\/shop\/cafe\/accessoires-fr-2\/sage-the-puck-sucker\/#breadcrumb","itemListElement":[{"@type":"ListItem","position":1,"name":"Home","item":"https:\/\/www.erresse-shop.it\/fr\/"},{"@type":"ListItem","position":2,"name":"Shop","item":"https:\/\/www.erresse-shop.it\/fr\/shop\/"},{"@type":"ListItem","position":3,"name":"SAGE The Puck Sucker"}]},{"@type":"WebSite","@id":"https:\/\/www.erresse-shop.it\/fr\/#website","url":"https:\/\/www.erresse-shop.it\/fr\/","name":"Erresse Shop","description":"Articoli di qualit\u00e0 per la casa","potentialAction":[{"@type":"SearchAction","target":{"@type":"EntryPoint","urlTemplate":"https:\/\/www.erresse-shop.it\/fr\/?s={search_term_string}"},"query-input":"required name=search_term_string"}],"inLanguage":"fr-FR"}]}},"df_price":89.9,"df_sale_price":89.9,"df_regular_price":89.9,"df_image_link":"https:\/\/www.erresse-shop.it\/wp-content\/uploads\/2023\/02\/SAGE-The-Puck-Sucker-300x300.jpg","_links":{"self":[{"href":"https:\/\/www.erresse-shop.it\/fr\/wp-json\/wp\/v2\/product\/243568"}],"collection":[{"href":"https:\/\/www.erresse-shop.it\/fr\/wp-json\/wp\/v2\/product"}],"about":[{"href":"https:\/\/www.erresse-shop.it\/fr\/wp-json\/wp\/v2\/types\/product"}],"wp:featuredmedia":[{"embeddable":true,"href":"https:\/\/www.erresse-shop.it\/fr\/wp-json\/wp\/v2\/media\/489090"}],"wp:attachment":[{"href":"https:\/\/www.erresse-shop.it\/fr\/wp-json\/wp\/v2\/media?parent=243568"}],"wp:term":[{"taxonomy":"product_cat","embeddable":true,"href":"https:\/\/www.erresse-shop.it\/fr\/wp-json\/wp\/v2\/product_cat?post=243568"},{"taxonomy":"product_tag","embeddable":true,"href":"https:\/\/www.erresse-shop.it\/fr\/wp-json\/wp\/v2\/product_tag?post=243568"}],"curies":[{"name":"wp","href":"https:\/\/api.w.org\/{rel}","templated":true}]}}