{"id":242896,"date":"2023-02-24T14:36:06","date_gmt":"2023-02-24T14:36:10","guid":{"rendered":"https:\/\/www.erresse-shop.it\/?post_type=product&#038;p=242896"},"modified":"2025-01-14T08:01:23","modified_gmt":"2025-01-14T08:01:23","slug":"smeg-dolce-gabbana-presse-agrumes","status":"publish","type":"product","link":"https:\/\/www.erresse-shop.it\/fr\/shop\/petits-electromenagers\/presse-agrumes\/smeg-dolce-gabbana-presse-agrumes\/","title":{"rendered":"SMEG Dolce &#038; Gabbana Presse-Agrumes"},"content":{"rendered":"<p>Le <strong>presse-agrumes<\/strong> \u00e9lectrique CJF01 de Smeg est un instrument qui allie design, fiabilit\u00e9 et performances de pointe. Un presse-agrumes \u00e0 mettre en valeur, qui vous donne le plaisir de vivre dans votre cuisine et de vous offrir le bien-\u00eatre d&#8217;un jus d&#8217;agrumes frais.<\/p>\n<p>De nombreux atouts le placent parmi le haut de gamme.<\/p>\n<p>Le presse-agrumes Smeg est \u00e9quip\u00e9 d&#8217;un puissant moteur de 70 W avec capteur marche-arr\u00eat int\u00e9gr\u00e9, compl\u00e9t\u00e9 par un bac de r\u00e9cup\u00e9ration du jus et un bec verseur anti-goutte qui emp\u00eache le jus de s&#8217;\u00e9couler pour \u00e9viter de salir le plan de travail de la cuisine en fin d&#8217;utilisation. La fonctionnalit\u00e9 est renforc\u00e9e par la facilit\u00e9 d&#8217;utilisation et de nettoyage : un couvercle est inclus pour prot\u00e9ger le produit de la poussi\u00e8re lorsqu&#8217;il n&#8217;est pas utilis\u00e9 (il peut \u00e9galement servir de r\u00e9cipient lorsque le produit est utilis\u00e9) et tous ses composants sont facilement amovibles.<\/p>\n<p>La gamme est enrichie de mat\u00e9riaux de haute qualit\u00e9 qui offrent une s\u00e9curit\u00e9 optimale, alliant tradition et innovation : acier inoxydable et mat\u00e9riaux anticorrosifs qui conservent toute la saveur du jus.<\/p>\n<p><strong>AESTHETIQUE<\/strong><\/p>\n<p><strong>Dolce&amp;Gabbana<\/strong> et <strong>Smeg<\/strong> unissent leurs \u00e2mes artistiques, cr\u00e9ant des designs uniques et originaux <strong>Made in Italy<\/strong>, comme <strong>Sicily is my Love<\/strong>. La nouvelle collection de petits appareils \u00e9lectrom\u00e9nagers est cr\u00e9\u00e9e par Smeg avec le design de Matteo Bazzicalupo et Raffaella Mangiarotti (deepdesign) et la cr\u00e9ativit\u00e9 inimitable de Dolce&amp;Gabbana.<\/p>\n<p><strong>Couleur :<\/strong> D\u00e9coration \/ Sp\u00e9cial<br \/>\n<strong>D\u00e9coration \/ Couleur sp\u00e9ciale :<\/strong> Sicily is my love<br \/>\n<strong>Finition :<\/strong> Brillant<br \/>\n<strong>Esth\u00e9tique :<\/strong> Style 50&#8217;s<br \/>\n<strong>S\u00e9rie :<\/strong> Sicily is my love<br \/>\n<strong>Collaborations :<\/strong> Smeg &amp; Dolce&amp;Gabbana<br \/>\n<strong>Couleur de la base :<\/strong> chrome poli<br \/>\n<strong>Couleur du dessus :<\/strong> Chrome poli<br \/>\n<strong>Mat\u00e9riau du corps :<\/strong> Acier<br \/>\n<strong>Mat\u00e9riau de la base :<\/strong> Plastique<br \/>\n<strong>Mat\u00e9riau du plateau :<\/strong> Acier<\/p>\n<p><strong>CARACT\u00c9RISTIQUES TECHNIQUES<\/strong><\/p>\n<ul>\n<li>C\u00f4ne universel en acier inoxydable<\/li>\n<li>Filtre en acier inoxydable<\/li>\n<li>Couvercle anti-poussi\u00e8re en TritanTM<\/li>\n<li>Bec anti-goutte en acier inoxydable<\/li>\n<li>Plateau anti-goutte en TritanTM<\/li>\n<li>Compartiment int\u00e9rieur du plateau chrom\u00e9<\/li>\n<li>Compartiment int\u00e9gr\u00e9 pour l&#8217;enrouleur de c\u00e2ble<\/li>\n<li>Pieds antid\u00e9rapants<\/li>\n<li>Puissance 70W<\/li>\n<li>Longueur du c\u00e2ble 1 m<\/li>\n<\/ul>\n<p><strong>SP\u00c9CIFICATIONS \u00c9LECTRIQUES<\/strong><\/p>\n<ul>\n<li>Tension 220-240V &#8211; 50\/60 Hz<\/li>\n<\/ul>\n<p><strong>FONCTIONS<\/strong><\/p>\n<ul>\n<li>Marche\/arr\u00eat automatique<\/li>\n<\/ul>\n<p><strong>Non commercialis\u00e9 en dehors de l&#8217;Europe<\/strong><\/p>\n","protected":false},"excerpt":{"rendered":"<p>Le presse-agrumes \u00e9lectrique CJF01 de Smeg est un instrument qui allie design, fiabilit\u00e9 et performances de pointe. Un presse-agrumes \u00e0<\/p>\n","protected":false},"featured_media":457366,"template":"","meta":{"_acf_changed":false,"inline_featured_image":false},"product_cat":[12449,12769],"product_tag":[25181,25021,24680,12856,13252,19967],"acf":[],"yoast_head":"<!-- This site is optimized with the Yoast SEO Premium plugin v18.6 (Yoast SEO v19.13) - https:\/\/yoast.com\/wordpress\/plugins\/seo\/ -->\n<title>SMEG Dolce &amp; Gabbana Presse-Agrumes<\/title>\n<meta name=\"description\" content=\"D\u00e9couvrez SMEG Dolce &amp; Gabbana Presse-Agrumes sur ErresseShop. Qualit\u00e9, prix r\u00e9duits et achat s\u00e9curis\u00e9 \u2013 commandez d\u00e8s maintenant en ligne !\" \/>\n<meta name=\"robots\" content=\"index, follow, max-snippet:-1, max-image-preview:large, max-video-preview:-1\" \/>\n<link rel=\"canonical\" href=\"https:\/\/www.erresse-shop.it\/fr\/shop\/petits-electromenagers\/presse-agrumes\/smeg-dolce-gabbana-presse-agrumes\/\" \/>\n<meta property=\"og:locale\" content=\"fr_FR\" \/>\n<meta property=\"og:type\" content=\"article\" \/>\n<meta property=\"og:title\" content=\"SMEG Dolce &amp; Gabbana Presse-Agrumes\" \/>\n<meta property=\"og:description\" content=\"D\u00e9couvrez SMEG Dolce &amp; Gabbana Presse-Agrumes sur ErresseShop. Qualit\u00e9, prix r\u00e9duits et achat s\u00e9curis\u00e9 \u2013 commandez d\u00e8s maintenant en ligne !\" \/>\n<meta property=\"og:url\" content=\"https:\/\/www.erresse-shop.it\/fr\/shop\/petits-electromenagers\/presse-agrumes\/smeg-dolce-gabbana-presse-agrumes\/\" \/>\n<meta property=\"og:site_name\" content=\"Erresse Shop\" \/>\n<meta property=\"article:modified_time\" content=\"2025-01-14T08:01:23+00:00\" \/>\n<meta property=\"og:image\" content=\"https:\/\/www.erresse-shop.it\/wp-content\/uploads\/2023\/02\/SMEG-Dolce-Gabbana-Spremiagrumi-1.jpg\" \/>\n\t<meta property=\"og:image:width\" content=\"1200\" \/>\n\t<meta property=\"og:image:height\" content=\"1200\" \/>\n\t<meta property=\"og:image:type\" content=\"image\/jpeg\" \/>\n<meta name=\"twitter:card\" content=\"summary_large_image\" \/>\n<script type=\"application\/ld+json\" class=\"yoast-schema-graph\">{\"@context\":\"https:\/\/schema.org\",\"@graph\":[{\"@type\":\"WebPage\",\"@id\":\"https:\/\/www.erresse-shop.it\/fr\/shop\/petits-electromenagers\/presse-agrumes\/smeg-dolce-gabbana-presse-agrumes\/\",\"url\":\"https:\/\/www.erresse-shop.it\/fr\/shop\/petits-electromenagers\/presse-agrumes\/smeg-dolce-gabbana-presse-agrumes\/\",\"name\":\"SMEG Dolce & Gabbana Presse-Agrumes\",\"isPartOf\":{\"@id\":\"https:\/\/www.erresse-shop.it\/fr\/#website\"},\"datePublished\":\"2023-02-24T14:36:10+00:00\",\"dateModified\":\"2025-01-14T08:01:23+00:00\",\"description\":\"D\u00e9couvrez SMEG Dolce & Gabbana Presse-Agrumes sur ErresseShop. Qualit\u00e9, prix r\u00e9duits et achat s\u00e9curis\u00e9 \u2013 commandez d\u00e8s maintenant en ligne !\",\"breadcrumb\":{\"@id\":\"https:\/\/www.erresse-shop.it\/fr\/shop\/petits-electromenagers\/presse-agrumes\/smeg-dolce-gabbana-presse-agrumes\/#breadcrumb\"},\"inLanguage\":\"fr-FR\",\"potentialAction\":[{\"@type\":\"ReadAction\",\"target\":[\"https:\/\/www.erresse-shop.it\/fr\/shop\/petits-electromenagers\/presse-agrumes\/smeg-dolce-gabbana-presse-agrumes\/\"]}]},{\"@type\":\"BreadcrumbList\",\"@id\":\"https:\/\/www.erresse-shop.it\/fr\/shop\/petits-electromenagers\/presse-agrumes\/smeg-dolce-gabbana-presse-agrumes\/#breadcrumb\",\"itemListElement\":[{\"@type\":\"ListItem\",\"position\":1,\"name\":\"Home\",\"item\":\"https:\/\/www.erresse-shop.it\/fr\/\"},{\"@type\":\"ListItem\",\"position\":2,\"name\":\"Shop\",\"item\":\"https:\/\/www.erresse-shop.it\/fr\/shop\/\"},{\"@type\":\"ListItem\",\"position\":3,\"name\":\"SMEG Dolce &#038; Gabbana Presse-Agrumes\"}]},{\"@type\":\"WebSite\",\"@id\":\"https:\/\/www.erresse-shop.it\/fr\/#website\",\"url\":\"https:\/\/www.erresse-shop.it\/fr\/\",\"name\":\"Erresse Shop\",\"description\":\"Articoli di qualit\u00e0 per la casa\",\"potentialAction\":[{\"@type\":\"SearchAction\",\"target\":{\"@type\":\"EntryPoint\",\"urlTemplate\":\"https:\/\/www.erresse-shop.it\/fr\/?s={search_term_string}\"},\"query-input\":\"required name=search_term_string\"}],\"inLanguage\":\"fr-FR\"}]}<\/script>\n<!-- \/ Yoast SEO Premium plugin. -->","yoast_head_json":{"title":"SMEG Dolce & Gabbana Presse-Agrumes","description":"D\u00e9couvrez SMEG Dolce & Gabbana Presse-Agrumes sur ErresseShop. Qualit\u00e9, prix r\u00e9duits et achat s\u00e9curis\u00e9 \u2013 commandez d\u00e8s maintenant en ligne !","robots":{"index":"index","follow":"follow","max-snippet":"max-snippet:-1","max-image-preview":"max-image-preview:large","max-video-preview":"max-video-preview:-1"},"canonical":"https:\/\/www.erresse-shop.it\/fr\/shop\/petits-electromenagers\/presse-agrumes\/smeg-dolce-gabbana-presse-agrumes\/","og_locale":"fr_FR","og_type":"article","og_title":"SMEG Dolce & Gabbana Presse-Agrumes","og_description":"D\u00e9couvrez SMEG Dolce & Gabbana Presse-Agrumes sur ErresseShop. Qualit\u00e9, prix r\u00e9duits et achat s\u00e9curis\u00e9 \u2013 commandez d\u00e8s maintenant en ligne !","og_url":"https:\/\/www.erresse-shop.it\/fr\/shop\/petits-electromenagers\/presse-agrumes\/smeg-dolce-gabbana-presse-agrumes\/","og_site_name":"Erresse Shop","article_modified_time":"2025-01-14T08:01:23+00:00","og_image":[{"width":1200,"height":1200,"url":"https:\/\/www.erresse-shop.it\/wp-content\/uploads\/2023\/02\/SMEG-Dolce-Gabbana-Spremiagrumi-1.jpg","type":"image\/jpeg"}],"twitter_card":"summary_large_image","schema":{"@context":"https:\/\/schema.org","@graph":[{"@type":"WebPage","@id":"https:\/\/www.erresse-shop.it\/fr\/shop\/petits-electromenagers\/presse-agrumes\/smeg-dolce-gabbana-presse-agrumes\/","url":"https:\/\/www.erresse-shop.it\/fr\/shop\/petits-electromenagers\/presse-agrumes\/smeg-dolce-gabbana-presse-agrumes\/","name":"SMEG Dolce & Gabbana Presse-Agrumes","isPartOf":{"@id":"https:\/\/www.erresse-shop.it\/fr\/#website"},"datePublished":"2023-02-24T14:36:10+00:00","dateModified":"2025-01-14T08:01:23+00:00","description":"D\u00e9couvrez SMEG Dolce & Gabbana Presse-Agrumes sur ErresseShop. Qualit\u00e9, prix r\u00e9duits et achat s\u00e9curis\u00e9 \u2013 commandez d\u00e8s maintenant en ligne !","breadcrumb":{"@id":"https:\/\/www.erresse-shop.it\/fr\/shop\/petits-electromenagers\/presse-agrumes\/smeg-dolce-gabbana-presse-agrumes\/#breadcrumb"},"inLanguage":"fr-FR","potentialAction":[{"@type":"ReadAction","target":["https:\/\/www.erresse-shop.it\/fr\/shop\/petits-electromenagers\/presse-agrumes\/smeg-dolce-gabbana-presse-agrumes\/"]}]},{"@type":"BreadcrumbList","@id":"https:\/\/www.erresse-shop.it\/fr\/shop\/petits-electromenagers\/presse-agrumes\/smeg-dolce-gabbana-presse-agrumes\/#breadcrumb","itemListElement":[{"@type":"ListItem","position":1,"name":"Home","item":"https:\/\/www.erresse-shop.it\/fr\/"},{"@type":"ListItem","position":2,"name":"Shop","item":"https:\/\/www.erresse-shop.it\/fr\/shop\/"},{"@type":"ListItem","position":3,"name":"SMEG Dolce &#038; Gabbana Presse-Agrumes"}]},{"@type":"WebSite","@id":"https:\/\/www.erresse-shop.it\/fr\/#website","url":"https:\/\/www.erresse-shop.it\/fr\/","name":"Erresse Shop","description":"Articoli di qualit\u00e0 per la casa","potentialAction":[{"@type":"SearchAction","target":{"@type":"EntryPoint","urlTemplate":"https:\/\/www.erresse-shop.it\/fr\/?s={search_term_string}"},"query-input":"required name=search_term_string"}],"inLanguage":"fr-FR"}]}},"df_price":384.92999999999995,"df_sale_price":384.92999999999995,"df_regular_price":549.9,"df_image_link":"https:\/\/www.erresse-shop.it\/wp-content\/uploads\/2023\/02\/SMEG-Dolce-Gabbana-Spremiagrumi-1-300x300.jpg","_links":{"self":[{"href":"https:\/\/www.erresse-shop.it\/fr\/wp-json\/wp\/v2\/product\/242896"}],"collection":[{"href":"https:\/\/www.erresse-shop.it\/fr\/wp-json\/wp\/v2\/product"}],"about":[{"href":"https:\/\/www.erresse-shop.it\/fr\/wp-json\/wp\/v2\/types\/product"}],"wp:featuredmedia":[{"embeddable":true,"href":"https:\/\/www.erresse-shop.it\/fr\/wp-json\/wp\/v2\/media\/457366"}],"wp:attachment":[{"href":"https:\/\/www.erresse-shop.it\/fr\/wp-json\/wp\/v2\/media?parent=242896"}],"wp:term":[{"taxonomy":"product_cat","embeddable":true,"href":"https:\/\/www.erresse-shop.it\/fr\/wp-json\/wp\/v2\/product_cat?post=242896"},{"taxonomy":"product_tag","embeddable":true,"href":"https:\/\/www.erresse-shop.it\/fr\/wp-json\/wp\/v2\/product_tag?post=242896"}],"curies":[{"name":"wp","href":"https:\/\/api.w.org\/{rel}","templated":true}]}}