{"id":242551,"date":"2023-02-24T07:04:54","date_gmt":"2023-02-24T07:04:58","guid":{"rendered":"https:\/\/www.erresse-shop.it\/?post_type=product&#038;p=242551"},"modified":"2025-01-14T08:00:25","modified_gmt":"2025-01-14T08:00:25","slug":"le-creuset-poele-basse-en-fonte-emaillee-28-cm-azure","status":"publish","type":"product","link":"https:\/\/www.erresse-shop.it\/fr\/shop\/poeles-pots\/poeles\/le-creuset-poele-basse-en-fonte-emaillee-28-cm-azure\/","title":{"rendered":"LE CREUSET Po\u00eale Basse en Fonte \u00c9maill\u00e9e 28 cm Azure"},"content":{"rendered":"<p>Frire et sauter devient un plaisir avec notre po\u00eale haute en fonte vitrifi\u00e9e Evolution, parfaite pour cr\u00e9er de nombreux plats d\u00e9licieux. Avec des parois lat\u00e9rales plus hautes permettant de cuire toutes sortes d&#8217;aliments, son look \u00e9l\u00e9gant et moderne est dot\u00e9 d&#8217;une poign\u00e9e en bois qui ne risque pas de surchauffer et d&#8217;une grande poign\u00e9e pour faciliter la prise en main et le d\u00e9placement de la po\u00eale. Utilisez cette po\u00eale sur toute source de chaleur, sauf au four. Ne la mettez pas au lave-vaisselle, pour que la poign\u00e9e soit \u00e9galement prot\u00e9g\u00e9e.<\/p>\n<ul>\n<li>Des aliments savoureux : la fonte vitrifi\u00e9e retient la chaleur pour une cuisson et un brunissement homog\u00e8nes. Vos d\u00e9licieuses cr\u00e9ations resteront chaudes plus longtemps, m\u00eame \u00e0 table.<\/li>\n<li>Une aide pr\u00e9cieuse : la poign\u00e9e pratique vous permet de soulever facilement le produit et de le d\u00e9placer de la plaque de cuisson, au four et \u00e0 la table.<\/li>\n<li>Pas trop chaud : cuisinez avec une chaleur constante faible \u00e0 moyenne pour prendre soin de votre produit en fonte vitrifi\u00e9e et obtenir de d\u00e9licieux r\u00e9sultats.<\/li>\n<li>S&#8217;am\u00e9liore avec le temps : l&#8217;int\u00e9rieur vitrifi\u00e9 d\u00e9veloppe une patine naturelle qui agit presque comme une surface antiadh\u00e9sive. Sa finition poss\u00e8de des propri\u00e9t\u00e9s qui emp\u00eachent les aliments de coller, m\u00eame avec de petites quantit\u00e9s d&#8217;huile. Lavez le produit uniquement \u00e0 l&#8217;eau pour permettre \u00e0 la patine de se d\u00e9velopper.<\/li>\n<li>Nos produits sont fabriqu\u00e9s \u00e0 partir des meilleurs mat\u00e9riaux dans des usines du monde entier pour garantir la qualit\u00e9 que vous attendez de Le Creuset.<\/li>\n<li>Look moderne : la poign\u00e9e en bois a un design \u00e9l\u00e9gant et ne surchauffe pas.<\/li>\n<\/ul>\n<p>Mat\u00e9riau : fonte vitrifi\u00e9e<br \/>\nFabriqu\u00e9 en : France<br \/>\nGarantie : \u00e0 vie<\/p>\n<p><strong>Source de chaleur :<\/strong><\/p>\n<ul>\n<li>Plaque \u00e9lectrique<\/li>\n<li>Verre c\u00e9ramique<\/li>\n<li>Table de cuisson \u00e0 gaz<\/li>\n<li>Table de cuisson \u00e0 induction<\/li>\n<\/ul>\n<p><strong>Nettoyage et entretien :<\/strong><\/p>\n<ul>\n<li>Attendez que le produit refroidisse avant de commencer \u00e0 le nettoyer.<\/li>\n<li>Nettoyez les restes de nourriture sur la base et les c\u00f4t\u00e9s de l&#8217;appareil. Si des aliments y sont coll\u00e9s, remplissez le produit d&#8217;eau chaude savonneuse et laissez-le tremper pendant 15 \u00e0 20 minutes avant de le laver comme d&#8217;habitude.<\/li>\n<li>N&#8217;utilisez pas de nettoyants abrasifs ni d&#8217;\u00e9ponges ou de brosses m\u00e9talliques tr\u00e8s rigides sur aucune des surfaces.<\/li>\n<li>S\u00e9chez bien apr\u00e8s le lavage et stockez dans un endroit sec.<\/li>\n<\/ul>\n<div class=\"su-youtube su-u-responsive-media-yes\"><iframe loading=\"lazy\" width=\"500\" height=\"200\" src=\"https:\/\/www.youtube.com\/embed\/YoiKOay1xos?\" frameborder=\"0\" allowfullscreen allow=\"autoplay; encrypted-media; picture-in-picture\" title=\"\"><\/iframe><\/div>\n","protected":false},"excerpt":{"rendered":"<p>Frire et sauter devient un plaisir avec notre po\u00eale haute en fonte vitrifi\u00e9e Evolution, parfaite pour cr\u00e9er de nombreux plats<\/p>\n","protected":false},"featured_media":242581,"template":"","meta":{"_acf_changed":false,"inline_featured_image":false},"product_cat":[12458,14802],"product_tag":[25086,22339,25021,14826,12460,12461,12465,12466,12468,12469],"acf":[],"yoast_head":"<!-- This site is optimized with the Yoast SEO Premium plugin v18.6 (Yoast SEO v19.13) - https:\/\/yoast.com\/wordpress\/plugins\/seo\/ -->\n<title>LE CREUSET Po\u00eale Basse en Fonte \u00c9maill\u00e9e 28 cm Azure<\/title>\n<meta name=\"description\" content=\"D\u00e9couvrez LE CREUSET Po\u00eale Basse en Fonte \u00c9maill\u00e9e 28 cm Azure sur ErresseShop. Qualit\u00e9, prix r\u00e9duits et achat s\u00e9curis\u00e9 \u2013 commandez d\u00e8s maintenant en ligne !\" \/>\n<meta name=\"robots\" content=\"index, follow, max-snippet:-1, max-image-preview:large, max-video-preview:-1\" \/>\n<link rel=\"canonical\" href=\"https:\/\/www.erresse-shop.it\/fr\/shop\/poeles-pots\/poeles\/le-creuset-poele-basse-en-fonte-emaillee-28-cm-azure\/\" \/>\n<meta property=\"og:locale\" content=\"fr_FR\" \/>\n<meta property=\"og:type\" content=\"article\" \/>\n<meta property=\"og:title\" content=\"LE CREUSET Po\u00eale Basse en Fonte \u00c9maill\u00e9e 28 cm Azure\" \/>\n<meta property=\"og:description\" content=\"D\u00e9couvrez LE CREUSET Po\u00eale Basse en Fonte \u00c9maill\u00e9e 28 cm Azure sur ErresseShop. Qualit\u00e9, prix r\u00e9duits et achat s\u00e9curis\u00e9 \u2013 commandez d\u00e8s maintenant en ligne !\" \/>\n<meta property=\"og:url\" content=\"https:\/\/www.erresse-shop.it\/fr\/shop\/poeles-pots\/poeles\/le-creuset-poele-basse-en-fonte-emaillee-28-cm-azure\/\" \/>\n<meta property=\"og:site_name\" content=\"Erresse Shop\" \/>\n<meta property=\"article:modified_time\" content=\"2025-01-14T08:00:25+00:00\" \/>\n<meta property=\"og:image\" content=\"https:\/\/www.erresse-shop.it\/wp-content\/uploads\/2023\/02\/LE-CREUSET-Padella-Bassa-in-Ghisa-28-cm-Azure.jpg\" \/>\n\t<meta property=\"og:image:width\" content=\"800\" \/>\n\t<meta property=\"og:image:height\" content=\"800\" \/>\n\t<meta property=\"og:image:type\" content=\"image\/jpeg\" \/>\n<meta name=\"twitter:card\" content=\"summary_large_image\" \/>\n<script type=\"application\/ld+json\" class=\"yoast-schema-graph\">{\"@context\":\"https:\/\/schema.org\",\"@graph\":[{\"@type\":\"WebPage\",\"@id\":\"https:\/\/www.erresse-shop.it\/fr\/shop\/poeles-pots\/poeles\/le-creuset-poele-basse-en-fonte-emaillee-28-cm-azure\/\",\"url\":\"https:\/\/www.erresse-shop.it\/fr\/shop\/poeles-pots\/poeles\/le-creuset-poele-basse-en-fonte-emaillee-28-cm-azure\/\",\"name\":\"LE CREUSET Po\u00eale Basse en Fonte \u00c9maill\u00e9e 28 cm Azure\",\"isPartOf\":{\"@id\":\"https:\/\/www.erresse-shop.it\/fr\/#website\"},\"datePublished\":\"2023-02-24T07:04:58+00:00\",\"dateModified\":\"2025-01-14T08:00:25+00:00\",\"description\":\"D\u00e9couvrez LE CREUSET Po\u00eale Basse en Fonte \u00c9maill\u00e9e 28 cm Azure sur ErresseShop. Qualit\u00e9, prix r\u00e9duits et achat s\u00e9curis\u00e9 \u2013 commandez d\u00e8s maintenant en ligne !\",\"breadcrumb\":{\"@id\":\"https:\/\/www.erresse-shop.it\/fr\/shop\/poeles-pots\/poeles\/le-creuset-poele-basse-en-fonte-emaillee-28-cm-azure\/#breadcrumb\"},\"inLanguage\":\"fr-FR\",\"potentialAction\":[{\"@type\":\"ReadAction\",\"target\":[\"https:\/\/www.erresse-shop.it\/fr\/shop\/poeles-pots\/poeles\/le-creuset-poele-basse-en-fonte-emaillee-28-cm-azure\/\"]}]},{\"@type\":\"BreadcrumbList\",\"@id\":\"https:\/\/www.erresse-shop.it\/fr\/shop\/poeles-pots\/poeles\/le-creuset-poele-basse-en-fonte-emaillee-28-cm-azure\/#breadcrumb\",\"itemListElement\":[{\"@type\":\"ListItem\",\"position\":1,\"name\":\"Home\",\"item\":\"https:\/\/www.erresse-shop.it\/fr\/\"},{\"@type\":\"ListItem\",\"position\":2,\"name\":\"Shop\",\"item\":\"https:\/\/www.erresse-shop.it\/fr\/shop\/\"},{\"@type\":\"ListItem\",\"position\":3,\"name\":\"LE CREUSET Po\u00eale Basse en Fonte \u00c9maill\u00e9e 28 cm Azure\"}]},{\"@type\":\"WebSite\",\"@id\":\"https:\/\/www.erresse-shop.it\/fr\/#website\",\"url\":\"https:\/\/www.erresse-shop.it\/fr\/\",\"name\":\"Erresse Shop\",\"description\":\"Articoli di qualit\u00e0 per la casa\",\"potentialAction\":[{\"@type\":\"SearchAction\",\"target\":{\"@type\":\"EntryPoint\",\"urlTemplate\":\"https:\/\/www.erresse-shop.it\/fr\/?s={search_term_string}\"},\"query-input\":\"required name=search_term_string\"}],\"inLanguage\":\"fr-FR\"}]}<\/script>\n<!-- \/ Yoast SEO Premium plugin. -->","yoast_head_json":{"title":"LE CREUSET Po\u00eale Basse en Fonte \u00c9maill\u00e9e 28 cm Azure","description":"D\u00e9couvrez LE CREUSET Po\u00eale Basse en Fonte \u00c9maill\u00e9e 28 cm Azure sur ErresseShop. Qualit\u00e9, prix r\u00e9duits et achat s\u00e9curis\u00e9 \u2013 commandez d\u00e8s maintenant en ligne !","robots":{"index":"index","follow":"follow","max-snippet":"max-snippet:-1","max-image-preview":"max-image-preview:large","max-video-preview":"max-video-preview:-1"},"canonical":"https:\/\/www.erresse-shop.it\/fr\/shop\/poeles-pots\/poeles\/le-creuset-poele-basse-en-fonte-emaillee-28-cm-azure\/","og_locale":"fr_FR","og_type":"article","og_title":"LE CREUSET Po\u00eale Basse en Fonte \u00c9maill\u00e9e 28 cm Azure","og_description":"D\u00e9couvrez LE CREUSET Po\u00eale Basse en Fonte \u00c9maill\u00e9e 28 cm Azure sur ErresseShop. Qualit\u00e9, prix r\u00e9duits et achat s\u00e9curis\u00e9 \u2013 commandez d\u00e8s maintenant en ligne !","og_url":"https:\/\/www.erresse-shop.it\/fr\/shop\/poeles-pots\/poeles\/le-creuset-poele-basse-en-fonte-emaillee-28-cm-azure\/","og_site_name":"Erresse Shop","article_modified_time":"2025-01-14T08:00:25+00:00","og_image":[{"width":800,"height":800,"url":"https:\/\/www.erresse-shop.it\/wp-content\/uploads\/2023\/02\/LE-CREUSET-Padella-Bassa-in-Ghisa-28-cm-Azure.jpg","type":"image\/jpeg"}],"twitter_card":"summary_large_image","schema":{"@context":"https:\/\/schema.org","@graph":[{"@type":"WebPage","@id":"https:\/\/www.erresse-shop.it\/fr\/shop\/poeles-pots\/poeles\/le-creuset-poele-basse-en-fonte-emaillee-28-cm-azure\/","url":"https:\/\/www.erresse-shop.it\/fr\/shop\/poeles-pots\/poeles\/le-creuset-poele-basse-en-fonte-emaillee-28-cm-azure\/","name":"LE CREUSET Po\u00eale Basse en Fonte \u00c9maill\u00e9e 28 cm Azure","isPartOf":{"@id":"https:\/\/www.erresse-shop.it\/fr\/#website"},"datePublished":"2023-02-24T07:04:58+00:00","dateModified":"2025-01-14T08:00:25+00:00","description":"D\u00e9couvrez LE CREUSET Po\u00eale Basse en Fonte \u00c9maill\u00e9e 28 cm Azure sur ErresseShop. Qualit\u00e9, prix r\u00e9duits et achat s\u00e9curis\u00e9 \u2013 commandez d\u00e8s maintenant en ligne !","breadcrumb":{"@id":"https:\/\/www.erresse-shop.it\/fr\/shop\/poeles-pots\/poeles\/le-creuset-poele-basse-en-fonte-emaillee-28-cm-azure\/#breadcrumb"},"inLanguage":"fr-FR","potentialAction":[{"@type":"ReadAction","target":["https:\/\/www.erresse-shop.it\/fr\/shop\/poeles-pots\/poeles\/le-creuset-poele-basse-en-fonte-emaillee-28-cm-azure\/"]}]},{"@type":"BreadcrumbList","@id":"https:\/\/www.erresse-shop.it\/fr\/shop\/poeles-pots\/poeles\/le-creuset-poele-basse-en-fonte-emaillee-28-cm-azure\/#breadcrumb","itemListElement":[{"@type":"ListItem","position":1,"name":"Home","item":"https:\/\/www.erresse-shop.it\/fr\/"},{"@type":"ListItem","position":2,"name":"Shop","item":"https:\/\/www.erresse-shop.it\/fr\/shop\/"},{"@type":"ListItem","position":3,"name":"LE CREUSET Po\u00eale Basse en Fonte \u00c9maill\u00e9e 28 cm Azure"}]},{"@type":"WebSite","@id":"https:\/\/www.erresse-shop.it\/fr\/#website","url":"https:\/\/www.erresse-shop.it\/fr\/","name":"Erresse Shop","description":"Articoli di qualit\u00e0 per la casa","potentialAction":[{"@type":"SearchAction","target":{"@type":"EntryPoint","urlTemplate":"https:\/\/www.erresse-shop.it\/fr\/?s={search_term_string}"},"query-input":"required name=search_term_string"}],"inLanguage":"fr-FR"}]}},"df_price":110.25,"df_sale_price":110.25,"df_regular_price":245,"df_image_link":"https:\/\/www.erresse-shop.it\/wp-content\/uploads\/2023\/02\/LE-CREUSET-Padella-Bassa-in-Ghisa-28-cm-Azure-300x300.jpg","_links":{"self":[{"href":"https:\/\/www.erresse-shop.it\/fr\/wp-json\/wp\/v2\/product\/242551"}],"collection":[{"href":"https:\/\/www.erresse-shop.it\/fr\/wp-json\/wp\/v2\/product"}],"about":[{"href":"https:\/\/www.erresse-shop.it\/fr\/wp-json\/wp\/v2\/types\/product"}],"wp:featuredmedia":[{"embeddable":true,"href":"https:\/\/www.erresse-shop.it\/fr\/wp-json\/wp\/v2\/media\/242581"}],"wp:attachment":[{"href":"https:\/\/www.erresse-shop.it\/fr\/wp-json\/wp\/v2\/media?parent=242551"}],"wp:term":[{"taxonomy":"product_cat","embeddable":true,"href":"https:\/\/www.erresse-shop.it\/fr\/wp-json\/wp\/v2\/product_cat?post=242551"},{"taxonomy":"product_tag","embeddable":true,"href":"https:\/\/www.erresse-shop.it\/fr\/wp-json\/wp\/v2\/product_tag?post=242551"}],"curies":[{"name":"wp","href":"https:\/\/api.w.org\/{rel}","templated":true}]}}