{"id":242380,"date":"2023-02-23T15:31:37","date_gmt":"2023-02-23T15:31:42","guid":{"rendered":"https:\/\/www.erresse-shop.it\/?post_type=product&#038;p=242380"},"modified":"2025-01-14T08:00:20","modified_gmt":"2025-01-14T08:00:20","slug":"sage-the-barista-touch-truffe-noire","status":"publish","type":"product","link":"https:\/\/www.erresse-shop.it\/fr\/shop\/petits-electromenagers\/machines-cafe\/automatique\/sage-the-barista-touch-truffe-noire\/","title":{"rendered":"SAGE The Barista Touch Truffe Noire"},"content":{"rendered":"<p>Un excellent caf\u00e9, comme au bar, avec la plus grande simplicit\u00e9. Savourez un caf\u00e9 de troisi\u00e8me g\u00e9n\u00e9ration dans le confort de votre maison, quand vous le souhaitez, gr\u00e2ce \u00e0 des performances professionnelles combin\u00e9es \u00e0 un nouvel \u00e9cran tactile intuitif, avec un menu de caf\u00e9 pr\u00e9programm\u00e9 et une mousse de lait automatique. Une machine compacte tout en un.<\/p>\n<p><strong>Intelligent, automatique, personnalisable<\/strong><br \/>\nGr\u00e2ce \u00e0 l&#8217;utilisation intuitive de l&#8217;\u00e9cran tactile, la pr\u00e9paration de votre caf\u00e9 pr\u00e9f\u00e9r\u00e9 n&#8217;a jamais \u00e9t\u00e9 aussi facile. Il suffit de trois \u00e9tapes : le broyage, l&#8217;extraction et le moussage du lait. Vous pouvez facilement r\u00e9gler la force du caf\u00e9, la mousse de lait et la temp\u00e9rature en fonction de vos go\u00fbts, puis enregistrer les param\u00e8tres sous votre nom. Vous pouvez cr\u00e9er et sauvegarder jusqu&#8217;\u00e0 8 caf\u00e9s personnalis\u00e9s.<\/p>\n<p><strong>Moussage automatique du lait<\/strong><br \/>\nLa buse \u00e0 vapeur automatique vous permet de personnaliser la mousse et la temp\u00e9rature du lait, ce qui permet d&#8217;obtenir une mousse \u00e0 microbulles comme dans un caf\u00e9, ce qui renforce l&#8217;ar\u00f4me du caf\u00e9 et est essentiel pour l&#8217;art du latte.<\/p>\n<p><strong>Chauffage plus rapide<\/strong><br \/>\nLe syst\u00e8me de chauffage innovant ThermoJet\u00ae atteint la temp\u00e9rature d&#8217;extraction id\u00e9ale en seulement 3 secondes. Plus besoin d&#8217;attendre pour d\u00e9guster une bonne tasse de caf\u00e9.<\/p>\n<p><strong>Une extraction pr\u00e9cise<\/strong><br \/>\nLe contr\u00f4le num\u00e9rique de la temp\u00e9rature (PID) d\u00e9livre l&#8217;eau \u00e0 la bonne temp\u00e9rature, assurant une extraction optimale de votre espresso.<\/p>\n<p><strong>Moulin \u00e0 caf\u00e9 int\u00e9gr\u00e9<\/strong><br \/>\nD&#8217;une seule touche, le moulin \u00e0 caf\u00e9 conique int\u00e9gr\u00e9 avec contr\u00f4le de la dose d\u00e9livre la bonne quantit\u00e9 de caf\u00e9 pour un ar\u00f4me optimal. Dosage et degr\u00e9 de broyage r\u00e9glables.<\/p>\n<p><strong>Meulage mains libres<\/strong><br \/>\nLe porte-filtre innovant vous permet de moudre le caf\u00e9 directement dans le porte-filtre.<\/p>\n<p>Dimensions (LxPxH) : 31 x 32,5 x 40 cm<br \/>\nPuissance : 1680 W<br \/>\nMat\u00e9riau : Acier inoxydable bross\u00e9 R\u00e9servoir d&#8217;eau Sans BPA<br \/>\nCapacit\u00e9 du porte-plume : 250 grammes<br \/>\nCapacit\u00e9 du r\u00e9servoir d&#8217;eau : 2 litres<br \/>\nTension : 220\/240 V<\/p>\n<p><strong>Param\u00e8tres :<\/strong><\/p>\n<ul>\n<li>Fonctionnement via l&#8217;\u00e9cran tactile<\/li>\n<li>5 r\u00e9glages favoris pr\u00e9programm\u00e9s<\/li>\n<li>Cr\u00e9er, enregistrer et nommer 8 param\u00e8tres personnalisables<\/li>\n<li>Contr\u00f4le de la mouture r\u00e9glable<\/li>\n<li>Temp\u00e9rature et mousse de lait programmables<\/li>\n<li>Espresso simple ou double<\/li>\n<li>Eau chaude<\/li>\n<li>Moulin \u00e0 caf\u00e9 int\u00e9gr\u00e9<\/li>\n<li>Moulin \u00e0 caf\u00e9 conique int\u00e9gr\u00e9 en acier inoxydable<\/li>\n<li>Syst\u00e8me de chauffage ThermoJet : Le syst\u00e8me de chauffage innovant atteint la temp\u00e9rature d&#8217;extraction optimale en 3 secondes.<\/li>\n<\/ul>\n<p>Fonction de pr\u00e9-infusion : Cette fonction augmente progressivement la pression de l&#8217;eau afin de dilater doucement le caf\u00e9 moulu et d&#8217;assurer une extraction uniforme.<\/p>\n<p><strong>Accessoires inclus :<\/strong><\/p>\n<ul>\n<li>Porte-filtre en acier inoxydable de 54 mm<\/li>\n<li>Filtres \u00e0 simple et double paroi<\/li>\n<li>Pot \u00e0 lait en acier inoxydable de 480 ml<\/li>\n<li>Filtre \u00e0 eau ClaroSwiss<\/li>\n<li>Presseur int\u00e9gr\u00e9<\/li>\n<li>L&#8217;outil de dosage de pr\u00e9cision Razor\u2122<\/li>\n<li>Kit de nettoyage<\/li>\n<li>Bandelette de test de la duret\u00e9 de l&#8217;eau<\/li>\n<\/ul>\n","protected":false},"excerpt":{"rendered":"<p>Un excellent caf\u00e9, comme au bar, avec la plus grande simplicit\u00e9. Savourez un caf\u00e9 de troisi\u00e8me g\u00e9n\u00e9ration dans le confort<\/p>\n","protected":false},"featured_media":462677,"template":"","meta":{"_acf_changed":false,"inline_featured_image":false},"product_cat":[25360,12764,12449],"product_tag":[23563,13254,23568,12856],"acf":[],"yoast_head":"<!-- This site is optimized with the Yoast SEO Premium plugin v18.6 (Yoast SEO v19.13) - https:\/\/yoast.com\/wordpress\/plugins\/seo\/ -->\n<title>SAGE The Barista Touch Truffe Noire<\/title>\n<meta name=\"description\" content=\"D\u00e9couvrez SAGE The Barista Touch Truffe Noire sur ErresseShop. Qualit\u00e9, prix r\u00e9duits et achat s\u00e9curis\u00e9 \u2013 commandez d\u00e8s maintenant en ligne !\" \/>\n<meta name=\"robots\" content=\"index, follow, max-snippet:-1, max-image-preview:large, max-video-preview:-1\" \/>\n<link rel=\"canonical\" href=\"https:\/\/www.erresse-shop.it\/fr\/shop\/petits-electromenagers\/machines-cafe\/automatique\/sage-the-barista-touch-truffe-noire\/\" \/>\n<meta property=\"og:locale\" content=\"fr_FR\" \/>\n<meta property=\"og:type\" content=\"article\" \/>\n<meta property=\"og:title\" content=\"SAGE The Barista Touch Truffe Noire\" \/>\n<meta property=\"og:description\" content=\"D\u00e9couvrez SAGE The Barista Touch Truffe Noire sur ErresseShop. Qualit\u00e9, prix r\u00e9duits et achat s\u00e9curis\u00e9 \u2013 commandez d\u00e8s maintenant en ligne !\" \/>\n<meta property=\"og:url\" content=\"https:\/\/www.erresse-shop.it\/fr\/shop\/petits-electromenagers\/machines-cafe\/automatique\/sage-the-barista-touch-truffe-noire\/\" \/>\n<meta property=\"og:site_name\" content=\"Erresse Shop\" \/>\n<meta property=\"article:modified_time\" content=\"2025-01-14T08:00:20+00:00\" \/>\n<meta property=\"og:image\" content=\"https:\/\/www.erresse-shop.it\/wp-content\/uploads\/2023\/02\/SAGE-The-Barista-Touch-Black-Truffle.jpg\" \/>\n\t<meta property=\"og:image:width\" content=\"1300\" \/>\n\t<meta property=\"og:image:height\" content=\"1300\" \/>\n\t<meta property=\"og:image:type\" content=\"image\/jpeg\" \/>\n<meta name=\"twitter:card\" content=\"summary_large_image\" \/>\n<script type=\"application\/ld+json\" class=\"yoast-schema-graph\">{\"@context\":\"https:\/\/schema.org\",\"@graph\":[{\"@type\":\"WebPage\",\"@id\":\"https:\/\/www.erresse-shop.it\/fr\/shop\/petits-electromenagers\/machines-cafe\/automatique\/sage-the-barista-touch-truffe-noire\/\",\"url\":\"https:\/\/www.erresse-shop.it\/fr\/shop\/petits-electromenagers\/machines-cafe\/automatique\/sage-the-barista-touch-truffe-noire\/\",\"name\":\"SAGE The Barista Touch Truffe Noire\",\"isPartOf\":{\"@id\":\"https:\/\/www.erresse-shop.it\/fr\/#website\"},\"datePublished\":\"2023-02-23T15:31:42+00:00\",\"dateModified\":\"2025-01-14T08:00:20+00:00\",\"description\":\"D\u00e9couvrez SAGE The Barista Touch Truffe Noire sur ErresseShop. Qualit\u00e9, prix r\u00e9duits et achat s\u00e9curis\u00e9 \u2013 commandez d\u00e8s maintenant en ligne !\",\"breadcrumb\":{\"@id\":\"https:\/\/www.erresse-shop.it\/fr\/shop\/petits-electromenagers\/machines-cafe\/automatique\/sage-the-barista-touch-truffe-noire\/#breadcrumb\"},\"inLanguage\":\"fr-FR\",\"potentialAction\":[{\"@type\":\"ReadAction\",\"target\":[\"https:\/\/www.erresse-shop.it\/fr\/shop\/petits-electromenagers\/machines-cafe\/automatique\/sage-the-barista-touch-truffe-noire\/\"]}]},{\"@type\":\"BreadcrumbList\",\"@id\":\"https:\/\/www.erresse-shop.it\/fr\/shop\/petits-electromenagers\/machines-cafe\/automatique\/sage-the-barista-touch-truffe-noire\/#breadcrumb\",\"itemListElement\":[{\"@type\":\"ListItem\",\"position\":1,\"name\":\"Home\",\"item\":\"https:\/\/www.erresse-shop.it\/fr\/\"},{\"@type\":\"ListItem\",\"position\":2,\"name\":\"Shop\",\"item\":\"https:\/\/www.erresse-shop.it\/fr\/shop\/\"},{\"@type\":\"ListItem\",\"position\":3,\"name\":\"SAGE The Barista Touch Truffe Noire\"}]},{\"@type\":\"WebSite\",\"@id\":\"https:\/\/www.erresse-shop.it\/fr\/#website\",\"url\":\"https:\/\/www.erresse-shop.it\/fr\/\",\"name\":\"Erresse Shop\",\"description\":\"Articoli di qualit\u00e0 per la casa\",\"potentialAction\":[{\"@type\":\"SearchAction\",\"target\":{\"@type\":\"EntryPoint\",\"urlTemplate\":\"https:\/\/www.erresse-shop.it\/fr\/?s={search_term_string}\"},\"query-input\":\"required name=search_term_string\"}],\"inLanguage\":\"fr-FR\"}]}<\/script>\n<!-- \/ Yoast SEO Premium plugin. -->","yoast_head_json":{"title":"SAGE The Barista Touch Truffe Noire","description":"D\u00e9couvrez SAGE The Barista Touch Truffe Noire sur ErresseShop. Qualit\u00e9, prix r\u00e9duits et achat s\u00e9curis\u00e9 \u2013 commandez d\u00e8s maintenant en ligne !","robots":{"index":"index","follow":"follow","max-snippet":"max-snippet:-1","max-image-preview":"max-image-preview:large","max-video-preview":"max-video-preview:-1"},"canonical":"https:\/\/www.erresse-shop.it\/fr\/shop\/petits-electromenagers\/machines-cafe\/automatique\/sage-the-barista-touch-truffe-noire\/","og_locale":"fr_FR","og_type":"article","og_title":"SAGE The Barista Touch Truffe Noire","og_description":"D\u00e9couvrez SAGE The Barista Touch Truffe Noire sur ErresseShop. Qualit\u00e9, prix r\u00e9duits et achat s\u00e9curis\u00e9 \u2013 commandez d\u00e8s maintenant en ligne !","og_url":"https:\/\/www.erresse-shop.it\/fr\/shop\/petits-electromenagers\/machines-cafe\/automatique\/sage-the-barista-touch-truffe-noire\/","og_site_name":"Erresse Shop","article_modified_time":"2025-01-14T08:00:20+00:00","og_image":[{"width":1300,"height":1300,"url":"https:\/\/www.erresse-shop.it\/wp-content\/uploads\/2023\/02\/SAGE-The-Barista-Touch-Black-Truffle.jpg","type":"image\/jpeg"}],"twitter_card":"summary_large_image","schema":{"@context":"https:\/\/schema.org","@graph":[{"@type":"WebPage","@id":"https:\/\/www.erresse-shop.it\/fr\/shop\/petits-electromenagers\/machines-cafe\/automatique\/sage-the-barista-touch-truffe-noire\/","url":"https:\/\/www.erresse-shop.it\/fr\/shop\/petits-electromenagers\/machines-cafe\/automatique\/sage-the-barista-touch-truffe-noire\/","name":"SAGE The Barista Touch Truffe Noire","isPartOf":{"@id":"https:\/\/www.erresse-shop.it\/fr\/#website"},"datePublished":"2023-02-23T15:31:42+00:00","dateModified":"2025-01-14T08:00:20+00:00","description":"D\u00e9couvrez SAGE The Barista Touch Truffe Noire sur ErresseShop. Qualit\u00e9, prix r\u00e9duits et achat s\u00e9curis\u00e9 \u2013 commandez d\u00e8s maintenant en ligne !","breadcrumb":{"@id":"https:\/\/www.erresse-shop.it\/fr\/shop\/petits-electromenagers\/machines-cafe\/automatique\/sage-the-barista-touch-truffe-noire\/#breadcrumb"},"inLanguage":"fr-FR","potentialAction":[{"@type":"ReadAction","target":["https:\/\/www.erresse-shop.it\/fr\/shop\/petits-electromenagers\/machines-cafe\/automatique\/sage-the-barista-touch-truffe-noire\/"]}]},{"@type":"BreadcrumbList","@id":"https:\/\/www.erresse-shop.it\/fr\/shop\/petits-electromenagers\/machines-cafe\/automatique\/sage-the-barista-touch-truffe-noire\/#breadcrumb","itemListElement":[{"@type":"ListItem","position":1,"name":"Home","item":"https:\/\/www.erresse-shop.it\/fr\/"},{"@type":"ListItem","position":2,"name":"Shop","item":"https:\/\/www.erresse-shop.it\/fr\/shop\/"},{"@type":"ListItem","position":3,"name":"SAGE The Barista Touch Truffe Noire"}]},{"@type":"WebSite","@id":"https:\/\/www.erresse-shop.it\/fr\/#website","url":"https:\/\/www.erresse-shop.it\/fr\/","name":"Erresse Shop","description":"Articoli di qualit\u00e0 per la casa","potentialAction":[{"@type":"SearchAction","target":{"@type":"EntryPoint","urlTemplate":"https:\/\/www.erresse-shop.it\/fr\/?s={search_term_string}"},"query-input":"required name=search_term_string"}],"inLanguage":"fr-FR"}]}},"df_price":1099.95,"df_sale_price":1099.95,"df_regular_price":1249.9,"df_image_link":"https:\/\/www.erresse-shop.it\/wp-content\/uploads\/2023\/02\/SAGE-The-Barista-Touch-Tartufo-Nero-300x300.jpg","_links":{"self":[{"href":"https:\/\/www.erresse-shop.it\/fr\/wp-json\/wp\/v2\/product\/242380"}],"collection":[{"href":"https:\/\/www.erresse-shop.it\/fr\/wp-json\/wp\/v2\/product"}],"about":[{"href":"https:\/\/www.erresse-shop.it\/fr\/wp-json\/wp\/v2\/types\/product"}],"wp:featuredmedia":[{"embeddable":true,"href":"https:\/\/www.erresse-shop.it\/fr\/wp-json\/wp\/v2\/media\/462677"}],"wp:attachment":[{"href":"https:\/\/www.erresse-shop.it\/fr\/wp-json\/wp\/v2\/media?parent=242380"}],"wp:term":[{"taxonomy":"product_cat","embeddable":true,"href":"https:\/\/www.erresse-shop.it\/fr\/wp-json\/wp\/v2\/product_cat?post=242380"},{"taxonomy":"product_tag","embeddable":true,"href":"https:\/\/www.erresse-shop.it\/fr\/wp-json\/wp\/v2\/product_tag?post=242380"}],"curies":[{"name":"wp","href":"https:\/\/api.w.org\/{rel}","templated":true}]}}