{"id":242325,"date":"2023-02-23T15:06:56","date_gmt":"2023-02-23T15:07:01","guid":{"rendered":"https:\/\/www.erresse-shop.it\/?post_type=product&#038;p=242325"},"modified":"2025-01-14T08:00:08","modified_gmt":"2025-01-14T08:00:08","slug":"sage-the-bambino-truffe-noire","status":"publish","type":"product","link":"https:\/\/www.erresse-shop.it\/fr\/shop\/petits-electromenagers\/machines-cafe\/manuels\/sage-the-bambino-truffe-noire\/","title":{"rendered":"SAGE The Bambino Truffe Noire"},"content":{"rendered":"<p><strong>UN EXPRESSO AUTHENTIQUE. DES RESULTATS RAPIDES ET PROFESSIONNELS CHEZ VOUS<br \/>\n<\/strong><\/p>\n<p>Lorsqu&#8217;il s&#8217;agit de caf\u00e9 de qualit\u00e9, The Bambino ne fait aucun compromis. Gr\u00e2ce au porte-filtre de 54 mm d&#8217;une capacit\u00e9 de 18 grammes et au moussage du lait par une puissante buse \u00e0 vapeur Thermojet, elle pr\u00e9pare un excellent caf\u00e9 \u00e0 l&#8217;ar\u00f4me cors\u00e9, comme les machines professionnelles. Avec un temps de chauffe de seulement 3 secondes et une extraction pr\u00e9cise, vous passez du grain \u00e0 la tasse plus rapidement que jamais. Comme dans votre caf\u00e9 pr\u00e9f\u00e9r\u00e9.<\/p>\n<p><strong>CHAUFFAGE RAPIDE<\/strong><br \/>\nLe syst\u00e8me de chauffage innovant ThermoJet\u00ae vous permet d&#8217;atteindre la temp\u00e9rature d&#8217;extraction id\u00e9ale en seulement 3 secondes. Plus besoin d&#8217;attendre pour d\u00e9guster une bonne tasse de caf\u00e9.<\/p>\n<p><strong>18 GRAMMES DE CAF\u00c9 POUR UN AR\u00d4ME CORS\u00c9<\/strong><br \/>\nLa bonne quantit\u00e9 de poudre de caf\u00e9 est la base d&#8217;un espresso \u00e9quilibr\u00e9. Le porte-filtre de 54 mm avec sa capacit\u00e9 de 18 grammes est la cl\u00e9 d&#8217;un caf\u00e9 de troisi\u00e8me g\u00e9n\u00e9ration savoureux et \u00e9quilibr\u00e9.<\/p>\n<p><strong>UN BON ESPRESSO CORS\u00c9<\/strong><br \/>\nLe syst\u00e8me de chauffage \u00e9tant automatiquement rinc\u00e9 apr\u00e8s la distribution de la vapeur, l&#8217;espresso est toujours distribu\u00e9 \u00e0 la bonne temp\u00e9rature.<\/p>\n<p><strong>Garantie :<\/strong> 2 ans<br \/>\n<strong>Mat\u00e9riaux de construction :<\/strong> acier inoxydable<br \/>\n<strong>Capacit\u00e9 du r\u00e9servoir d&#8217;eau :<\/strong> 1,4 l<br \/>\n<strong>R\u00e9glages Panneau de commande :<\/strong> boutons 1 tasse, 2 tasses, eau chaude et steam (vapeur)<br \/>\n<strong>Temp\u00e9rature et niveau de mousse du lait r\u00e9glables<\/strong><\/p>\n<p><strong>Accessoires inclus :<\/strong><\/p>\n<ul>\n<li>Filtres \u00e0 paroi simple 1 et 2 tasses<\/li>\n<li>Filtres \u00e0 double paroi pour 1 et 2 tasses<\/li>\n<li>Pichet \u00e0 lait en acier inoxydable 480 ml<\/li>\n<li>Porte-filtre en aluminium<\/li>\n<li>Presse \u00e0 plastique<\/li>\n<li>Accessoire pour le nettoyage de l&#8217;embout de la buse \u00e0 vapeur<\/li>\n<li>Support pour le filtre ClaroSwiss<\/li>\n<li>Filtre \u00e0 eau ClaroSwiss<\/li>\n<li>Poudre \u00e0 d\u00e9tartrer<\/li>\n<li>Kit de nettoyageccessoire de nettoyage<\/li>\n<li>Disque de nettoyage<\/li>\n<\/ul>\n<p><strong>Quelques vid\u00e9os de d\u00e9monstration :<\/strong><\/p>\n<div class=\"su-youtube su-u-responsive-media-yes\"><iframe loading=\"lazy\" width=\"500\" height=\"200\" src=\"https:\/\/www.youtube.com\/embed\/RNgXOg-Gr2E?\" frameborder=\"0\" allowfullscreen allow=\"autoplay; encrypted-media; picture-in-picture\" title=\"\"><\/iframe><\/div>\n<p><a href=\"https:\/\/www.youtube.com\/watch?v=2WcUu8vH5R4\" target=\"_blank\" rel=\"noopener\">https:\/\/www.youtube.com\/watch?v=2WcUu8vH5R4<br \/>\n<\/a><a href=\"https:\/\/www.youtube.com\/watch?v=CmNGoS-B8gg\" target=\"_blank\" rel=\"noopener\">https:\/\/www.youtube.com\/watch?v=CmNGoS-B8gg<\/a><\/p>\n<p><span style=\"text-decoration: underline;\"><strong>Non disponible en dehors de l&#8217;Europe<\/strong><\/span><\/p>\n","protected":false},"excerpt":{"rendered":"<p>UN EXPRESSO AUTHENTIQUE. DES RESULTATS RAPIDES ET PROFESSIONNELS CHEZ VOUS Lorsqu&#8217;il s&#8217;agit de caf\u00e9 de qualit\u00e9, The Bambino ne fait<\/p>\n","protected":false},"featured_media":479979,"template":"","meta":{"_acf_changed":false,"inline_featured_image":false},"product_cat":[12764,25365,12449],"product_tag":[23563,23581,12856],"acf":[],"yoast_head":"<!-- This site is optimized with the Yoast SEO Premium plugin v18.6 (Yoast SEO v19.13) - https:\/\/yoast.com\/wordpress\/plugins\/seo\/ -->\n<title>SAGE The Bambino Truffe Noire<\/title>\n<meta name=\"description\" content=\"D\u00e9couvrez SAGE The Bambino Truffe Noire sur ErresseShop. Qualit\u00e9, prix r\u00e9duits et achat s\u00e9curis\u00e9 \u2013 commandez d\u00e8s maintenant en ligne !\" \/>\n<meta name=\"robots\" content=\"index, follow, max-snippet:-1, max-image-preview:large, max-video-preview:-1\" \/>\n<link rel=\"canonical\" href=\"https:\/\/www.erresse-shop.it\/fr\/shop\/petits-electromenagers\/machines-cafe\/manuels\/sage-the-bambino-truffe-noire\/\" \/>\n<meta property=\"og:locale\" content=\"fr_FR\" \/>\n<meta property=\"og:type\" content=\"article\" \/>\n<meta property=\"og:title\" content=\"SAGE The Bambino Truffe Noire\" \/>\n<meta property=\"og:description\" content=\"D\u00e9couvrez SAGE The Bambino Truffe Noire sur ErresseShop. Qualit\u00e9, prix r\u00e9duits et achat s\u00e9curis\u00e9 \u2013 commandez d\u00e8s maintenant en ligne !\" \/>\n<meta property=\"og:url\" content=\"https:\/\/www.erresse-shop.it\/fr\/shop\/petits-electromenagers\/machines-cafe\/manuels\/sage-the-bambino-truffe-noire\/\" \/>\n<meta property=\"og:site_name\" content=\"Erresse Shop\" \/>\n<meta property=\"article:modified_time\" content=\"2025-01-14T08:00:08+00:00\" \/>\n<meta property=\"og:image\" content=\"https:\/\/www.erresse-shop.it\/wp-content\/uploads\/2023\/02\/sage-SES450BTR.webp\" \/>\n\t<meta property=\"og:image:width\" content=\"1200\" \/>\n\t<meta property=\"og:image:height\" content=\"1200\" \/>\n\t<meta property=\"og:image:type\" content=\"image\/webp\" \/>\n<meta name=\"twitter:card\" content=\"summary_large_image\" \/>\n<script type=\"application\/ld+json\" class=\"yoast-schema-graph\">{\"@context\":\"https:\/\/schema.org\",\"@graph\":[{\"@type\":\"WebPage\",\"@id\":\"https:\/\/www.erresse-shop.it\/fr\/shop\/petits-electromenagers\/machines-cafe\/manuels\/sage-the-bambino-truffe-noire\/\",\"url\":\"https:\/\/www.erresse-shop.it\/fr\/shop\/petits-electromenagers\/machines-cafe\/manuels\/sage-the-bambino-truffe-noire\/\",\"name\":\"SAGE The Bambino Truffe Noire\",\"isPartOf\":{\"@id\":\"https:\/\/www.erresse-shop.it\/fr\/#website\"},\"datePublished\":\"2023-02-23T15:07:01+00:00\",\"dateModified\":\"2025-01-14T08:00:08+00:00\",\"description\":\"D\u00e9couvrez SAGE The Bambino Truffe Noire sur ErresseShop. Qualit\u00e9, prix r\u00e9duits et achat s\u00e9curis\u00e9 \u2013 commandez d\u00e8s maintenant en ligne !\",\"breadcrumb\":{\"@id\":\"https:\/\/www.erresse-shop.it\/fr\/shop\/petits-electromenagers\/machines-cafe\/manuels\/sage-the-bambino-truffe-noire\/#breadcrumb\"},\"inLanguage\":\"fr-FR\",\"potentialAction\":[{\"@type\":\"ReadAction\",\"target\":[\"https:\/\/www.erresse-shop.it\/fr\/shop\/petits-electromenagers\/machines-cafe\/manuels\/sage-the-bambino-truffe-noire\/\"]}]},{\"@type\":\"BreadcrumbList\",\"@id\":\"https:\/\/www.erresse-shop.it\/fr\/shop\/petits-electromenagers\/machines-cafe\/manuels\/sage-the-bambino-truffe-noire\/#breadcrumb\",\"itemListElement\":[{\"@type\":\"ListItem\",\"position\":1,\"name\":\"Home\",\"item\":\"https:\/\/www.erresse-shop.it\/fr\/\"},{\"@type\":\"ListItem\",\"position\":2,\"name\":\"Shop\",\"item\":\"https:\/\/www.erresse-shop.it\/fr\/shop\/\"},{\"@type\":\"ListItem\",\"position\":3,\"name\":\"SAGE The Bambino Truffe Noire\"}]},{\"@type\":\"WebSite\",\"@id\":\"https:\/\/www.erresse-shop.it\/fr\/#website\",\"url\":\"https:\/\/www.erresse-shop.it\/fr\/\",\"name\":\"Erresse Shop\",\"description\":\"Articoli di qualit\u00e0 per la casa\",\"potentialAction\":[{\"@type\":\"SearchAction\",\"target\":{\"@type\":\"EntryPoint\",\"urlTemplate\":\"https:\/\/www.erresse-shop.it\/fr\/?s={search_term_string}\"},\"query-input\":\"required name=search_term_string\"}],\"inLanguage\":\"fr-FR\"}]}<\/script>\n<!-- \/ Yoast SEO Premium plugin. -->","yoast_head_json":{"title":"SAGE The Bambino Truffe Noire","description":"D\u00e9couvrez SAGE The Bambino Truffe Noire sur ErresseShop. Qualit\u00e9, prix r\u00e9duits et achat s\u00e9curis\u00e9 \u2013 commandez d\u00e8s maintenant en ligne !","robots":{"index":"index","follow":"follow","max-snippet":"max-snippet:-1","max-image-preview":"max-image-preview:large","max-video-preview":"max-video-preview:-1"},"canonical":"https:\/\/www.erresse-shop.it\/fr\/shop\/petits-electromenagers\/machines-cafe\/manuels\/sage-the-bambino-truffe-noire\/","og_locale":"fr_FR","og_type":"article","og_title":"SAGE The Bambino Truffe Noire","og_description":"D\u00e9couvrez SAGE The Bambino Truffe Noire sur ErresseShop. Qualit\u00e9, prix r\u00e9duits et achat s\u00e9curis\u00e9 \u2013 commandez d\u00e8s maintenant en ligne !","og_url":"https:\/\/www.erresse-shop.it\/fr\/shop\/petits-electromenagers\/machines-cafe\/manuels\/sage-the-bambino-truffe-noire\/","og_site_name":"Erresse Shop","article_modified_time":"2025-01-14T08:00:08+00:00","og_image":[{"width":1200,"height":1200,"url":"https:\/\/www.erresse-shop.it\/wp-content\/uploads\/2023\/02\/sage-SES450BTR.webp","type":"image\/webp"}],"twitter_card":"summary_large_image","schema":{"@context":"https:\/\/schema.org","@graph":[{"@type":"WebPage","@id":"https:\/\/www.erresse-shop.it\/fr\/shop\/petits-electromenagers\/machines-cafe\/manuels\/sage-the-bambino-truffe-noire\/","url":"https:\/\/www.erresse-shop.it\/fr\/shop\/petits-electromenagers\/machines-cafe\/manuels\/sage-the-bambino-truffe-noire\/","name":"SAGE The Bambino Truffe Noire","isPartOf":{"@id":"https:\/\/www.erresse-shop.it\/fr\/#website"},"datePublished":"2023-02-23T15:07:01+00:00","dateModified":"2025-01-14T08:00:08+00:00","description":"D\u00e9couvrez SAGE The Bambino Truffe Noire sur ErresseShop. Qualit\u00e9, prix r\u00e9duits et achat s\u00e9curis\u00e9 \u2013 commandez d\u00e8s maintenant en ligne !","breadcrumb":{"@id":"https:\/\/www.erresse-shop.it\/fr\/shop\/petits-electromenagers\/machines-cafe\/manuels\/sage-the-bambino-truffe-noire\/#breadcrumb"},"inLanguage":"fr-FR","potentialAction":[{"@type":"ReadAction","target":["https:\/\/www.erresse-shop.it\/fr\/shop\/petits-electromenagers\/machines-cafe\/manuels\/sage-the-bambino-truffe-noire\/"]}]},{"@type":"BreadcrumbList","@id":"https:\/\/www.erresse-shop.it\/fr\/shop\/petits-electromenagers\/machines-cafe\/manuels\/sage-the-bambino-truffe-noire\/#breadcrumb","itemListElement":[{"@type":"ListItem","position":1,"name":"Home","item":"https:\/\/www.erresse-shop.it\/fr\/"},{"@type":"ListItem","position":2,"name":"Shop","item":"https:\/\/www.erresse-shop.it\/fr\/shop\/"},{"@type":"ListItem","position":3,"name":"SAGE The Bambino Truffe Noire"}]},{"@type":"WebSite","@id":"https:\/\/www.erresse-shop.it\/fr\/#website","url":"https:\/\/www.erresse-shop.it\/fr\/","name":"Erresse Shop","description":"Articoli di qualit\u00e0 per la casa","potentialAction":[{"@type":"SearchAction","target":{"@type":"EntryPoint","urlTemplate":"https:\/\/www.erresse-shop.it\/fr\/?s={search_term_string}"},"query-input":"required name=search_term_string"}],"inLanguage":"fr-FR"}]}},"df_price":309.95,"df_sale_price":309.95,"df_regular_price":364.9,"df_image_link":"https:\/\/www.erresse-shop.it\/wp-content\/uploads\/2023\/02\/SAGE-The-Bambino-Tartufo-Nero-300x300.jpg","_links":{"self":[{"href":"https:\/\/www.erresse-shop.it\/fr\/wp-json\/wp\/v2\/product\/242325"}],"collection":[{"href":"https:\/\/www.erresse-shop.it\/fr\/wp-json\/wp\/v2\/product"}],"about":[{"href":"https:\/\/www.erresse-shop.it\/fr\/wp-json\/wp\/v2\/types\/product"}],"wp:featuredmedia":[{"embeddable":true,"href":"https:\/\/www.erresse-shop.it\/fr\/wp-json\/wp\/v2\/media\/479979"}],"wp:attachment":[{"href":"https:\/\/www.erresse-shop.it\/fr\/wp-json\/wp\/v2\/media?parent=242325"}],"wp:term":[{"taxonomy":"product_cat","embeddable":true,"href":"https:\/\/www.erresse-shop.it\/fr\/wp-json\/wp\/v2\/product_cat?post=242325"},{"taxonomy":"product_tag","embeddable":true,"href":"https:\/\/www.erresse-shop.it\/fr\/wp-json\/wp\/v2\/product_tag?post=242325"}],"curies":[{"name":"wp","href":"https:\/\/api.w.org\/{rel}","templated":true}]}}