{"id":240057,"date":"2023-02-17T14:39:07","date_gmt":"2023-02-17T14:39:13","guid":{"rendered":"https:\/\/www.erresse-shop.it\/?post_type=product&#038;p=240057"},"modified":"2025-06-29T15:18:05","modified_gmt":"2025-06-29T15:18:05","slug":"villeroy-boch-amazonia-grand-vase-305-cm","status":"publish","type":"product","link":"https:\/\/www.erresse-shop.it\/fr\/shop\/ameublement-maison\/vases-fr\/villeroy-boch-amazonia-grand-vase-305-cm\/","title":{"rendered":"VILLEROY &#038; BOCH Amazonia Grand Vase 30,5 cm"},"content":{"rendered":"<p><strong>Un objet ravissant qui n&#8217;est pas forc\u00e9ment r\u00e9serv\u00e9 \u00e0 la table dress\u00e9e<\/strong><br \/>\nQue ce soit en blanc pur ou avec des motifs g\u00e9om\u00e9triques en noir et or, toutes les pi\u00e8ces de la collection de vaisselle fine et de cadeaux MetroChic peuvent \u00eatre combin\u00e9es entre elles de mani\u00e8re in\u00e9dite. La porcelaine osseuse Premium particuli\u00e8rement durable transforme chaque table en une d\u00e9claration de style moderne d&#8217;une \u00e9l\u00e9gance intemporelle. D&#8217;une hauteur de 30 cm, le vase peut \u00e9galement contenir des fleurs \u00e0 longues tiges et vous ravira longtemps par ses d\u00e9corations brillantes gr\u00e2ce \u00e0 la technologie &#8220;Inglaze Gold&#8221;. Faites-vous plaisir avec ce design urbain ou faites plaisir aux autres avec cette id\u00e9e de cadeau exquise.<\/p>\n<p><strong>Mat\u00e9riau:<\/strong> porcelaine<br \/>\n<strong>Hauteur:\u00a0<\/strong>305mm<br \/>\n<strong>Diam\u00e8tre:<\/strong> 131mm<br \/>\n<strong>Lavable au lave-vaisselle:<\/strong> oui<br \/>\n<strong>Convient au micro-ondes:<\/strong> non<\/p>\n","protected":false},"excerpt":{"rendered":"<p>Un objet ravissant qui n&#8217;est pas forc\u00e9ment r\u00e9serv\u00e9 \u00e0 la table dress\u00e9e Que ce soit en blanc pur ou avec<\/p>\n","protected":false},"featured_media":474427,"template":"","meta":{"_acf_changed":false,"inline_featured_image":false},"product_cat":[12738,14422],"product_tag":[25026,22035,25021,13042,24603,13849],"acf":[],"yoast_head":"<!-- This site is optimized with the Yoast SEO Premium plugin v18.6 (Yoast SEO v19.13) - https:\/\/yoast.com\/wordpress\/plugins\/seo\/ -->\n<title>VILLEROY &amp; BOCH Amazonia Grand Vase 30,5 cm - Erresse Shop<\/title>\n<meta name=\"description\" content=\"Un objet ravissant qui n&#039;est pas forc\u00e9ment r\u00e9serv\u00e9 \u00e0 la table dress\u00e9e Que ce soit en blanc pur ou avec des motifs g\u00e9om\u00e9triques en noir et or, toutes les\" \/>\n<meta name=\"robots\" content=\"index, follow, max-snippet:-1, max-image-preview:large, max-video-preview:-1\" \/>\n<link rel=\"canonical\" href=\"https:\/\/www.erresse-shop.it\/fr\/shop\/ameublement-maison\/vases-fr\/villeroy-boch-amazonia-grand-vase-305-cm\/\" \/>\n<meta property=\"og:locale\" content=\"fr_FR\" \/>\n<meta property=\"og:type\" content=\"article\" \/>\n<meta property=\"og:title\" content=\"VILLEROY &amp; BOCH Amazonia Grand Vase 30,5 cm\" \/>\n<meta property=\"og:description\" content=\"Un objet ravissant qui n&#039;est pas forc\u00e9ment r\u00e9serv\u00e9 \u00e0 la table dress\u00e9e Que ce soit en blanc pur ou avec des motifs g\u00e9om\u00e9triques en noir et or, toutes les\" \/>\n<meta property=\"og:url\" content=\"https:\/\/www.erresse-shop.it\/fr\/shop\/ameublement-maison\/vases-fr\/villeroy-boch-amazonia-grand-vase-305-cm\/\" \/>\n<meta property=\"og:site_name\" content=\"Erresse Shop\" \/>\n<meta property=\"article:modified_time\" content=\"2025-06-29T15:18:05+00:00\" \/>\n<meta property=\"og:image\" content=\"https:\/\/www.erresse-shop.it\/wp-content\/uploads\/2023\/02\/VILLEROY-BOCH-Amazonia-Vaso-Alto-305-cm.jpg\" \/>\n\t<meta property=\"og:image:width\" content=\"800\" \/>\n\t<meta property=\"og:image:height\" content=\"800\" \/>\n\t<meta property=\"og:image:type\" content=\"image\/jpeg\" \/>\n<meta name=\"twitter:card\" content=\"summary_large_image\" \/>\n<script type=\"application\/ld+json\" class=\"yoast-schema-graph\">{\"@context\":\"https:\/\/schema.org\",\"@graph\":[{\"@type\":\"WebPage\",\"@id\":\"https:\/\/www.erresse-shop.it\/fr\/shop\/ameublement-maison\/vases-fr\/villeroy-boch-amazonia-grand-vase-305-cm\/\",\"url\":\"https:\/\/www.erresse-shop.it\/fr\/shop\/ameublement-maison\/vases-fr\/villeroy-boch-amazonia-grand-vase-305-cm\/\",\"name\":\"VILLEROY & BOCH Amazonia Grand Vase 30,5 cm - Erresse Shop\",\"isPartOf\":{\"@id\":\"https:\/\/www.erresse-shop.it\/fr\/#website\"},\"datePublished\":\"2023-02-17T14:39:13+00:00\",\"dateModified\":\"2025-06-29T15:18:05+00:00\",\"description\":\"Un objet ravissant qui n'est pas forc\u00e9ment r\u00e9serv\u00e9 \u00e0 la table dress\u00e9e Que ce soit en blanc pur ou avec des motifs g\u00e9om\u00e9triques en noir et or, toutes les\",\"breadcrumb\":{\"@id\":\"https:\/\/www.erresse-shop.it\/fr\/shop\/ameublement-maison\/vases-fr\/villeroy-boch-amazonia-grand-vase-305-cm\/#breadcrumb\"},\"inLanguage\":\"fr-FR\",\"potentialAction\":[{\"@type\":\"ReadAction\",\"target\":[\"https:\/\/www.erresse-shop.it\/fr\/shop\/ameublement-maison\/vases-fr\/villeroy-boch-amazonia-grand-vase-305-cm\/\"]}]},{\"@type\":\"BreadcrumbList\",\"@id\":\"https:\/\/www.erresse-shop.it\/fr\/shop\/ameublement-maison\/vases-fr\/villeroy-boch-amazonia-grand-vase-305-cm\/#breadcrumb\",\"itemListElement\":[{\"@type\":\"ListItem\",\"position\":1,\"name\":\"Home\",\"item\":\"https:\/\/www.erresse-shop.it\/fr\/\"},{\"@type\":\"ListItem\",\"position\":2,\"name\":\"Shop\",\"item\":\"https:\/\/www.erresse-shop.it\/fr\/shop\/\"},{\"@type\":\"ListItem\",\"position\":3,\"name\":\"VILLEROY &#038; BOCH Amazonia Grand Vase 30,5 cm\"}]},{\"@type\":\"WebSite\",\"@id\":\"https:\/\/www.erresse-shop.it\/fr\/#website\",\"url\":\"https:\/\/www.erresse-shop.it\/fr\/\",\"name\":\"Erresse Shop\",\"description\":\"Articoli di qualit\u00e0 per la casa\",\"potentialAction\":[{\"@type\":\"SearchAction\",\"target\":{\"@type\":\"EntryPoint\",\"urlTemplate\":\"https:\/\/www.erresse-shop.it\/fr\/?s={search_term_string}\"},\"query-input\":\"required name=search_term_string\"}],\"inLanguage\":\"fr-FR\"}]}<\/script>\n<!-- \/ Yoast SEO Premium plugin. -->","yoast_head_json":{"title":"VILLEROY & BOCH Amazonia Grand Vase 30,5 cm - Erresse Shop","description":"Un objet ravissant qui n'est pas forc\u00e9ment r\u00e9serv\u00e9 \u00e0 la table dress\u00e9e Que ce soit en blanc pur ou avec des motifs g\u00e9om\u00e9triques en noir et or, toutes les","robots":{"index":"index","follow":"follow","max-snippet":"max-snippet:-1","max-image-preview":"max-image-preview:large","max-video-preview":"max-video-preview:-1"},"canonical":"https:\/\/www.erresse-shop.it\/fr\/shop\/ameublement-maison\/vases-fr\/villeroy-boch-amazonia-grand-vase-305-cm\/","og_locale":"fr_FR","og_type":"article","og_title":"VILLEROY & BOCH Amazonia Grand Vase 30,5 cm","og_description":"Un objet ravissant qui n'est pas forc\u00e9ment r\u00e9serv\u00e9 \u00e0 la table dress\u00e9e Que ce soit en blanc pur ou avec des motifs g\u00e9om\u00e9triques en noir et or, toutes les","og_url":"https:\/\/www.erresse-shop.it\/fr\/shop\/ameublement-maison\/vases-fr\/villeroy-boch-amazonia-grand-vase-305-cm\/","og_site_name":"Erresse Shop","article_modified_time":"2025-06-29T15:18:05+00:00","og_image":[{"width":800,"height":800,"url":"https:\/\/www.erresse-shop.it\/wp-content\/uploads\/2023\/02\/VILLEROY-BOCH-Amazonia-Vaso-Alto-305-cm.jpg","type":"image\/jpeg"}],"twitter_card":"summary_large_image","schema":{"@context":"https:\/\/schema.org","@graph":[{"@type":"WebPage","@id":"https:\/\/www.erresse-shop.it\/fr\/shop\/ameublement-maison\/vases-fr\/villeroy-boch-amazonia-grand-vase-305-cm\/","url":"https:\/\/www.erresse-shop.it\/fr\/shop\/ameublement-maison\/vases-fr\/villeroy-boch-amazonia-grand-vase-305-cm\/","name":"VILLEROY & BOCH Amazonia Grand Vase 30,5 cm - Erresse Shop","isPartOf":{"@id":"https:\/\/www.erresse-shop.it\/fr\/#website"},"datePublished":"2023-02-17T14:39:13+00:00","dateModified":"2025-06-29T15:18:05+00:00","description":"Un objet ravissant qui n'est pas forc\u00e9ment r\u00e9serv\u00e9 \u00e0 la table dress\u00e9e Que ce soit en blanc pur ou avec des motifs g\u00e9om\u00e9triques en noir et or, toutes les","breadcrumb":{"@id":"https:\/\/www.erresse-shop.it\/fr\/shop\/ameublement-maison\/vases-fr\/villeroy-boch-amazonia-grand-vase-305-cm\/#breadcrumb"},"inLanguage":"fr-FR","potentialAction":[{"@type":"ReadAction","target":["https:\/\/www.erresse-shop.it\/fr\/shop\/ameublement-maison\/vases-fr\/villeroy-boch-amazonia-grand-vase-305-cm\/"]}]},{"@type":"BreadcrumbList","@id":"https:\/\/www.erresse-shop.it\/fr\/shop\/ameublement-maison\/vases-fr\/villeroy-boch-amazonia-grand-vase-305-cm\/#breadcrumb","itemListElement":[{"@type":"ListItem","position":1,"name":"Home","item":"https:\/\/www.erresse-shop.it\/fr\/"},{"@type":"ListItem","position":2,"name":"Shop","item":"https:\/\/www.erresse-shop.it\/fr\/shop\/"},{"@type":"ListItem","position":3,"name":"VILLEROY &#038; BOCH Amazonia Grand Vase 30,5 cm"}]},{"@type":"WebSite","@id":"https:\/\/www.erresse-shop.it\/fr\/#website","url":"https:\/\/www.erresse-shop.it\/fr\/","name":"Erresse Shop","description":"Articoli di qualit\u00e0 per la casa","potentialAction":[{"@type":"SearchAction","target":{"@type":"EntryPoint","urlTemplate":"https:\/\/www.erresse-shop.it\/fr\/?s={search_term_string}"},"query-input":"required name=search_term_string"}],"inLanguage":"fr-FR"}]}},"df_price":129.95,"df_sale_price":129.95,"df_regular_price":155,"df_image_link":"https:\/\/www.erresse-shop.it\/wp-content\/uploads\/2023\/02\/VILLEROY-BOCH-Amazonia-Vaso-Alto-305-cm-1-300x300.jpg","_links":{"self":[{"href":"https:\/\/www.erresse-shop.it\/fr\/wp-json\/wp\/v2\/product\/240057"}],"collection":[{"href":"https:\/\/www.erresse-shop.it\/fr\/wp-json\/wp\/v2\/product"}],"about":[{"href":"https:\/\/www.erresse-shop.it\/fr\/wp-json\/wp\/v2\/types\/product"}],"wp:featuredmedia":[{"embeddable":true,"href":"https:\/\/www.erresse-shop.it\/fr\/wp-json\/wp\/v2\/media\/474427"}],"wp:attachment":[{"href":"https:\/\/www.erresse-shop.it\/fr\/wp-json\/wp\/v2\/media?parent=240057"}],"wp:term":[{"taxonomy":"product_cat","embeddable":true,"href":"https:\/\/www.erresse-shop.it\/fr\/wp-json\/wp\/v2\/product_cat?post=240057"},{"taxonomy":"product_tag","embeddable":true,"href":"https:\/\/www.erresse-shop.it\/fr\/wp-json\/wp\/v2\/product_tag?post=240057"}],"curies":[{"name":"wp","href":"https:\/\/api.w.org\/{rel}","templated":true}]}}