{"id":240009,"date":"2023-02-17T14:19:59","date_gmt":"2023-02-17T14:20:05","guid":{"rendered":"https:\/\/www.erresse-shop.it\/?post_type=product&#038;p=240009"},"modified":"2024-11-02T16:05:05","modified_gmt":"2024-11-02T16:05:05","slug":"villeroy-boch-amazoni-bol-a-feuilles","status":"publish","type":"product","link":"https:\/\/www.erresse-shop.it\/fr\/shop\/table-fr-2\/recipients-et-bols\/villeroy-boch-amazoni-bol-a-feuilles\/","title":{"rendered":"VILLEROY &#038; BOCH Amazoni Bol \u00e0 Feuilles"},"content":{"rendered":"<p><strong>Un style exotique pour la maison<\/strong><br \/>\nAmazonia s&#8217;inspire de la flore et de la faune de l&#8217;Amazonie. Les motifs filiformes, les couleurs intenses et les accents dor\u00e9s cr\u00e9ent un aspect et une sensation presque tridimensionnels : myst\u00e9rieux, \u00e9poustouflant et extravagant. Le bol d\u00e9licatement incurv\u00e9, de forme oblongue et fabriqu\u00e9 en porcelaine osseuse de qualit\u00e9 sup\u00e9rieure, se pr\u00eate exceptionnellement bien \u00e0 de nombreuses occasions. Un bol parfait pour disposer des fruits ou des d\u00e9corations d&#8217;int\u00e9rieur. Apportez une touche exotique \u00e0 votre int\u00e9rieur.<\/p>\n<p><strong>Mat\u00e9riau:<\/strong> porcelaine bone premium<br \/>\n<strong>Volume:<\/strong> 1558ml<br \/>\n<strong>Lavable au lave-vaisselle:<\/strong> oui<br \/>\n<strong>Convient au micro-ondes:<\/strong> non<\/p>\n","protected":false},"excerpt":{"rendered":"<p>Un style exotique pour la maison Amazonia s&#8217;inspire de la flore et de la faune de l&#8217;Amazonie. Les motifs filiformes,<\/p>\n","protected":false},"featured_media":474695,"template":"","meta":{"_acf_changed":false,"inline_featured_image":false},"product_cat":[14244,12782],"product_tag":[22035,17857,21951,24603],"acf":[],"yoast_head":"<!-- This site is optimized with the Yoast SEO Premium plugin v18.6 (Yoast SEO v19.13) - https:\/\/yoast.com\/wordpress\/plugins\/seo\/ -->\n<title>VILLEROY &amp; BOCH Amazoni Bol \u00e0 Feuilles - Erresse Shop<\/title>\n<meta name=\"description\" content=\"Un style exotique pour la maison Amazonia s&#039;inspire de la flore et de la faune de l&#039;Amazonie. Les motifs filiformes, les couleurs intenses et les accents\" \/>\n<meta name=\"robots\" content=\"index, follow, max-snippet:-1, max-image-preview:large, max-video-preview:-1\" \/>\n<link rel=\"canonical\" href=\"https:\/\/www.erresse-shop.it\/fr\/shop\/table-fr-2\/recipients-et-bols\/villeroy-boch-amazoni-bol-a-feuilles\/\" \/>\n<meta property=\"og:locale\" content=\"fr_FR\" \/>\n<meta property=\"og:type\" content=\"article\" \/>\n<meta property=\"og:title\" content=\"VILLEROY &amp; BOCH Amazoni Bol \u00e0 Feuilles\" \/>\n<meta property=\"og:description\" content=\"Un style exotique pour la maison Amazonia s&#039;inspire de la flore et de la faune de l&#039;Amazonie. Les motifs filiformes, les couleurs intenses et les accents\" \/>\n<meta property=\"og:url\" content=\"https:\/\/www.erresse-shop.it\/fr\/shop\/table-fr-2\/recipients-et-bols\/villeroy-boch-amazoni-bol-a-feuilles\/\" \/>\n<meta property=\"og:site_name\" content=\"Erresse Shop\" \/>\n<meta property=\"article:modified_time\" content=\"2024-11-02T16:05:05+00:00\" \/>\n<meta property=\"og:image\" content=\"https:\/\/www.erresse-shop.it\/wp-content\/uploads\/2023\/02\/VILLEROY-BOCH-Amazonia-Ciotola-Foglia.jpg\" \/>\n\t<meta property=\"og:image:width\" content=\"800\" \/>\n\t<meta property=\"og:image:height\" content=\"800\" \/>\n\t<meta property=\"og:image:type\" content=\"image\/jpeg\" \/>\n<meta name=\"twitter:card\" content=\"summary_large_image\" \/>\n<script type=\"application\/ld+json\" class=\"yoast-schema-graph\">{\"@context\":\"https:\/\/schema.org\",\"@graph\":[{\"@type\":\"WebPage\",\"@id\":\"https:\/\/www.erresse-shop.it\/fr\/shop\/table-fr-2\/recipients-et-bols\/villeroy-boch-amazoni-bol-a-feuilles\/\",\"url\":\"https:\/\/www.erresse-shop.it\/fr\/shop\/table-fr-2\/recipients-et-bols\/villeroy-boch-amazoni-bol-a-feuilles\/\",\"name\":\"VILLEROY & BOCH Amazoni Bol \u00e0 Feuilles - Erresse Shop\",\"isPartOf\":{\"@id\":\"https:\/\/www.erresse-shop.it\/fr\/#website\"},\"datePublished\":\"2023-02-17T14:20:05+00:00\",\"dateModified\":\"2024-11-02T16:05:05+00:00\",\"description\":\"Un style exotique pour la maison Amazonia s'inspire de la flore et de la faune de l'Amazonie. Les motifs filiformes, les couleurs intenses et les accents\",\"breadcrumb\":{\"@id\":\"https:\/\/www.erresse-shop.it\/fr\/shop\/table-fr-2\/recipients-et-bols\/villeroy-boch-amazoni-bol-a-feuilles\/#breadcrumb\"},\"inLanguage\":\"fr-FR\",\"potentialAction\":[{\"@type\":\"ReadAction\",\"target\":[\"https:\/\/www.erresse-shop.it\/fr\/shop\/table-fr-2\/recipients-et-bols\/villeroy-boch-amazoni-bol-a-feuilles\/\"]}]},{\"@type\":\"BreadcrumbList\",\"@id\":\"https:\/\/www.erresse-shop.it\/fr\/shop\/table-fr-2\/recipients-et-bols\/villeroy-boch-amazoni-bol-a-feuilles\/#breadcrumb\",\"itemListElement\":[{\"@type\":\"ListItem\",\"position\":1,\"name\":\"Home\",\"item\":\"https:\/\/www.erresse-shop.it\/fr\/\"},{\"@type\":\"ListItem\",\"position\":2,\"name\":\"Shop\",\"item\":\"https:\/\/www.erresse-shop.it\/fr\/shop\/\"},{\"@type\":\"ListItem\",\"position\":3,\"name\":\"VILLEROY &#038; BOCH Amazoni Bol \u00e0 Feuilles\"}]},{\"@type\":\"WebSite\",\"@id\":\"https:\/\/www.erresse-shop.it\/fr\/#website\",\"url\":\"https:\/\/www.erresse-shop.it\/fr\/\",\"name\":\"Erresse Shop\",\"description\":\"Articoli di qualit\u00e0 per la casa\",\"potentialAction\":[{\"@type\":\"SearchAction\",\"target\":{\"@type\":\"EntryPoint\",\"urlTemplate\":\"https:\/\/www.erresse-shop.it\/fr\/?s={search_term_string}\"},\"query-input\":\"required name=search_term_string\"}],\"inLanguage\":\"fr-FR\"}]}<\/script>\n<!-- \/ Yoast SEO Premium plugin. -->","yoast_head_json":{"title":"VILLEROY & BOCH Amazoni Bol \u00e0 Feuilles - Erresse Shop","description":"Un style exotique pour la maison Amazonia s'inspire de la flore et de la faune de l'Amazonie. Les motifs filiformes, les couleurs intenses et les accents","robots":{"index":"index","follow":"follow","max-snippet":"max-snippet:-1","max-image-preview":"max-image-preview:large","max-video-preview":"max-video-preview:-1"},"canonical":"https:\/\/www.erresse-shop.it\/fr\/shop\/table-fr-2\/recipients-et-bols\/villeroy-boch-amazoni-bol-a-feuilles\/","og_locale":"fr_FR","og_type":"article","og_title":"VILLEROY & BOCH Amazoni Bol \u00e0 Feuilles","og_description":"Un style exotique pour la maison Amazonia s'inspire de la flore et de la faune de l'Amazonie. Les motifs filiformes, les couleurs intenses et les accents","og_url":"https:\/\/www.erresse-shop.it\/fr\/shop\/table-fr-2\/recipients-et-bols\/villeroy-boch-amazoni-bol-a-feuilles\/","og_site_name":"Erresse Shop","article_modified_time":"2024-11-02T16:05:05+00:00","og_image":[{"width":800,"height":800,"url":"https:\/\/www.erresse-shop.it\/wp-content\/uploads\/2023\/02\/VILLEROY-BOCH-Amazonia-Ciotola-Foglia.jpg","type":"image\/jpeg"}],"twitter_card":"summary_large_image","schema":{"@context":"https:\/\/schema.org","@graph":[{"@type":"WebPage","@id":"https:\/\/www.erresse-shop.it\/fr\/shop\/table-fr-2\/recipients-et-bols\/villeroy-boch-amazoni-bol-a-feuilles\/","url":"https:\/\/www.erresse-shop.it\/fr\/shop\/table-fr-2\/recipients-et-bols\/villeroy-boch-amazoni-bol-a-feuilles\/","name":"VILLEROY & BOCH Amazoni Bol \u00e0 Feuilles - Erresse Shop","isPartOf":{"@id":"https:\/\/www.erresse-shop.it\/fr\/#website"},"datePublished":"2023-02-17T14:20:05+00:00","dateModified":"2024-11-02T16:05:05+00:00","description":"Un style exotique pour la maison Amazonia s'inspire de la flore et de la faune de l'Amazonie. Les motifs filiformes, les couleurs intenses et les accents","breadcrumb":{"@id":"https:\/\/www.erresse-shop.it\/fr\/shop\/table-fr-2\/recipients-et-bols\/villeroy-boch-amazoni-bol-a-feuilles\/#breadcrumb"},"inLanguage":"fr-FR","potentialAction":[{"@type":"ReadAction","target":["https:\/\/www.erresse-shop.it\/fr\/shop\/table-fr-2\/recipients-et-bols\/villeroy-boch-amazoni-bol-a-feuilles\/"]}]},{"@type":"BreadcrumbList","@id":"https:\/\/www.erresse-shop.it\/fr\/shop\/table-fr-2\/recipients-et-bols\/villeroy-boch-amazoni-bol-a-feuilles\/#breadcrumb","itemListElement":[{"@type":"ListItem","position":1,"name":"Home","item":"https:\/\/www.erresse-shop.it\/fr\/"},{"@type":"ListItem","position":2,"name":"Shop","item":"https:\/\/www.erresse-shop.it\/fr\/shop\/"},{"@type":"ListItem","position":3,"name":"VILLEROY &#038; BOCH Amazoni Bol \u00e0 Feuilles"}]},{"@type":"WebSite","@id":"https:\/\/www.erresse-shop.it\/fr\/#website","url":"https:\/\/www.erresse-shop.it\/fr\/","name":"Erresse Shop","description":"Articoli di qualit\u00e0 per la casa","potentialAction":[{"@type":"SearchAction","target":{"@type":"EntryPoint","urlTemplate":"https:\/\/www.erresse-shop.it\/fr\/?s={search_term_string}"},"query-input":"required name=search_term_string"}],"inLanguage":"fr-FR"}]}},"df_price":129.5,"df_sale_price":129.5,"df_regular_price":259,"df_image_link":"https:\/\/www.erresse-shop.it\/wp-content\/uploads\/2023\/02\/VILLEROY-BOCH-Amazonia-Ciotola-Foglia-1-300x300.jpg","_links":{"self":[{"href":"https:\/\/www.erresse-shop.it\/fr\/wp-json\/wp\/v2\/product\/240009"}],"collection":[{"href":"https:\/\/www.erresse-shop.it\/fr\/wp-json\/wp\/v2\/product"}],"about":[{"href":"https:\/\/www.erresse-shop.it\/fr\/wp-json\/wp\/v2\/types\/product"}],"wp:featuredmedia":[{"embeddable":true,"href":"https:\/\/www.erresse-shop.it\/fr\/wp-json\/wp\/v2\/media\/474695"}],"wp:attachment":[{"href":"https:\/\/www.erresse-shop.it\/fr\/wp-json\/wp\/v2\/media?parent=240009"}],"wp:term":[{"taxonomy":"product_cat","embeddable":true,"href":"https:\/\/www.erresse-shop.it\/fr\/wp-json\/wp\/v2\/product_cat?post=240009"},{"taxonomy":"product_tag","embeddable":true,"href":"https:\/\/www.erresse-shop.it\/fr\/wp-json\/wp\/v2\/product_tag?post=240009"}],"curies":[{"name":"wp","href":"https:\/\/api.w.org\/{rel}","templated":true}]}}