{"id":239960,"date":"2023-02-17T14:10:23","date_gmt":"2023-02-17T14:10:29","guid":{"rendered":"https:\/\/www.erresse-shop.it\/?post_type=product&#038;p=239960"},"modified":"2023-02-21T08:00:27","modified_gmt":"2023-02-21T08:00:27","slug":"villeroy-boch-amazonia-boite-en-porcelaine","status":"publish","type":"product","link":"https:\/\/www.erresse-shop.it\/fr\/shop\/ameublement-maison\/objets-de-decoration\/villeroy-boch-amazonia-boite-en-porcelaine\/","title":{"rendered":"VILLEROY &#038; BOCH Amazonia Bo\u00eete en porcelaine"},"content":{"rendered":"<p><strong>Polyvalence et beaut\u00e9 des formes<\/strong><br \/>\nDe magnifiques orchid\u00e9es, des colibris enchanteurs et des papillons color\u00e9s tout droit sortis de la for\u00eat tropicale &#8211; avec la collection de vaisselle et d&#8217;articles cadeaux Amazonia, vous pouvez suivre les traces de l&#8217;explorateur Alexander von Humboldt. Chaque article est un accroche-regard exclusif en porcelaine osseuse de qualit\u00e9 sup\u00e9rieure qui vous invite \u00e0 un voyage de d\u00e9couverte de la vraie beaut\u00e9 de la nature. Le pot en porcelaine assorti compl\u00e8te votre table joliment dress\u00e9e et devient un accessoire polyvalent pour de nombreuses occasions. Embarquez pour une exp\u00e9dition \u00e0 la recherche de style avec une d\u00e9coration florale.<\/p>\n<p><strong>Mat\u00e9riau:<\/strong> porcelaine bone premium<br \/>\n<strong>Volume:<\/strong> 800ml<br \/>\n<strong>Lavable au lave-vaisselle:<\/strong> oui<br \/>\n<strong>Convient au micro-ondes:<\/strong> non<\/p>\n","protected":false},"excerpt":{"rendered":"<p>Polyvalence et beaut\u00e9 des formes De magnifiques orchid\u00e9es, des colibris enchanteurs et des papillons color\u00e9s tout droit sortis de la<\/p>\n","protected":false},"featured_media":474626,"template":"","meta":{"_acf_changed":false,"inline_featured_image":false},"product_cat":[12738,14441],"product_tag":[25026,22035,18275,22029,25021,13042,24603],"acf":[],"yoast_head":"<!-- This site is optimized with the Yoast SEO Premium plugin v18.6 (Yoast SEO v19.13) - https:\/\/yoast.com\/wordpress\/plugins\/seo\/ -->\n<title>VILLEROY &amp; BOCH Amazonia Bo\u00eete en porcelaine - Erresse Shop<\/title>\n<meta name=\"description\" content=\"Polyvalence et beaut\u00e9 des formes De magnifiques orchid\u00e9es, des colibris enchanteurs et des papillons color\u00e9s tout droit sortis de la for\u00eat tropicale -\" \/>\n<meta name=\"robots\" content=\"index, follow, max-snippet:-1, max-image-preview:large, max-video-preview:-1\" \/>\n<link rel=\"canonical\" href=\"https:\/\/www.erresse-shop.it\/fr\/shop\/ameublement-maison\/objets-de-decoration\/villeroy-boch-amazonia-boite-en-porcelaine\/\" \/>\n<meta property=\"og:locale\" content=\"fr_FR\" \/>\n<meta property=\"og:type\" content=\"article\" \/>\n<meta property=\"og:title\" content=\"VILLEROY &amp; BOCH Amazonia Bo\u00eete en porcelaine\" \/>\n<meta property=\"og:description\" content=\"Polyvalence et beaut\u00e9 des formes De magnifiques orchid\u00e9es, des colibris enchanteurs et des papillons color\u00e9s tout droit sortis de la for\u00eat tropicale -\" \/>\n<meta property=\"og:url\" content=\"https:\/\/www.erresse-shop.it\/fr\/shop\/ameublement-maison\/objets-de-decoration\/villeroy-boch-amazonia-boite-en-porcelaine\/\" \/>\n<meta property=\"og:site_name\" content=\"Erresse Shop\" \/>\n<meta property=\"article:modified_time\" content=\"2023-02-21T08:00:27+00:00\" \/>\n<meta property=\"og:image\" content=\"https:\/\/www.erresse-shop.it\/wp-content\/uploads\/2023\/02\/VILLEROY-BOCH-Amazonia-Scatola-di-Porcellana.jpg\" \/>\n\t<meta property=\"og:image:width\" content=\"800\" \/>\n\t<meta property=\"og:image:height\" content=\"800\" \/>\n\t<meta property=\"og:image:type\" content=\"image\/jpeg\" \/>\n<meta name=\"twitter:card\" content=\"summary_large_image\" \/>\n<script type=\"application\/ld+json\" class=\"yoast-schema-graph\">{\"@context\":\"https:\/\/schema.org\",\"@graph\":[{\"@type\":\"WebPage\",\"@id\":\"https:\/\/www.erresse-shop.it\/fr\/shop\/ameublement-maison\/objets-de-decoration\/villeroy-boch-amazonia-boite-en-porcelaine\/\",\"url\":\"https:\/\/www.erresse-shop.it\/fr\/shop\/ameublement-maison\/objets-de-decoration\/villeroy-boch-amazonia-boite-en-porcelaine\/\",\"name\":\"VILLEROY & BOCH Amazonia Bo\u00eete en porcelaine - Erresse Shop\",\"isPartOf\":{\"@id\":\"https:\/\/www.erresse-shop.it\/fr\/#website\"},\"datePublished\":\"2023-02-17T14:10:29+00:00\",\"dateModified\":\"2023-02-21T08:00:27+00:00\",\"description\":\"Polyvalence et beaut\u00e9 des formes De magnifiques orchid\u00e9es, des colibris enchanteurs et des papillons color\u00e9s tout droit sortis de la for\u00eat tropicale -\",\"breadcrumb\":{\"@id\":\"https:\/\/www.erresse-shop.it\/fr\/shop\/ameublement-maison\/objets-de-decoration\/villeroy-boch-amazonia-boite-en-porcelaine\/#breadcrumb\"},\"inLanguage\":\"fr-FR\",\"potentialAction\":[{\"@type\":\"ReadAction\",\"target\":[\"https:\/\/www.erresse-shop.it\/fr\/shop\/ameublement-maison\/objets-de-decoration\/villeroy-boch-amazonia-boite-en-porcelaine\/\"]}]},{\"@type\":\"BreadcrumbList\",\"@id\":\"https:\/\/www.erresse-shop.it\/fr\/shop\/ameublement-maison\/objets-de-decoration\/villeroy-boch-amazonia-boite-en-porcelaine\/#breadcrumb\",\"itemListElement\":[{\"@type\":\"ListItem\",\"position\":1,\"name\":\"Home\",\"item\":\"https:\/\/www.erresse-shop.it\/fr\/\"},{\"@type\":\"ListItem\",\"position\":2,\"name\":\"Shop\",\"item\":\"https:\/\/www.erresse-shop.it\/fr\/shop\/\"},{\"@type\":\"ListItem\",\"position\":3,\"name\":\"VILLEROY &#038; BOCH Amazonia Bo\u00eete en porcelaine\"}]},{\"@type\":\"WebSite\",\"@id\":\"https:\/\/www.erresse-shop.it\/fr\/#website\",\"url\":\"https:\/\/www.erresse-shop.it\/fr\/\",\"name\":\"Erresse Shop\",\"description\":\"Articoli di qualit\u00e0 per la casa\",\"potentialAction\":[{\"@type\":\"SearchAction\",\"target\":{\"@type\":\"EntryPoint\",\"urlTemplate\":\"https:\/\/www.erresse-shop.it\/fr\/?s={search_term_string}\"},\"query-input\":\"required name=search_term_string\"}],\"inLanguage\":\"fr-FR\"}]}<\/script>\n<!-- \/ Yoast SEO Premium plugin. -->","yoast_head_json":{"title":"VILLEROY & BOCH Amazonia Bo\u00eete en porcelaine - Erresse Shop","description":"Polyvalence et beaut\u00e9 des formes De magnifiques orchid\u00e9es, des colibris enchanteurs et des papillons color\u00e9s tout droit sortis de la for\u00eat tropicale -","robots":{"index":"index","follow":"follow","max-snippet":"max-snippet:-1","max-image-preview":"max-image-preview:large","max-video-preview":"max-video-preview:-1"},"canonical":"https:\/\/www.erresse-shop.it\/fr\/shop\/ameublement-maison\/objets-de-decoration\/villeroy-boch-amazonia-boite-en-porcelaine\/","og_locale":"fr_FR","og_type":"article","og_title":"VILLEROY & BOCH Amazonia Bo\u00eete en porcelaine","og_description":"Polyvalence et beaut\u00e9 des formes De magnifiques orchid\u00e9es, des colibris enchanteurs et des papillons color\u00e9s tout droit sortis de la for\u00eat tropicale -","og_url":"https:\/\/www.erresse-shop.it\/fr\/shop\/ameublement-maison\/objets-de-decoration\/villeroy-boch-amazonia-boite-en-porcelaine\/","og_site_name":"Erresse Shop","article_modified_time":"2023-02-21T08:00:27+00:00","og_image":[{"width":800,"height":800,"url":"https:\/\/www.erresse-shop.it\/wp-content\/uploads\/2023\/02\/VILLEROY-BOCH-Amazonia-Scatola-di-Porcellana.jpg","type":"image\/jpeg"}],"twitter_card":"summary_large_image","schema":{"@context":"https:\/\/schema.org","@graph":[{"@type":"WebPage","@id":"https:\/\/www.erresse-shop.it\/fr\/shop\/ameublement-maison\/objets-de-decoration\/villeroy-boch-amazonia-boite-en-porcelaine\/","url":"https:\/\/www.erresse-shop.it\/fr\/shop\/ameublement-maison\/objets-de-decoration\/villeroy-boch-amazonia-boite-en-porcelaine\/","name":"VILLEROY & BOCH Amazonia Bo\u00eete en porcelaine - Erresse Shop","isPartOf":{"@id":"https:\/\/www.erresse-shop.it\/fr\/#website"},"datePublished":"2023-02-17T14:10:29+00:00","dateModified":"2023-02-21T08:00:27+00:00","description":"Polyvalence et beaut\u00e9 des formes De magnifiques orchid\u00e9es, des colibris enchanteurs et des papillons color\u00e9s tout droit sortis de la for\u00eat tropicale -","breadcrumb":{"@id":"https:\/\/www.erresse-shop.it\/fr\/shop\/ameublement-maison\/objets-de-decoration\/villeroy-boch-amazonia-boite-en-porcelaine\/#breadcrumb"},"inLanguage":"fr-FR","potentialAction":[{"@type":"ReadAction","target":["https:\/\/www.erresse-shop.it\/fr\/shop\/ameublement-maison\/objets-de-decoration\/villeroy-boch-amazonia-boite-en-porcelaine\/"]}]},{"@type":"BreadcrumbList","@id":"https:\/\/www.erresse-shop.it\/fr\/shop\/ameublement-maison\/objets-de-decoration\/villeroy-boch-amazonia-boite-en-porcelaine\/#breadcrumb","itemListElement":[{"@type":"ListItem","position":1,"name":"Home","item":"https:\/\/www.erresse-shop.it\/fr\/"},{"@type":"ListItem","position":2,"name":"Shop","item":"https:\/\/www.erresse-shop.it\/fr\/shop\/"},{"@type":"ListItem","position":3,"name":"VILLEROY &#038; BOCH Amazonia Bo\u00eete en porcelaine"}]},{"@type":"WebSite","@id":"https:\/\/www.erresse-shop.it\/fr\/#website","url":"https:\/\/www.erresse-shop.it\/fr\/","name":"Erresse Shop","description":"Articoli di qualit\u00e0 per la casa","potentialAction":[{"@type":"SearchAction","target":{"@type":"EntryPoint","urlTemplate":"https:\/\/www.erresse-shop.it\/fr\/?s={search_term_string}"},"query-input":"required name=search_term_string"}],"inLanguage":"fr-FR"}]}},"df_price":37.45,"df_sale_price":37.45,"df_regular_price":74.9,"df_image_link":"https:\/\/www.erresse-shop.it\/wp-content\/uploads\/2023\/02\/VILLEROY-BOCH-Amazonia-Scatola-di-Porcellana-1-300x300.jpg","_links":{"self":[{"href":"https:\/\/www.erresse-shop.it\/fr\/wp-json\/wp\/v2\/product\/239960"}],"collection":[{"href":"https:\/\/www.erresse-shop.it\/fr\/wp-json\/wp\/v2\/product"}],"about":[{"href":"https:\/\/www.erresse-shop.it\/fr\/wp-json\/wp\/v2\/types\/product"}],"wp:featuredmedia":[{"embeddable":true,"href":"https:\/\/www.erresse-shop.it\/fr\/wp-json\/wp\/v2\/media\/474626"}],"wp:attachment":[{"href":"https:\/\/www.erresse-shop.it\/fr\/wp-json\/wp\/v2\/media?parent=239960"}],"wp:term":[{"taxonomy":"product_cat","embeddable":true,"href":"https:\/\/www.erresse-shop.it\/fr\/wp-json\/wp\/v2\/product_cat?post=239960"},{"taxonomy":"product_tag","embeddable":true,"href":"https:\/\/www.erresse-shop.it\/fr\/wp-json\/wp\/v2\/product_tag?post=239960"}],"curies":[{"name":"wp","href":"https:\/\/api.w.org\/{rel}","templated":true}]}}