{"id":239942,"date":"2023-02-17T14:05:59","date_gmt":"2023-02-17T14:06:05","guid":{"rendered":"https:\/\/www.erresse-shop.it\/?post_type=product&#038;p=239942"},"modified":"2023-02-21T07:55:21","modified_gmt":"2023-02-21T07:55:21","slug":"villeroy-boch-amazonia-assiette-decorative-28x21-cm","status":"publish","type":"product","link":"https:\/\/www.erresse-shop.it\/fr\/shop\/table-fr-2\/plats\/plats-de-service\/villeroy-boch-amazonia-assiette-decorative-28x21-cm\/","title":{"rendered":"VILLEROY &#038; BOCH Amazonia Assiette D\u00e9corative 28&#215;21 cm"},"content":{"rendered":"<p><strong>Koe suunnittelu uudella tavalla<\/strong><br \/>\nUpeat orkideat, maagiset kolibrit ja v\u00e4rikk\u00e4\u00e4t perhoset suoraan trooppisesta sademets\u00e4st\u00e4. T\u00e4m\u00e4 tyylik\u00e4s koristeellinen kulho on t\u00e4ydellinen paikka erilaisten pienten esineiden s\u00e4ilytt\u00e4miseen. Koe sademets\u00e4n kukkien taika kotona Villeroy &amp; Bochin kanssa.<\/p>\n<p><strong>Mat\u00e9riau:<\/strong> porcelaine bone premium<br \/>\n<strong>Dimensions:<\/strong> 280x210mm<br \/>\n<strong>Lavable au lave-vaisselle:<\/strong> oui<br \/>\n<strong>Convient au micro-ondes:<\/strong> non<\/p>\n","protected":false},"excerpt":{"rendered":"<p>Koe suunnittelu uudella tavalla Upeat orkideat, maagiset kolibrit ja v\u00e4rikk\u00e4\u00e4t perhoset suoraan trooppisesta sademets\u00e4st\u00e4. T\u00e4m\u00e4 tyylik\u00e4s koristeellinen kulho on t\u00e4ydellinen<\/p>\n","protected":false},"featured_media":508395,"template":"","meta":{"_acf_changed":false,"inline_featured_image":false},"product_cat":[12789,12782],"product_tag":[22035,13169,21957,14261,21958,19357,24603],"acf":[],"yoast_head":"<!-- This site is optimized with the Yoast SEO Premium plugin v18.6 (Yoast SEO v19.13) - https:\/\/yoast.com\/wordpress\/plugins\/seo\/ -->\n<title>VILLEROY &amp; BOCH Amazonia Assiette D\u00e9corative 28x21 cm - Erresse Shop<\/title>\n<meta name=\"description\" content=\"Koe suunnittelu uudella tavalla Upeat orkideat, maagiset kolibrit ja v\u00e4rikk\u00e4\u00e4t perhoset suoraan trooppisesta sademets\u00e4st\u00e4. T\u00e4m\u00e4 tyylik\u00e4s koristeellinen\" \/>\n<meta name=\"robots\" content=\"index, follow, max-snippet:-1, max-image-preview:large, max-video-preview:-1\" \/>\n<link rel=\"canonical\" href=\"https:\/\/www.erresse-shop.it\/fr\/shop\/table-fr-2\/plats\/plats-de-service\/villeroy-boch-amazonia-assiette-decorative-28x21-cm\/\" \/>\n<meta property=\"og:locale\" content=\"fr_FR\" \/>\n<meta property=\"og:type\" content=\"article\" \/>\n<meta property=\"og:title\" content=\"VILLEROY &amp; BOCH Amazonia Assiette D\u00e9corative 28x21 cm\" \/>\n<meta property=\"og:description\" content=\"Koe suunnittelu uudella tavalla Upeat orkideat, maagiset kolibrit ja v\u00e4rikk\u00e4\u00e4t perhoset suoraan trooppisesta sademets\u00e4st\u00e4. T\u00e4m\u00e4 tyylik\u00e4s koristeellinen\" \/>\n<meta property=\"og:url\" content=\"https:\/\/www.erresse-shop.it\/fr\/shop\/table-fr-2\/plats\/plats-de-service\/villeroy-boch-amazonia-assiette-decorative-28x21-cm\/\" \/>\n<meta property=\"og:site_name\" content=\"Erresse Shop\" \/>\n<meta property=\"article:modified_time\" content=\"2023-02-21T07:55:21+00:00\" \/>\n<meta property=\"og:image\" content=\"https:\/\/www.erresse-shop.it\/wp-content\/uploads\/2023\/02\/VILLEROY-BOCH-Amazonia-Piatto-Decorativo-28x21-cm-.jpg\" \/>\n\t<meta property=\"og:image:width\" content=\"800\" \/>\n\t<meta property=\"og:image:height\" content=\"800\" \/>\n\t<meta property=\"og:image:type\" content=\"image\/jpeg\" \/>\n<meta name=\"twitter:card\" content=\"summary_large_image\" \/>\n<script type=\"application\/ld+json\" class=\"yoast-schema-graph\">{\"@context\":\"https:\/\/schema.org\",\"@graph\":[{\"@type\":\"WebPage\",\"@id\":\"https:\/\/www.erresse-shop.it\/fr\/shop\/table-fr-2\/plats\/plats-de-service\/villeroy-boch-amazonia-assiette-decorative-28x21-cm\/\",\"url\":\"https:\/\/www.erresse-shop.it\/fr\/shop\/table-fr-2\/plats\/plats-de-service\/villeroy-boch-amazonia-assiette-decorative-28x21-cm\/\",\"name\":\"VILLEROY & BOCH Amazonia Assiette D\u00e9corative 28x21 cm - Erresse Shop\",\"isPartOf\":{\"@id\":\"https:\/\/www.erresse-shop.it\/fr\/#website\"},\"datePublished\":\"2023-02-17T14:06:05+00:00\",\"dateModified\":\"2023-02-21T07:55:21+00:00\",\"description\":\"Koe suunnittelu uudella tavalla Upeat orkideat, maagiset kolibrit ja v\u00e4rikk\u00e4\u00e4t perhoset suoraan trooppisesta sademets\u00e4st\u00e4. T\u00e4m\u00e4 tyylik\u00e4s koristeellinen\",\"breadcrumb\":{\"@id\":\"https:\/\/www.erresse-shop.it\/fr\/shop\/table-fr-2\/plats\/plats-de-service\/villeroy-boch-amazonia-assiette-decorative-28x21-cm\/#breadcrumb\"},\"inLanguage\":\"fr-FR\",\"potentialAction\":[{\"@type\":\"ReadAction\",\"target\":[\"https:\/\/www.erresse-shop.it\/fr\/shop\/table-fr-2\/plats\/plats-de-service\/villeroy-boch-amazonia-assiette-decorative-28x21-cm\/\"]}]},{\"@type\":\"BreadcrumbList\",\"@id\":\"https:\/\/www.erresse-shop.it\/fr\/shop\/table-fr-2\/plats\/plats-de-service\/villeroy-boch-amazonia-assiette-decorative-28x21-cm\/#breadcrumb\",\"itemListElement\":[{\"@type\":\"ListItem\",\"position\":1,\"name\":\"Home\",\"item\":\"https:\/\/www.erresse-shop.it\/fr\/\"},{\"@type\":\"ListItem\",\"position\":2,\"name\":\"Shop\",\"item\":\"https:\/\/www.erresse-shop.it\/fr\/shop\/\"},{\"@type\":\"ListItem\",\"position\":3,\"name\":\"VILLEROY &#038; BOCH Amazonia Assiette D\u00e9corative 28&#215;21 cm\"}]},{\"@type\":\"WebSite\",\"@id\":\"https:\/\/www.erresse-shop.it\/fr\/#website\",\"url\":\"https:\/\/www.erresse-shop.it\/fr\/\",\"name\":\"Erresse Shop\",\"description\":\"Articoli di qualit\u00e0 per la casa\",\"potentialAction\":[{\"@type\":\"SearchAction\",\"target\":{\"@type\":\"EntryPoint\",\"urlTemplate\":\"https:\/\/www.erresse-shop.it\/fr\/?s={search_term_string}\"},\"query-input\":\"required name=search_term_string\"}],\"inLanguage\":\"fr-FR\"}]}<\/script>\n<!-- \/ Yoast SEO Premium plugin. -->","yoast_head_json":{"title":"VILLEROY & BOCH Amazonia Assiette D\u00e9corative 28x21 cm - Erresse Shop","description":"Koe suunnittelu uudella tavalla Upeat orkideat, maagiset kolibrit ja v\u00e4rikk\u00e4\u00e4t perhoset suoraan trooppisesta sademets\u00e4st\u00e4. T\u00e4m\u00e4 tyylik\u00e4s koristeellinen","robots":{"index":"index","follow":"follow","max-snippet":"max-snippet:-1","max-image-preview":"max-image-preview:large","max-video-preview":"max-video-preview:-1"},"canonical":"https:\/\/www.erresse-shop.it\/fr\/shop\/table-fr-2\/plats\/plats-de-service\/villeroy-boch-amazonia-assiette-decorative-28x21-cm\/","og_locale":"fr_FR","og_type":"article","og_title":"VILLEROY & BOCH Amazonia Assiette D\u00e9corative 28x21 cm","og_description":"Koe suunnittelu uudella tavalla Upeat orkideat, maagiset kolibrit ja v\u00e4rikk\u00e4\u00e4t perhoset suoraan trooppisesta sademets\u00e4st\u00e4. T\u00e4m\u00e4 tyylik\u00e4s koristeellinen","og_url":"https:\/\/www.erresse-shop.it\/fr\/shop\/table-fr-2\/plats\/plats-de-service\/villeroy-boch-amazonia-assiette-decorative-28x21-cm\/","og_site_name":"Erresse Shop","article_modified_time":"2023-02-21T07:55:21+00:00","og_image":[{"width":800,"height":800,"url":"https:\/\/www.erresse-shop.it\/wp-content\/uploads\/2023\/02\/VILLEROY-BOCH-Amazonia-Piatto-Decorativo-28x21-cm-.jpg","type":"image\/jpeg"}],"twitter_card":"summary_large_image","schema":{"@context":"https:\/\/schema.org","@graph":[{"@type":"WebPage","@id":"https:\/\/www.erresse-shop.it\/fr\/shop\/table-fr-2\/plats\/plats-de-service\/villeroy-boch-amazonia-assiette-decorative-28x21-cm\/","url":"https:\/\/www.erresse-shop.it\/fr\/shop\/table-fr-2\/plats\/plats-de-service\/villeroy-boch-amazonia-assiette-decorative-28x21-cm\/","name":"VILLEROY & BOCH Amazonia Assiette D\u00e9corative 28x21 cm - Erresse Shop","isPartOf":{"@id":"https:\/\/www.erresse-shop.it\/fr\/#website"},"datePublished":"2023-02-17T14:06:05+00:00","dateModified":"2023-02-21T07:55:21+00:00","description":"Koe suunnittelu uudella tavalla Upeat orkideat, maagiset kolibrit ja v\u00e4rikk\u00e4\u00e4t perhoset suoraan trooppisesta sademets\u00e4st\u00e4. T\u00e4m\u00e4 tyylik\u00e4s koristeellinen","breadcrumb":{"@id":"https:\/\/www.erresse-shop.it\/fr\/shop\/table-fr-2\/plats\/plats-de-service\/villeroy-boch-amazonia-assiette-decorative-28x21-cm\/#breadcrumb"},"inLanguage":"fr-FR","potentialAction":[{"@type":"ReadAction","target":["https:\/\/www.erresse-shop.it\/fr\/shop\/table-fr-2\/plats\/plats-de-service\/villeroy-boch-amazonia-assiette-decorative-28x21-cm\/"]}]},{"@type":"BreadcrumbList","@id":"https:\/\/www.erresse-shop.it\/fr\/shop\/table-fr-2\/plats\/plats-de-service\/villeroy-boch-amazonia-assiette-decorative-28x21-cm\/#breadcrumb","itemListElement":[{"@type":"ListItem","position":1,"name":"Home","item":"https:\/\/www.erresse-shop.it\/fr\/"},{"@type":"ListItem","position":2,"name":"Shop","item":"https:\/\/www.erresse-shop.it\/fr\/shop\/"},{"@type":"ListItem","position":3,"name":"VILLEROY &#038; BOCH Amazonia Assiette D\u00e9corative 28&#215;21 cm"}]},{"@type":"WebSite","@id":"https:\/\/www.erresse-shop.it\/fr\/#website","url":"https:\/\/www.erresse-shop.it\/fr\/","name":"Erresse Shop","description":"Articoli di qualit\u00e0 per la casa","potentialAction":[{"@type":"SearchAction","target":{"@type":"EntryPoint","urlTemplate":"https:\/\/www.erresse-shop.it\/fr\/?s={search_term_string}"},"query-input":"required name=search_term_string"}],"inLanguage":"fr-FR"}]}},"df_price":92,"df_sale_price":92,"df_regular_price":109,"df_image_link":"https:\/\/www.erresse-shop.it\/wp-content\/uploads\/2023\/02\/VILLEROY-BOCH-Amazonia-Piatto-Decorativo-28-cm-300x300.jpg","_links":{"self":[{"href":"https:\/\/www.erresse-shop.it\/fr\/wp-json\/wp\/v2\/product\/239942"}],"collection":[{"href":"https:\/\/www.erresse-shop.it\/fr\/wp-json\/wp\/v2\/product"}],"about":[{"href":"https:\/\/www.erresse-shop.it\/fr\/wp-json\/wp\/v2\/types\/product"}],"wp:featuredmedia":[{"embeddable":true,"href":"https:\/\/www.erresse-shop.it\/fr\/wp-json\/wp\/v2\/media\/508395"}],"wp:attachment":[{"href":"https:\/\/www.erresse-shop.it\/fr\/wp-json\/wp\/v2\/media?parent=239942"}],"wp:term":[{"taxonomy":"product_cat","embeddable":true,"href":"https:\/\/www.erresse-shop.it\/fr\/wp-json\/wp\/v2\/product_cat?post=239942"},{"taxonomy":"product_tag","embeddable":true,"href":"https:\/\/www.erresse-shop.it\/fr\/wp-json\/wp\/v2\/product_tag?post=239942"}],"curies":[{"name":"wp","href":"https:\/\/api.w.org\/{rel}","templated":true}]}}