{"id":239894,"date":"2023-02-17T13:57:15","date_gmt":"2023-02-17T13:57:21","guid":{"rendered":"https:\/\/www.erresse-shop.it\/?post_type=product&#038;p=239894"},"modified":"2024-09-19T14:01:22","modified_gmt":"2024-09-19T14:01:22","slug":"villeroy-boch-amazonia-marqueur-de-place-33-cm","status":"publish","type":"product","link":"https:\/\/www.erresse-shop.it\/fr\/shop\/table-fr-2\/plats\/plats-de-service\/villeroy-boch-amazonia-marqueur-de-place-33-cm\/","title":{"rendered":"VILLEROY &#038; BOCH Amazonia Marqueur de place 30 cm"},"content":{"rendered":"<p><strong>Servir les mets d\u00e9licats d&#8217;une mani\u00e8re attrayante<\/strong><br \/>\nDes formes inhabituelles et des d\u00e9corations exotiques d\u00e9taill\u00e9es dans des couleurs vives font de la collection Amazonia Anmut de Villeroy &amp; Boch un v\u00e9ritable p\u00f4le d&#8217;attraction. Avec cette assiette de table attrayante et extravagante, vous pouvez cr\u00e9er une atmosph\u00e8re exclusive sur votre table d\u00e8s que vous la mettez en place. Impressionnez vos proches avec la vaisselle en porcelaine fine de la collection Amazonia Anmut.<\/p>\n<p><strong>Mat\u00e9riau:<\/strong> porcelaine bone premium<br \/>\n<strong>Diam\u00e8tre:<\/strong> 300mm<br \/>\n<strong>Lavable au lave-vaisselle:<\/strong> oui<br \/>\n<strong>Convient au micro-ondes:<\/strong> non<\/p>\n","protected":false},"excerpt":{"rendered":"<p>Servir les mets d\u00e9licats d&#8217;une mani\u00e8re attrayante Des formes inhabituelles et des d\u00e9corations exotiques d\u00e9taill\u00e9es dans des couleurs vives font<\/p>\n","protected":false},"featured_media":474485,"template":"","meta":{"_acf_changed":false,"inline_featured_image":false},"product_cat":[12789,12782],"product_tag":[25026,22035,13169,25021,21957,21958,14261,19357,24603,21821],"acf":[],"yoast_head":"<!-- This site is optimized with the Yoast SEO Premium plugin v18.6 (Yoast SEO v19.13) - https:\/\/yoast.com\/wordpress\/plugins\/seo\/ -->\n<title>VILLEROY &amp; BOCH Amazonia Marqueur de place 30 cm - Erresse Shop<\/title>\n<meta name=\"description\" content=\"Servir les mets d\u00e9licats d&#039;une mani\u00e8re attrayante Des formes inhabituelles et des d\u00e9corations exotiques d\u00e9taill\u00e9es dans des couleurs vives font de la\" \/>\n<meta name=\"robots\" content=\"index, follow, max-snippet:-1, max-image-preview:large, max-video-preview:-1\" \/>\n<link rel=\"canonical\" href=\"https:\/\/www.erresse-shop.it\/fr\/shop\/table-fr-2\/plats\/plats-de-service\/villeroy-boch-amazonia-marqueur-de-place-33-cm\/\" \/>\n<meta property=\"og:locale\" content=\"fr_FR\" \/>\n<meta property=\"og:type\" content=\"article\" \/>\n<meta property=\"og:title\" content=\"VILLEROY &amp; BOCH Amazonia Marqueur de place 30 cm\" \/>\n<meta property=\"og:description\" content=\"Servir les mets d\u00e9licats d&#039;une mani\u00e8re attrayante Des formes inhabituelles et des d\u00e9corations exotiques d\u00e9taill\u00e9es dans des couleurs vives font de la\" \/>\n<meta property=\"og:url\" content=\"https:\/\/www.erresse-shop.it\/fr\/shop\/table-fr-2\/plats\/plats-de-service\/villeroy-boch-amazonia-marqueur-de-place-33-cm\/\" \/>\n<meta property=\"og:site_name\" content=\"Erresse Shop\" \/>\n<meta property=\"article:modified_time\" content=\"2024-09-19T14:01:22+00:00\" \/>\n<meta property=\"og:image\" content=\"https:\/\/www.erresse-shop.it\/wp-content\/uploads\/2023\/02\/VILLEROY-BOCH-Amazonia-Segnaposto-30-cm.jpg\" \/>\n\t<meta property=\"og:image:width\" content=\"800\" \/>\n\t<meta property=\"og:image:height\" content=\"800\" \/>\n\t<meta property=\"og:image:type\" content=\"image\/jpeg\" \/>\n<meta name=\"twitter:card\" content=\"summary_large_image\" \/>\n<script type=\"application\/ld+json\" class=\"yoast-schema-graph\">{\"@context\":\"https:\/\/schema.org\",\"@graph\":[{\"@type\":\"WebPage\",\"@id\":\"https:\/\/www.erresse-shop.it\/fr\/shop\/table-fr-2\/plats\/plats-de-service\/villeroy-boch-amazonia-marqueur-de-place-33-cm\/\",\"url\":\"https:\/\/www.erresse-shop.it\/fr\/shop\/table-fr-2\/plats\/plats-de-service\/villeroy-boch-amazonia-marqueur-de-place-33-cm\/\",\"name\":\"VILLEROY & BOCH Amazonia Marqueur de place 30 cm - Erresse Shop\",\"isPartOf\":{\"@id\":\"https:\/\/www.erresse-shop.it\/fr\/#website\"},\"datePublished\":\"2023-02-17T13:57:21+00:00\",\"dateModified\":\"2024-09-19T14:01:22+00:00\",\"description\":\"Servir les mets d\u00e9licats d'une mani\u00e8re attrayante Des formes inhabituelles et des d\u00e9corations exotiques d\u00e9taill\u00e9es dans des couleurs vives font de la\",\"breadcrumb\":{\"@id\":\"https:\/\/www.erresse-shop.it\/fr\/shop\/table-fr-2\/plats\/plats-de-service\/villeroy-boch-amazonia-marqueur-de-place-33-cm\/#breadcrumb\"},\"inLanguage\":\"fr-FR\",\"potentialAction\":[{\"@type\":\"ReadAction\",\"target\":[\"https:\/\/www.erresse-shop.it\/fr\/shop\/table-fr-2\/plats\/plats-de-service\/villeroy-boch-amazonia-marqueur-de-place-33-cm\/\"]}]},{\"@type\":\"BreadcrumbList\",\"@id\":\"https:\/\/www.erresse-shop.it\/fr\/shop\/table-fr-2\/plats\/plats-de-service\/villeroy-boch-amazonia-marqueur-de-place-33-cm\/#breadcrumb\",\"itemListElement\":[{\"@type\":\"ListItem\",\"position\":1,\"name\":\"Home\",\"item\":\"https:\/\/www.erresse-shop.it\/fr\/\"},{\"@type\":\"ListItem\",\"position\":2,\"name\":\"Shop\",\"item\":\"https:\/\/www.erresse-shop.it\/fr\/shop\/\"},{\"@type\":\"ListItem\",\"position\":3,\"name\":\"VILLEROY &#038; BOCH Amazonia Marqueur de place 30 cm\"}]},{\"@type\":\"WebSite\",\"@id\":\"https:\/\/www.erresse-shop.it\/fr\/#website\",\"url\":\"https:\/\/www.erresse-shop.it\/fr\/\",\"name\":\"Erresse Shop\",\"description\":\"Articoli di qualit\u00e0 per la casa\",\"potentialAction\":[{\"@type\":\"SearchAction\",\"target\":{\"@type\":\"EntryPoint\",\"urlTemplate\":\"https:\/\/www.erresse-shop.it\/fr\/?s={search_term_string}\"},\"query-input\":\"required name=search_term_string\"}],\"inLanguage\":\"fr-FR\"}]}<\/script>\n<!-- \/ Yoast SEO Premium plugin. -->","yoast_head_json":{"title":"VILLEROY & BOCH Amazonia Marqueur de place 30 cm - Erresse Shop","description":"Servir les mets d\u00e9licats d'une mani\u00e8re attrayante Des formes inhabituelles et des d\u00e9corations exotiques d\u00e9taill\u00e9es dans des couleurs vives font de la","robots":{"index":"index","follow":"follow","max-snippet":"max-snippet:-1","max-image-preview":"max-image-preview:large","max-video-preview":"max-video-preview:-1"},"canonical":"https:\/\/www.erresse-shop.it\/fr\/shop\/table-fr-2\/plats\/plats-de-service\/villeroy-boch-amazonia-marqueur-de-place-33-cm\/","og_locale":"fr_FR","og_type":"article","og_title":"VILLEROY & BOCH Amazonia Marqueur de place 30 cm","og_description":"Servir les mets d\u00e9licats d'une mani\u00e8re attrayante Des formes inhabituelles et des d\u00e9corations exotiques d\u00e9taill\u00e9es dans des couleurs vives font de la","og_url":"https:\/\/www.erresse-shop.it\/fr\/shop\/table-fr-2\/plats\/plats-de-service\/villeroy-boch-amazonia-marqueur-de-place-33-cm\/","og_site_name":"Erresse Shop","article_modified_time":"2024-09-19T14:01:22+00:00","og_image":[{"width":800,"height":800,"url":"https:\/\/www.erresse-shop.it\/wp-content\/uploads\/2023\/02\/VILLEROY-BOCH-Amazonia-Segnaposto-30-cm.jpg","type":"image\/jpeg"}],"twitter_card":"summary_large_image","schema":{"@context":"https:\/\/schema.org","@graph":[{"@type":"WebPage","@id":"https:\/\/www.erresse-shop.it\/fr\/shop\/table-fr-2\/plats\/plats-de-service\/villeroy-boch-amazonia-marqueur-de-place-33-cm\/","url":"https:\/\/www.erresse-shop.it\/fr\/shop\/table-fr-2\/plats\/plats-de-service\/villeroy-boch-amazonia-marqueur-de-place-33-cm\/","name":"VILLEROY & BOCH Amazonia Marqueur de place 30 cm - Erresse Shop","isPartOf":{"@id":"https:\/\/www.erresse-shop.it\/fr\/#website"},"datePublished":"2023-02-17T13:57:21+00:00","dateModified":"2024-09-19T14:01:22+00:00","description":"Servir les mets d\u00e9licats d'une mani\u00e8re attrayante Des formes inhabituelles et des d\u00e9corations exotiques d\u00e9taill\u00e9es dans des couleurs vives font de la","breadcrumb":{"@id":"https:\/\/www.erresse-shop.it\/fr\/shop\/table-fr-2\/plats\/plats-de-service\/villeroy-boch-amazonia-marqueur-de-place-33-cm\/#breadcrumb"},"inLanguage":"fr-FR","potentialAction":[{"@type":"ReadAction","target":["https:\/\/www.erresse-shop.it\/fr\/shop\/table-fr-2\/plats\/plats-de-service\/villeroy-boch-amazonia-marqueur-de-place-33-cm\/"]}]},{"@type":"BreadcrumbList","@id":"https:\/\/www.erresse-shop.it\/fr\/shop\/table-fr-2\/plats\/plats-de-service\/villeroy-boch-amazonia-marqueur-de-place-33-cm\/#breadcrumb","itemListElement":[{"@type":"ListItem","position":1,"name":"Home","item":"https:\/\/www.erresse-shop.it\/fr\/"},{"@type":"ListItem","position":2,"name":"Shop","item":"https:\/\/www.erresse-shop.it\/fr\/shop\/"},{"@type":"ListItem","position":3,"name":"VILLEROY &#038; BOCH Amazonia Marqueur de place 30 cm"}]},{"@type":"WebSite","@id":"https:\/\/www.erresse-shop.it\/fr\/#website","url":"https:\/\/www.erresse-shop.it\/fr\/","name":"Erresse Shop","description":"Articoli di qualit\u00e0 per la casa","potentialAction":[{"@type":"SearchAction","target":{"@type":"EntryPoint","urlTemplate":"https:\/\/www.erresse-shop.it\/fr\/?s={search_term_string}"},"query-input":"required name=search_term_string"}],"inLanguage":"fr-FR"}]}},"df_price":79.92,"df_sale_price":79.92,"df_regular_price":99.9,"df_image_link":"https:\/\/www.erresse-shop.it\/wp-content\/uploads\/2023\/02\/VILLEROY-BOCH-Amazonia-Segnaposto-30-cm-1-300x300.jpg","_links":{"self":[{"href":"https:\/\/www.erresse-shop.it\/fr\/wp-json\/wp\/v2\/product\/239894"}],"collection":[{"href":"https:\/\/www.erresse-shop.it\/fr\/wp-json\/wp\/v2\/product"}],"about":[{"href":"https:\/\/www.erresse-shop.it\/fr\/wp-json\/wp\/v2\/types\/product"}],"wp:featuredmedia":[{"embeddable":true,"href":"https:\/\/www.erresse-shop.it\/fr\/wp-json\/wp\/v2\/media\/474485"}],"wp:attachment":[{"href":"https:\/\/www.erresse-shop.it\/fr\/wp-json\/wp\/v2\/media?parent=239894"}],"wp:term":[{"taxonomy":"product_cat","embeddable":true,"href":"https:\/\/www.erresse-shop.it\/fr\/wp-json\/wp\/v2\/product_cat?post=239894"},{"taxonomy":"product_tag","embeddable":true,"href":"https:\/\/www.erresse-shop.it\/fr\/wp-json\/wp\/v2\/product_tag?post=239894"}],"curies":[{"name":"wp","href":"https:\/\/api.w.org\/{rel}","templated":true}]}}