{"id":239833,"date":"2023-02-17T13:42:59","date_gmt":"2023-02-17T13:43:05","guid":{"rendered":"https:\/\/www.erresse-shop.it\/?post_type=product&#038;p=239833"},"modified":"2023-02-17T15:31:41","modified_gmt":"2023-02-17T15:31:41","slug":"villeroy-boch-amazonia-ensemble-de-6-bols-de-24-cm","status":"publish","type":"product","link":"https:\/\/www.erresse-shop.it\/fr\/shop\/table-fr-2\/plats\/villeroy-boch-amazonia-ensemble-de-6-bols-de-24-cm\/","title":{"rendered":"VILLEROY &#038; BOCH Amazonia Ensemble de 6 Bols de 24 cm"},"content":{"rendered":"<p><strong>Le design r\u00e9interpr\u00e9t\u00e9<\/strong><br \/>\nDes formes inhabituelles et des d\u00e9corations d\u00e9taill\u00e9es et exotiques aux couleurs vives font de la collection Amazonia Anmut de Villeroy &amp; Boch un v\u00e9ritable p\u00f4le d&#8217;attraction. Dans cette assiette creuse pratique aux d\u00e9cors cr\u00e9atifs, vous pourrez servir \u00e0 vos invit\u00e9s de la soupe, des potages ou des bouillons de mani\u00e8re particuli\u00e8rement raffin\u00e9e. Faites-vous plaisir et faites plaisir \u00e0 vos invit\u00e9s avec des services en porcelaine fine.<\/p>\n<p><strong>Mat\u00e9riau:<\/strong> porcelaine bone premium<br \/>\n<strong>Diam\u00e8tre:<\/strong> 280mm<br \/>\n<strong>Lavable au lave-vaisselle:<\/strong> oui<br \/>\n<strong>Convient au micro-ondes:<\/strong> non<\/p>\n","protected":false},"excerpt":{"rendered":"<p>Le design r\u00e9interpr\u00e9t\u00e9 Des formes inhabituelles et des d\u00e9corations d\u00e9taill\u00e9es et exotiques aux couleurs vives font de la collection Amazonia<\/p>\n","protected":false},"featured_media":474549,"template":"","meta":{"_acf_changed":false,"inline_featured_image":false},"product_cat":[12788,12782],"product_tag":[25026,25021,24603,17887],"acf":[],"yoast_head":"<!-- This site is optimized with the Yoast SEO Premium plugin v18.6 (Yoast SEO v19.13) - https:\/\/yoast.com\/wordpress\/plugins\/seo\/ -->\n<title>VILLEROY &amp; BOCH Amazonia Ensemble de 6 Bols de 24 cm - Erresse Shop<\/title>\n<meta name=\"description\" content=\"Le design r\u00e9interpr\u00e9t\u00e9 Des formes inhabituelles et des d\u00e9corations d\u00e9taill\u00e9es et exotiques aux couleurs vives font de la collection Amazonia Anmut de\" \/>\n<meta name=\"robots\" content=\"index, follow, max-snippet:-1, max-image-preview:large, max-video-preview:-1\" \/>\n<link rel=\"canonical\" href=\"https:\/\/www.erresse-shop.it\/fr\/shop\/table-fr-2\/plats\/villeroy-boch-amazonia-ensemble-de-6-bols-de-24-cm\/\" \/>\n<meta property=\"og:locale\" content=\"fr_FR\" \/>\n<meta property=\"og:type\" content=\"article\" \/>\n<meta property=\"og:title\" content=\"VILLEROY &amp; BOCH Amazonia Ensemble de 6 Bols de 24 cm\" \/>\n<meta property=\"og:description\" content=\"Le design r\u00e9interpr\u00e9t\u00e9 Des formes inhabituelles et des d\u00e9corations d\u00e9taill\u00e9es et exotiques aux couleurs vives font de la collection Amazonia Anmut de\" \/>\n<meta property=\"og:url\" content=\"https:\/\/www.erresse-shop.it\/fr\/shop\/table-fr-2\/plats\/villeroy-boch-amazonia-ensemble-de-6-bols-de-24-cm\/\" \/>\n<meta property=\"og:site_name\" content=\"Erresse Shop\" \/>\n<meta property=\"article:modified_time\" content=\"2023-02-17T15:31:41+00:00\" \/>\n<meta property=\"og:image\" content=\"https:\/\/www.erresse-shop.it\/wp-content\/uploads\/2023\/02\/VILLEROY-BOCH-Amazonia-Set-6-Piatti-Fondi-24-cm.jpg\" \/>\n\t<meta property=\"og:image:width\" content=\"800\" \/>\n\t<meta property=\"og:image:height\" content=\"800\" \/>\n\t<meta property=\"og:image:type\" content=\"image\/jpeg\" \/>\n<meta name=\"twitter:card\" content=\"summary_large_image\" \/>\n<script type=\"application\/ld+json\" class=\"yoast-schema-graph\">{\"@context\":\"https:\/\/schema.org\",\"@graph\":[{\"@type\":\"WebPage\",\"@id\":\"https:\/\/www.erresse-shop.it\/fr\/shop\/table-fr-2\/plats\/villeroy-boch-amazonia-ensemble-de-6-bols-de-24-cm\/\",\"url\":\"https:\/\/www.erresse-shop.it\/fr\/shop\/table-fr-2\/plats\/villeroy-boch-amazonia-ensemble-de-6-bols-de-24-cm\/\",\"name\":\"VILLEROY & BOCH Amazonia Ensemble de 6 Bols de 24 cm - Erresse Shop\",\"isPartOf\":{\"@id\":\"https:\/\/www.erresse-shop.it\/fr\/#website\"},\"datePublished\":\"2023-02-17T13:43:05+00:00\",\"dateModified\":\"2023-02-17T15:31:41+00:00\",\"description\":\"Le design r\u00e9interpr\u00e9t\u00e9 Des formes inhabituelles et des d\u00e9corations d\u00e9taill\u00e9es et exotiques aux couleurs vives font de la collection Amazonia Anmut de\",\"breadcrumb\":{\"@id\":\"https:\/\/www.erresse-shop.it\/fr\/shop\/table-fr-2\/plats\/villeroy-boch-amazonia-ensemble-de-6-bols-de-24-cm\/#breadcrumb\"},\"inLanguage\":\"fr-FR\",\"potentialAction\":[{\"@type\":\"ReadAction\",\"target\":[\"https:\/\/www.erresse-shop.it\/fr\/shop\/table-fr-2\/plats\/villeroy-boch-amazonia-ensemble-de-6-bols-de-24-cm\/\"]}]},{\"@type\":\"BreadcrumbList\",\"@id\":\"https:\/\/www.erresse-shop.it\/fr\/shop\/table-fr-2\/plats\/villeroy-boch-amazonia-ensemble-de-6-bols-de-24-cm\/#breadcrumb\",\"itemListElement\":[{\"@type\":\"ListItem\",\"position\":1,\"name\":\"Home\",\"item\":\"https:\/\/www.erresse-shop.it\/fr\/\"},{\"@type\":\"ListItem\",\"position\":2,\"name\":\"Shop\",\"item\":\"https:\/\/www.erresse-shop.it\/fr\/shop\/\"},{\"@type\":\"ListItem\",\"position\":3,\"name\":\"VILLEROY &#038; BOCH Amazonia Ensemble de 6 Bols de 24 cm\"}]},{\"@type\":\"WebSite\",\"@id\":\"https:\/\/www.erresse-shop.it\/fr\/#website\",\"url\":\"https:\/\/www.erresse-shop.it\/fr\/\",\"name\":\"Erresse Shop\",\"description\":\"Articoli di qualit\u00e0 per la casa\",\"potentialAction\":[{\"@type\":\"SearchAction\",\"target\":{\"@type\":\"EntryPoint\",\"urlTemplate\":\"https:\/\/www.erresse-shop.it\/fr\/?s={search_term_string}\"},\"query-input\":\"required name=search_term_string\"}],\"inLanguage\":\"fr-FR\"}]}<\/script>\n<!-- \/ Yoast SEO Premium plugin. -->","yoast_head_json":{"title":"VILLEROY & BOCH Amazonia Ensemble de 6 Bols de 24 cm - Erresse Shop","description":"Le design r\u00e9interpr\u00e9t\u00e9 Des formes inhabituelles et des d\u00e9corations d\u00e9taill\u00e9es et exotiques aux couleurs vives font de la collection Amazonia Anmut de","robots":{"index":"index","follow":"follow","max-snippet":"max-snippet:-1","max-image-preview":"max-image-preview:large","max-video-preview":"max-video-preview:-1"},"canonical":"https:\/\/www.erresse-shop.it\/fr\/shop\/table-fr-2\/plats\/villeroy-boch-amazonia-ensemble-de-6-bols-de-24-cm\/","og_locale":"fr_FR","og_type":"article","og_title":"VILLEROY & BOCH Amazonia Ensemble de 6 Bols de 24 cm","og_description":"Le design r\u00e9interpr\u00e9t\u00e9 Des formes inhabituelles et des d\u00e9corations d\u00e9taill\u00e9es et exotiques aux couleurs vives font de la collection Amazonia Anmut de","og_url":"https:\/\/www.erresse-shop.it\/fr\/shop\/table-fr-2\/plats\/villeroy-boch-amazonia-ensemble-de-6-bols-de-24-cm\/","og_site_name":"Erresse Shop","article_modified_time":"2023-02-17T15:31:41+00:00","og_image":[{"width":800,"height":800,"url":"https:\/\/www.erresse-shop.it\/wp-content\/uploads\/2023\/02\/VILLEROY-BOCH-Amazonia-Set-6-Piatti-Fondi-24-cm.jpg","type":"image\/jpeg"}],"twitter_card":"summary_large_image","schema":{"@context":"https:\/\/schema.org","@graph":[{"@type":"WebPage","@id":"https:\/\/www.erresse-shop.it\/fr\/shop\/table-fr-2\/plats\/villeroy-boch-amazonia-ensemble-de-6-bols-de-24-cm\/","url":"https:\/\/www.erresse-shop.it\/fr\/shop\/table-fr-2\/plats\/villeroy-boch-amazonia-ensemble-de-6-bols-de-24-cm\/","name":"VILLEROY & BOCH Amazonia Ensemble de 6 Bols de 24 cm - Erresse Shop","isPartOf":{"@id":"https:\/\/www.erresse-shop.it\/fr\/#website"},"datePublished":"2023-02-17T13:43:05+00:00","dateModified":"2023-02-17T15:31:41+00:00","description":"Le design r\u00e9interpr\u00e9t\u00e9 Des formes inhabituelles et des d\u00e9corations d\u00e9taill\u00e9es et exotiques aux couleurs vives font de la collection Amazonia Anmut de","breadcrumb":{"@id":"https:\/\/www.erresse-shop.it\/fr\/shop\/table-fr-2\/plats\/villeroy-boch-amazonia-ensemble-de-6-bols-de-24-cm\/#breadcrumb"},"inLanguage":"fr-FR","potentialAction":[{"@type":"ReadAction","target":["https:\/\/www.erresse-shop.it\/fr\/shop\/table-fr-2\/plats\/villeroy-boch-amazonia-ensemble-de-6-bols-de-24-cm\/"]}]},{"@type":"BreadcrumbList","@id":"https:\/\/www.erresse-shop.it\/fr\/shop\/table-fr-2\/plats\/villeroy-boch-amazonia-ensemble-de-6-bols-de-24-cm\/#breadcrumb","itemListElement":[{"@type":"ListItem","position":1,"name":"Home","item":"https:\/\/www.erresse-shop.it\/fr\/"},{"@type":"ListItem","position":2,"name":"Shop","item":"https:\/\/www.erresse-shop.it\/fr\/shop\/"},{"@type":"ListItem","position":3,"name":"VILLEROY &#038; BOCH Amazonia Ensemble de 6 Bols de 24 cm"}]},{"@type":"WebSite","@id":"https:\/\/www.erresse-shop.it\/fr\/#website","url":"https:\/\/www.erresse-shop.it\/fr\/","name":"Erresse Shop","description":"Articoli di qualit\u00e0 per la casa","potentialAction":[{"@type":"SearchAction","target":{"@type":"EntryPoint","urlTemplate":"https:\/\/www.erresse-shop.it\/fr\/?s={search_term_string}"},"query-input":"required name=search_term_string"}],"inLanguage":"fr-FR"}]}},"df_price":287.52,"df_sale_price":287.52,"df_regular_price":359.4,"df_image_link":"https:\/\/www.erresse-shop.it\/wp-content\/uploads\/2023\/02\/VILLEROY-BOCH-Amazonia-Set-6-Piatti-Fondi-24-cm-1-300x300.jpg","_links":{"self":[{"href":"https:\/\/www.erresse-shop.it\/fr\/wp-json\/wp\/v2\/product\/239833"}],"collection":[{"href":"https:\/\/www.erresse-shop.it\/fr\/wp-json\/wp\/v2\/product"}],"about":[{"href":"https:\/\/www.erresse-shop.it\/fr\/wp-json\/wp\/v2\/types\/product"}],"wp:featuredmedia":[{"embeddable":true,"href":"https:\/\/www.erresse-shop.it\/fr\/wp-json\/wp\/v2\/media\/474549"}],"wp:attachment":[{"href":"https:\/\/www.erresse-shop.it\/fr\/wp-json\/wp\/v2\/media?parent=239833"}],"wp:term":[{"taxonomy":"product_cat","embeddable":true,"href":"https:\/\/www.erresse-shop.it\/fr\/wp-json\/wp\/v2\/product_cat?post=239833"},{"taxonomy":"product_tag","embeddable":true,"href":"https:\/\/www.erresse-shop.it\/fr\/wp-json\/wp\/v2\/product_tag?post=239833"}],"curies":[{"name":"wp","href":"https:\/\/api.w.org\/{rel}","templated":true}]}}