{"id":239489,"date":"2023-02-17T09:50:21","date_gmt":"2023-02-17T09:50:26","guid":{"rendered":"https:\/\/www.erresse-shop.it\/?post_type=product&#038;p=239489"},"modified":"2023-02-17T10:57:01","modified_gmt":"2023-02-17T10:57:01","slug":"villeroy-boch-metro-chic-bol-de-20-cm","status":"publish","type":"product","link":"https:\/\/www.erresse-shop.it\/fr\/shop\/table-fr-2\/plats\/villeroy-boch-metro-chic-bol-de-20-cm\/","title":{"rendered":"VILLEROY &#038; BOCH Metro Chic Bol de 20 cm"},"content":{"rendered":"<p><strong>De nouveaux designs pour un plaisir \u00e9l\u00e9gant<\/strong><br \/>\nQu&#8217;il s&#8217;agisse de blanc pur ou de motifs g\u00e9om\u00e9triques en noir et or, toutes les pi\u00e8ces de la collection de vaisselle et d&#8217;articles cadeaux haut de gamme MetroChic peuvent \u00eatre combin\u00e9es entre elles de mani\u00e8re in\u00e9dite. La porcelaine osseuse Premium particuli\u00e8rement durable transforme chaque table en une d\u00e9claration de style moderne d&#8217;une \u00e9l\u00e9gance intemporelle. La magnifique assiette creuse vous ravira pendant longtemps avec ses d\u00e9corations brillantes gr\u00e2ce \u00e0 la technologie &#8220;Inglaze Gold&#8221;. Faites-vous plaisir avec un design urbain et ravissez vos invit\u00e9s.<\/p>\n<p><strong>Mat\u00e9riau:<\/strong> porcelaine bone premium<br \/>\n<strong>Diam\u00e8tre:<\/strong> 220mm<br \/>\n<strong>Lavable au lave-vaisselle:<\/strong> oui<br \/>\n<strong>Convient au micro-ondes:<\/strong> non<\/p>\n","protected":false},"excerpt":{"rendered":"<p>De nouveaux designs pour un plaisir \u00e9l\u00e9gant Qu&#8217;il s&#8217;agisse de blanc pur ou de motifs g\u00e9om\u00e9triques en noir et or,<\/p>\n","protected":false},"featured_media":474675,"template":"","meta":{"_acf_changed":false,"inline_featured_image":false},"product_cat":[12788,12782],"product_tag":[25026,14288,15414,17857,23660,25021,24397,21821],"acf":[],"yoast_head":"<!-- This site is optimized with the Yoast SEO Premium plugin v18.6 (Yoast SEO v19.13) - https:\/\/yoast.com\/wordpress\/plugins\/seo\/ -->\n<title>VILLEROY &amp; BOCH Metro Chic Bol de 20 cm - Erresse Shop<\/title>\n<meta name=\"description\" content=\"De nouveaux designs pour un plaisir \u00e9l\u00e9gant Qu&#039;il s&#039;agisse de blanc pur ou de motifs g\u00e9om\u00e9triques en noir et or, toutes les pi\u00e8ces de la collection de\" \/>\n<meta name=\"robots\" content=\"index, follow, max-snippet:-1, max-image-preview:large, max-video-preview:-1\" \/>\n<link rel=\"canonical\" href=\"https:\/\/www.erresse-shop.it\/fr\/shop\/table-fr-2\/plats\/villeroy-boch-metro-chic-bol-de-20-cm\/\" \/>\n<meta property=\"og:locale\" content=\"fr_FR\" \/>\n<meta property=\"og:type\" content=\"article\" \/>\n<meta property=\"og:title\" content=\"VILLEROY &amp; BOCH Metro Chic Bol de 20 cm\" \/>\n<meta property=\"og:description\" content=\"De nouveaux designs pour un plaisir \u00e9l\u00e9gant Qu&#039;il s&#039;agisse de blanc pur ou de motifs g\u00e9om\u00e9triques en noir et or, toutes les pi\u00e8ces de la collection de\" \/>\n<meta property=\"og:url\" content=\"https:\/\/www.erresse-shop.it\/fr\/shop\/table-fr-2\/plats\/villeroy-boch-metro-chic-bol-de-20-cm\/\" \/>\n<meta property=\"og:site_name\" content=\"Erresse Shop\" \/>\n<meta property=\"article:modified_time\" content=\"2023-02-17T10:57:01+00:00\" \/>\n<meta property=\"og:image\" content=\"https:\/\/www.erresse-shop.it\/wp-content\/uploads\/2023\/02\/VILLEROY-BOCH-Metro-Chic-Piatto-Fondo-20-cm.jpg\" \/>\n\t<meta property=\"og:image:width\" content=\"800\" \/>\n\t<meta property=\"og:image:height\" content=\"800\" \/>\n\t<meta property=\"og:image:type\" content=\"image\/jpeg\" \/>\n<meta name=\"twitter:card\" content=\"summary_large_image\" \/>\n<script type=\"application\/ld+json\" class=\"yoast-schema-graph\">{\"@context\":\"https:\/\/schema.org\",\"@graph\":[{\"@type\":\"WebPage\",\"@id\":\"https:\/\/www.erresse-shop.it\/fr\/shop\/table-fr-2\/plats\/villeroy-boch-metro-chic-bol-de-20-cm\/\",\"url\":\"https:\/\/www.erresse-shop.it\/fr\/shop\/table-fr-2\/plats\/villeroy-boch-metro-chic-bol-de-20-cm\/\",\"name\":\"VILLEROY & BOCH Metro Chic Bol de 20 cm - Erresse Shop\",\"isPartOf\":{\"@id\":\"https:\/\/www.erresse-shop.it\/fr\/#website\"},\"datePublished\":\"2023-02-17T09:50:26+00:00\",\"dateModified\":\"2023-02-17T10:57:01+00:00\",\"description\":\"De nouveaux designs pour un plaisir \u00e9l\u00e9gant Qu'il s'agisse de blanc pur ou de motifs g\u00e9om\u00e9triques en noir et or, toutes les pi\u00e8ces de la collection de\",\"breadcrumb\":{\"@id\":\"https:\/\/www.erresse-shop.it\/fr\/shop\/table-fr-2\/plats\/villeroy-boch-metro-chic-bol-de-20-cm\/#breadcrumb\"},\"inLanguage\":\"fr-FR\",\"potentialAction\":[{\"@type\":\"ReadAction\",\"target\":[\"https:\/\/www.erresse-shop.it\/fr\/shop\/table-fr-2\/plats\/villeroy-boch-metro-chic-bol-de-20-cm\/\"]}]},{\"@type\":\"BreadcrumbList\",\"@id\":\"https:\/\/www.erresse-shop.it\/fr\/shop\/table-fr-2\/plats\/villeroy-boch-metro-chic-bol-de-20-cm\/#breadcrumb\",\"itemListElement\":[{\"@type\":\"ListItem\",\"position\":1,\"name\":\"Home\",\"item\":\"https:\/\/www.erresse-shop.it\/fr\/\"},{\"@type\":\"ListItem\",\"position\":2,\"name\":\"Shop\",\"item\":\"https:\/\/www.erresse-shop.it\/fr\/shop\/\"},{\"@type\":\"ListItem\",\"position\":3,\"name\":\"VILLEROY &#038; BOCH Metro Chic Bol de 20 cm\"}]},{\"@type\":\"WebSite\",\"@id\":\"https:\/\/www.erresse-shop.it\/fr\/#website\",\"url\":\"https:\/\/www.erresse-shop.it\/fr\/\",\"name\":\"Erresse Shop\",\"description\":\"Articoli di qualit\u00e0 per la casa\",\"potentialAction\":[{\"@type\":\"SearchAction\",\"target\":{\"@type\":\"EntryPoint\",\"urlTemplate\":\"https:\/\/www.erresse-shop.it\/fr\/?s={search_term_string}\"},\"query-input\":\"required name=search_term_string\"}],\"inLanguage\":\"fr-FR\"}]}<\/script>\n<!-- \/ Yoast SEO Premium plugin. -->","yoast_head_json":{"title":"VILLEROY & BOCH Metro Chic Bol de 20 cm - Erresse Shop","description":"De nouveaux designs pour un plaisir \u00e9l\u00e9gant Qu'il s'agisse de blanc pur ou de motifs g\u00e9om\u00e9triques en noir et or, toutes les pi\u00e8ces de la collection de","robots":{"index":"index","follow":"follow","max-snippet":"max-snippet:-1","max-image-preview":"max-image-preview:large","max-video-preview":"max-video-preview:-1"},"canonical":"https:\/\/www.erresse-shop.it\/fr\/shop\/table-fr-2\/plats\/villeroy-boch-metro-chic-bol-de-20-cm\/","og_locale":"fr_FR","og_type":"article","og_title":"VILLEROY & BOCH Metro Chic Bol de 20 cm","og_description":"De nouveaux designs pour un plaisir \u00e9l\u00e9gant Qu'il s'agisse de blanc pur ou de motifs g\u00e9om\u00e9triques en noir et or, toutes les pi\u00e8ces de la collection de","og_url":"https:\/\/www.erresse-shop.it\/fr\/shop\/table-fr-2\/plats\/villeroy-boch-metro-chic-bol-de-20-cm\/","og_site_name":"Erresse Shop","article_modified_time":"2023-02-17T10:57:01+00:00","og_image":[{"width":800,"height":800,"url":"https:\/\/www.erresse-shop.it\/wp-content\/uploads\/2023\/02\/VILLEROY-BOCH-Metro-Chic-Piatto-Fondo-20-cm.jpg","type":"image\/jpeg"}],"twitter_card":"summary_large_image","schema":{"@context":"https:\/\/schema.org","@graph":[{"@type":"WebPage","@id":"https:\/\/www.erresse-shop.it\/fr\/shop\/table-fr-2\/plats\/villeroy-boch-metro-chic-bol-de-20-cm\/","url":"https:\/\/www.erresse-shop.it\/fr\/shop\/table-fr-2\/plats\/villeroy-boch-metro-chic-bol-de-20-cm\/","name":"VILLEROY & BOCH Metro Chic Bol de 20 cm - Erresse Shop","isPartOf":{"@id":"https:\/\/www.erresse-shop.it\/fr\/#website"},"datePublished":"2023-02-17T09:50:26+00:00","dateModified":"2023-02-17T10:57:01+00:00","description":"De nouveaux designs pour un plaisir \u00e9l\u00e9gant Qu'il s'agisse de blanc pur ou de motifs g\u00e9om\u00e9triques en noir et or, toutes les pi\u00e8ces de la collection de","breadcrumb":{"@id":"https:\/\/www.erresse-shop.it\/fr\/shop\/table-fr-2\/plats\/villeroy-boch-metro-chic-bol-de-20-cm\/#breadcrumb"},"inLanguage":"fr-FR","potentialAction":[{"@type":"ReadAction","target":["https:\/\/www.erresse-shop.it\/fr\/shop\/table-fr-2\/plats\/villeroy-boch-metro-chic-bol-de-20-cm\/"]}]},{"@type":"BreadcrumbList","@id":"https:\/\/www.erresse-shop.it\/fr\/shop\/table-fr-2\/plats\/villeroy-boch-metro-chic-bol-de-20-cm\/#breadcrumb","itemListElement":[{"@type":"ListItem","position":1,"name":"Home","item":"https:\/\/www.erresse-shop.it\/fr\/"},{"@type":"ListItem","position":2,"name":"Shop","item":"https:\/\/www.erresse-shop.it\/fr\/shop\/"},{"@type":"ListItem","position":3,"name":"VILLEROY &#038; BOCH Metro Chic Bol de 20 cm"}]},{"@type":"WebSite","@id":"https:\/\/www.erresse-shop.it\/fr\/#website","url":"https:\/\/www.erresse-shop.it\/fr\/","name":"Erresse Shop","description":"Articoli di qualit\u00e0 per la casa","potentialAction":[{"@type":"SearchAction","target":{"@type":"EntryPoint","urlTemplate":"https:\/\/www.erresse-shop.it\/fr\/?s={search_term_string}"},"query-input":"required name=search_term_string"}],"inLanguage":"fr-FR"}]}},"df_price":59,"df_sale_price":59,"df_regular_price":69.9,"df_image_link":"https:\/\/www.erresse-shop.it\/wp-content\/uploads\/2023\/02\/VILLEROY-BOCH-Metro-Chic-Piatto-Fondo-20-cm-1-300x300.jpg","_links":{"self":[{"href":"https:\/\/www.erresse-shop.it\/fr\/wp-json\/wp\/v2\/product\/239489"}],"collection":[{"href":"https:\/\/www.erresse-shop.it\/fr\/wp-json\/wp\/v2\/product"}],"about":[{"href":"https:\/\/www.erresse-shop.it\/fr\/wp-json\/wp\/v2\/types\/product"}],"wp:featuredmedia":[{"embeddable":true,"href":"https:\/\/www.erresse-shop.it\/fr\/wp-json\/wp\/v2\/media\/474675"}],"wp:attachment":[{"href":"https:\/\/www.erresse-shop.it\/fr\/wp-json\/wp\/v2\/media?parent=239489"}],"wp:term":[{"taxonomy":"product_cat","embeddable":true,"href":"https:\/\/www.erresse-shop.it\/fr\/wp-json\/wp\/v2\/product_cat?post=239489"},{"taxonomy":"product_tag","embeddable":true,"href":"https:\/\/www.erresse-shop.it\/fr\/wp-json\/wp\/v2\/product_tag?post=239489"}],"curies":[{"name":"wp","href":"https:\/\/api.w.org\/{rel}","templated":true}]}}