{"id":239449,"date":"2023-02-17T07:56:31","date_gmt":"2023-02-17T07:56:36","guid":{"rendered":"https:\/\/www.erresse-shop.it\/?post_type=product&#038;p=239449"},"modified":"2024-12-12T21:26:57","modified_gmt":"2024-12-12T21:26:57","slug":"villeroy-boch-metro-chic-ensemble-2-verres-a-eau-110-mm","status":"publish","type":"product","link":"https:\/\/www.erresse-shop.it\/fr\/shop\/table-fr-2\/vin\/villeroy-boch-metro-chic-ensemble-2-verres-a-eau-110-mm\/","title":{"rendered":"VILLEROY &#038; BOCH Metro Chic Ensemble 2 Verres \u00e0 Eau 110 mm"},"content":{"rendered":"<p><strong>Un verre moderne pour les vins fins<\/strong><br \/>\nLa collection MetroChic Glas a \u00e9t\u00e9 cr\u00e9\u00e9e pour r\u00e9pondre aux exigences les plus \u00e9lev\u00e9es, sans compromis. Les grands gobelets et la forme conique permettent au bouquet d&#8217;ar\u00f4mes de se d\u00e9ployer de mani\u00e8re optimale sans s&#8217;estomper rapidement. Un bon verre \u00e0 eau compl\u00e8te votre d\u00eener quotidien de mani\u00e8re \u00e9l\u00e9gante. Les verres attrayants sont \u00e9galement le compagnon id\u00e9al de votre whisky pr\u00e9f\u00e9r\u00e9. Profitez de soir\u00e9es agr\u00e9ables avec style. Inspirez avec un style exceptionnel.<\/p>\n<p><strong>Mat\u00e9riau:<\/strong> cristal<br \/>\n<strong>Volume: <\/strong>300ml<br \/>\n<strong>Lavable au lave-vaisselle:<\/strong> oui<br \/>\n<strong>Convient au micro-ondes:<\/strong> no<\/p>\n","protected":false},"excerpt":{"rendered":"<p>Un verre moderne pour les vins fins La collection MetroChic Glas a \u00e9t\u00e9 cr\u00e9\u00e9e pour r\u00e9pondre aux exigences les plus<\/p>\n","protected":false},"featured_media":474742,"template":"","meta":{"_acf_changed":false,"inline_featured_image":false},"product_cat":[14460,12754],"product_tag":[25026,23910,25021,22015,12826,15730,21990,14412],"acf":[],"yoast_head":"<!-- This site is optimized with the Yoast SEO Premium plugin v18.6 (Yoast SEO v19.13) - https:\/\/yoast.com\/wordpress\/plugins\/seo\/ -->\n<title>VILLEROY &amp; BOCH Metro Chic Ensemble 2 Verres \u00e0 Eau 110 mm - Erresse Shop<\/title>\n<meta name=\"description\" content=\"Un verre moderne pour les vins fins La collection MetroChic Glas a \u00e9t\u00e9 cr\u00e9\u00e9e pour r\u00e9pondre aux exigences les plus \u00e9lev\u00e9es, sans compromis. Les grands\" \/>\n<meta name=\"robots\" content=\"index, follow, max-snippet:-1, max-image-preview:large, max-video-preview:-1\" \/>\n<link rel=\"canonical\" href=\"https:\/\/www.erresse-shop.it\/fr\/shop\/table-fr-2\/vin\/villeroy-boch-metro-chic-ensemble-2-verres-a-eau-110-mm\/\" \/>\n<meta property=\"og:locale\" content=\"fr_FR\" \/>\n<meta property=\"og:type\" content=\"article\" \/>\n<meta property=\"og:title\" content=\"VILLEROY &amp; BOCH Metro Chic Ensemble 2 Verres \u00e0 Eau 110 mm\" \/>\n<meta property=\"og:description\" content=\"Un verre moderne pour les vins fins La collection MetroChic Glas a \u00e9t\u00e9 cr\u00e9\u00e9e pour r\u00e9pondre aux exigences les plus \u00e9lev\u00e9es, sans compromis. Les grands\" \/>\n<meta property=\"og:url\" content=\"https:\/\/www.erresse-shop.it\/fr\/shop\/table-fr-2\/vin\/villeroy-boch-metro-chic-ensemble-2-verres-a-eau-110-mm\/\" \/>\n<meta property=\"og:site_name\" content=\"Erresse Shop\" \/>\n<meta property=\"article:modified_time\" content=\"2024-12-12T21:26:57+00:00\" \/>\n<meta property=\"og:image\" content=\"https:\/\/www.erresse-shop.it\/wp-content\/uploads\/2023\/02\/VILLEROY-BOCH-Metro-Chic-Set-2-Bicchiere-Acqua-110-mm.jpg\" \/>\n\t<meta property=\"og:image:width\" content=\"800\" \/>\n\t<meta property=\"og:image:height\" content=\"800\" \/>\n\t<meta property=\"og:image:type\" content=\"image\/jpeg\" \/>\n<meta name=\"twitter:card\" content=\"summary_large_image\" \/>\n<script type=\"application\/ld+json\" class=\"yoast-schema-graph\">{\"@context\":\"https:\/\/schema.org\",\"@graph\":[{\"@type\":\"WebPage\",\"@id\":\"https:\/\/www.erresse-shop.it\/fr\/shop\/table-fr-2\/vin\/villeroy-boch-metro-chic-ensemble-2-verres-a-eau-110-mm\/\",\"url\":\"https:\/\/www.erresse-shop.it\/fr\/shop\/table-fr-2\/vin\/villeroy-boch-metro-chic-ensemble-2-verres-a-eau-110-mm\/\",\"name\":\"VILLEROY & BOCH Metro Chic Ensemble 2 Verres \u00e0 Eau 110 mm - Erresse Shop\",\"isPartOf\":{\"@id\":\"https:\/\/www.erresse-shop.it\/fr\/#website\"},\"datePublished\":\"2023-02-17T07:56:36+00:00\",\"dateModified\":\"2024-12-12T21:26:57+00:00\",\"description\":\"Un verre moderne pour les vins fins La collection MetroChic Glas a \u00e9t\u00e9 cr\u00e9\u00e9e pour r\u00e9pondre aux exigences les plus \u00e9lev\u00e9es, sans compromis. Les grands\",\"breadcrumb\":{\"@id\":\"https:\/\/www.erresse-shop.it\/fr\/shop\/table-fr-2\/vin\/villeroy-boch-metro-chic-ensemble-2-verres-a-eau-110-mm\/#breadcrumb\"},\"inLanguage\":\"fr-FR\",\"potentialAction\":[{\"@type\":\"ReadAction\",\"target\":[\"https:\/\/www.erresse-shop.it\/fr\/shop\/table-fr-2\/vin\/villeroy-boch-metro-chic-ensemble-2-verres-a-eau-110-mm\/\"]}]},{\"@type\":\"BreadcrumbList\",\"@id\":\"https:\/\/www.erresse-shop.it\/fr\/shop\/table-fr-2\/vin\/villeroy-boch-metro-chic-ensemble-2-verres-a-eau-110-mm\/#breadcrumb\",\"itemListElement\":[{\"@type\":\"ListItem\",\"position\":1,\"name\":\"Home\",\"item\":\"https:\/\/www.erresse-shop.it\/fr\/\"},{\"@type\":\"ListItem\",\"position\":2,\"name\":\"Shop\",\"item\":\"https:\/\/www.erresse-shop.it\/fr\/shop\/\"},{\"@type\":\"ListItem\",\"position\":3,\"name\":\"VILLEROY &#038; BOCH Metro Chic Ensemble 2 Verres \u00e0 Eau 110 mm\"}]},{\"@type\":\"WebSite\",\"@id\":\"https:\/\/www.erresse-shop.it\/fr\/#website\",\"url\":\"https:\/\/www.erresse-shop.it\/fr\/\",\"name\":\"Erresse Shop\",\"description\":\"Articoli di qualit\u00e0 per la casa\",\"potentialAction\":[{\"@type\":\"SearchAction\",\"target\":{\"@type\":\"EntryPoint\",\"urlTemplate\":\"https:\/\/www.erresse-shop.it\/fr\/?s={search_term_string}\"},\"query-input\":\"required name=search_term_string\"}],\"inLanguage\":\"fr-FR\"}]}<\/script>\n<!-- \/ Yoast SEO Premium plugin. -->","yoast_head_json":{"title":"VILLEROY & BOCH Metro Chic Ensemble 2 Verres \u00e0 Eau 110 mm - Erresse Shop","description":"Un verre moderne pour les vins fins La collection MetroChic Glas a \u00e9t\u00e9 cr\u00e9\u00e9e pour r\u00e9pondre aux exigences les plus \u00e9lev\u00e9es, sans compromis. Les grands","robots":{"index":"index","follow":"follow","max-snippet":"max-snippet:-1","max-image-preview":"max-image-preview:large","max-video-preview":"max-video-preview:-1"},"canonical":"https:\/\/www.erresse-shop.it\/fr\/shop\/table-fr-2\/vin\/villeroy-boch-metro-chic-ensemble-2-verres-a-eau-110-mm\/","og_locale":"fr_FR","og_type":"article","og_title":"VILLEROY & BOCH Metro Chic Ensemble 2 Verres \u00e0 Eau 110 mm","og_description":"Un verre moderne pour les vins fins La collection MetroChic Glas a \u00e9t\u00e9 cr\u00e9\u00e9e pour r\u00e9pondre aux exigences les plus \u00e9lev\u00e9es, sans compromis. Les grands","og_url":"https:\/\/www.erresse-shop.it\/fr\/shop\/table-fr-2\/vin\/villeroy-boch-metro-chic-ensemble-2-verres-a-eau-110-mm\/","og_site_name":"Erresse Shop","article_modified_time":"2024-12-12T21:26:57+00:00","og_image":[{"width":800,"height":800,"url":"https:\/\/www.erresse-shop.it\/wp-content\/uploads\/2023\/02\/VILLEROY-BOCH-Metro-Chic-Set-2-Bicchiere-Acqua-110-mm.jpg","type":"image\/jpeg"}],"twitter_card":"summary_large_image","schema":{"@context":"https:\/\/schema.org","@graph":[{"@type":"WebPage","@id":"https:\/\/www.erresse-shop.it\/fr\/shop\/table-fr-2\/vin\/villeroy-boch-metro-chic-ensemble-2-verres-a-eau-110-mm\/","url":"https:\/\/www.erresse-shop.it\/fr\/shop\/table-fr-2\/vin\/villeroy-boch-metro-chic-ensemble-2-verres-a-eau-110-mm\/","name":"VILLEROY & BOCH Metro Chic Ensemble 2 Verres \u00e0 Eau 110 mm - Erresse Shop","isPartOf":{"@id":"https:\/\/www.erresse-shop.it\/fr\/#website"},"datePublished":"2023-02-17T07:56:36+00:00","dateModified":"2024-12-12T21:26:57+00:00","description":"Un verre moderne pour les vins fins La collection MetroChic Glas a \u00e9t\u00e9 cr\u00e9\u00e9e pour r\u00e9pondre aux exigences les plus \u00e9lev\u00e9es, sans compromis. Les grands","breadcrumb":{"@id":"https:\/\/www.erresse-shop.it\/fr\/shop\/table-fr-2\/vin\/villeroy-boch-metro-chic-ensemble-2-verres-a-eau-110-mm\/#breadcrumb"},"inLanguage":"fr-FR","potentialAction":[{"@type":"ReadAction","target":["https:\/\/www.erresse-shop.it\/fr\/shop\/table-fr-2\/vin\/villeroy-boch-metro-chic-ensemble-2-verres-a-eau-110-mm\/"]}]},{"@type":"BreadcrumbList","@id":"https:\/\/www.erresse-shop.it\/fr\/shop\/table-fr-2\/vin\/villeroy-boch-metro-chic-ensemble-2-verres-a-eau-110-mm\/#breadcrumb","itemListElement":[{"@type":"ListItem","position":1,"name":"Home","item":"https:\/\/www.erresse-shop.it\/fr\/"},{"@type":"ListItem","position":2,"name":"Shop","item":"https:\/\/www.erresse-shop.it\/fr\/shop\/"},{"@type":"ListItem","position":3,"name":"VILLEROY &#038; BOCH Metro Chic Ensemble 2 Verres \u00e0 Eau 110 mm"}]},{"@type":"WebSite","@id":"https:\/\/www.erresse-shop.it\/fr\/#website","url":"https:\/\/www.erresse-shop.it\/fr\/","name":"Erresse Shop","description":"Articoli di qualit\u00e0 per la casa","potentialAction":[{"@type":"SearchAction","target":{"@type":"EntryPoint","urlTemplate":"https:\/\/www.erresse-shop.it\/fr\/?s={search_term_string}"},"query-input":"required name=search_term_string"}],"inLanguage":"fr-FR"}]}},"df_price":49.95,"df_sale_price":49.95,"df_regular_price":59.9,"df_image_link":"https:\/\/www.erresse-shop.it\/wp-content\/uploads\/2023\/02\/VILLEROY-BOCH-Metro-Chic-Set-2-Bicchiere-Acqua-110-mm-1-300x300.jpg","_links":{"self":[{"href":"https:\/\/www.erresse-shop.it\/fr\/wp-json\/wp\/v2\/product\/239449"}],"collection":[{"href":"https:\/\/www.erresse-shop.it\/fr\/wp-json\/wp\/v2\/product"}],"about":[{"href":"https:\/\/www.erresse-shop.it\/fr\/wp-json\/wp\/v2\/types\/product"}],"wp:featuredmedia":[{"embeddable":true,"href":"https:\/\/www.erresse-shop.it\/fr\/wp-json\/wp\/v2\/media\/474742"}],"wp:attachment":[{"href":"https:\/\/www.erresse-shop.it\/fr\/wp-json\/wp\/v2\/media?parent=239449"}],"wp:term":[{"taxonomy":"product_cat","embeddable":true,"href":"https:\/\/www.erresse-shop.it\/fr\/wp-json\/wp\/v2\/product_cat?post=239449"},{"taxonomy":"product_tag","embeddable":true,"href":"https:\/\/www.erresse-shop.it\/fr\/wp-json\/wp\/v2\/product_tag?post=239449"}],"curies":[{"name":"wp","href":"https:\/\/api.w.org\/{rel}","templated":true}]}}