{"id":239214,"date":"2023-02-16T14:52:41","date_gmt":"2023-02-16T14:52:46","guid":{"rendered":"https:\/\/www.erresse-shop.it\/?post_type=product&#038;p=239214"},"modified":"2024-12-01T22:30:06","modified_gmt":"2024-12-01T22:30:06","slug":"villeroy-boch-metro-chic-ensemble-2-verres-a-vin-blanc-229-mm","status":"publish","type":"product","link":"https:\/\/www.erresse-shop.it\/fr\/shop\/table-fr-2\/vin\/villeroy-boch-metro-chic-ensemble-2-verres-a-vin-blanc-229-mm\/","title":{"rendered":"VILLEROY &#038; BOCH Metro Chic Ensemble 2 Verres \u00e0 Vin Blanc 229 mm"},"content":{"rendered":"<p><strong>Des verres \u00e0 vin pour les connaisseurs<\/strong><br \/>\nLa nouvelle collection de verres MetroChic a \u00e9t\u00e9 cr\u00e9\u00e9e pour r\u00e9pondre aux exigences les plus \u00e9lev\u00e9es, sans compromis. Les grands verres et la forme conique permettent au bouquet d&#8217;ar\u00f4mes de se d\u00e9ployer de mani\u00e8re optimale sans s&#8217;estomper rapidement. Les verres \u00e0 vin blanc, avec leur forme moderne, sont id\u00e9aux pour les vins blancs rafra\u00eechissants. Servez un vin blanc frais avec un plat l\u00e9ger dans un verre \u00e9l\u00e9gant et \u00e0 la mode.<\/p>\n<p><strong>Mat\u00e9riau:<\/strong> cristal<br \/>\n<strong>Volume: <\/strong>125ml<br \/>\n<strong>Lavable au lave-vaisselle:<\/strong> oui<br \/>\n<strong>Convient au micro-ondes:<\/strong> no<\/p>\n","protected":false},"excerpt":{"rendered":"<p>Des verres \u00e0 vin pour les connaisseurs La nouvelle collection de verres MetroChic a \u00e9t\u00e9 cr\u00e9\u00e9e pour r\u00e9pondre aux exigences<\/p>\n","protected":false},"featured_media":474728,"template":"","meta":{"_acf_changed":false,"inline_featured_image":false},"product_cat":[14460,12754],"product_tag":[25026,23910,23660,25021,24397,22015,21821,12826,15730,21990,14412],"acf":[],"yoast_head":"<!-- This site is optimized with the Yoast SEO Premium plugin v18.6 (Yoast SEO v19.13) - https:\/\/yoast.com\/wordpress\/plugins\/seo\/ -->\n<title>VILLEROY &amp; BOCH Metro Chic Ensemble 2 Verres \u00e0 Vin Blanc 229 mm - Erresse Shop<\/title>\n<meta name=\"description\" content=\"Des verres \u00e0 vin pour les connaisseurs La nouvelle collection de verres MetroChic a \u00e9t\u00e9 cr\u00e9\u00e9e pour r\u00e9pondre aux exigences les plus \u00e9lev\u00e9es, sans\" \/>\n<meta name=\"robots\" content=\"index, follow, max-snippet:-1, max-image-preview:large, max-video-preview:-1\" \/>\n<link rel=\"canonical\" href=\"https:\/\/www.erresse-shop.it\/fr\/shop\/table-fr-2\/vin\/villeroy-boch-metro-chic-ensemble-2-verres-a-vin-blanc-229-mm\/\" \/>\n<meta property=\"og:locale\" content=\"fr_FR\" \/>\n<meta property=\"og:type\" content=\"article\" \/>\n<meta property=\"og:title\" content=\"VILLEROY &amp; BOCH Metro Chic Ensemble 2 Verres \u00e0 Vin Blanc 229 mm\" \/>\n<meta property=\"og:description\" content=\"Des verres \u00e0 vin pour les connaisseurs La nouvelle collection de verres MetroChic a \u00e9t\u00e9 cr\u00e9\u00e9e pour r\u00e9pondre aux exigences les plus \u00e9lev\u00e9es, sans\" \/>\n<meta property=\"og:url\" content=\"https:\/\/www.erresse-shop.it\/fr\/shop\/table-fr-2\/vin\/villeroy-boch-metro-chic-ensemble-2-verres-a-vin-blanc-229-mm\/\" \/>\n<meta property=\"og:site_name\" content=\"Erresse Shop\" \/>\n<meta property=\"article:modified_time\" content=\"2024-12-01T22:30:06+00:00\" \/>\n<meta property=\"og:image\" content=\"https:\/\/www.erresse-shop.it\/wp-content\/uploads\/2023\/02\/VILLEROY-BOCH-Metro-Chic-Set-2-Calici-Vino-Bianco-229-ml.jpg\" \/>\n\t<meta property=\"og:image:width\" content=\"800\" \/>\n\t<meta property=\"og:image:height\" content=\"800\" \/>\n\t<meta property=\"og:image:type\" content=\"image\/jpeg\" \/>\n<meta name=\"twitter:card\" content=\"summary_large_image\" \/>\n<script type=\"application\/ld+json\" class=\"yoast-schema-graph\">{\"@context\":\"https:\/\/schema.org\",\"@graph\":[{\"@type\":\"WebPage\",\"@id\":\"https:\/\/www.erresse-shop.it\/fr\/shop\/table-fr-2\/vin\/villeroy-boch-metro-chic-ensemble-2-verres-a-vin-blanc-229-mm\/\",\"url\":\"https:\/\/www.erresse-shop.it\/fr\/shop\/table-fr-2\/vin\/villeroy-boch-metro-chic-ensemble-2-verres-a-vin-blanc-229-mm\/\",\"name\":\"VILLEROY & BOCH Metro Chic Ensemble 2 Verres \u00e0 Vin Blanc 229 mm - Erresse Shop\",\"isPartOf\":{\"@id\":\"https:\/\/www.erresse-shop.it\/fr\/#website\"},\"datePublished\":\"2023-02-16T14:52:46+00:00\",\"dateModified\":\"2024-12-01T22:30:06+00:00\",\"description\":\"Des verres \u00e0 vin pour les connaisseurs La nouvelle collection de verres MetroChic a \u00e9t\u00e9 cr\u00e9\u00e9e pour r\u00e9pondre aux exigences les plus \u00e9lev\u00e9es, sans\",\"breadcrumb\":{\"@id\":\"https:\/\/www.erresse-shop.it\/fr\/shop\/table-fr-2\/vin\/villeroy-boch-metro-chic-ensemble-2-verres-a-vin-blanc-229-mm\/#breadcrumb\"},\"inLanguage\":\"fr-FR\",\"potentialAction\":[{\"@type\":\"ReadAction\",\"target\":[\"https:\/\/www.erresse-shop.it\/fr\/shop\/table-fr-2\/vin\/villeroy-boch-metro-chic-ensemble-2-verres-a-vin-blanc-229-mm\/\"]}]},{\"@type\":\"BreadcrumbList\",\"@id\":\"https:\/\/www.erresse-shop.it\/fr\/shop\/table-fr-2\/vin\/villeroy-boch-metro-chic-ensemble-2-verres-a-vin-blanc-229-mm\/#breadcrumb\",\"itemListElement\":[{\"@type\":\"ListItem\",\"position\":1,\"name\":\"Home\",\"item\":\"https:\/\/www.erresse-shop.it\/fr\/\"},{\"@type\":\"ListItem\",\"position\":2,\"name\":\"Shop\",\"item\":\"https:\/\/www.erresse-shop.it\/fr\/shop\/\"},{\"@type\":\"ListItem\",\"position\":3,\"name\":\"VILLEROY &#038; BOCH Metro Chic Ensemble 2 Verres \u00e0 Vin Blanc 229 mm\"}]},{\"@type\":\"WebSite\",\"@id\":\"https:\/\/www.erresse-shop.it\/fr\/#website\",\"url\":\"https:\/\/www.erresse-shop.it\/fr\/\",\"name\":\"Erresse Shop\",\"description\":\"Articoli di qualit\u00e0 per la casa\",\"potentialAction\":[{\"@type\":\"SearchAction\",\"target\":{\"@type\":\"EntryPoint\",\"urlTemplate\":\"https:\/\/www.erresse-shop.it\/fr\/?s={search_term_string}\"},\"query-input\":\"required name=search_term_string\"}],\"inLanguage\":\"fr-FR\"}]}<\/script>\n<!-- \/ Yoast SEO Premium plugin. -->","yoast_head_json":{"title":"VILLEROY & BOCH Metro Chic Ensemble 2 Verres \u00e0 Vin Blanc 229 mm - Erresse Shop","description":"Des verres \u00e0 vin pour les connaisseurs La nouvelle collection de verres MetroChic a \u00e9t\u00e9 cr\u00e9\u00e9e pour r\u00e9pondre aux exigences les plus \u00e9lev\u00e9es, sans","robots":{"index":"index","follow":"follow","max-snippet":"max-snippet:-1","max-image-preview":"max-image-preview:large","max-video-preview":"max-video-preview:-1"},"canonical":"https:\/\/www.erresse-shop.it\/fr\/shop\/table-fr-2\/vin\/villeroy-boch-metro-chic-ensemble-2-verres-a-vin-blanc-229-mm\/","og_locale":"fr_FR","og_type":"article","og_title":"VILLEROY & BOCH Metro Chic Ensemble 2 Verres \u00e0 Vin Blanc 229 mm","og_description":"Des verres \u00e0 vin pour les connaisseurs La nouvelle collection de verres MetroChic a \u00e9t\u00e9 cr\u00e9\u00e9e pour r\u00e9pondre aux exigences les plus \u00e9lev\u00e9es, sans","og_url":"https:\/\/www.erresse-shop.it\/fr\/shop\/table-fr-2\/vin\/villeroy-boch-metro-chic-ensemble-2-verres-a-vin-blanc-229-mm\/","og_site_name":"Erresse Shop","article_modified_time":"2024-12-01T22:30:06+00:00","og_image":[{"width":800,"height":800,"url":"https:\/\/www.erresse-shop.it\/wp-content\/uploads\/2023\/02\/VILLEROY-BOCH-Metro-Chic-Set-2-Calici-Vino-Bianco-229-ml.jpg","type":"image\/jpeg"}],"twitter_card":"summary_large_image","schema":{"@context":"https:\/\/schema.org","@graph":[{"@type":"WebPage","@id":"https:\/\/www.erresse-shop.it\/fr\/shop\/table-fr-2\/vin\/villeroy-boch-metro-chic-ensemble-2-verres-a-vin-blanc-229-mm\/","url":"https:\/\/www.erresse-shop.it\/fr\/shop\/table-fr-2\/vin\/villeroy-boch-metro-chic-ensemble-2-verres-a-vin-blanc-229-mm\/","name":"VILLEROY & BOCH Metro Chic Ensemble 2 Verres \u00e0 Vin Blanc 229 mm - Erresse Shop","isPartOf":{"@id":"https:\/\/www.erresse-shop.it\/fr\/#website"},"datePublished":"2023-02-16T14:52:46+00:00","dateModified":"2024-12-01T22:30:06+00:00","description":"Des verres \u00e0 vin pour les connaisseurs La nouvelle collection de verres MetroChic a \u00e9t\u00e9 cr\u00e9\u00e9e pour r\u00e9pondre aux exigences les plus \u00e9lev\u00e9es, sans","breadcrumb":{"@id":"https:\/\/www.erresse-shop.it\/fr\/shop\/table-fr-2\/vin\/villeroy-boch-metro-chic-ensemble-2-verres-a-vin-blanc-229-mm\/#breadcrumb"},"inLanguage":"fr-FR","potentialAction":[{"@type":"ReadAction","target":["https:\/\/www.erresse-shop.it\/fr\/shop\/table-fr-2\/vin\/villeroy-boch-metro-chic-ensemble-2-verres-a-vin-blanc-229-mm\/"]}]},{"@type":"BreadcrumbList","@id":"https:\/\/www.erresse-shop.it\/fr\/shop\/table-fr-2\/vin\/villeroy-boch-metro-chic-ensemble-2-verres-a-vin-blanc-229-mm\/#breadcrumb","itemListElement":[{"@type":"ListItem","position":1,"name":"Home","item":"https:\/\/www.erresse-shop.it\/fr\/"},{"@type":"ListItem","position":2,"name":"Shop","item":"https:\/\/www.erresse-shop.it\/fr\/shop\/"},{"@type":"ListItem","position":3,"name":"VILLEROY &#038; BOCH Metro Chic Ensemble 2 Verres \u00e0 Vin Blanc 229 mm"}]},{"@type":"WebSite","@id":"https:\/\/www.erresse-shop.it\/fr\/#website","url":"https:\/\/www.erresse-shop.it\/fr\/","name":"Erresse Shop","description":"Articoli di qualit\u00e0 per la casa","potentialAction":[{"@type":"SearchAction","target":{"@type":"EntryPoint","urlTemplate":"https:\/\/www.erresse-shop.it\/fr\/?s={search_term_string}"},"query-input":"required name=search_term_string"}],"inLanguage":"fr-FR"}]}},"df_price":49.95,"df_sale_price":49.95,"df_regular_price":59.9,"df_image_link":"https:\/\/www.erresse-shop.it\/wp-content\/uploads\/2023\/02\/VILLEROY-BOCH-Metro-Chic-Set-2-Calici-Vino-Bianco-229-mm-1-300x300.jpg","_links":{"self":[{"href":"https:\/\/www.erresse-shop.it\/fr\/wp-json\/wp\/v2\/product\/239214"}],"collection":[{"href":"https:\/\/www.erresse-shop.it\/fr\/wp-json\/wp\/v2\/product"}],"about":[{"href":"https:\/\/www.erresse-shop.it\/fr\/wp-json\/wp\/v2\/types\/product"}],"wp:featuredmedia":[{"embeddable":true,"href":"https:\/\/www.erresse-shop.it\/fr\/wp-json\/wp\/v2\/media\/474728"}],"wp:attachment":[{"href":"https:\/\/www.erresse-shop.it\/fr\/wp-json\/wp\/v2\/media?parent=239214"}],"wp:term":[{"taxonomy":"product_cat","embeddable":true,"href":"https:\/\/www.erresse-shop.it\/fr\/wp-json\/wp\/v2\/product_cat?post=239214"},{"taxonomy":"product_tag","embeddable":true,"href":"https:\/\/www.erresse-shop.it\/fr\/wp-json\/wp\/v2\/product_tag?post=239214"}],"curies":[{"name":"wp","href":"https:\/\/api.w.org\/{rel}","templated":true}]}}