{"id":238906,"date":"2023-02-16T11:43:26","date_gmt":"2023-02-16T11:43:31","guid":{"rendered":"https:\/\/www.erresse-shop.it\/?post_type=product&#038;p=238906"},"modified":"2023-02-16T13:25:50","modified_gmt":"2023-02-16T13:25:50","slug":"villeroy-boch-new-moon-ensemble-de-6-bols-de-24-cm","status":"publish","type":"product","link":"https:\/\/www.erresse-shop.it\/fr\/shop\/table-fr-2\/recipients-et-bols\/villeroy-boch-new-moon-ensemble-de-6-bols-de-24-cm\/","title":{"rendered":"VILLEROY &#038; BOCH New Moon Ensemble de 6 Bols de 24 cm"},"content":{"rendered":"<p><strong>Id\u00e9al pour les soupes et les desserts<\/strong><br \/>\nExpressive, fonctionnelle, puriste &#8211; avec la ligne NewMoon, vous pouvez compter sur un design unique pour l&#8217;usage quotidien et les occasions sp\u00e9ciales. Le rebord frappant en forme de fin croissant de lune et la l\u00e9g\u00e8re asym\u00e9trie qui en r\u00e9sulte refl\u00e8tent le caract\u00e8re \u00e9vident de la collection. On n&#8217;a jamais assez de bols de service, surtout lorsqu&#8217;ils sont aussi beaux que ceux-ci. D\u00e9couvrez la porcelaine inspir\u00e9e par la beaut\u00e9 de la lune.<\/p>\n<p><strong>Mat\u00e9riau:<\/strong> porcelaine<br \/>\n<strong>Diam\u00e8tre:<\/strong> 250ml<br \/>\n<strong>Lavable au lave-vaisselle:<\/strong> oui<br \/>\n<strong>Convient au micro-ondes:<\/strong> oui<\/p>\n","protected":false},"excerpt":{"rendered":"<p>Id\u00e9al pour les soupes et les desserts Expressive, fonctionnelle, puriste &#8211; avec la ligne NewMoon, vous pouvez compter sur un<\/p>\n","protected":false},"featured_media":474584,"template":"","meta":{"_acf_changed":false,"inline_featured_image":false},"product_cat":[14244,12782],"product_tag":[25026,17857,21951,25021,22002],"acf":[],"yoast_head":"<!-- This site is optimized with the Yoast SEO Premium plugin v18.6 (Yoast SEO v19.13) - https:\/\/yoast.com\/wordpress\/plugins\/seo\/ -->\n<title>VILLEROY &amp; BOCH New Moon Ensemble de 6 Bols de 24 cm - Erresse Shop<\/title>\n<meta name=\"description\" content=\"Id\u00e9al pour les soupes et les desserts Expressive, fonctionnelle, puriste - avec la ligne NewMoon, vous pouvez compter sur un design unique pour l&#039;usage\" \/>\n<meta name=\"robots\" content=\"index, follow, max-snippet:-1, max-image-preview:large, max-video-preview:-1\" \/>\n<link rel=\"canonical\" href=\"https:\/\/www.erresse-shop.it\/fr\/shop\/table-fr-2\/recipients-et-bols\/villeroy-boch-new-moon-ensemble-de-6-bols-de-24-cm\/\" \/>\n<meta property=\"og:locale\" content=\"fr_FR\" \/>\n<meta property=\"og:type\" content=\"article\" \/>\n<meta property=\"og:title\" content=\"VILLEROY &amp; BOCH New Moon Ensemble de 6 Bols de 24 cm\" \/>\n<meta property=\"og:description\" content=\"Id\u00e9al pour les soupes et les desserts Expressive, fonctionnelle, puriste - avec la ligne NewMoon, vous pouvez compter sur un design unique pour l&#039;usage\" \/>\n<meta property=\"og:url\" content=\"https:\/\/www.erresse-shop.it\/fr\/shop\/table-fr-2\/recipients-et-bols\/villeroy-boch-new-moon-ensemble-de-6-bols-de-24-cm\/\" \/>\n<meta property=\"og:site_name\" content=\"Erresse Shop\" \/>\n<meta property=\"article:modified_time\" content=\"2023-02-16T13:25:50+00:00\" \/>\n<meta property=\"og:image\" content=\"https:\/\/www.erresse-shop.it\/wp-content\/uploads\/2023\/02\/VILLEROY-BOCH-New-Moon-Set-6-Ciotole-24-cm.jpg\" \/>\n\t<meta property=\"og:image:width\" content=\"800\" \/>\n\t<meta property=\"og:image:height\" content=\"800\" \/>\n\t<meta property=\"og:image:type\" content=\"image\/jpeg\" \/>\n<meta name=\"twitter:card\" content=\"summary_large_image\" \/>\n<script type=\"application\/ld+json\" class=\"yoast-schema-graph\">{\"@context\":\"https:\/\/schema.org\",\"@graph\":[{\"@type\":\"WebPage\",\"@id\":\"https:\/\/www.erresse-shop.it\/fr\/shop\/table-fr-2\/recipients-et-bols\/villeroy-boch-new-moon-ensemble-de-6-bols-de-24-cm\/\",\"url\":\"https:\/\/www.erresse-shop.it\/fr\/shop\/table-fr-2\/recipients-et-bols\/villeroy-boch-new-moon-ensemble-de-6-bols-de-24-cm\/\",\"name\":\"VILLEROY & BOCH New Moon Ensemble de 6 Bols de 24 cm - Erresse Shop\",\"isPartOf\":{\"@id\":\"https:\/\/www.erresse-shop.it\/fr\/#website\"},\"datePublished\":\"2023-02-16T11:43:31+00:00\",\"dateModified\":\"2023-02-16T13:25:50+00:00\",\"description\":\"Id\u00e9al pour les soupes et les desserts Expressive, fonctionnelle, puriste - avec la ligne NewMoon, vous pouvez compter sur un design unique pour l'usage\",\"breadcrumb\":{\"@id\":\"https:\/\/www.erresse-shop.it\/fr\/shop\/table-fr-2\/recipients-et-bols\/villeroy-boch-new-moon-ensemble-de-6-bols-de-24-cm\/#breadcrumb\"},\"inLanguage\":\"fr-FR\",\"potentialAction\":[{\"@type\":\"ReadAction\",\"target\":[\"https:\/\/www.erresse-shop.it\/fr\/shop\/table-fr-2\/recipients-et-bols\/villeroy-boch-new-moon-ensemble-de-6-bols-de-24-cm\/\"]}]},{\"@type\":\"BreadcrumbList\",\"@id\":\"https:\/\/www.erresse-shop.it\/fr\/shop\/table-fr-2\/recipients-et-bols\/villeroy-boch-new-moon-ensemble-de-6-bols-de-24-cm\/#breadcrumb\",\"itemListElement\":[{\"@type\":\"ListItem\",\"position\":1,\"name\":\"Home\",\"item\":\"https:\/\/www.erresse-shop.it\/fr\/\"},{\"@type\":\"ListItem\",\"position\":2,\"name\":\"Shop\",\"item\":\"https:\/\/www.erresse-shop.it\/fr\/shop\/\"},{\"@type\":\"ListItem\",\"position\":3,\"name\":\"VILLEROY &#038; BOCH New Moon Ensemble de 6 Bols de 24 cm\"}]},{\"@type\":\"WebSite\",\"@id\":\"https:\/\/www.erresse-shop.it\/fr\/#website\",\"url\":\"https:\/\/www.erresse-shop.it\/fr\/\",\"name\":\"Erresse Shop\",\"description\":\"Articoli di qualit\u00e0 per la casa\",\"potentialAction\":[{\"@type\":\"SearchAction\",\"target\":{\"@type\":\"EntryPoint\",\"urlTemplate\":\"https:\/\/www.erresse-shop.it\/fr\/?s={search_term_string}\"},\"query-input\":\"required name=search_term_string\"}],\"inLanguage\":\"fr-FR\"}]}<\/script>\n<!-- \/ Yoast SEO Premium plugin. -->","yoast_head_json":{"title":"VILLEROY & BOCH New Moon Ensemble de 6 Bols de 24 cm - Erresse Shop","description":"Id\u00e9al pour les soupes et les desserts Expressive, fonctionnelle, puriste - avec la ligne NewMoon, vous pouvez compter sur un design unique pour l'usage","robots":{"index":"index","follow":"follow","max-snippet":"max-snippet:-1","max-image-preview":"max-image-preview:large","max-video-preview":"max-video-preview:-1"},"canonical":"https:\/\/www.erresse-shop.it\/fr\/shop\/table-fr-2\/recipients-et-bols\/villeroy-boch-new-moon-ensemble-de-6-bols-de-24-cm\/","og_locale":"fr_FR","og_type":"article","og_title":"VILLEROY & BOCH New Moon Ensemble de 6 Bols de 24 cm","og_description":"Id\u00e9al pour les soupes et les desserts Expressive, fonctionnelle, puriste - avec la ligne NewMoon, vous pouvez compter sur un design unique pour l'usage","og_url":"https:\/\/www.erresse-shop.it\/fr\/shop\/table-fr-2\/recipients-et-bols\/villeroy-boch-new-moon-ensemble-de-6-bols-de-24-cm\/","og_site_name":"Erresse Shop","article_modified_time":"2023-02-16T13:25:50+00:00","og_image":[{"width":800,"height":800,"url":"https:\/\/www.erresse-shop.it\/wp-content\/uploads\/2023\/02\/VILLEROY-BOCH-New-Moon-Set-6-Ciotole-24-cm.jpg","type":"image\/jpeg"}],"twitter_card":"summary_large_image","schema":{"@context":"https:\/\/schema.org","@graph":[{"@type":"WebPage","@id":"https:\/\/www.erresse-shop.it\/fr\/shop\/table-fr-2\/recipients-et-bols\/villeroy-boch-new-moon-ensemble-de-6-bols-de-24-cm\/","url":"https:\/\/www.erresse-shop.it\/fr\/shop\/table-fr-2\/recipients-et-bols\/villeroy-boch-new-moon-ensemble-de-6-bols-de-24-cm\/","name":"VILLEROY & BOCH New Moon Ensemble de 6 Bols de 24 cm - Erresse Shop","isPartOf":{"@id":"https:\/\/www.erresse-shop.it\/fr\/#website"},"datePublished":"2023-02-16T11:43:31+00:00","dateModified":"2023-02-16T13:25:50+00:00","description":"Id\u00e9al pour les soupes et les desserts Expressive, fonctionnelle, puriste - avec la ligne NewMoon, vous pouvez compter sur un design unique pour l'usage","breadcrumb":{"@id":"https:\/\/www.erresse-shop.it\/fr\/shop\/table-fr-2\/recipients-et-bols\/villeroy-boch-new-moon-ensemble-de-6-bols-de-24-cm\/#breadcrumb"},"inLanguage":"fr-FR","potentialAction":[{"@type":"ReadAction","target":["https:\/\/www.erresse-shop.it\/fr\/shop\/table-fr-2\/recipients-et-bols\/villeroy-boch-new-moon-ensemble-de-6-bols-de-24-cm\/"]}]},{"@type":"BreadcrumbList","@id":"https:\/\/www.erresse-shop.it\/fr\/shop\/table-fr-2\/recipients-et-bols\/villeroy-boch-new-moon-ensemble-de-6-bols-de-24-cm\/#breadcrumb","itemListElement":[{"@type":"ListItem","position":1,"name":"Home","item":"https:\/\/www.erresse-shop.it\/fr\/"},{"@type":"ListItem","position":2,"name":"Shop","item":"https:\/\/www.erresse-shop.it\/fr\/shop\/"},{"@type":"ListItem","position":3,"name":"VILLEROY &#038; BOCH New Moon Ensemble de 6 Bols de 24 cm"}]},{"@type":"WebSite","@id":"https:\/\/www.erresse-shop.it\/fr\/#website","url":"https:\/\/www.erresse-shop.it\/fr\/","name":"Erresse Shop","description":"Articoli di qualit\u00e0 per la casa","potentialAction":[{"@type":"SearchAction","target":{"@type":"EntryPoint","urlTemplate":"https:\/\/www.erresse-shop.it\/fr\/?s={search_term_string}"},"query-input":"required name=search_term_string"}],"inLanguage":"fr-FR"}]}},"df_price":89.95,"df_sale_price":89.95,"df_regular_price":119.4,"df_image_link":"https:\/\/www.erresse-shop.it\/wp-content\/uploads\/2023\/02\/VILLEROY-BOCH-New-Moon-Set-6-Ciotole-24-cm-1-300x300.jpg","_links":{"self":[{"href":"https:\/\/www.erresse-shop.it\/fr\/wp-json\/wp\/v2\/product\/238906"}],"collection":[{"href":"https:\/\/www.erresse-shop.it\/fr\/wp-json\/wp\/v2\/product"}],"about":[{"href":"https:\/\/www.erresse-shop.it\/fr\/wp-json\/wp\/v2\/types\/product"}],"wp:featuredmedia":[{"embeddable":true,"href":"https:\/\/www.erresse-shop.it\/fr\/wp-json\/wp\/v2\/media\/474584"}],"wp:attachment":[{"href":"https:\/\/www.erresse-shop.it\/fr\/wp-json\/wp\/v2\/media?parent=238906"}],"wp:term":[{"taxonomy":"product_cat","embeddable":true,"href":"https:\/\/www.erresse-shop.it\/fr\/wp-json\/wp\/v2\/product_cat?post=238906"},{"taxonomy":"product_tag","embeddable":true,"href":"https:\/\/www.erresse-shop.it\/fr\/wp-json\/wp\/v2\/product_tag?post=238906"}],"curies":[{"name":"wp","href":"https:\/\/api.w.org\/{rel}","templated":true}]}}