{"id":238842,"date":"2023-02-16T11:24:14","date_gmt":"2023-02-16T11:24:20","guid":{"rendered":"https:\/\/www.erresse-shop.it\/?post_type=product&#038;p=238842"},"modified":"2023-02-16T11:32:07","modified_gmt":"2023-02-16T11:32:07","slug":"villeroy-boch-new-moon-ensemble-6-tasses-a-espresso","status":"publish","type":"product","link":"https:\/\/www.erresse-shop.it\/fr\/shop\/table-fr-2\/tasses\/villeroy-boch-new-moon-ensemble-6-tasses-a-espresso\/","title":{"rendered":"VILLEROY &#038; BOCH New Moon Ensemble 6 Tasses \u00e0 Espresso"},"content":{"rendered":"<p><strong>Petit, robuste, blanc<\/strong><br \/>\nExpressive, fonctionnelle, puriste &#8211; avec la ligne NewMoon, vous pouvez compter sur un design unique pour l&#8217;usage quotidien et les occasions sp\u00e9ciales. Le rebord frappant en forme de fin croissant de lune et la l\u00e9g\u00e8re asym\u00e9trie qui en r\u00e9sulte refl\u00e8tent le caract\u00e8re clair de la collection. Pour un caf\u00e9 apr\u00e8s un repas de f\u00eate ou pour une pause quotidienne &#8211; cette tasse vous accompagnera avec style. D\u00e9couvrez la porcelaine inspir\u00e9e par la beaut\u00e9 de la lune.<\/p>\n<p><strong>Mat\u00e9riau:<\/strong> porcelaine<br \/>\n<strong>Volume:<\/strong> environ 50ml<br \/>\n<strong>Lavable au lave-vaisselle:<\/strong> oui<br \/>\n<strong>Convient au micro-ondes:<\/strong> oui<\/p>\n","protected":false},"excerpt":{"rendered":"<p>Petit, robuste, blanc Expressive, fonctionnelle, puriste &#8211; avec la ligne NewMoon, vous pouvez compter sur un design unique pour l&#8217;usage<\/p>\n","protected":false},"featured_media":474456,"template":"","meta":{"_acf_changed":false,"inline_featured_image":false},"product_cat":[12782,12791],"product_tag":[25026,23563,21935,25021,22002,15764,14560,16473,16906,21934],"acf":[],"yoast_head":"<!-- This site is optimized with the Yoast SEO Premium plugin v18.6 (Yoast SEO v19.13) - https:\/\/yoast.com\/wordpress\/plugins\/seo\/ -->\n<title>VILLEROY &amp; BOCH New Moon Ensemble 6 Tasses \u00e0 Espresso - Erresse Shop<\/title>\n<meta name=\"description\" content=\"Petit, robuste, blanc Expressive, fonctionnelle, puriste - avec la ligne NewMoon, vous pouvez compter sur un design unique pour l&#039;usage quotidien et les\" \/>\n<meta name=\"robots\" content=\"index, follow, max-snippet:-1, max-image-preview:large, max-video-preview:-1\" \/>\n<link rel=\"canonical\" href=\"https:\/\/www.erresse-shop.it\/fr\/shop\/table-fr-2\/tasses\/villeroy-boch-new-moon-ensemble-6-tasses-a-espresso\/\" \/>\n<meta property=\"og:locale\" content=\"fr_FR\" \/>\n<meta property=\"og:type\" content=\"article\" \/>\n<meta property=\"og:title\" content=\"VILLEROY &amp; BOCH New Moon Ensemble 6 Tasses \u00e0 Espresso\" \/>\n<meta property=\"og:description\" content=\"Petit, robuste, blanc Expressive, fonctionnelle, puriste - avec la ligne NewMoon, vous pouvez compter sur un design unique pour l&#039;usage quotidien et les\" \/>\n<meta property=\"og:url\" content=\"https:\/\/www.erresse-shop.it\/fr\/shop\/table-fr-2\/tasses\/villeroy-boch-new-moon-ensemble-6-tasses-a-espresso\/\" \/>\n<meta property=\"og:site_name\" content=\"Erresse Shop\" \/>\n<meta property=\"article:modified_time\" content=\"2023-02-16T11:32:07+00:00\" \/>\n<meta property=\"og:image\" content=\"https:\/\/www.erresse-shop.it\/wp-content\/uploads\/2023\/02\/VILLEROY-BOCH-New-Moon-Set-6-Tazzine-Espresso-.jpg\" \/>\n\t<meta property=\"og:image:width\" content=\"800\" \/>\n\t<meta property=\"og:image:height\" content=\"800\" \/>\n\t<meta property=\"og:image:type\" content=\"image\/jpeg\" \/>\n<meta name=\"twitter:card\" content=\"summary_large_image\" \/>\n<script type=\"application\/ld+json\" class=\"yoast-schema-graph\">{\"@context\":\"https:\/\/schema.org\",\"@graph\":[{\"@type\":\"WebPage\",\"@id\":\"https:\/\/www.erresse-shop.it\/fr\/shop\/table-fr-2\/tasses\/villeroy-boch-new-moon-ensemble-6-tasses-a-espresso\/\",\"url\":\"https:\/\/www.erresse-shop.it\/fr\/shop\/table-fr-2\/tasses\/villeroy-boch-new-moon-ensemble-6-tasses-a-espresso\/\",\"name\":\"VILLEROY & BOCH New Moon Ensemble 6 Tasses \u00e0 Espresso - Erresse Shop\",\"isPartOf\":{\"@id\":\"https:\/\/www.erresse-shop.it\/fr\/#website\"},\"datePublished\":\"2023-02-16T11:24:20+00:00\",\"dateModified\":\"2023-02-16T11:32:07+00:00\",\"description\":\"Petit, robuste, blanc Expressive, fonctionnelle, puriste - avec la ligne NewMoon, vous pouvez compter sur un design unique pour l'usage quotidien et les\",\"breadcrumb\":{\"@id\":\"https:\/\/www.erresse-shop.it\/fr\/shop\/table-fr-2\/tasses\/villeroy-boch-new-moon-ensemble-6-tasses-a-espresso\/#breadcrumb\"},\"inLanguage\":\"fr-FR\",\"potentialAction\":[{\"@type\":\"ReadAction\",\"target\":[\"https:\/\/www.erresse-shop.it\/fr\/shop\/table-fr-2\/tasses\/villeroy-boch-new-moon-ensemble-6-tasses-a-espresso\/\"]}]},{\"@type\":\"BreadcrumbList\",\"@id\":\"https:\/\/www.erresse-shop.it\/fr\/shop\/table-fr-2\/tasses\/villeroy-boch-new-moon-ensemble-6-tasses-a-espresso\/#breadcrumb\",\"itemListElement\":[{\"@type\":\"ListItem\",\"position\":1,\"name\":\"Home\",\"item\":\"https:\/\/www.erresse-shop.it\/fr\/\"},{\"@type\":\"ListItem\",\"position\":2,\"name\":\"Shop\",\"item\":\"https:\/\/www.erresse-shop.it\/fr\/shop\/\"},{\"@type\":\"ListItem\",\"position\":3,\"name\":\"VILLEROY &#038; BOCH New Moon Ensemble 6 Tasses \u00e0 Espresso\"}]},{\"@type\":\"WebSite\",\"@id\":\"https:\/\/www.erresse-shop.it\/fr\/#website\",\"url\":\"https:\/\/www.erresse-shop.it\/fr\/\",\"name\":\"Erresse Shop\",\"description\":\"Articoli di qualit\u00e0 per la casa\",\"potentialAction\":[{\"@type\":\"SearchAction\",\"target\":{\"@type\":\"EntryPoint\",\"urlTemplate\":\"https:\/\/www.erresse-shop.it\/fr\/?s={search_term_string}\"},\"query-input\":\"required name=search_term_string\"}],\"inLanguage\":\"fr-FR\"}]}<\/script>\n<!-- \/ Yoast SEO Premium plugin. -->","yoast_head_json":{"title":"VILLEROY & BOCH New Moon Ensemble 6 Tasses \u00e0 Espresso - Erresse Shop","description":"Petit, robuste, blanc Expressive, fonctionnelle, puriste - avec la ligne NewMoon, vous pouvez compter sur un design unique pour l'usage quotidien et les","robots":{"index":"index","follow":"follow","max-snippet":"max-snippet:-1","max-image-preview":"max-image-preview:large","max-video-preview":"max-video-preview:-1"},"canonical":"https:\/\/www.erresse-shop.it\/fr\/shop\/table-fr-2\/tasses\/villeroy-boch-new-moon-ensemble-6-tasses-a-espresso\/","og_locale":"fr_FR","og_type":"article","og_title":"VILLEROY & BOCH New Moon Ensemble 6 Tasses \u00e0 Espresso","og_description":"Petit, robuste, blanc Expressive, fonctionnelle, puriste - avec la ligne NewMoon, vous pouvez compter sur un design unique pour l'usage quotidien et les","og_url":"https:\/\/www.erresse-shop.it\/fr\/shop\/table-fr-2\/tasses\/villeroy-boch-new-moon-ensemble-6-tasses-a-espresso\/","og_site_name":"Erresse Shop","article_modified_time":"2023-02-16T11:32:07+00:00","og_image":[{"width":800,"height":800,"url":"https:\/\/www.erresse-shop.it\/wp-content\/uploads\/2023\/02\/VILLEROY-BOCH-New-Moon-Set-6-Tazzine-Espresso-.jpg","type":"image\/jpeg"}],"twitter_card":"summary_large_image","schema":{"@context":"https:\/\/schema.org","@graph":[{"@type":"WebPage","@id":"https:\/\/www.erresse-shop.it\/fr\/shop\/table-fr-2\/tasses\/villeroy-boch-new-moon-ensemble-6-tasses-a-espresso\/","url":"https:\/\/www.erresse-shop.it\/fr\/shop\/table-fr-2\/tasses\/villeroy-boch-new-moon-ensemble-6-tasses-a-espresso\/","name":"VILLEROY & BOCH New Moon Ensemble 6 Tasses \u00e0 Espresso - Erresse Shop","isPartOf":{"@id":"https:\/\/www.erresse-shop.it\/fr\/#website"},"datePublished":"2023-02-16T11:24:20+00:00","dateModified":"2023-02-16T11:32:07+00:00","description":"Petit, robuste, blanc Expressive, fonctionnelle, puriste - avec la ligne NewMoon, vous pouvez compter sur un design unique pour l'usage quotidien et les","breadcrumb":{"@id":"https:\/\/www.erresse-shop.it\/fr\/shop\/table-fr-2\/tasses\/villeroy-boch-new-moon-ensemble-6-tasses-a-espresso\/#breadcrumb"},"inLanguage":"fr-FR","potentialAction":[{"@type":"ReadAction","target":["https:\/\/www.erresse-shop.it\/fr\/shop\/table-fr-2\/tasses\/villeroy-boch-new-moon-ensemble-6-tasses-a-espresso\/"]}]},{"@type":"BreadcrumbList","@id":"https:\/\/www.erresse-shop.it\/fr\/shop\/table-fr-2\/tasses\/villeroy-boch-new-moon-ensemble-6-tasses-a-espresso\/#breadcrumb","itemListElement":[{"@type":"ListItem","position":1,"name":"Home","item":"https:\/\/www.erresse-shop.it\/fr\/"},{"@type":"ListItem","position":2,"name":"Shop","item":"https:\/\/www.erresse-shop.it\/fr\/shop\/"},{"@type":"ListItem","position":3,"name":"VILLEROY &#038; BOCH New Moon Ensemble 6 Tasses \u00e0 Espresso"}]},{"@type":"WebSite","@id":"https:\/\/www.erresse-shop.it\/fr\/#website","url":"https:\/\/www.erresse-shop.it\/fr\/","name":"Erresse Shop","description":"Articoli di qualit\u00e0 per la casa","potentialAction":[{"@type":"SearchAction","target":{"@type":"EntryPoint","urlTemplate":"https:\/\/www.erresse-shop.it\/fr\/?s={search_term_string}"},"query-input":"required name=search_term_string"}],"inLanguage":"fr-FR"}]}},"df_price":50.7,"df_sale_price":50.7,"df_regular_price":101.4,"df_image_link":"https:\/\/www.erresse-shop.it\/wp-content\/uploads\/2023\/02\/VILLEROY-BOCH-New-Moon-Set-6-Tazzine-Espresso-1-300x300.jpg","_links":{"self":[{"href":"https:\/\/www.erresse-shop.it\/fr\/wp-json\/wp\/v2\/product\/238842"}],"collection":[{"href":"https:\/\/www.erresse-shop.it\/fr\/wp-json\/wp\/v2\/product"}],"about":[{"href":"https:\/\/www.erresse-shop.it\/fr\/wp-json\/wp\/v2\/types\/product"}],"wp:featuredmedia":[{"embeddable":true,"href":"https:\/\/www.erresse-shop.it\/fr\/wp-json\/wp\/v2\/media\/474456"}],"wp:attachment":[{"href":"https:\/\/www.erresse-shop.it\/fr\/wp-json\/wp\/v2\/media?parent=238842"}],"wp:term":[{"taxonomy":"product_cat","embeddable":true,"href":"https:\/\/www.erresse-shop.it\/fr\/wp-json\/wp\/v2\/product_cat?post=238842"},{"taxonomy":"product_tag","embeddable":true,"href":"https:\/\/www.erresse-shop.it\/fr\/wp-json\/wp\/v2\/product_tag?post=238842"}],"curies":[{"name":"wp","href":"https:\/\/api.w.org\/{rel}","templated":true}]}}