{"id":238153,"date":"2023-02-15T13:43:59","date_gmt":"2023-02-15T13:44:05","guid":{"rendered":"https:\/\/www.erresse-shop.it\/?post_type=product&#038;p=238153"},"modified":"2024-12-11T13:40:10","modified_gmt":"2024-12-11T13:40:10","slug":"villeroy-boch-rock-blanc-ensemble-6-soucoupes-a-espresso","status":"publish","type":"product","link":"https:\/\/www.erresse-shop.it\/fr\/shop\/table-fr-2\/tasses\/villeroy-boch-rock-blanc-ensemble-6-soucoupes-a-espresso\/","title":{"rendered":"VILLEROY &#038; BOCH Rock Blanc Ensemble 6 Soucoupes \u00e0 Espresso"},"content":{"rendered":"<p><strong>Recherche d&#8217;ardoise pour votre caf\u00e9<\/strong><br \/>\nManufacture Rock est quelque chose de tr\u00e8s sp\u00e9cial : l&#8217;utilisation innovante des mat\u00e9riaux, les surfaces en porcelaine avec une finition mate et un noir expressif donnent \u00e0 cette gamme embl\u00e9matique son aspect ardoise unique et son toucher exceptionnel. Des combinaisons int\u00e9ressantes dans l&#8217;ensemble de la s\u00e9rie Manufacture. Pour tous ceux qui ne veulent pas d&#8217;un espresso ennuyeux. Avec cette soucoupe pour tasse \u00e0 espresso et moka, vous pouvez agr\u00e9menter de mani\u00e8re expressive votre caf\u00e9 apr\u00e8s le d\u00e9jeuner ou le d\u00eener ou pour une pause. Faites-vous plaisir avec un design plein de caract\u00e8re.<\/p>\n<p><strong>Mat\u00e9riau:<\/strong> porcelaine<br \/>\n<strong>Volume:<\/strong> environ 121ml<br \/>\n<strong>Lavable au lave-vaisselle:<\/strong> oui<br \/>\n<strong>Convient au micro-ondes:<\/strong> oui<\/p>\n","protected":false},"excerpt":{"rendered":"<p>Recherche d&#8217;ardoise pour votre caf\u00e9 Manufacture Rock est quelque chose de tr\u00e8s sp\u00e9cial : l&#8217;utilisation innovante des mat\u00e9riaux, les surfaces<\/p>\n","protected":false},"featured_media":474441,"template":"","meta":{"_acf_changed":false,"inline_featured_image":false},"product_cat":[12782,12791],"product_tag":[25026,23563,25021,17887,21945],"acf":[],"yoast_head":"<!-- This site is optimized with the Yoast SEO Premium plugin v18.6 (Yoast SEO v19.13) - https:\/\/yoast.com\/wordpress\/plugins\/seo\/ -->\n<title>VILLEROY &amp; BOCH Rock Blanc Ensemble 6 Soucoupes \u00e0 Espresso - Erresse Shop<\/title>\n<meta name=\"description\" content=\"Recherche d&#039;ardoise pour votre caf\u00e9 Manufacture Rock est quelque chose de tr\u00e8s sp\u00e9cial : l&#039;utilisation innovante des mat\u00e9riaux, les surfaces en porcelaine\" \/>\n<meta name=\"robots\" content=\"index, follow, max-snippet:-1, max-image-preview:large, max-video-preview:-1\" \/>\n<link rel=\"canonical\" href=\"https:\/\/www.erresse-shop.it\/fr\/shop\/table-fr-2\/tasses\/villeroy-boch-rock-blanc-ensemble-6-soucoupes-a-espresso\/\" \/>\n<meta property=\"og:locale\" content=\"fr_FR\" \/>\n<meta property=\"og:type\" content=\"article\" \/>\n<meta property=\"og:title\" content=\"VILLEROY &amp; BOCH Rock Blanc Ensemble 6 Soucoupes \u00e0 Espresso\" \/>\n<meta property=\"og:description\" content=\"Recherche d&#039;ardoise pour votre caf\u00e9 Manufacture Rock est quelque chose de tr\u00e8s sp\u00e9cial : l&#039;utilisation innovante des mat\u00e9riaux, les surfaces en porcelaine\" \/>\n<meta property=\"og:url\" content=\"https:\/\/www.erresse-shop.it\/fr\/shop\/table-fr-2\/tasses\/villeroy-boch-rock-blanc-ensemble-6-soucoupes-a-espresso\/\" \/>\n<meta property=\"og:site_name\" content=\"Erresse Shop\" \/>\n<meta property=\"article:modified_time\" content=\"2024-12-11T13:40:10+00:00\" \/>\n<meta property=\"og:image\" content=\"https:\/\/www.erresse-shop.it\/wp-content\/uploads\/2023\/02\/VILLEROY-BOCH-Rock-Bianco-Set-6-Piattini-Espresso.jpg\" \/>\n\t<meta property=\"og:image:width\" content=\"800\" \/>\n\t<meta property=\"og:image:height\" content=\"800\" \/>\n\t<meta property=\"og:image:type\" content=\"image\/jpeg\" \/>\n<meta name=\"twitter:card\" content=\"summary_large_image\" \/>\n<script type=\"application\/ld+json\" class=\"yoast-schema-graph\">{\"@context\":\"https:\/\/schema.org\",\"@graph\":[{\"@type\":\"WebPage\",\"@id\":\"https:\/\/www.erresse-shop.it\/fr\/shop\/table-fr-2\/tasses\/villeroy-boch-rock-blanc-ensemble-6-soucoupes-a-espresso\/\",\"url\":\"https:\/\/www.erresse-shop.it\/fr\/shop\/table-fr-2\/tasses\/villeroy-boch-rock-blanc-ensemble-6-soucoupes-a-espresso\/\",\"name\":\"VILLEROY & BOCH Rock Blanc Ensemble 6 Soucoupes \u00e0 Espresso - Erresse Shop\",\"isPartOf\":{\"@id\":\"https:\/\/www.erresse-shop.it\/fr\/#website\"},\"datePublished\":\"2023-02-15T13:44:05+00:00\",\"dateModified\":\"2024-12-11T13:40:10+00:00\",\"description\":\"Recherche d'ardoise pour votre caf\u00e9 Manufacture Rock est quelque chose de tr\u00e8s sp\u00e9cial : l'utilisation innovante des mat\u00e9riaux, les surfaces en porcelaine\",\"breadcrumb\":{\"@id\":\"https:\/\/www.erresse-shop.it\/fr\/shop\/table-fr-2\/tasses\/villeroy-boch-rock-blanc-ensemble-6-soucoupes-a-espresso\/#breadcrumb\"},\"inLanguage\":\"fr-FR\",\"potentialAction\":[{\"@type\":\"ReadAction\",\"target\":[\"https:\/\/www.erresse-shop.it\/fr\/shop\/table-fr-2\/tasses\/villeroy-boch-rock-blanc-ensemble-6-soucoupes-a-espresso\/\"]}]},{\"@type\":\"BreadcrumbList\",\"@id\":\"https:\/\/www.erresse-shop.it\/fr\/shop\/table-fr-2\/tasses\/villeroy-boch-rock-blanc-ensemble-6-soucoupes-a-espresso\/#breadcrumb\",\"itemListElement\":[{\"@type\":\"ListItem\",\"position\":1,\"name\":\"Home\",\"item\":\"https:\/\/www.erresse-shop.it\/fr\/\"},{\"@type\":\"ListItem\",\"position\":2,\"name\":\"Shop\",\"item\":\"https:\/\/www.erresse-shop.it\/fr\/shop\/\"},{\"@type\":\"ListItem\",\"position\":3,\"name\":\"VILLEROY &#038; BOCH Rock Blanc Ensemble 6 Soucoupes \u00e0 Espresso\"}]},{\"@type\":\"WebSite\",\"@id\":\"https:\/\/www.erresse-shop.it\/fr\/#website\",\"url\":\"https:\/\/www.erresse-shop.it\/fr\/\",\"name\":\"Erresse Shop\",\"description\":\"Articoli di qualit\u00e0 per la casa\",\"potentialAction\":[{\"@type\":\"SearchAction\",\"target\":{\"@type\":\"EntryPoint\",\"urlTemplate\":\"https:\/\/www.erresse-shop.it\/fr\/?s={search_term_string}\"},\"query-input\":\"required name=search_term_string\"}],\"inLanguage\":\"fr-FR\"}]}<\/script>\n<!-- \/ Yoast SEO Premium plugin. -->","yoast_head_json":{"title":"VILLEROY & BOCH Rock Blanc Ensemble 6 Soucoupes \u00e0 Espresso - Erresse Shop","description":"Recherche d'ardoise pour votre caf\u00e9 Manufacture Rock est quelque chose de tr\u00e8s sp\u00e9cial : l'utilisation innovante des mat\u00e9riaux, les surfaces en porcelaine","robots":{"index":"index","follow":"follow","max-snippet":"max-snippet:-1","max-image-preview":"max-image-preview:large","max-video-preview":"max-video-preview:-1"},"canonical":"https:\/\/www.erresse-shop.it\/fr\/shop\/table-fr-2\/tasses\/villeroy-boch-rock-blanc-ensemble-6-soucoupes-a-espresso\/","og_locale":"fr_FR","og_type":"article","og_title":"VILLEROY & BOCH Rock Blanc Ensemble 6 Soucoupes \u00e0 Espresso","og_description":"Recherche d'ardoise pour votre caf\u00e9 Manufacture Rock est quelque chose de tr\u00e8s sp\u00e9cial : l'utilisation innovante des mat\u00e9riaux, les surfaces en porcelaine","og_url":"https:\/\/www.erresse-shop.it\/fr\/shop\/table-fr-2\/tasses\/villeroy-boch-rock-blanc-ensemble-6-soucoupes-a-espresso\/","og_site_name":"Erresse Shop","article_modified_time":"2024-12-11T13:40:10+00:00","og_image":[{"width":800,"height":800,"url":"https:\/\/www.erresse-shop.it\/wp-content\/uploads\/2023\/02\/VILLEROY-BOCH-Rock-Bianco-Set-6-Piattini-Espresso.jpg","type":"image\/jpeg"}],"twitter_card":"summary_large_image","schema":{"@context":"https:\/\/schema.org","@graph":[{"@type":"WebPage","@id":"https:\/\/www.erresse-shop.it\/fr\/shop\/table-fr-2\/tasses\/villeroy-boch-rock-blanc-ensemble-6-soucoupes-a-espresso\/","url":"https:\/\/www.erresse-shop.it\/fr\/shop\/table-fr-2\/tasses\/villeroy-boch-rock-blanc-ensemble-6-soucoupes-a-espresso\/","name":"VILLEROY & BOCH Rock Blanc Ensemble 6 Soucoupes \u00e0 Espresso - Erresse Shop","isPartOf":{"@id":"https:\/\/www.erresse-shop.it\/fr\/#website"},"datePublished":"2023-02-15T13:44:05+00:00","dateModified":"2024-12-11T13:40:10+00:00","description":"Recherche d'ardoise pour votre caf\u00e9 Manufacture Rock est quelque chose de tr\u00e8s sp\u00e9cial : l'utilisation innovante des mat\u00e9riaux, les surfaces en porcelaine","breadcrumb":{"@id":"https:\/\/www.erresse-shop.it\/fr\/shop\/table-fr-2\/tasses\/villeroy-boch-rock-blanc-ensemble-6-soucoupes-a-espresso\/#breadcrumb"},"inLanguage":"fr-FR","potentialAction":[{"@type":"ReadAction","target":["https:\/\/www.erresse-shop.it\/fr\/shop\/table-fr-2\/tasses\/villeroy-boch-rock-blanc-ensemble-6-soucoupes-a-espresso\/"]}]},{"@type":"BreadcrumbList","@id":"https:\/\/www.erresse-shop.it\/fr\/shop\/table-fr-2\/tasses\/villeroy-boch-rock-blanc-ensemble-6-soucoupes-a-espresso\/#breadcrumb","itemListElement":[{"@type":"ListItem","position":1,"name":"Home","item":"https:\/\/www.erresse-shop.it\/fr\/"},{"@type":"ListItem","position":2,"name":"Shop","item":"https:\/\/www.erresse-shop.it\/fr\/shop\/"},{"@type":"ListItem","position":3,"name":"VILLEROY &#038; BOCH Rock Blanc Ensemble 6 Soucoupes \u00e0 Espresso"}]},{"@type":"WebSite","@id":"https:\/\/www.erresse-shop.it\/fr\/#website","url":"https:\/\/www.erresse-shop.it\/fr\/","name":"Erresse Shop","description":"Articoli di qualit\u00e0 per la casa","potentialAction":[{"@type":"SearchAction","target":{"@type":"EntryPoint","urlTemplate":"https:\/\/www.erresse-shop.it\/fr\/?s={search_term_string}"},"query-input":"required name=search_term_string"}],"inLanguage":"fr-FR"}]}},"df_price":42,"df_sale_price":42,"df_regular_price":84,"df_image_link":"https:\/\/www.erresse-shop.it\/wp-content\/uploads\/2023\/02\/VILLEROY-BOCH-Rock-Bianco-Set-6-Piattini-Espresso-1-300x300.jpg","_links":{"self":[{"href":"https:\/\/www.erresse-shop.it\/fr\/wp-json\/wp\/v2\/product\/238153"}],"collection":[{"href":"https:\/\/www.erresse-shop.it\/fr\/wp-json\/wp\/v2\/product"}],"about":[{"href":"https:\/\/www.erresse-shop.it\/fr\/wp-json\/wp\/v2\/types\/product"}],"wp:featuredmedia":[{"embeddable":true,"href":"https:\/\/www.erresse-shop.it\/fr\/wp-json\/wp\/v2\/media\/474441"}],"wp:attachment":[{"href":"https:\/\/www.erresse-shop.it\/fr\/wp-json\/wp\/v2\/media?parent=238153"}],"wp:term":[{"taxonomy":"product_cat","embeddable":true,"href":"https:\/\/www.erresse-shop.it\/fr\/wp-json\/wp\/v2\/product_cat?post=238153"},{"taxonomy":"product_tag","embeddable":true,"href":"https:\/\/www.erresse-shop.it\/fr\/wp-json\/wp\/v2\/product_tag?post=238153"}],"curies":[{"name":"wp","href":"https:\/\/api.w.org\/{rel}","templated":true}]}}