{"id":238051,"date":"2023-02-15T10:00:09","date_gmt":"2023-02-15T10:00:15","guid":{"rendered":"https:\/\/www.erresse-shop.it\/?post_type=product&#038;p=238051"},"modified":"2023-02-15T10:18:41","modified_gmt":"2023-02-15T10:18:41","slug":"villeroy-boch-rock-ensemble-de-6-pasta-plats-28-cm","status":"publish","type":"product","link":"https:\/\/www.erresse-shop.it\/fr\/shop\/table-fr-2\/plats\/villeroy-boch-rock-ensemble-de-6-pasta-plats-28-cm\/","title":{"rendered":"VILLEROY &#038; BOCH Rock Ensemble de 6 Pasta Plats 28 cm"},"content":{"rendered":"<p><strong>Assiette originale pour le petit-d\u00e9jeuner et le caf\u00e9<\/strong><br \/>\nImpressionnez vos invit\u00e9s avec une vaisselle con\u00e7ue avec go\u00fbt. Naturel, original et avec une sensation particuli\u00e8re : c&#8217;est le rocher de la Manufacture. Le style artisanal sous forme de porcelaine avec une finition ardoise mate rend cette collection vraiment sp\u00e9ciale. Combin\u00e9 avec les articles peints \u00e0 la main de la collection s\u0153ur Manufacture, vous apporterez de la chaleur \u00e0 votre table.<\/p>\n<p><strong>Mat\u00e9riau:<\/strong> porcelaine<br \/>\n<strong>Diam\u00e8tre:<\/strong> 280ml<br \/>\n<strong>Lavable au lave-vaisselle:<\/strong> oui<br \/>\n<strong>Convient au micro-ondes:<\/strong> oui<\/p>\n","protected":false},"excerpt":{"rendered":"<p>Assiette originale pour le petit-d\u00e9jeuner et le caf\u00e9 Impressionnez vos invit\u00e9s avec une vaisselle con\u00e7ue avec go\u00fbt. Naturel, original et<\/p>\n","protected":false},"featured_media":474535,"template":"","meta":{"_acf_changed":false,"inline_featured_image":false},"product_cat":[12788,12782],"product_tag":[13169,15808,19357,17887,21968],"acf":[],"yoast_head":"<!-- This site is optimized with the Yoast SEO Premium plugin v18.6 (Yoast SEO v19.13) - https:\/\/yoast.com\/wordpress\/plugins\/seo\/ -->\n<title>VILLEROY &amp; BOCH Rock Ensemble de 6 Pasta Plats 28 cm - Erresse Shop<\/title>\n<meta name=\"description\" content=\"Assiette originale pour le petit-d\u00e9jeuner et le caf\u00e9 Impressionnez vos invit\u00e9s avec une vaisselle con\u00e7ue avec go\u00fbt. Naturel, original et avec une\" \/>\n<meta name=\"robots\" content=\"index, follow, max-snippet:-1, max-image-preview:large, max-video-preview:-1\" \/>\n<link rel=\"canonical\" href=\"https:\/\/www.erresse-shop.it\/fr\/shop\/table-fr-2\/plats\/villeroy-boch-rock-ensemble-de-6-pasta-plats-28-cm\/\" \/>\n<meta property=\"og:locale\" content=\"fr_FR\" \/>\n<meta property=\"og:type\" content=\"article\" \/>\n<meta property=\"og:title\" content=\"VILLEROY &amp; BOCH Rock Ensemble de 6 Pasta Plats 28 cm\" \/>\n<meta property=\"og:description\" content=\"Assiette originale pour le petit-d\u00e9jeuner et le caf\u00e9 Impressionnez vos invit\u00e9s avec une vaisselle con\u00e7ue avec go\u00fbt. Naturel, original et avec une\" \/>\n<meta property=\"og:url\" content=\"https:\/\/www.erresse-shop.it\/fr\/shop\/table-fr-2\/plats\/villeroy-boch-rock-ensemble-de-6-pasta-plats-28-cm\/\" \/>\n<meta property=\"og:site_name\" content=\"Erresse Shop\" \/>\n<meta property=\"article:modified_time\" content=\"2023-02-15T10:18:41+00:00\" \/>\n<meta property=\"og:image\" content=\"https:\/\/www.erresse-shop.it\/wp-content\/uploads\/2023\/02\/VILLEROY-BOCH-Rock-Set-6-Piatti-Pasta-28-cm.jpg\" \/>\n\t<meta property=\"og:image:width\" content=\"800\" \/>\n\t<meta property=\"og:image:height\" content=\"800\" \/>\n\t<meta property=\"og:image:type\" content=\"image\/jpeg\" \/>\n<meta name=\"twitter:card\" content=\"summary_large_image\" \/>\n<script type=\"application\/ld+json\" class=\"yoast-schema-graph\">{\"@context\":\"https:\/\/schema.org\",\"@graph\":[{\"@type\":\"WebPage\",\"@id\":\"https:\/\/www.erresse-shop.it\/fr\/shop\/table-fr-2\/plats\/villeroy-boch-rock-ensemble-de-6-pasta-plats-28-cm\/\",\"url\":\"https:\/\/www.erresse-shop.it\/fr\/shop\/table-fr-2\/plats\/villeroy-boch-rock-ensemble-de-6-pasta-plats-28-cm\/\",\"name\":\"VILLEROY & BOCH Rock Ensemble de 6 Pasta Plats 28 cm - Erresse Shop\",\"isPartOf\":{\"@id\":\"https:\/\/www.erresse-shop.it\/fr\/#website\"},\"datePublished\":\"2023-02-15T10:00:15+00:00\",\"dateModified\":\"2023-02-15T10:18:41+00:00\",\"description\":\"Assiette originale pour le petit-d\u00e9jeuner et le caf\u00e9 Impressionnez vos invit\u00e9s avec une vaisselle con\u00e7ue avec go\u00fbt. Naturel, original et avec une\",\"breadcrumb\":{\"@id\":\"https:\/\/www.erresse-shop.it\/fr\/shop\/table-fr-2\/plats\/villeroy-boch-rock-ensemble-de-6-pasta-plats-28-cm\/#breadcrumb\"},\"inLanguage\":\"fr-FR\",\"potentialAction\":[{\"@type\":\"ReadAction\",\"target\":[\"https:\/\/www.erresse-shop.it\/fr\/shop\/table-fr-2\/plats\/villeroy-boch-rock-ensemble-de-6-pasta-plats-28-cm\/\"]}]},{\"@type\":\"BreadcrumbList\",\"@id\":\"https:\/\/www.erresse-shop.it\/fr\/shop\/table-fr-2\/plats\/villeroy-boch-rock-ensemble-de-6-pasta-plats-28-cm\/#breadcrumb\",\"itemListElement\":[{\"@type\":\"ListItem\",\"position\":1,\"name\":\"Home\",\"item\":\"https:\/\/www.erresse-shop.it\/fr\/\"},{\"@type\":\"ListItem\",\"position\":2,\"name\":\"Shop\",\"item\":\"https:\/\/www.erresse-shop.it\/fr\/shop\/\"},{\"@type\":\"ListItem\",\"position\":3,\"name\":\"VILLEROY &#038; BOCH Rock Ensemble de 6 Pasta Plats 28 cm\"}]},{\"@type\":\"WebSite\",\"@id\":\"https:\/\/www.erresse-shop.it\/fr\/#website\",\"url\":\"https:\/\/www.erresse-shop.it\/fr\/\",\"name\":\"Erresse Shop\",\"description\":\"Articoli di qualit\u00e0 per la casa\",\"potentialAction\":[{\"@type\":\"SearchAction\",\"target\":{\"@type\":\"EntryPoint\",\"urlTemplate\":\"https:\/\/www.erresse-shop.it\/fr\/?s={search_term_string}\"},\"query-input\":\"required name=search_term_string\"}],\"inLanguage\":\"fr-FR\"}]}<\/script>\n<!-- \/ Yoast SEO Premium plugin. -->","yoast_head_json":{"title":"VILLEROY & BOCH Rock Ensemble de 6 Pasta Plats 28 cm - Erresse Shop","description":"Assiette originale pour le petit-d\u00e9jeuner et le caf\u00e9 Impressionnez vos invit\u00e9s avec une vaisselle con\u00e7ue avec go\u00fbt. Naturel, original et avec une","robots":{"index":"index","follow":"follow","max-snippet":"max-snippet:-1","max-image-preview":"max-image-preview:large","max-video-preview":"max-video-preview:-1"},"canonical":"https:\/\/www.erresse-shop.it\/fr\/shop\/table-fr-2\/plats\/villeroy-boch-rock-ensemble-de-6-pasta-plats-28-cm\/","og_locale":"fr_FR","og_type":"article","og_title":"VILLEROY & BOCH Rock Ensemble de 6 Pasta Plats 28 cm","og_description":"Assiette originale pour le petit-d\u00e9jeuner et le caf\u00e9 Impressionnez vos invit\u00e9s avec une vaisselle con\u00e7ue avec go\u00fbt. Naturel, original et avec une","og_url":"https:\/\/www.erresse-shop.it\/fr\/shop\/table-fr-2\/plats\/villeroy-boch-rock-ensemble-de-6-pasta-plats-28-cm\/","og_site_name":"Erresse Shop","article_modified_time":"2023-02-15T10:18:41+00:00","og_image":[{"width":800,"height":800,"url":"https:\/\/www.erresse-shop.it\/wp-content\/uploads\/2023\/02\/VILLEROY-BOCH-Rock-Set-6-Piatti-Pasta-28-cm.jpg","type":"image\/jpeg"}],"twitter_card":"summary_large_image","schema":{"@context":"https:\/\/schema.org","@graph":[{"@type":"WebPage","@id":"https:\/\/www.erresse-shop.it\/fr\/shop\/table-fr-2\/plats\/villeroy-boch-rock-ensemble-de-6-pasta-plats-28-cm\/","url":"https:\/\/www.erresse-shop.it\/fr\/shop\/table-fr-2\/plats\/villeroy-boch-rock-ensemble-de-6-pasta-plats-28-cm\/","name":"VILLEROY & BOCH Rock Ensemble de 6 Pasta Plats 28 cm - Erresse Shop","isPartOf":{"@id":"https:\/\/www.erresse-shop.it\/fr\/#website"},"datePublished":"2023-02-15T10:00:15+00:00","dateModified":"2023-02-15T10:18:41+00:00","description":"Assiette originale pour le petit-d\u00e9jeuner et le caf\u00e9 Impressionnez vos invit\u00e9s avec une vaisselle con\u00e7ue avec go\u00fbt. Naturel, original et avec une","breadcrumb":{"@id":"https:\/\/www.erresse-shop.it\/fr\/shop\/table-fr-2\/plats\/villeroy-boch-rock-ensemble-de-6-pasta-plats-28-cm\/#breadcrumb"},"inLanguage":"fr-FR","potentialAction":[{"@type":"ReadAction","target":["https:\/\/www.erresse-shop.it\/fr\/shop\/table-fr-2\/plats\/villeroy-boch-rock-ensemble-de-6-pasta-plats-28-cm\/"]}]},{"@type":"BreadcrumbList","@id":"https:\/\/www.erresse-shop.it\/fr\/shop\/table-fr-2\/plats\/villeroy-boch-rock-ensemble-de-6-pasta-plats-28-cm\/#breadcrumb","itemListElement":[{"@type":"ListItem","position":1,"name":"Home","item":"https:\/\/www.erresse-shop.it\/fr\/"},{"@type":"ListItem","position":2,"name":"Shop","item":"https:\/\/www.erresse-shop.it\/fr\/shop\/"},{"@type":"ListItem","position":3,"name":"VILLEROY &#038; BOCH Rock Ensemble de 6 Pasta Plats 28 cm"}]},{"@type":"WebSite","@id":"https:\/\/www.erresse-shop.it\/fr\/#website","url":"https:\/\/www.erresse-shop.it\/fr\/","name":"Erresse Shop","description":"Articoli di qualit\u00e0 per la casa","potentialAction":[{"@type":"SearchAction","target":{"@type":"EntryPoint","urlTemplate":"https:\/\/www.erresse-shop.it\/fr\/?s={search_term_string}"},"query-input":"required name=search_term_string"}],"inLanguage":"fr-FR"}]}},"df_price":89.7,"df_sale_price":89.7,"df_regular_price":179.4,"df_image_link":"https:\/\/www.erresse-shop.it\/wp-content\/uploads\/2023\/02\/VILLEROY-BOCH-Rock-Set-6-Piatti-Pasta-28-cm-1-300x300.jpg","_links":{"self":[{"href":"https:\/\/www.erresse-shop.it\/fr\/wp-json\/wp\/v2\/product\/238051"}],"collection":[{"href":"https:\/\/www.erresse-shop.it\/fr\/wp-json\/wp\/v2\/product"}],"about":[{"href":"https:\/\/www.erresse-shop.it\/fr\/wp-json\/wp\/v2\/types\/product"}],"wp:featuredmedia":[{"embeddable":true,"href":"https:\/\/www.erresse-shop.it\/fr\/wp-json\/wp\/v2\/media\/474535"}],"wp:attachment":[{"href":"https:\/\/www.erresse-shop.it\/fr\/wp-json\/wp\/v2\/media?parent=238051"}],"wp:term":[{"taxonomy":"product_cat","embeddable":true,"href":"https:\/\/www.erresse-shop.it\/fr\/wp-json\/wp\/v2\/product_cat?post=238051"},{"taxonomy":"product_tag","embeddable":true,"href":"https:\/\/www.erresse-shop.it\/fr\/wp-json\/wp\/v2\/product_tag?post=238051"}],"curies":[{"name":"wp","href":"https:\/\/api.w.org\/{rel}","templated":true}]}}