{"id":237902,"date":"2023-02-15T09:03:51","date_gmt":"2023-02-15T09:03:57","guid":{"rendered":"https:\/\/www.erresse-shop.it\/?post_type=product&#038;p=237902"},"modified":"2024-04-08T00:02:04","modified_gmt":"2024-04-08T00:02:04","slug":"villeroy-boch-rock-ensemble-de-6-plats-gourmets","status":"publish","type":"product","link":"https:\/\/www.erresse-shop.it\/fr\/shop\/table-fr-2\/plats\/plats-de-service\/villeroy-boch-rock-ensemble-de-6-plats-gourmets\/","title":{"rendered":"VILLEROY &#038; BOCH Rock Ensemble de 6 Plats gourmets"},"content":{"rendered":"<p><strong>Plaque \u00e0 pizza pour savourer au mieux une pizza traditionnelle<\/strong><br \/>\nNaturel, original et avec une sensation particuli\u00e8re : c&#8217;est le rocher de la Manufacture. Le style artisanal sous forme de porcelaine avec une finition ardoise mate rend cette collection vraiment sp\u00e9ciale. Combin\u00e9 avec les articles peints \u00e0 la main de la collection s\u0153ur Manufacture, vous apporterez de la chaleur \u00e0 votre table. Sur cette plaque \u00e0 pizza, vous pouvez d\u00e9guster une d\u00e9licieuse pizza dans le plus grand style. L&#8217;assiette convient \u00e9galement pour servir des g\u00e2teaux ou du fromage. Savourez vos recettes pr\u00e9f\u00e9r\u00e9es avec la plus grande beaut\u00e9 gr\u00e2ce \u00e0 Villeroy &amp; Boch.<\/p>\n<p><strong>Mat\u00e9riau:<\/strong> porcelaine<br \/>\n<strong>Diam\u00e8tre:<\/strong> 318ml<br \/>\n<strong>Lavable au lave-vaisselle:<\/strong> oui<br \/>\n<strong>Convient au micro-ondes:<\/strong> oui<\/p>\n","protected":false},"excerpt":{"rendered":"<p>Plaque \u00e0 pizza pour savourer au mieux une pizza traditionnelle Naturel, original et avec une sensation particuli\u00e8re : c&#8217;est le<\/p>\n","protected":false},"featured_media":237938,"template":"","meta":{"_acf_changed":false,"inline_featured_image":false},"product_cat":[12789,12782],"product_tag":[25026,13169,23660,25021,24397,21957,21958,14261,19357,17887],"acf":[],"yoast_head":"<!-- This site is optimized with the Yoast SEO Premium plugin v18.6 (Yoast SEO v19.13) - https:\/\/yoast.com\/wordpress\/plugins\/seo\/ -->\n<title>VILLEROY &amp; BOCH Rock Ensemble de 6 Plats gourmets - Erresse Shop<\/title>\n<meta name=\"description\" content=\"Plaque \u00e0 pizza pour savourer au mieux une pizza traditionnelle Naturel, original et avec une sensation particuli\u00e8re : c&#039;est le rocher de la Manufacture.\" \/>\n<meta name=\"robots\" content=\"index, follow, max-snippet:-1, max-image-preview:large, max-video-preview:-1\" \/>\n<link rel=\"canonical\" href=\"https:\/\/www.erresse-shop.it\/fr\/shop\/table-fr-2\/plats\/plats-de-service\/villeroy-boch-rock-ensemble-de-6-plats-gourmets\/\" \/>\n<meta property=\"og:locale\" content=\"fr_FR\" \/>\n<meta property=\"og:type\" content=\"article\" \/>\n<meta property=\"og:title\" content=\"VILLEROY &amp; BOCH Rock Ensemble de 6 Plats gourmets\" \/>\n<meta property=\"og:description\" content=\"Plaque \u00e0 pizza pour savourer au mieux une pizza traditionnelle Naturel, original et avec une sensation particuli\u00e8re : c&#039;est le rocher de la Manufacture.\" \/>\n<meta property=\"og:url\" content=\"https:\/\/www.erresse-shop.it\/fr\/shop\/table-fr-2\/plats\/plats-de-service\/villeroy-boch-rock-ensemble-de-6-plats-gourmets\/\" \/>\n<meta property=\"og:site_name\" content=\"Erresse Shop\" \/>\n<meta property=\"article:modified_time\" content=\"2024-04-08T00:02:04+00:00\" \/>\n<meta property=\"og:image\" content=\"https:\/\/www.erresse-shop.it\/wp-content\/uploads\/2023\/02\/VILLEROY-BOCH-Rock-Set-6-Piatti-Gourmet.jpg\" \/>\n\t<meta property=\"og:image:width\" content=\"800\" \/>\n\t<meta property=\"og:image:height\" content=\"800\" \/>\n\t<meta property=\"og:image:type\" content=\"image\/jpeg\" \/>\n<meta name=\"twitter:card\" content=\"summary_large_image\" \/>\n<script type=\"application\/ld+json\" class=\"yoast-schema-graph\">{\"@context\":\"https:\/\/schema.org\",\"@graph\":[{\"@type\":\"WebPage\",\"@id\":\"https:\/\/www.erresse-shop.it\/fr\/shop\/table-fr-2\/plats\/plats-de-service\/villeroy-boch-rock-ensemble-de-6-plats-gourmets\/\",\"url\":\"https:\/\/www.erresse-shop.it\/fr\/shop\/table-fr-2\/plats\/plats-de-service\/villeroy-boch-rock-ensemble-de-6-plats-gourmets\/\",\"name\":\"VILLEROY & BOCH Rock Ensemble de 6 Plats gourmets - Erresse Shop\",\"isPartOf\":{\"@id\":\"https:\/\/www.erresse-shop.it\/fr\/#website\"},\"datePublished\":\"2023-02-15T09:03:57+00:00\",\"dateModified\":\"2024-04-08T00:02:04+00:00\",\"description\":\"Plaque \u00e0 pizza pour savourer au mieux une pizza traditionnelle Naturel, original et avec une sensation particuli\u00e8re : c'est le rocher de la Manufacture.\",\"breadcrumb\":{\"@id\":\"https:\/\/www.erresse-shop.it\/fr\/shop\/table-fr-2\/plats\/plats-de-service\/villeroy-boch-rock-ensemble-de-6-plats-gourmets\/#breadcrumb\"},\"inLanguage\":\"fr-FR\",\"potentialAction\":[{\"@type\":\"ReadAction\",\"target\":[\"https:\/\/www.erresse-shop.it\/fr\/shop\/table-fr-2\/plats\/plats-de-service\/villeroy-boch-rock-ensemble-de-6-plats-gourmets\/\"]}]},{\"@type\":\"BreadcrumbList\",\"@id\":\"https:\/\/www.erresse-shop.it\/fr\/shop\/table-fr-2\/plats\/plats-de-service\/villeroy-boch-rock-ensemble-de-6-plats-gourmets\/#breadcrumb\",\"itemListElement\":[{\"@type\":\"ListItem\",\"position\":1,\"name\":\"Home\",\"item\":\"https:\/\/www.erresse-shop.it\/fr\/\"},{\"@type\":\"ListItem\",\"position\":2,\"name\":\"Shop\",\"item\":\"https:\/\/www.erresse-shop.it\/fr\/shop\/\"},{\"@type\":\"ListItem\",\"position\":3,\"name\":\"VILLEROY &#038; BOCH Rock Ensemble de 6 Plats gourmets\"}]},{\"@type\":\"WebSite\",\"@id\":\"https:\/\/www.erresse-shop.it\/fr\/#website\",\"url\":\"https:\/\/www.erresse-shop.it\/fr\/\",\"name\":\"Erresse Shop\",\"description\":\"Articoli di qualit\u00e0 per la casa\",\"potentialAction\":[{\"@type\":\"SearchAction\",\"target\":{\"@type\":\"EntryPoint\",\"urlTemplate\":\"https:\/\/www.erresse-shop.it\/fr\/?s={search_term_string}\"},\"query-input\":\"required name=search_term_string\"}],\"inLanguage\":\"fr-FR\"}]}<\/script>\n<!-- \/ Yoast SEO Premium plugin. -->","yoast_head_json":{"title":"VILLEROY & BOCH Rock Ensemble de 6 Plats gourmets - Erresse Shop","description":"Plaque \u00e0 pizza pour savourer au mieux une pizza traditionnelle Naturel, original et avec une sensation particuli\u00e8re : c'est le rocher de la Manufacture.","robots":{"index":"index","follow":"follow","max-snippet":"max-snippet:-1","max-image-preview":"max-image-preview:large","max-video-preview":"max-video-preview:-1"},"canonical":"https:\/\/www.erresse-shop.it\/fr\/shop\/table-fr-2\/plats\/plats-de-service\/villeroy-boch-rock-ensemble-de-6-plats-gourmets\/","og_locale":"fr_FR","og_type":"article","og_title":"VILLEROY & BOCH Rock Ensemble de 6 Plats gourmets","og_description":"Plaque \u00e0 pizza pour savourer au mieux une pizza traditionnelle Naturel, original et avec une sensation particuli\u00e8re : c'est le rocher de la Manufacture.","og_url":"https:\/\/www.erresse-shop.it\/fr\/shop\/table-fr-2\/plats\/plats-de-service\/villeroy-boch-rock-ensemble-de-6-plats-gourmets\/","og_site_name":"Erresse Shop","article_modified_time":"2024-04-08T00:02:04+00:00","og_image":[{"width":800,"height":800,"url":"https:\/\/www.erresse-shop.it\/wp-content\/uploads\/2023\/02\/VILLEROY-BOCH-Rock-Set-6-Piatti-Gourmet.jpg","type":"image\/jpeg"}],"twitter_card":"summary_large_image","schema":{"@context":"https:\/\/schema.org","@graph":[{"@type":"WebPage","@id":"https:\/\/www.erresse-shop.it\/fr\/shop\/table-fr-2\/plats\/plats-de-service\/villeroy-boch-rock-ensemble-de-6-plats-gourmets\/","url":"https:\/\/www.erresse-shop.it\/fr\/shop\/table-fr-2\/plats\/plats-de-service\/villeroy-boch-rock-ensemble-de-6-plats-gourmets\/","name":"VILLEROY & BOCH Rock Ensemble de 6 Plats gourmets - Erresse Shop","isPartOf":{"@id":"https:\/\/www.erresse-shop.it\/fr\/#website"},"datePublished":"2023-02-15T09:03:57+00:00","dateModified":"2024-04-08T00:02:04+00:00","description":"Plaque \u00e0 pizza pour savourer au mieux une pizza traditionnelle Naturel, original et avec une sensation particuli\u00e8re : c'est le rocher de la Manufacture.","breadcrumb":{"@id":"https:\/\/www.erresse-shop.it\/fr\/shop\/table-fr-2\/plats\/plats-de-service\/villeroy-boch-rock-ensemble-de-6-plats-gourmets\/#breadcrumb"},"inLanguage":"fr-FR","potentialAction":[{"@type":"ReadAction","target":["https:\/\/www.erresse-shop.it\/fr\/shop\/table-fr-2\/plats\/plats-de-service\/villeroy-boch-rock-ensemble-de-6-plats-gourmets\/"]}]},{"@type":"BreadcrumbList","@id":"https:\/\/www.erresse-shop.it\/fr\/shop\/table-fr-2\/plats\/plats-de-service\/villeroy-boch-rock-ensemble-de-6-plats-gourmets\/#breadcrumb","itemListElement":[{"@type":"ListItem","position":1,"name":"Home","item":"https:\/\/www.erresse-shop.it\/fr\/"},{"@type":"ListItem","position":2,"name":"Shop","item":"https:\/\/www.erresse-shop.it\/fr\/shop\/"},{"@type":"ListItem","position":3,"name":"VILLEROY &#038; BOCH Rock Ensemble de 6 Plats gourmets"}]},{"@type":"WebSite","@id":"https:\/\/www.erresse-shop.it\/fr\/#website","url":"https:\/\/www.erresse-shop.it\/fr\/","name":"Erresse Shop","description":"Articoli di qualit\u00e0 per la casa","potentialAction":[{"@type":"SearchAction","target":{"@type":"EntryPoint","urlTemplate":"https:\/\/www.erresse-shop.it\/fr\/?s={search_term_string}"},"query-input":"required name=search_term_string"}],"inLanguage":"fr-FR"}]}},"df_price":109,"df_sale_price":109,"df_regular_price":227.4,"df_image_link":"https:\/\/www.erresse-shop.it\/wp-content\/uploads\/2023\/02\/VILLEROY-BOCH-Rock-Set-6-Piatti-Gourmet-300x300.jpg","_links":{"self":[{"href":"https:\/\/www.erresse-shop.it\/fr\/wp-json\/wp\/v2\/product\/237902"}],"collection":[{"href":"https:\/\/www.erresse-shop.it\/fr\/wp-json\/wp\/v2\/product"}],"about":[{"href":"https:\/\/www.erresse-shop.it\/fr\/wp-json\/wp\/v2\/types\/product"}],"wp:featuredmedia":[{"embeddable":true,"href":"https:\/\/www.erresse-shop.it\/fr\/wp-json\/wp\/v2\/media\/237938"}],"wp:attachment":[{"href":"https:\/\/www.erresse-shop.it\/fr\/wp-json\/wp\/v2\/media?parent=237902"}],"wp:term":[{"taxonomy":"product_cat","embeddable":true,"href":"https:\/\/www.erresse-shop.it\/fr\/wp-json\/wp\/v2\/product_cat?post=237902"},{"taxonomy":"product_tag","embeddable":true,"href":"https:\/\/www.erresse-shop.it\/fr\/wp-json\/wp\/v2\/product_tag?post=237902"}],"curies":[{"name":"wp","href":"https:\/\/api.w.org\/{rel}","templated":true}]}}