{"id":232417,"date":"2023-01-25T10:58:41","date_gmt":"2023-01-25T10:58:48","guid":{"rendered":"https:\/\/www.erresse-shop.it\/?post_type=product&#038;p=232417"},"modified":"2024-06-11T00:00:51","modified_gmt":"2024-06-11T00:00:51","slug":"venini-vase-annees-trente-rouge-h175","status":"publish","type":"product","link":"https:\/\/www.erresse-shop.it\/fr\/shop\/ameublement-maison\/vases-fr\/venini-vase-annees-trente-rouge-h175\/","title":{"rendered":"VENINI Vase Ann\u00e9es Trente Rouge H17,5"},"content":{"rendered":"<p>Venini Ann\u00e9es Trente Paglierino Vase en verre de Murano 500.09<br \/>\nC&#8217;est l&#8217;esprit d&#8217;un vingti\u00e8me si\u00e8cle qui revient au classicisme et le r\u00e9interpr\u00e8te dans un vase. Cr\u00e9\u00e9 en 1930, c&#8217;est un verre souffl\u00e9 aux lignes essentielles, sinueuses et harmonieuses.<br \/>\nUne \u00e9l\u00e9gance gracieusement soulign\u00e9e par le travail du verre Lattimo, cr\u00e9\u00e9 au XVe si\u00e8cle pour imiter la porcelaine d\u00e9licate.<\/p>\n","protected":false},"excerpt":{"rendered":"<p>Venini Ann\u00e9es Trente Paglierino Vase en verre de Murano 500.09 C&#8217;est l&#8217;esprit d&#8217;un vingti\u00e8me si\u00e8cle qui revient au classicisme et<\/p>\n","protected":false},"featured_media":232422,"template":"","meta":{"_acf_changed":false,"inline_featured_image":false},"product_cat":[12738,14422],"product_tag":[25181,21889,25021,24680,12856,13849,14424],"acf":[],"yoast_head":"<!-- This site is optimized with the Yoast SEO Premium plugin v18.6 (Yoast SEO v19.13) - https:\/\/yoast.com\/wordpress\/plugins\/seo\/ -->\n<title>VENINI Vase Ann\u00e9es Trente Rouge H17,5 - Erresse Shop<\/title>\n<meta name=\"description\" content=\"Venini Ann\u00e9es Trente Paglierino Vase en verre de Murano 500.09 C&#039;est l&#039;esprit d&#039;un vingti\u00e8me si\u00e8cle qui revient au classicisme et le r\u00e9interpr\u00e8te dans un\" \/>\n<meta name=\"robots\" content=\"index, follow, max-snippet:-1, max-image-preview:large, max-video-preview:-1\" \/>\n<link rel=\"canonical\" href=\"https:\/\/www.erresse-shop.it\/fr\/shop\/ameublement-maison\/vases-fr\/venini-vase-annees-trente-rouge-h175\/\" \/>\n<meta property=\"og:locale\" content=\"fr_FR\" \/>\n<meta property=\"og:type\" content=\"article\" \/>\n<meta property=\"og:title\" content=\"VENINI Vase Ann\u00e9es Trente Rouge H17,5\" \/>\n<meta property=\"og:description\" content=\"Venini Ann\u00e9es Trente Paglierino Vase en verre de Murano 500.09 C&#039;est l&#039;esprit d&#039;un vingti\u00e8me si\u00e8cle qui revient au classicisme et le r\u00e9interpr\u00e8te dans un\" \/>\n<meta property=\"og:url\" content=\"https:\/\/www.erresse-shop.it\/fr\/shop\/ameublement-maison\/vases-fr\/venini-vase-annees-trente-rouge-h175\/\" \/>\n<meta property=\"og:site_name\" content=\"Erresse Shop\" \/>\n<meta property=\"article:modified_time\" content=\"2024-06-11T00:00:51+00:00\" \/>\n<meta property=\"og:image\" content=\"https:\/\/www.erresse-shop.it\/wp-content\/uploads\/2023\/01\/VENINI-Vaso-Anni-Trenta-Rosso-H175.jpg\" \/>\n\t<meta property=\"og:image:width\" content=\"800\" \/>\n\t<meta property=\"og:image:height\" content=\"800\" \/>\n\t<meta property=\"og:image:type\" content=\"image\/jpeg\" \/>\n<meta name=\"twitter:card\" content=\"summary_large_image\" \/>\n<script type=\"application\/ld+json\" class=\"yoast-schema-graph\">{\"@context\":\"https:\/\/schema.org\",\"@graph\":[{\"@type\":\"WebPage\",\"@id\":\"https:\/\/www.erresse-shop.it\/fr\/shop\/ameublement-maison\/vases-fr\/venini-vase-annees-trente-rouge-h175\/\",\"url\":\"https:\/\/www.erresse-shop.it\/fr\/shop\/ameublement-maison\/vases-fr\/venini-vase-annees-trente-rouge-h175\/\",\"name\":\"VENINI Vase Ann\u00e9es Trente Rouge H17,5 - Erresse Shop\",\"isPartOf\":{\"@id\":\"https:\/\/www.erresse-shop.it\/fr\/#website\"},\"datePublished\":\"2023-01-25T10:58:48+00:00\",\"dateModified\":\"2024-06-11T00:00:51+00:00\",\"description\":\"Venini Ann\u00e9es Trente Paglierino Vase en verre de Murano 500.09 C'est l'esprit d'un vingti\u00e8me si\u00e8cle qui revient au classicisme et le r\u00e9interpr\u00e8te dans un\",\"breadcrumb\":{\"@id\":\"https:\/\/www.erresse-shop.it\/fr\/shop\/ameublement-maison\/vases-fr\/venini-vase-annees-trente-rouge-h175\/#breadcrumb\"},\"inLanguage\":\"fr-FR\",\"potentialAction\":[{\"@type\":\"ReadAction\",\"target\":[\"https:\/\/www.erresse-shop.it\/fr\/shop\/ameublement-maison\/vases-fr\/venini-vase-annees-trente-rouge-h175\/\"]}]},{\"@type\":\"BreadcrumbList\",\"@id\":\"https:\/\/www.erresse-shop.it\/fr\/shop\/ameublement-maison\/vases-fr\/venini-vase-annees-trente-rouge-h175\/#breadcrumb\",\"itemListElement\":[{\"@type\":\"ListItem\",\"position\":1,\"name\":\"Home\",\"item\":\"https:\/\/www.erresse-shop.it\/fr\/\"},{\"@type\":\"ListItem\",\"position\":2,\"name\":\"Shop\",\"item\":\"https:\/\/www.erresse-shop.it\/fr\/shop\/\"},{\"@type\":\"ListItem\",\"position\":3,\"name\":\"VENINI Vase Ann\u00e9es Trente Rouge H17,5\"}]},{\"@type\":\"WebSite\",\"@id\":\"https:\/\/www.erresse-shop.it\/fr\/#website\",\"url\":\"https:\/\/www.erresse-shop.it\/fr\/\",\"name\":\"Erresse Shop\",\"description\":\"Articoli di qualit\u00e0 per la casa\",\"potentialAction\":[{\"@type\":\"SearchAction\",\"target\":{\"@type\":\"EntryPoint\",\"urlTemplate\":\"https:\/\/www.erresse-shop.it\/fr\/?s={search_term_string}\"},\"query-input\":\"required name=search_term_string\"}],\"inLanguage\":\"fr-FR\"}]}<\/script>\n<!-- \/ Yoast SEO Premium plugin. -->","yoast_head_json":{"title":"VENINI Vase Ann\u00e9es Trente Rouge H17,5 - Erresse Shop","description":"Venini Ann\u00e9es Trente Paglierino Vase en verre de Murano 500.09 C'est l'esprit d'un vingti\u00e8me si\u00e8cle qui revient au classicisme et le r\u00e9interpr\u00e8te dans un","robots":{"index":"index","follow":"follow","max-snippet":"max-snippet:-1","max-image-preview":"max-image-preview:large","max-video-preview":"max-video-preview:-1"},"canonical":"https:\/\/www.erresse-shop.it\/fr\/shop\/ameublement-maison\/vases-fr\/venini-vase-annees-trente-rouge-h175\/","og_locale":"fr_FR","og_type":"article","og_title":"VENINI Vase Ann\u00e9es Trente Rouge H17,5","og_description":"Venini Ann\u00e9es Trente Paglierino Vase en verre de Murano 500.09 C'est l'esprit d'un vingti\u00e8me si\u00e8cle qui revient au classicisme et le r\u00e9interpr\u00e8te dans un","og_url":"https:\/\/www.erresse-shop.it\/fr\/shop\/ameublement-maison\/vases-fr\/venini-vase-annees-trente-rouge-h175\/","og_site_name":"Erresse Shop","article_modified_time":"2024-06-11T00:00:51+00:00","og_image":[{"width":800,"height":800,"url":"https:\/\/www.erresse-shop.it\/wp-content\/uploads\/2023\/01\/VENINI-Vaso-Anni-Trenta-Rosso-H175.jpg","type":"image\/jpeg"}],"twitter_card":"summary_large_image","schema":{"@context":"https:\/\/schema.org","@graph":[{"@type":"WebPage","@id":"https:\/\/www.erresse-shop.it\/fr\/shop\/ameublement-maison\/vases-fr\/venini-vase-annees-trente-rouge-h175\/","url":"https:\/\/www.erresse-shop.it\/fr\/shop\/ameublement-maison\/vases-fr\/venini-vase-annees-trente-rouge-h175\/","name":"VENINI Vase Ann\u00e9es Trente Rouge H17,5 - Erresse Shop","isPartOf":{"@id":"https:\/\/www.erresse-shop.it\/fr\/#website"},"datePublished":"2023-01-25T10:58:48+00:00","dateModified":"2024-06-11T00:00:51+00:00","description":"Venini Ann\u00e9es Trente Paglierino Vase en verre de Murano 500.09 C'est l'esprit d'un vingti\u00e8me si\u00e8cle qui revient au classicisme et le r\u00e9interpr\u00e8te dans un","breadcrumb":{"@id":"https:\/\/www.erresse-shop.it\/fr\/shop\/ameublement-maison\/vases-fr\/venini-vase-annees-trente-rouge-h175\/#breadcrumb"},"inLanguage":"fr-FR","potentialAction":[{"@type":"ReadAction","target":["https:\/\/www.erresse-shop.it\/fr\/shop\/ameublement-maison\/vases-fr\/venini-vase-annees-trente-rouge-h175\/"]}]},{"@type":"BreadcrumbList","@id":"https:\/\/www.erresse-shop.it\/fr\/shop\/ameublement-maison\/vases-fr\/venini-vase-annees-trente-rouge-h175\/#breadcrumb","itemListElement":[{"@type":"ListItem","position":1,"name":"Home","item":"https:\/\/www.erresse-shop.it\/fr\/"},{"@type":"ListItem","position":2,"name":"Shop","item":"https:\/\/www.erresse-shop.it\/fr\/shop\/"},{"@type":"ListItem","position":3,"name":"VENINI Vase Ann\u00e9es Trente Rouge H17,5"}]},{"@type":"WebSite","@id":"https:\/\/www.erresse-shop.it\/fr\/#website","url":"https:\/\/www.erresse-shop.it\/fr\/","name":"Erresse Shop","description":"Articoli di qualit\u00e0 per la casa","potentialAction":[{"@type":"SearchAction","target":{"@type":"EntryPoint","urlTemplate":"https:\/\/www.erresse-shop.it\/fr\/?s={search_term_string}"},"query-input":"required name=search_term_string"}],"inLanguage":"fr-FR"}]}},"df_price":387.40000000000003,"df_sale_price":387.40000000000003,"df_regular_price":745,"df_image_link":"https:\/\/www.erresse-shop.it\/wp-content\/uploads\/2023\/01\/VENINI-Vaso-Anni-Trenta-Rosso-H175-300x300.jpg","_links":{"self":[{"href":"https:\/\/www.erresse-shop.it\/fr\/wp-json\/wp\/v2\/product\/232417"}],"collection":[{"href":"https:\/\/www.erresse-shop.it\/fr\/wp-json\/wp\/v2\/product"}],"about":[{"href":"https:\/\/www.erresse-shop.it\/fr\/wp-json\/wp\/v2\/types\/product"}],"wp:featuredmedia":[{"embeddable":true,"href":"https:\/\/www.erresse-shop.it\/fr\/wp-json\/wp\/v2\/media\/232422"}],"wp:attachment":[{"href":"https:\/\/www.erresse-shop.it\/fr\/wp-json\/wp\/v2\/media?parent=232417"}],"wp:term":[{"taxonomy":"product_cat","embeddable":true,"href":"https:\/\/www.erresse-shop.it\/fr\/wp-json\/wp\/v2\/product_cat?post=232417"},{"taxonomy":"product_tag","embeddable":true,"href":"https:\/\/www.erresse-shop.it\/fr\/wp-json\/wp\/v2\/product_tag?post=232417"}],"curies":[{"name":"wp","href":"https:\/\/api.w.org\/{rel}","templated":true}]}}