{"id":232311,"date":"2023-01-25T08:48:28","date_gmt":"2023-01-25T08:48:35","guid":{"rendered":"https:\/\/www.erresse-shop.it\/?post_type=product&#038;p=232311"},"modified":"2023-06-19T06:17:31","modified_gmt":"2023-06-19T06:17:31","slug":"venini-vase-gemmes-rigadin-rouge-h155","status":"publish","type":"product","link":"https:\/\/www.erresse-shop.it\/fr\/shop\/ameublement-maison\/vases-fr\/venini-vase-gemmes-rigadin-rouge-h155\/","title":{"rendered":"VENINI Vase Gemmes Rigadin Rouge H15,5"},"content":{"rendered":"<p>Des profondeurs du fourneau sont sortis des bijoux en verre rares, travaill\u00e9s pour \u00eatre \u00e9tincelants au-del\u00e0 de l&#8217;imagination.<br \/>\nEntre les mains des ma\u00eetres, le verre souffl\u00e9 se transforme en pierres pr\u00e9cieuses travaill\u00e9es et grav\u00e9es selon diverses techniques, du <strong>Balloton<\/strong> au <strong>Rigadin<\/strong>.<\/p>\n","protected":false},"excerpt":{"rendered":"<p>Des profondeurs du fourneau sont sortis des bijoux en verre rares, travaill\u00e9s pour \u00eatre \u00e9tincelants au-del\u00e0 de l&#8217;imagination. Entre les<\/p>\n","protected":false},"featured_media":232302,"template":"","meta":{"_acf_changed":false,"inline_featured_image":false},"product_cat":[12738,14422],"product_tag":[14413,21880,24680,12856,21881,13849,14424],"acf":[],"yoast_head":"<!-- This site is optimized with the Yoast SEO Premium plugin v18.6 (Yoast SEO v19.13) - https:\/\/yoast.com\/wordpress\/plugins\/seo\/ -->\n<title>VENINI Vase Gemmes Rigadin Rouge H15,5 - Erresse Shop<\/title>\n<meta name=\"description\" content=\"Des profondeurs du fourneau sont sortis des bijoux en verre rares, travaill\u00e9s pour \u00eatre \u00e9tincelants au-del\u00e0 de l&#039;imagination. Entre les mains des ma\u00eetres,\" \/>\n<meta name=\"robots\" content=\"index, follow, max-snippet:-1, max-image-preview:large, max-video-preview:-1\" \/>\n<link rel=\"canonical\" href=\"https:\/\/www.erresse-shop.it\/fr\/shop\/ameublement-maison\/vases-fr\/venini-vase-gemmes-rigadin-rouge-h155\/\" \/>\n<meta property=\"og:locale\" content=\"fr_FR\" \/>\n<meta property=\"og:type\" content=\"article\" \/>\n<meta property=\"og:title\" content=\"VENINI Vase Gemmes Rigadin Rouge H15,5\" \/>\n<meta property=\"og:description\" content=\"Des profondeurs du fourneau sont sortis des bijoux en verre rares, travaill\u00e9s pour \u00eatre \u00e9tincelants au-del\u00e0 de l&#039;imagination. Entre les mains des ma\u00eetres,\" \/>\n<meta property=\"og:url\" content=\"https:\/\/www.erresse-shop.it\/fr\/shop\/ameublement-maison\/vases-fr\/venini-vase-gemmes-rigadin-rouge-h155\/\" \/>\n<meta property=\"og:site_name\" content=\"Erresse Shop\" \/>\n<meta property=\"article:modified_time\" content=\"2023-06-19T06:17:31+00:00\" \/>\n<meta property=\"og:image\" content=\"https:\/\/www.erresse-shop.it\/wp-content\/uploads\/2023\/01\/VENINI-Vaso-Gemme-Rigadin-H155.jpg\" \/>\n\t<meta property=\"og:image:width\" content=\"800\" \/>\n\t<meta property=\"og:image:height\" content=\"800\" \/>\n\t<meta property=\"og:image:type\" content=\"image\/jpeg\" \/>\n<meta name=\"twitter:card\" content=\"summary_large_image\" \/>\n<script type=\"application\/ld+json\" class=\"yoast-schema-graph\">{\"@context\":\"https:\/\/schema.org\",\"@graph\":[{\"@type\":\"WebPage\",\"@id\":\"https:\/\/www.erresse-shop.it\/fr\/shop\/ameublement-maison\/vases-fr\/venini-vase-gemmes-rigadin-rouge-h155\/\",\"url\":\"https:\/\/www.erresse-shop.it\/fr\/shop\/ameublement-maison\/vases-fr\/venini-vase-gemmes-rigadin-rouge-h155\/\",\"name\":\"VENINI Vase Gemmes Rigadin Rouge H15,5 - Erresse Shop\",\"isPartOf\":{\"@id\":\"https:\/\/www.erresse-shop.it\/fr\/#website\"},\"datePublished\":\"2023-01-25T08:48:35+00:00\",\"dateModified\":\"2023-06-19T06:17:31+00:00\",\"description\":\"Des profondeurs du fourneau sont sortis des bijoux en verre rares, travaill\u00e9s pour \u00eatre \u00e9tincelants au-del\u00e0 de l'imagination. Entre les mains des ma\u00eetres,\",\"breadcrumb\":{\"@id\":\"https:\/\/www.erresse-shop.it\/fr\/shop\/ameublement-maison\/vases-fr\/venini-vase-gemmes-rigadin-rouge-h155\/#breadcrumb\"},\"inLanguage\":\"fr-FR\",\"potentialAction\":[{\"@type\":\"ReadAction\",\"target\":[\"https:\/\/www.erresse-shop.it\/fr\/shop\/ameublement-maison\/vases-fr\/venini-vase-gemmes-rigadin-rouge-h155\/\"]}]},{\"@type\":\"BreadcrumbList\",\"@id\":\"https:\/\/www.erresse-shop.it\/fr\/shop\/ameublement-maison\/vases-fr\/venini-vase-gemmes-rigadin-rouge-h155\/#breadcrumb\",\"itemListElement\":[{\"@type\":\"ListItem\",\"position\":1,\"name\":\"Home\",\"item\":\"https:\/\/www.erresse-shop.it\/fr\/\"},{\"@type\":\"ListItem\",\"position\":2,\"name\":\"Shop\",\"item\":\"https:\/\/www.erresse-shop.it\/fr\/shop\/\"},{\"@type\":\"ListItem\",\"position\":3,\"name\":\"VENINI Vase Gemmes Rigadin Rouge H15,5\"}]},{\"@type\":\"WebSite\",\"@id\":\"https:\/\/www.erresse-shop.it\/fr\/#website\",\"url\":\"https:\/\/www.erresse-shop.it\/fr\/\",\"name\":\"Erresse Shop\",\"description\":\"Articoli di qualit\u00e0 per la casa\",\"potentialAction\":[{\"@type\":\"SearchAction\",\"target\":{\"@type\":\"EntryPoint\",\"urlTemplate\":\"https:\/\/www.erresse-shop.it\/fr\/?s={search_term_string}\"},\"query-input\":\"required name=search_term_string\"}],\"inLanguage\":\"fr-FR\"}]}<\/script>\n<!-- \/ Yoast SEO Premium plugin. -->","yoast_head_json":{"title":"VENINI Vase Gemmes Rigadin Rouge H15,5 - Erresse Shop","description":"Des profondeurs du fourneau sont sortis des bijoux en verre rares, travaill\u00e9s pour \u00eatre \u00e9tincelants au-del\u00e0 de l'imagination. Entre les mains des ma\u00eetres,","robots":{"index":"index","follow":"follow","max-snippet":"max-snippet:-1","max-image-preview":"max-image-preview:large","max-video-preview":"max-video-preview:-1"},"canonical":"https:\/\/www.erresse-shop.it\/fr\/shop\/ameublement-maison\/vases-fr\/venini-vase-gemmes-rigadin-rouge-h155\/","og_locale":"fr_FR","og_type":"article","og_title":"VENINI Vase Gemmes Rigadin Rouge H15,5","og_description":"Des profondeurs du fourneau sont sortis des bijoux en verre rares, travaill\u00e9s pour \u00eatre \u00e9tincelants au-del\u00e0 de l'imagination. Entre les mains des ma\u00eetres,","og_url":"https:\/\/www.erresse-shop.it\/fr\/shop\/ameublement-maison\/vases-fr\/venini-vase-gemmes-rigadin-rouge-h155\/","og_site_name":"Erresse Shop","article_modified_time":"2023-06-19T06:17:31+00:00","og_image":[{"width":800,"height":800,"url":"https:\/\/www.erresse-shop.it\/wp-content\/uploads\/2023\/01\/VENINI-Vaso-Gemme-Rigadin-H155.jpg","type":"image\/jpeg"}],"twitter_card":"summary_large_image","schema":{"@context":"https:\/\/schema.org","@graph":[{"@type":"WebPage","@id":"https:\/\/www.erresse-shop.it\/fr\/shop\/ameublement-maison\/vases-fr\/venini-vase-gemmes-rigadin-rouge-h155\/","url":"https:\/\/www.erresse-shop.it\/fr\/shop\/ameublement-maison\/vases-fr\/venini-vase-gemmes-rigadin-rouge-h155\/","name":"VENINI Vase Gemmes Rigadin Rouge H15,5 - Erresse Shop","isPartOf":{"@id":"https:\/\/www.erresse-shop.it\/fr\/#website"},"datePublished":"2023-01-25T08:48:35+00:00","dateModified":"2023-06-19T06:17:31+00:00","description":"Des profondeurs du fourneau sont sortis des bijoux en verre rares, travaill\u00e9s pour \u00eatre \u00e9tincelants au-del\u00e0 de l'imagination. Entre les mains des ma\u00eetres,","breadcrumb":{"@id":"https:\/\/www.erresse-shop.it\/fr\/shop\/ameublement-maison\/vases-fr\/venini-vase-gemmes-rigadin-rouge-h155\/#breadcrumb"},"inLanguage":"fr-FR","potentialAction":[{"@type":"ReadAction","target":["https:\/\/www.erresse-shop.it\/fr\/shop\/ameublement-maison\/vases-fr\/venini-vase-gemmes-rigadin-rouge-h155\/"]}]},{"@type":"BreadcrumbList","@id":"https:\/\/www.erresse-shop.it\/fr\/shop\/ameublement-maison\/vases-fr\/venini-vase-gemmes-rigadin-rouge-h155\/#breadcrumb","itemListElement":[{"@type":"ListItem","position":1,"name":"Home","item":"https:\/\/www.erresse-shop.it\/fr\/"},{"@type":"ListItem","position":2,"name":"Shop","item":"https:\/\/www.erresse-shop.it\/fr\/shop\/"},{"@type":"ListItem","position":3,"name":"VENINI Vase Gemmes Rigadin Rouge H15,5"}]},{"@type":"WebSite","@id":"https:\/\/www.erresse-shop.it\/fr\/#website","url":"https:\/\/www.erresse-shop.it\/fr\/","name":"Erresse Shop","description":"Articoli di qualit\u00e0 per la casa","potentialAction":[{"@type":"SearchAction","target":{"@type":"EntryPoint","urlTemplate":"https:\/\/www.erresse-shop.it\/fr\/?s={search_term_string}"},"query-input":"required name=search_term_string"}],"inLanguage":"fr-FR"}]}},"df_price":98.8,"df_sale_price":98.8,"df_regular_price":190,"df_image_link":"https:\/\/www.erresse-shop.it\/wp-content\/uploads\/2023\/01\/VENINI-Vaso-Gemme-Rigadin-H155-300x300.jpg","_links":{"self":[{"href":"https:\/\/www.erresse-shop.it\/fr\/wp-json\/wp\/v2\/product\/232311"}],"collection":[{"href":"https:\/\/www.erresse-shop.it\/fr\/wp-json\/wp\/v2\/product"}],"about":[{"href":"https:\/\/www.erresse-shop.it\/fr\/wp-json\/wp\/v2\/types\/product"}],"wp:featuredmedia":[{"embeddable":true,"href":"https:\/\/www.erresse-shop.it\/fr\/wp-json\/wp\/v2\/media\/232302"}],"wp:attachment":[{"href":"https:\/\/www.erresse-shop.it\/fr\/wp-json\/wp\/v2\/media?parent=232311"}],"wp:term":[{"taxonomy":"product_cat","embeddable":true,"href":"https:\/\/www.erresse-shop.it\/fr\/wp-json\/wp\/v2\/product_cat?post=232311"},{"taxonomy":"product_tag","embeddable":true,"href":"https:\/\/www.erresse-shop.it\/fr\/wp-json\/wp\/v2\/product_tag?post=232311"}],"curies":[{"name":"wp","href":"https:\/\/api.w.org\/{rel}","templated":true}]}}