{"id":232262,"date":"2023-01-25T07:51:13","date_gmt":"2023-01-25T07:51:19","guid":{"rendered":"https:\/\/www.erresse-shop.it\/?post_type=product&#038;p=232262"},"modified":"2024-08-20T00:00:25","modified_gmt":"2024-08-20T00:00:25","slug":"venini-vase-labuan-vert-pomme-h385","status":"publish","type":"product","link":"https:\/\/www.erresse-shop.it\/fr\/shop\/ameublement-maison\/vases-fr\/venini-vase-labuan-vert-pomme-h385\/","title":{"rendered":"VENINI Vase Labuan Vert Pomme H38,5"},"content":{"rendered":"<p>Vase <strong>Labuan<\/strong> en verre souffl\u00e9 et travaill\u00e9 \u00e0 la main, selon la technique de l&#8217;opaline.<br \/>\nLa couleur int\u00e9rieure est un blanc laiteux recouvert d&#8217;un beau turquoise intense. L&#8217;Orient a toujours \u00e9t\u00e9 une source d&#8217;inspiration cr\u00e9ative. Des courbes douces d\u00e9finissent ainsi la puret\u00e9 formelle de cette collection.<br \/>\nTechnique de transformation : <strong>opalines<\/strong><br \/>\nLe Lattimo est un verre blanc opaque, invent\u00e9 \u00e0 Murano vers le milieu du 15e si\u00e8cle afin d&#8217;imiter les premi\u00e8res porcelaines qui \u00e9taient tr\u00e8s \u00e0 la mode en Europe. Il est obtenu en &#8220;superposant&#8221; le verre lattimo avec un ou plusieurs verres minces transparents et color\u00e9s, ce qui permet d&#8217;obtenir de splendides objets aux couleurs intenses et vives. La superposition remonte aux techniques historiques de la verrerie de Murano. Cet art merveilleux requiert l&#8217;habilet\u00e9 et le professionnalisme du souffleur de verre ; c&#8217;est un m\u00e9tier ancien dont les secrets se transmettent de p\u00e8re en fils.<br \/>\nLa collection Labuan rappelle, par son design, les anciens vases en porcelaine orientaux. Labuan, c&#8217;est d&#8217;abord l&#8217;\u00eele malaise mentionn\u00e9e dans les romans d&#8217;Emilio Salgari, puis le splendide vase cr\u00e9\u00e9 par la compagnie v\u00e9nitienne.<\/p>\n","protected":false},"excerpt":{"rendered":"<p>Vase Labuan en verre souffl\u00e9 et travaill\u00e9 \u00e0 la main, selon la technique de l&#8217;opaline. La couleur int\u00e9rieure est un<\/p>\n","protected":false},"featured_media":519802,"template":"","meta":{"_acf_changed":false,"inline_featured_image":false},"product_cat":[12738,14422],"product_tag":[25181,14413,25021,17488,24680,12856,13849,14424],"acf":[],"yoast_head":"<!-- This site is optimized with the Yoast SEO Premium plugin v18.6 (Yoast SEO v19.13) - https:\/\/yoast.com\/wordpress\/plugins\/seo\/ -->\n<title>VENINI Vase Labuan Vert Pomme H38,5 - Erresse Shop<\/title>\n<meta name=\"description\" content=\"Vase Labuan en verre souffl\u00e9 et travaill\u00e9 \u00e0 la main, selon la technique de l&#039;opaline. La couleur int\u00e9rieure est un blanc laiteux recouvert d&#039;un beau\" \/>\n<meta name=\"robots\" content=\"index, follow, max-snippet:-1, max-image-preview:large, max-video-preview:-1\" \/>\n<link rel=\"canonical\" href=\"https:\/\/www.erresse-shop.it\/fr\/shop\/ameublement-maison\/vases-fr\/venini-vase-labuan-vert-pomme-h385\/\" \/>\n<meta property=\"og:locale\" content=\"fr_FR\" \/>\n<meta property=\"og:type\" content=\"article\" \/>\n<meta property=\"og:title\" content=\"VENINI Vase Labuan Vert Pomme H38,5\" \/>\n<meta property=\"og:description\" content=\"Vase Labuan en verre souffl\u00e9 et travaill\u00e9 \u00e0 la main, selon la technique de l&#039;opaline. La couleur int\u00e9rieure est un blanc laiteux recouvert d&#039;un beau\" \/>\n<meta property=\"og:url\" content=\"https:\/\/www.erresse-shop.it\/fr\/shop\/ameublement-maison\/vases-fr\/venini-vase-labuan-vert-pomme-h385\/\" \/>\n<meta property=\"og:site_name\" content=\"Erresse Shop\" \/>\n<meta property=\"article:modified_time\" content=\"2024-08-20T00:00:25+00:00\" \/>\n<meta property=\"og:image\" content=\"https:\/\/www.erresse-shop.it\/wp-content\/uploads\/2023\/01\/VENINI-Vaso-Labuan-Verde-Mela-H385.jpg\" \/>\n\t<meta property=\"og:image:width\" content=\"800\" \/>\n\t<meta property=\"og:image:height\" content=\"800\" \/>\n\t<meta property=\"og:image:type\" content=\"image\/jpeg\" \/>\n<meta name=\"twitter:card\" content=\"summary_large_image\" \/>\n<script type=\"application\/ld+json\" class=\"yoast-schema-graph\">{\"@context\":\"https:\/\/schema.org\",\"@graph\":[{\"@type\":\"WebPage\",\"@id\":\"https:\/\/www.erresse-shop.it\/fr\/shop\/ameublement-maison\/vases-fr\/venini-vase-labuan-vert-pomme-h385\/\",\"url\":\"https:\/\/www.erresse-shop.it\/fr\/shop\/ameublement-maison\/vases-fr\/venini-vase-labuan-vert-pomme-h385\/\",\"name\":\"VENINI Vase Labuan Vert Pomme H38,5 - Erresse Shop\",\"isPartOf\":{\"@id\":\"https:\/\/www.erresse-shop.it\/fr\/#website\"},\"datePublished\":\"2023-01-25T07:51:19+00:00\",\"dateModified\":\"2024-08-20T00:00:25+00:00\",\"description\":\"Vase Labuan en verre souffl\u00e9 et travaill\u00e9 \u00e0 la main, selon la technique de l'opaline. La couleur int\u00e9rieure est un blanc laiteux recouvert d'un beau\",\"breadcrumb\":{\"@id\":\"https:\/\/www.erresse-shop.it\/fr\/shop\/ameublement-maison\/vases-fr\/venini-vase-labuan-vert-pomme-h385\/#breadcrumb\"},\"inLanguage\":\"fr-FR\",\"potentialAction\":[{\"@type\":\"ReadAction\",\"target\":[\"https:\/\/www.erresse-shop.it\/fr\/shop\/ameublement-maison\/vases-fr\/venini-vase-labuan-vert-pomme-h385\/\"]}]},{\"@type\":\"BreadcrumbList\",\"@id\":\"https:\/\/www.erresse-shop.it\/fr\/shop\/ameublement-maison\/vases-fr\/venini-vase-labuan-vert-pomme-h385\/#breadcrumb\",\"itemListElement\":[{\"@type\":\"ListItem\",\"position\":1,\"name\":\"Home\",\"item\":\"https:\/\/www.erresse-shop.it\/fr\/\"},{\"@type\":\"ListItem\",\"position\":2,\"name\":\"Shop\",\"item\":\"https:\/\/www.erresse-shop.it\/fr\/shop\/\"},{\"@type\":\"ListItem\",\"position\":3,\"name\":\"VENINI Vase Labuan Vert Pomme H38,5\"}]},{\"@type\":\"WebSite\",\"@id\":\"https:\/\/www.erresse-shop.it\/fr\/#website\",\"url\":\"https:\/\/www.erresse-shop.it\/fr\/\",\"name\":\"Erresse Shop\",\"description\":\"Articoli di qualit\u00e0 per la casa\",\"potentialAction\":[{\"@type\":\"SearchAction\",\"target\":{\"@type\":\"EntryPoint\",\"urlTemplate\":\"https:\/\/www.erresse-shop.it\/fr\/?s={search_term_string}\"},\"query-input\":\"required name=search_term_string\"}],\"inLanguage\":\"fr-FR\"}]}<\/script>\n<!-- \/ Yoast SEO Premium plugin. -->","yoast_head_json":{"title":"VENINI Vase Labuan Vert Pomme H38,5 - Erresse Shop","description":"Vase Labuan en verre souffl\u00e9 et travaill\u00e9 \u00e0 la main, selon la technique de l'opaline. La couleur int\u00e9rieure est un blanc laiteux recouvert d'un beau","robots":{"index":"index","follow":"follow","max-snippet":"max-snippet:-1","max-image-preview":"max-image-preview:large","max-video-preview":"max-video-preview:-1"},"canonical":"https:\/\/www.erresse-shop.it\/fr\/shop\/ameublement-maison\/vases-fr\/venini-vase-labuan-vert-pomme-h385\/","og_locale":"fr_FR","og_type":"article","og_title":"VENINI Vase Labuan Vert Pomme H38,5","og_description":"Vase Labuan en verre souffl\u00e9 et travaill\u00e9 \u00e0 la main, selon la technique de l'opaline. La couleur int\u00e9rieure est un blanc laiteux recouvert d'un beau","og_url":"https:\/\/www.erresse-shop.it\/fr\/shop\/ameublement-maison\/vases-fr\/venini-vase-labuan-vert-pomme-h385\/","og_site_name":"Erresse Shop","article_modified_time":"2024-08-20T00:00:25+00:00","og_image":[{"width":800,"height":800,"url":"https:\/\/www.erresse-shop.it\/wp-content\/uploads\/2023\/01\/VENINI-Vaso-Labuan-Verde-Mela-H385.jpg","type":"image\/jpeg"}],"twitter_card":"summary_large_image","schema":{"@context":"https:\/\/schema.org","@graph":[{"@type":"WebPage","@id":"https:\/\/www.erresse-shop.it\/fr\/shop\/ameublement-maison\/vases-fr\/venini-vase-labuan-vert-pomme-h385\/","url":"https:\/\/www.erresse-shop.it\/fr\/shop\/ameublement-maison\/vases-fr\/venini-vase-labuan-vert-pomme-h385\/","name":"VENINI Vase Labuan Vert Pomme H38,5 - Erresse Shop","isPartOf":{"@id":"https:\/\/www.erresse-shop.it\/fr\/#website"},"datePublished":"2023-01-25T07:51:19+00:00","dateModified":"2024-08-20T00:00:25+00:00","description":"Vase Labuan en verre souffl\u00e9 et travaill\u00e9 \u00e0 la main, selon la technique de l'opaline. La couleur int\u00e9rieure est un blanc laiteux recouvert d'un beau","breadcrumb":{"@id":"https:\/\/www.erresse-shop.it\/fr\/shop\/ameublement-maison\/vases-fr\/venini-vase-labuan-vert-pomme-h385\/#breadcrumb"},"inLanguage":"fr-FR","potentialAction":[{"@type":"ReadAction","target":["https:\/\/www.erresse-shop.it\/fr\/shop\/ameublement-maison\/vases-fr\/venini-vase-labuan-vert-pomme-h385\/"]}]},{"@type":"BreadcrumbList","@id":"https:\/\/www.erresse-shop.it\/fr\/shop\/ameublement-maison\/vases-fr\/venini-vase-labuan-vert-pomme-h385\/#breadcrumb","itemListElement":[{"@type":"ListItem","position":1,"name":"Home","item":"https:\/\/www.erresse-shop.it\/fr\/"},{"@type":"ListItem","position":2,"name":"Shop","item":"https:\/\/www.erresse-shop.it\/fr\/shop\/"},{"@type":"ListItem","position":3,"name":"VENINI Vase Labuan Vert Pomme H38,5"}]},{"@type":"WebSite","@id":"https:\/\/www.erresse-shop.it\/fr\/#website","url":"https:\/\/www.erresse-shop.it\/fr\/","name":"Erresse Shop","description":"Articoli di qualit\u00e0 per la casa","potentialAction":[{"@type":"SearchAction","target":{"@type":"EntryPoint","urlTemplate":"https:\/\/www.erresse-shop.it\/fr\/?s={search_term_string}"},"query-input":"required name=search_term_string"}],"inLanguage":"fr-FR"}]}},"df_price":569.95,"df_sale_price":569.95,"df_regular_price":890,"df_image_link":"https:\/\/www.erresse-shop.it\/wp-content\/uploads\/2023\/01\/VENINI-Vaso-Labuan-Verde-Mela-H385-1-300x300.jpg","_links":{"self":[{"href":"https:\/\/www.erresse-shop.it\/fr\/wp-json\/wp\/v2\/product\/232262"}],"collection":[{"href":"https:\/\/www.erresse-shop.it\/fr\/wp-json\/wp\/v2\/product"}],"about":[{"href":"https:\/\/www.erresse-shop.it\/fr\/wp-json\/wp\/v2\/types\/product"}],"wp:featuredmedia":[{"embeddable":true,"href":"https:\/\/www.erresse-shop.it\/fr\/wp-json\/wp\/v2\/media\/519802"}],"wp:attachment":[{"href":"https:\/\/www.erresse-shop.it\/fr\/wp-json\/wp\/v2\/media?parent=232262"}],"wp:term":[{"taxonomy":"product_cat","embeddable":true,"href":"https:\/\/www.erresse-shop.it\/fr\/wp-json\/wp\/v2\/product_cat?post=232262"},{"taxonomy":"product_tag","embeddable":true,"href":"https:\/\/www.erresse-shop.it\/fr\/wp-json\/wp\/v2\/product_tag?post=232262"}],"curies":[{"name":"wp","href":"https:\/\/api.w.org\/{rel}","templated":true}]}}