{"id":232149,"date":"2023-01-24T15:46:14","date_gmt":"2023-01-24T15:46:22","guid":{"rendered":"https:\/\/www.erresse-shop.it\/?post_type=product&#038;p=232149"},"modified":"2024-06-11T00:00:58","modified_gmt":"2024-06-11T00:00:58","slug":"venini-vase-fazzoletto-saphir-h-13-5-cm","status":"publish","type":"product","link":"https:\/\/www.erresse-shop.it\/fr\/shop\/ameublement-maison\/vases-fr\/venini-vase-fazzoletto-saphir-h-13-5-cm\/","title":{"rendered":"VENINI Vase Fazzoletto Saphir H 13.5 cm"},"content":{"rendered":"<p>Le vase <strong>Fazzoletto<\/strong> de Fulvio Bianconi est une variante d&#8217;un vase ant\u00e9rieur, le vase Cartoccio, con\u00e7u par Piero Chiesa pour FontanaArte en 1985. Alors que le vase Cartoccio \u00e9tait fait de verre industriel press\u00e9 dans un moule et avait un bord sup\u00e9rieur inclin\u00e9, le vase de Bianconi se distingue par ses pointes asym\u00e9triques, cr\u00e9\u00e9es en faisant tourner le verre fondu en cercle et en laissant la force de gravit\u00e9 former les pointes de mani\u00e8re al\u00e9atoire.<br \/>\nLe verre en fusion qui, dans le &#8220;tonneau&#8221; de soufflage, \u00e9tait initialement destin\u00e9 \u00e0 devenir un globe, devient, au cours du soufflage, une forme flottant librement dans l&#8217;espace, comme un mouchoir en dentelle maintenu en l&#8217;air par le vent.<\/p>\n<p>\u00c0 partir de 1960, <strong>Venini<\/strong> commence \u00e0 le produire en couleurs unies et, en 1987, le mod\u00e8le obtenu en superposant deux couleurs est appel\u00e9 <strong>Fazzoletto Opalino<\/strong>.<\/p>\n<p>Ce vase est rapidement devenu l&#8217;un des objets les plus r\u00e9ussis de <strong>Venini<\/strong> et a \u00e9t\u00e9 commercialis\u00e9 \u00e0 l&#8217;\u00e9chelle internationale. Sa popularit\u00e9 s&#8217;est accrue apr\u00e8s qu&#8217;il a \u00e9t\u00e9 inclus dans l&#8217;exposition itin\u00e9rante Italy at Work, qui a parcouru les \u00c9tats-Unis entre 1951 et 1953.<\/p>\n<p>Le vase Fazzoletto est produit depuis des d\u00e9cennies et est devenu un objet repr\u00e9sentatif de la <strong>verrerie italienne<\/strong> des ann\u00e9es 1950.<\/p>\n<p><strong>SOFFIATO OPALINO<\/strong><br \/>\nLe verre opalin est souffl\u00e9 et travaill\u00e9 \u00e0 la main et est obtenu en superposant du lattimo avec d&#8217;autres verres. La technique est ainsi d\u00e9finie parce que les artisans dilatent et fa\u00e7onnent le verre en soufflant de l&#8217;air dans une longue tige m\u00e9tallique qui lui est reli\u00e9e, selon la tradition mill\u00e9naire de la verrerie. Ce geste ancestral, associ\u00e9 \u00e0 l&#8217;exp\u00e9rience et \u00e0 l&#8217;habilet\u00e9 des ma\u00eetres verriers, transforme un simple verre en v\u00e9ritable chef-d&#8217;\u0153uvre artistique, unique en son genre.<\/p>\n<p><strong>MAIN VOLANTE<br \/>\n<\/strong> C&#8217;est l&#8217;expression qui d\u00e9signe le mouvement agile et expert de la main du ma\u00eetre verrier lors du travail \u00e0 chaud d&#8217;un verre fin.<\/p>\n","protected":false},"excerpt":{"rendered":"<p>Le vase Fazzoletto de Fulvio Bianconi est une variante d&#8217;un vase ant\u00e9rieur, le vase Cartoccio, con\u00e7u par Piero Chiesa pour<\/p>\n","protected":false},"featured_media":232154,"template":"","meta":{"_acf_changed":false,"inline_featured_image":false},"product_cat":[12738,14422],"product_tag":[25181,14413,25021,17471,17472,24680,12856,17473,13849,14424],"acf":[],"yoast_head":"<!-- This site is optimized with the Yoast SEO Premium plugin v18.6 (Yoast SEO v19.13) - https:\/\/yoast.com\/wordpress\/plugins\/seo\/ -->\n<title>VENINI Vase Fazzoletto Saphir H 13.5 cm - Erresse Shop<\/title>\n<meta name=\"description\" content=\"Le vase Fazzoletto de Fulvio Bianconi est une variante d&#039;un vase ant\u00e9rieur, le vase Cartoccio, con\u00e7u par Piero Chiesa pour FontanaArte en 1985. Alors que\" \/>\n<meta name=\"robots\" content=\"index, follow, max-snippet:-1, max-image-preview:large, max-video-preview:-1\" \/>\n<link rel=\"canonical\" href=\"https:\/\/www.erresse-shop.it\/fr\/shop\/ameublement-maison\/vases-fr\/venini-vase-fazzoletto-saphir-h-13-5-cm\/\" \/>\n<meta property=\"og:locale\" content=\"fr_FR\" \/>\n<meta property=\"og:type\" content=\"article\" \/>\n<meta property=\"og:title\" content=\"VENINI Vase Fazzoletto Saphir H 13.5 cm\" \/>\n<meta property=\"og:description\" content=\"Le vase Fazzoletto de Fulvio Bianconi est une variante d&#039;un vase ant\u00e9rieur, le vase Cartoccio, con\u00e7u par Piero Chiesa pour FontanaArte en 1985. Alors que\" \/>\n<meta property=\"og:url\" content=\"https:\/\/www.erresse-shop.it\/fr\/shop\/ameublement-maison\/vases-fr\/venini-vase-fazzoletto-saphir-h-13-5-cm\/\" \/>\n<meta property=\"og:site_name\" content=\"Erresse Shop\" \/>\n<meta property=\"article:modified_time\" content=\"2024-06-11T00:00:58+00:00\" \/>\n<meta property=\"og:image\" content=\"https:\/\/www.erresse-shop.it\/wp-content\/uploads\/2023\/01\/VENINI-Vaso-Fazzoletto-Zaffiro-H13.5.jpg\" \/>\n\t<meta property=\"og:image:width\" content=\"800\" \/>\n\t<meta property=\"og:image:height\" content=\"800\" \/>\n\t<meta property=\"og:image:type\" content=\"image\/jpeg\" \/>\n<meta name=\"twitter:card\" content=\"summary_large_image\" \/>\n<script type=\"application\/ld+json\" class=\"yoast-schema-graph\">{\"@context\":\"https:\/\/schema.org\",\"@graph\":[{\"@type\":\"WebPage\",\"@id\":\"https:\/\/www.erresse-shop.it\/fr\/shop\/ameublement-maison\/vases-fr\/venini-vase-fazzoletto-saphir-h-13-5-cm\/\",\"url\":\"https:\/\/www.erresse-shop.it\/fr\/shop\/ameublement-maison\/vases-fr\/venini-vase-fazzoletto-saphir-h-13-5-cm\/\",\"name\":\"VENINI Vase Fazzoletto Saphir H 13.5 cm - Erresse Shop\",\"isPartOf\":{\"@id\":\"https:\/\/www.erresse-shop.it\/fr\/#website\"},\"datePublished\":\"2023-01-24T15:46:22+00:00\",\"dateModified\":\"2024-06-11T00:00:58+00:00\",\"description\":\"Le vase Fazzoletto de Fulvio Bianconi est une variante d'un vase ant\u00e9rieur, le vase Cartoccio, con\u00e7u par Piero Chiesa pour FontanaArte en 1985. Alors que\",\"breadcrumb\":{\"@id\":\"https:\/\/www.erresse-shop.it\/fr\/shop\/ameublement-maison\/vases-fr\/venini-vase-fazzoletto-saphir-h-13-5-cm\/#breadcrumb\"},\"inLanguage\":\"fr-FR\",\"potentialAction\":[{\"@type\":\"ReadAction\",\"target\":[\"https:\/\/www.erresse-shop.it\/fr\/shop\/ameublement-maison\/vases-fr\/venini-vase-fazzoletto-saphir-h-13-5-cm\/\"]}]},{\"@type\":\"BreadcrumbList\",\"@id\":\"https:\/\/www.erresse-shop.it\/fr\/shop\/ameublement-maison\/vases-fr\/venini-vase-fazzoletto-saphir-h-13-5-cm\/#breadcrumb\",\"itemListElement\":[{\"@type\":\"ListItem\",\"position\":1,\"name\":\"Home\",\"item\":\"https:\/\/www.erresse-shop.it\/fr\/\"},{\"@type\":\"ListItem\",\"position\":2,\"name\":\"Shop\",\"item\":\"https:\/\/www.erresse-shop.it\/fr\/shop\/\"},{\"@type\":\"ListItem\",\"position\":3,\"name\":\"VENINI Vase Fazzoletto Saphir H 13.5 cm\"}]},{\"@type\":\"WebSite\",\"@id\":\"https:\/\/www.erresse-shop.it\/fr\/#website\",\"url\":\"https:\/\/www.erresse-shop.it\/fr\/\",\"name\":\"Erresse Shop\",\"description\":\"Articoli di qualit\u00e0 per la casa\",\"potentialAction\":[{\"@type\":\"SearchAction\",\"target\":{\"@type\":\"EntryPoint\",\"urlTemplate\":\"https:\/\/www.erresse-shop.it\/fr\/?s={search_term_string}\"},\"query-input\":\"required name=search_term_string\"}],\"inLanguage\":\"fr-FR\"}]}<\/script>\n<!-- \/ Yoast SEO Premium plugin. -->","yoast_head_json":{"title":"VENINI Vase Fazzoletto Saphir H 13.5 cm - Erresse Shop","description":"Le vase Fazzoletto de Fulvio Bianconi est une variante d'un vase ant\u00e9rieur, le vase Cartoccio, con\u00e7u par Piero Chiesa pour FontanaArte en 1985. Alors que","robots":{"index":"index","follow":"follow","max-snippet":"max-snippet:-1","max-image-preview":"max-image-preview:large","max-video-preview":"max-video-preview:-1"},"canonical":"https:\/\/www.erresse-shop.it\/fr\/shop\/ameublement-maison\/vases-fr\/venini-vase-fazzoletto-saphir-h-13-5-cm\/","og_locale":"fr_FR","og_type":"article","og_title":"VENINI Vase Fazzoletto Saphir H 13.5 cm","og_description":"Le vase Fazzoletto de Fulvio Bianconi est une variante d'un vase ant\u00e9rieur, le vase Cartoccio, con\u00e7u par Piero Chiesa pour FontanaArte en 1985. Alors que","og_url":"https:\/\/www.erresse-shop.it\/fr\/shop\/ameublement-maison\/vases-fr\/venini-vase-fazzoletto-saphir-h-13-5-cm\/","og_site_name":"Erresse Shop","article_modified_time":"2024-06-11T00:00:58+00:00","og_image":[{"width":800,"height":800,"url":"https:\/\/www.erresse-shop.it\/wp-content\/uploads\/2023\/01\/VENINI-Vaso-Fazzoletto-Zaffiro-H13.5.jpg","type":"image\/jpeg"}],"twitter_card":"summary_large_image","schema":{"@context":"https:\/\/schema.org","@graph":[{"@type":"WebPage","@id":"https:\/\/www.erresse-shop.it\/fr\/shop\/ameublement-maison\/vases-fr\/venini-vase-fazzoletto-saphir-h-13-5-cm\/","url":"https:\/\/www.erresse-shop.it\/fr\/shop\/ameublement-maison\/vases-fr\/venini-vase-fazzoletto-saphir-h-13-5-cm\/","name":"VENINI Vase Fazzoletto Saphir H 13.5 cm - Erresse Shop","isPartOf":{"@id":"https:\/\/www.erresse-shop.it\/fr\/#website"},"datePublished":"2023-01-24T15:46:22+00:00","dateModified":"2024-06-11T00:00:58+00:00","description":"Le vase Fazzoletto de Fulvio Bianconi est une variante d'un vase ant\u00e9rieur, le vase Cartoccio, con\u00e7u par Piero Chiesa pour FontanaArte en 1985. Alors que","breadcrumb":{"@id":"https:\/\/www.erresse-shop.it\/fr\/shop\/ameublement-maison\/vases-fr\/venini-vase-fazzoletto-saphir-h-13-5-cm\/#breadcrumb"},"inLanguage":"fr-FR","potentialAction":[{"@type":"ReadAction","target":["https:\/\/www.erresse-shop.it\/fr\/shop\/ameublement-maison\/vases-fr\/venini-vase-fazzoletto-saphir-h-13-5-cm\/"]}]},{"@type":"BreadcrumbList","@id":"https:\/\/www.erresse-shop.it\/fr\/shop\/ameublement-maison\/vases-fr\/venini-vase-fazzoletto-saphir-h-13-5-cm\/#breadcrumb","itemListElement":[{"@type":"ListItem","position":1,"name":"Home","item":"https:\/\/www.erresse-shop.it\/fr\/"},{"@type":"ListItem","position":2,"name":"Shop","item":"https:\/\/www.erresse-shop.it\/fr\/shop\/"},{"@type":"ListItem","position":3,"name":"VENINI Vase Fazzoletto Saphir H 13.5 cm"}]},{"@type":"WebSite","@id":"https:\/\/www.erresse-shop.it\/fr\/#website","url":"https:\/\/www.erresse-shop.it\/fr\/","name":"Erresse Shop","description":"Articoli di qualit\u00e0 per la casa","potentialAction":[{"@type":"SearchAction","target":{"@type":"EntryPoint","urlTemplate":"https:\/\/www.erresse-shop.it\/fr\/?s={search_term_string}"},"query-input":"required name=search_term_string"}],"inLanguage":"fr-FR"}]}},"df_price":231.4,"df_sale_price":231.4,"df_regular_price":445,"df_image_link":"https:\/\/www.erresse-shop.it\/wp-content\/uploads\/2023\/01\/VENINI-Vaso-Fazzoletto-Zaffiro-H13.5-300x300.jpg","_links":{"self":[{"href":"https:\/\/www.erresse-shop.it\/fr\/wp-json\/wp\/v2\/product\/232149"}],"collection":[{"href":"https:\/\/www.erresse-shop.it\/fr\/wp-json\/wp\/v2\/product"}],"about":[{"href":"https:\/\/www.erresse-shop.it\/fr\/wp-json\/wp\/v2\/types\/product"}],"wp:featuredmedia":[{"embeddable":true,"href":"https:\/\/www.erresse-shop.it\/fr\/wp-json\/wp\/v2\/media\/232154"}],"wp:attachment":[{"href":"https:\/\/www.erresse-shop.it\/fr\/wp-json\/wp\/v2\/media?parent=232149"}],"wp:term":[{"taxonomy":"product_cat","embeddable":true,"href":"https:\/\/www.erresse-shop.it\/fr\/wp-json\/wp\/v2\/product_cat?post=232149"},{"taxonomy":"product_tag","embeddable":true,"href":"https:\/\/www.erresse-shop.it\/fr\/wp-json\/wp\/v2\/product_tag?post=232149"}],"curies":[{"name":"wp","href":"https:\/\/api.w.org\/{rel}","templated":true}]}}