{"id":231614,"date":"2023-01-23T10:30:16","date_gmt":"2023-01-23T10:30:23","guid":{"rendered":"https:\/\/www.erresse-shop.it\/?post_type=product&#038;p=231614"},"modified":"2025-02-27T17:40:06","modified_gmt":"2025-02-27T17:40:06","slug":"ooni-karu-16-four-a-pizza-multi-combustibles-portable","status":"publish","type":"product","link":"https:\/\/www.erresse-shop.it\/fr\/shop\/petits-electromenagers\/fours\/ooni-karu-16-four-a-pizza-multi-combustibles-portable\/","title":{"rendered":"OONI Karu 16 Four \u00e0 Pizza Multi-combustibles Portable"},"content":{"rendered":"<p>Le four <strong>Ooni Karu 16<\/strong> apporte \u00e0 vos pizzas l&#8217;exp\u00e9rience polyvalente de la cuisson en plein air d&#8217;Ooni ainsi qu&#8217;une technologie de pointe.<\/p>\n<p>Des maxi-pizzas extraordinaires, des viandes r\u00f4ties, des l\u00e9gumes po\u00eal\u00e9s ou encore du pain frais. Cuisinez des plats fantastiques en plein air sur un feu aliment\u00e9 par du bois, du charbon de bois ou du gaz.<br \/>\nGr\u00e2ce aux diff\u00e9rentes options de combustible, essayez d&#8217;utiliser du bois et\/ou du charbon de bois pour le plaisir de l&#8217;exp\u00e9rience d&#8217;une pizza faite dans les r\u00e8gles de l&#8217;art et l&#8217;ar\u00f4me d\u00e9licat de la cuisson au feu de bois, ou optez pour une cuisson \u00e0 faible entretien avec un br\u00fbleur \u00e0 gaz pour l&#8217;Ooni Karu 16 (vendu s\u00e9par\u00e9ment).<br \/>\nGr\u00e2ce \u00e0 de nouvelles caract\u00e9ristiques de conception, il pr\u00e9pare des pizzas d&#8217;environ 40 cm de diam\u00e8tre tout en b\u00e9n\u00e9ficiant d&#8217;un meilleur contr\u00f4le de la temp\u00e9rature, d&#8217;un d\u00e9bit d&#8217;air plus \u00e9conome, d&#8217;une meilleure isolation du four et d&#8217;une meilleure visibilit\u00e9.<br \/>\nApr\u00e8s seulement 15 minutes de pr\u00e9chauffage, vous pouvez cuire des pizzas \u00e0 500\u00b0C en 60 secondes, des steaks Tomahawk saisis \u00e0 la perfection, des l\u00e9gumes grill\u00e9s et bien plus encore avec le four Ooni Karu 16.<\/p>\n<ul>\n<li>Plusieurs options de puissance pour une polyvalence de cuisson maximale<\/li>\n<li>Cuisinez au bois ou au charbon de bois imm\u00e9diatement apr\u00e8s le d\u00e9ballage, ou cuisinez au gaz avec le br\u00fbleur \u00e0 gaz pour Ooni Karu 16 (vendu s\u00e9par\u00e9ment).<\/li>\n<li>Atteint 500\u00b0C en seulement 15 minutes<\/li>\n<li>Nouveau design de la porte du four \u00e0 charni\u00e8re avec la technologie<\/li>\n<li>ViewFlame pour une meilleure visibilit\u00e9.<\/li>\n<li>Le thermom\u00e8tre num\u00e9rique install\u00e9 affiche la temp\u00e9rature interne du four (piles incluses).<\/li>\n<li>Grande surface de cuisson pour les pizzas jusqu&#8217;\u00e0 environ 40 cm de diam\u00e8tre et autres grands plats.<\/li>\n<\/ul>\n<p>Le premier four \u00e0 pizza &#8220;recommand\u00e9 pour un usage domestique&#8221; par l&#8217;association Verace Pizza Napoletana, l&#8217;autorit\u00e9 internationale en mati\u00e8re de v\u00e9ritable pizza napolitaine.<\/p>\n","protected":false},"excerpt":{"rendered":"<p>Le four Ooni Karu 16 apporte \u00e0 vos pizzas l&#8217;exp\u00e9rience polyvalente de la cuisson en plein air d&#8217;Ooni ainsi qu&#8217;une<\/p>\n","protected":false},"featured_media":231862,"template":"","meta":{"_acf_changed":false,"inline_featured_image":false},"product_cat":[15660,12449],"product_tag":[12858,14638,21853,13783,24603],"acf":[],"yoast_head":"<!-- This site is optimized with the Yoast SEO Premium plugin v18.6 (Yoast SEO v19.13) - https:\/\/yoast.com\/wordpress\/plugins\/seo\/ -->\n<title>OONI Karu 16 Four \u00e0 Pizza Multi-combustibles Portable - Erresse Shop<\/title>\n<meta name=\"description\" content=\"Le four Ooni Karu 16 apporte \u00e0 vos pizzas l&#039;exp\u00e9rience polyvalente de la cuisson en plein air d&#039;Ooni ainsi qu&#039;une technologie de pointe. Des maxi-pizzas\" \/>\n<meta name=\"robots\" content=\"index, follow, max-snippet:-1, max-image-preview:large, max-video-preview:-1\" \/>\n<link rel=\"canonical\" href=\"https:\/\/www.erresse-shop.it\/fr\/shop\/petits-electromenagers\/fours\/ooni-karu-16-four-a-pizza-multi-combustibles-portable\/\" \/>\n<meta property=\"og:locale\" content=\"fr_FR\" \/>\n<meta property=\"og:type\" content=\"article\" \/>\n<meta property=\"og:title\" content=\"OONI Karu 16 Four \u00e0 Pizza Multi-combustibles Portable\" \/>\n<meta property=\"og:description\" content=\"Le four Ooni Karu 16 apporte \u00e0 vos pizzas l&#039;exp\u00e9rience polyvalente de la cuisson en plein air d&#039;Ooni ainsi qu&#039;une technologie de pointe. Des maxi-pizzas\" \/>\n<meta property=\"og:url\" content=\"https:\/\/www.erresse-shop.it\/fr\/shop\/petits-electromenagers\/fours\/ooni-karu-16-four-a-pizza-multi-combustibles-portable\/\" \/>\n<meta property=\"og:site_name\" content=\"Erresse Shop\" \/>\n<meta property=\"article:modified_time\" content=\"2025-02-27T17:40:06+00:00\" \/>\n<meta property=\"og:image\" content=\"https:\/\/www.erresse-shop.it\/wp-content\/uploads\/2023\/01\/OONI-Karu-16-Forno-Portatile-Multi-combustibile-1.jpg\" \/>\n\t<meta property=\"og:image:width\" content=\"800\" \/>\n\t<meta property=\"og:image:height\" content=\"800\" \/>\n\t<meta property=\"og:image:type\" content=\"image\/jpeg\" \/>\n<meta name=\"twitter:card\" content=\"summary_large_image\" \/>\n<script type=\"application\/ld+json\" class=\"yoast-schema-graph\">{\"@context\":\"https:\/\/schema.org\",\"@graph\":[{\"@type\":\"WebPage\",\"@id\":\"https:\/\/www.erresse-shop.it\/fr\/shop\/petits-electromenagers\/fours\/ooni-karu-16-four-a-pizza-multi-combustibles-portable\/\",\"url\":\"https:\/\/www.erresse-shop.it\/fr\/shop\/petits-electromenagers\/fours\/ooni-karu-16-four-a-pizza-multi-combustibles-portable\/\",\"name\":\"OONI Karu 16 Four \u00e0 Pizza Multi-combustibles Portable - Erresse Shop\",\"isPartOf\":{\"@id\":\"https:\/\/www.erresse-shop.it\/fr\/#website\"},\"datePublished\":\"2023-01-23T10:30:23+00:00\",\"dateModified\":\"2025-02-27T17:40:06+00:00\",\"description\":\"Le four Ooni Karu 16 apporte \u00e0 vos pizzas l'exp\u00e9rience polyvalente de la cuisson en plein air d'Ooni ainsi qu'une technologie de pointe. Des maxi-pizzas\",\"breadcrumb\":{\"@id\":\"https:\/\/www.erresse-shop.it\/fr\/shop\/petits-electromenagers\/fours\/ooni-karu-16-four-a-pizza-multi-combustibles-portable\/#breadcrumb\"},\"inLanguage\":\"fr-FR\",\"potentialAction\":[{\"@type\":\"ReadAction\",\"target\":[\"https:\/\/www.erresse-shop.it\/fr\/shop\/petits-electromenagers\/fours\/ooni-karu-16-four-a-pizza-multi-combustibles-portable\/\"]}]},{\"@type\":\"BreadcrumbList\",\"@id\":\"https:\/\/www.erresse-shop.it\/fr\/shop\/petits-electromenagers\/fours\/ooni-karu-16-four-a-pizza-multi-combustibles-portable\/#breadcrumb\",\"itemListElement\":[{\"@type\":\"ListItem\",\"position\":1,\"name\":\"Home\",\"item\":\"https:\/\/www.erresse-shop.it\/fr\/\"},{\"@type\":\"ListItem\",\"position\":2,\"name\":\"Shop\",\"item\":\"https:\/\/www.erresse-shop.it\/fr\/shop\/\"},{\"@type\":\"ListItem\",\"position\":3,\"name\":\"OONI Karu 16 Four \u00e0 Pizza Multi-combustibles Portable\"}]},{\"@type\":\"WebSite\",\"@id\":\"https:\/\/www.erresse-shop.it\/fr\/#website\",\"url\":\"https:\/\/www.erresse-shop.it\/fr\/\",\"name\":\"Erresse Shop\",\"description\":\"Articoli di qualit\u00e0 per la casa\",\"potentialAction\":[{\"@type\":\"SearchAction\",\"target\":{\"@type\":\"EntryPoint\",\"urlTemplate\":\"https:\/\/www.erresse-shop.it\/fr\/?s={search_term_string}\"},\"query-input\":\"required name=search_term_string\"}],\"inLanguage\":\"fr-FR\"}]}<\/script>\n<!-- \/ Yoast SEO Premium plugin. -->","yoast_head_json":{"title":"OONI Karu 16 Four \u00e0 Pizza Multi-combustibles Portable - Erresse Shop","description":"Le four Ooni Karu 16 apporte \u00e0 vos pizzas l'exp\u00e9rience polyvalente de la cuisson en plein air d'Ooni ainsi qu'une technologie de pointe. Des maxi-pizzas","robots":{"index":"index","follow":"follow","max-snippet":"max-snippet:-1","max-image-preview":"max-image-preview:large","max-video-preview":"max-video-preview:-1"},"canonical":"https:\/\/www.erresse-shop.it\/fr\/shop\/petits-electromenagers\/fours\/ooni-karu-16-four-a-pizza-multi-combustibles-portable\/","og_locale":"fr_FR","og_type":"article","og_title":"OONI Karu 16 Four \u00e0 Pizza Multi-combustibles Portable","og_description":"Le four Ooni Karu 16 apporte \u00e0 vos pizzas l'exp\u00e9rience polyvalente de la cuisson en plein air d'Ooni ainsi qu'une technologie de pointe. Des maxi-pizzas","og_url":"https:\/\/www.erresse-shop.it\/fr\/shop\/petits-electromenagers\/fours\/ooni-karu-16-four-a-pizza-multi-combustibles-portable\/","og_site_name":"Erresse Shop","article_modified_time":"2025-02-27T17:40:06+00:00","og_image":[{"width":800,"height":800,"url":"https:\/\/www.erresse-shop.it\/wp-content\/uploads\/2023\/01\/OONI-Karu-16-Forno-Portatile-Multi-combustibile-1.jpg","type":"image\/jpeg"}],"twitter_card":"summary_large_image","schema":{"@context":"https:\/\/schema.org","@graph":[{"@type":"WebPage","@id":"https:\/\/www.erresse-shop.it\/fr\/shop\/petits-electromenagers\/fours\/ooni-karu-16-four-a-pizza-multi-combustibles-portable\/","url":"https:\/\/www.erresse-shop.it\/fr\/shop\/petits-electromenagers\/fours\/ooni-karu-16-four-a-pizza-multi-combustibles-portable\/","name":"OONI Karu 16 Four \u00e0 Pizza Multi-combustibles Portable - Erresse Shop","isPartOf":{"@id":"https:\/\/www.erresse-shop.it\/fr\/#website"},"datePublished":"2023-01-23T10:30:23+00:00","dateModified":"2025-02-27T17:40:06+00:00","description":"Le four Ooni Karu 16 apporte \u00e0 vos pizzas l'exp\u00e9rience polyvalente de la cuisson en plein air d'Ooni ainsi qu'une technologie de pointe. Des maxi-pizzas","breadcrumb":{"@id":"https:\/\/www.erresse-shop.it\/fr\/shop\/petits-electromenagers\/fours\/ooni-karu-16-four-a-pizza-multi-combustibles-portable\/#breadcrumb"},"inLanguage":"fr-FR","potentialAction":[{"@type":"ReadAction","target":["https:\/\/www.erresse-shop.it\/fr\/shop\/petits-electromenagers\/fours\/ooni-karu-16-four-a-pizza-multi-combustibles-portable\/"]}]},{"@type":"BreadcrumbList","@id":"https:\/\/www.erresse-shop.it\/fr\/shop\/petits-electromenagers\/fours\/ooni-karu-16-four-a-pizza-multi-combustibles-portable\/#breadcrumb","itemListElement":[{"@type":"ListItem","position":1,"name":"Home","item":"https:\/\/www.erresse-shop.it\/fr\/"},{"@type":"ListItem","position":2,"name":"Shop","item":"https:\/\/www.erresse-shop.it\/fr\/shop\/"},{"@type":"ListItem","position":3,"name":"OONI Karu 16 Four \u00e0 Pizza Multi-combustibles Portable"}]},{"@type":"WebSite","@id":"https:\/\/www.erresse-shop.it\/fr\/#website","url":"https:\/\/www.erresse-shop.it\/fr\/","name":"Erresse Shop","description":"Articoli di qualit\u00e0 per la casa","potentialAction":[{"@type":"SearchAction","target":{"@type":"EntryPoint","urlTemplate":"https:\/\/www.erresse-shop.it\/fr\/?s={search_term_string}"},"query-input":"required name=search_term_string"}],"inLanguage":"fr-FR"}]}},"df_price":769,"df_sale_price":769,"df_regular_price":799,"df_image_link":"https:\/\/www.erresse-shop.it\/wp-content\/uploads\/2023\/01\/OONI-Karu-16-Forno-Portatile-Multi-combustibile-1-300x300.jpg","_links":{"self":[{"href":"https:\/\/www.erresse-shop.it\/fr\/wp-json\/wp\/v2\/product\/231614"}],"collection":[{"href":"https:\/\/www.erresse-shop.it\/fr\/wp-json\/wp\/v2\/product"}],"about":[{"href":"https:\/\/www.erresse-shop.it\/fr\/wp-json\/wp\/v2\/types\/product"}],"wp:featuredmedia":[{"embeddable":true,"href":"https:\/\/www.erresse-shop.it\/fr\/wp-json\/wp\/v2\/media\/231862"}],"wp:attachment":[{"href":"https:\/\/www.erresse-shop.it\/fr\/wp-json\/wp\/v2\/media?parent=231614"}],"wp:term":[{"taxonomy":"product_cat","embeddable":true,"href":"https:\/\/www.erresse-shop.it\/fr\/wp-json\/wp\/v2\/product_cat?post=231614"},{"taxonomy":"product_tag","embeddable":true,"href":"https:\/\/www.erresse-shop.it\/fr\/wp-json\/wp\/v2\/product_tag?post=231614"}],"curies":[{"name":"wp","href":"https:\/\/api.w.org\/{rel}","templated":true}]}}