{"id":231528,"date":"2023-01-23T06:31:35","date_gmt":"2023-01-23T06:31:42","guid":{"rendered":"https:\/\/www.erresse-shop.it\/?post_type=product&#038;p=231528"},"modified":"2025-01-14T17:40:01","modified_gmt":"2025-01-14T17:40:01","slug":"emile-henry-porte-outils-grand-cru","status":"publish","type":"product","link":"https:\/\/www.erresse-shop.it\/fr\/shop\/cuisine\/outils\/emile-henry-porte-outils-grand-cru\/","title":{"rendered":"EMILE HENRY Porte-outils Grand Cru"},"content":{"rendered":"<p>Notre porte-outils est pratique et \u00e9l\u00e9gant. Ses parois inclin\u00e9es vous permettent de placer les petits outils \u00e0 l&#8217;avant et les grands \u00e0 l&#8217;arri\u00e8re, et surtout, de les retrouver facilement !<\/p>\n<p>Fabriqu\u00e9 en c\u00e9ramique HR\u00ae (High Resistance = haute r\u00e9sistance), il est lourd et stable, m\u00eame lorsqu&#8217;il n&#8217;y a qu&#8217;un ou deux ustensiles. Pratique, il passe au lave-vaisselle.<\/p>\n<p>Disponible en diff\u00e9rentes couleurs, il habille le plan de travail de mani\u00e8re sobre et \u00e9l\u00e9gante.<\/p>\n<p>Garantie de 10 ans !<\/p>\n<p>Longueur\/diam\u00e8tre 15,5 cm<br \/>\nHauteur 16,5 cm<br \/>\nLongueur\/diam\u00e8tre (int\u00e9rieur) 14 cm<br \/>\nHauteur (int\u00e9rieur) 15,5 cm<br \/>\nVolume total 1 L<br \/>\nPoids du produit 0,92 g<br \/>\nTemp\u00e9rature maximale 270 \u00b0C<br \/>\nTemp\u00e9rature minimale -20 \u00b0C<\/p>\n","protected":false},"excerpt":{"rendered":"<p><br data-mce-bogus=\"1\"><\/p>\n","protected":false},"featured_media":231555,"template":"","meta":{"_acf_changed":false,"inline_featured_image":false},"product_cat":[12748,25333],"product_tag":[],"acf":[],"yoast_head":"<!-- This site is optimized with the Yoast SEO Premium plugin v18.6 (Yoast SEO v19.13) - https:\/\/yoast.com\/wordpress\/plugins\/seo\/ -->\n<title>EMILE HENRY Porte-outils Grand Cru<\/title>\n<meta name=\"description\" content=\"D\u00e9couvrez EMILE HENRY Porte-outils Grand Cru sur ErresseShop. Qualit\u00e9, prix r\u00e9duits et achat s\u00e9curis\u00e9 \u2013 commandez d\u00e8s maintenant en ligne !\" \/>\n<meta name=\"robots\" content=\"index, follow, max-snippet:-1, max-image-preview:large, max-video-preview:-1\" \/>\n<link rel=\"canonical\" href=\"https:\/\/www.erresse-shop.it\/fr\/shop\/cuisine\/outils\/emile-henry-porte-outils-grand-cru\/\" \/>\n<meta property=\"og:locale\" content=\"fr_FR\" \/>\n<meta property=\"og:type\" content=\"article\" \/>\n<meta property=\"og:title\" content=\"EMILE HENRY Porte-outils Grand Cru\" \/>\n<meta property=\"og:description\" content=\"D\u00e9couvrez EMILE HENRY Porte-outils Grand Cru sur ErresseShop. Qualit\u00e9, prix r\u00e9duits et achat s\u00e9curis\u00e9 \u2013 commandez d\u00e8s maintenant en ligne !\" \/>\n<meta property=\"og:url\" content=\"https:\/\/www.erresse-shop.it\/fr\/shop\/cuisine\/outils\/emile-henry-porte-outils-grand-cru\/\" \/>\n<meta property=\"og:site_name\" content=\"Erresse Shop\" \/>\n<meta property=\"article:modified_time\" content=\"2025-01-14T17:40:01+00:00\" \/>\n<meta property=\"og:image\" content=\"https:\/\/www.erresse-shop.it\/wp-content\/uploads\/2023\/01\/EMILE-HENRY-Portautensili-grand-cru.jpg\" \/>\n\t<meta property=\"og:image:width\" content=\"800\" \/>\n\t<meta property=\"og:image:height\" content=\"800\" \/>\n\t<meta property=\"og:image:type\" content=\"image\/jpeg\" \/>\n<meta name=\"twitter:card\" content=\"summary_large_image\" \/>\n<script type=\"application\/ld+json\" class=\"yoast-schema-graph\">{\"@context\":\"https:\/\/schema.org\",\"@graph\":[{\"@type\":\"WebPage\",\"@id\":\"https:\/\/www.erresse-shop.it\/fr\/shop\/cuisine\/outils\/emile-henry-porte-outils-grand-cru\/\",\"url\":\"https:\/\/www.erresse-shop.it\/fr\/shop\/cuisine\/outils\/emile-henry-porte-outils-grand-cru\/\",\"name\":\"EMILE HENRY Porte-outils Grand Cru\",\"isPartOf\":{\"@id\":\"https:\/\/www.erresse-shop.it\/fr\/#website\"},\"datePublished\":\"2023-01-23T06:31:42+00:00\",\"dateModified\":\"2025-01-14T17:40:01+00:00\",\"description\":\"D\u00e9couvrez EMILE HENRY Porte-outils Grand Cru sur ErresseShop. Qualit\u00e9, prix r\u00e9duits et achat s\u00e9curis\u00e9 \u2013 commandez d\u00e8s maintenant en ligne !\",\"breadcrumb\":{\"@id\":\"https:\/\/www.erresse-shop.it\/fr\/shop\/cuisine\/outils\/emile-henry-porte-outils-grand-cru\/#breadcrumb\"},\"inLanguage\":\"fr-FR\",\"potentialAction\":[{\"@type\":\"ReadAction\",\"target\":[\"https:\/\/www.erresse-shop.it\/fr\/shop\/cuisine\/outils\/emile-henry-porte-outils-grand-cru\/\"]}]},{\"@type\":\"BreadcrumbList\",\"@id\":\"https:\/\/www.erresse-shop.it\/fr\/shop\/cuisine\/outils\/emile-henry-porte-outils-grand-cru\/#breadcrumb\",\"itemListElement\":[{\"@type\":\"ListItem\",\"position\":1,\"name\":\"Home\",\"item\":\"https:\/\/www.erresse-shop.it\/fr\/\"},{\"@type\":\"ListItem\",\"position\":2,\"name\":\"Shop\",\"item\":\"https:\/\/www.erresse-shop.it\/fr\/shop\/\"},{\"@type\":\"ListItem\",\"position\":3,\"name\":\"EMILE HENRY Porte-outils Grand Cru\"}]},{\"@type\":\"WebSite\",\"@id\":\"https:\/\/www.erresse-shop.it\/fr\/#website\",\"url\":\"https:\/\/www.erresse-shop.it\/fr\/\",\"name\":\"Erresse Shop\",\"description\":\"Articoli di qualit\u00e0 per la casa\",\"potentialAction\":[{\"@type\":\"SearchAction\",\"target\":{\"@type\":\"EntryPoint\",\"urlTemplate\":\"https:\/\/www.erresse-shop.it\/fr\/?s={search_term_string}\"},\"query-input\":\"required name=search_term_string\"}],\"inLanguage\":\"fr-FR\"}]}<\/script>\n<!-- \/ Yoast SEO Premium plugin. -->","yoast_head_json":{"title":"EMILE HENRY Porte-outils Grand Cru","description":"D\u00e9couvrez EMILE HENRY Porte-outils Grand Cru sur ErresseShop. Qualit\u00e9, prix r\u00e9duits et achat s\u00e9curis\u00e9 \u2013 commandez d\u00e8s maintenant en ligne !","robots":{"index":"index","follow":"follow","max-snippet":"max-snippet:-1","max-image-preview":"max-image-preview:large","max-video-preview":"max-video-preview:-1"},"canonical":"https:\/\/www.erresse-shop.it\/fr\/shop\/cuisine\/outils\/emile-henry-porte-outils-grand-cru\/","og_locale":"fr_FR","og_type":"article","og_title":"EMILE HENRY Porte-outils Grand Cru","og_description":"D\u00e9couvrez EMILE HENRY Porte-outils Grand Cru sur ErresseShop. Qualit\u00e9, prix r\u00e9duits et achat s\u00e9curis\u00e9 \u2013 commandez d\u00e8s maintenant en ligne !","og_url":"https:\/\/www.erresse-shop.it\/fr\/shop\/cuisine\/outils\/emile-henry-porte-outils-grand-cru\/","og_site_name":"Erresse Shop","article_modified_time":"2025-01-14T17:40:01+00:00","og_image":[{"width":800,"height":800,"url":"https:\/\/www.erresse-shop.it\/wp-content\/uploads\/2023\/01\/EMILE-HENRY-Portautensili-grand-cru.jpg","type":"image\/jpeg"}],"twitter_card":"summary_large_image","schema":{"@context":"https:\/\/schema.org","@graph":[{"@type":"WebPage","@id":"https:\/\/www.erresse-shop.it\/fr\/shop\/cuisine\/outils\/emile-henry-porte-outils-grand-cru\/","url":"https:\/\/www.erresse-shop.it\/fr\/shop\/cuisine\/outils\/emile-henry-porte-outils-grand-cru\/","name":"EMILE HENRY Porte-outils Grand Cru","isPartOf":{"@id":"https:\/\/www.erresse-shop.it\/fr\/#website"},"datePublished":"2023-01-23T06:31:42+00:00","dateModified":"2025-01-14T17:40:01+00:00","description":"D\u00e9couvrez EMILE HENRY Porte-outils Grand Cru sur ErresseShop. Qualit\u00e9, prix r\u00e9duits et achat s\u00e9curis\u00e9 \u2013 commandez d\u00e8s maintenant en ligne !","breadcrumb":{"@id":"https:\/\/www.erresse-shop.it\/fr\/shop\/cuisine\/outils\/emile-henry-porte-outils-grand-cru\/#breadcrumb"},"inLanguage":"fr-FR","potentialAction":[{"@type":"ReadAction","target":["https:\/\/www.erresse-shop.it\/fr\/shop\/cuisine\/outils\/emile-henry-porte-outils-grand-cru\/"]}]},{"@type":"BreadcrumbList","@id":"https:\/\/www.erresse-shop.it\/fr\/shop\/cuisine\/outils\/emile-henry-porte-outils-grand-cru\/#breadcrumb","itemListElement":[{"@type":"ListItem","position":1,"name":"Home","item":"https:\/\/www.erresse-shop.it\/fr\/"},{"@type":"ListItem","position":2,"name":"Shop","item":"https:\/\/www.erresse-shop.it\/fr\/shop\/"},{"@type":"ListItem","position":3,"name":"EMILE HENRY Porte-outils Grand Cru"}]},{"@type":"WebSite","@id":"https:\/\/www.erresse-shop.it\/fr\/#website","url":"https:\/\/www.erresse-shop.it\/fr\/","name":"Erresse Shop","description":"Articoli di qualit\u00e0 per la casa","potentialAction":[{"@type":"SearchAction","target":{"@type":"EntryPoint","urlTemplate":"https:\/\/www.erresse-shop.it\/fr\/?s={search_term_string}"},"query-input":"required name=search_term_string"}],"inLanguage":"fr-FR"}]}},"df_price":31.122,"df_sale_price":31.122,"df_regular_price":39.9,"df_image_link":"https:\/\/www.erresse-shop.it\/wp-content\/uploads\/2023\/01\/EMILE-HENRY-Portautensili-grand-cru-300x300.jpg","_links":{"self":[{"href":"https:\/\/www.erresse-shop.it\/fr\/wp-json\/wp\/v2\/product\/231528"}],"collection":[{"href":"https:\/\/www.erresse-shop.it\/fr\/wp-json\/wp\/v2\/product"}],"about":[{"href":"https:\/\/www.erresse-shop.it\/fr\/wp-json\/wp\/v2\/types\/product"}],"wp:featuredmedia":[{"embeddable":true,"href":"https:\/\/www.erresse-shop.it\/fr\/wp-json\/wp\/v2\/media\/231555"}],"wp:attachment":[{"href":"https:\/\/www.erresse-shop.it\/fr\/wp-json\/wp\/v2\/media?parent=231528"}],"wp:term":[{"taxonomy":"product_cat","embeddable":true,"href":"https:\/\/www.erresse-shop.it\/fr\/wp-json\/wp\/v2\/product_cat?post=231528"},{"taxonomy":"product_tag","embeddable":true,"href":"https:\/\/www.erresse-shop.it\/fr\/wp-json\/wp\/v2\/product_tag?post=231528"}],"curies":[{"name":"wp","href":"https:\/\/api.w.org\/{rel}","templated":true}]}}