{"id":226162,"date":"2022-12-30T13:12:06","date_gmt":"2022-12-30T13:12:11","guid":{"rendered":"https:\/\/www.erresse-shop.it\/?post_type=product&#038;p=226162"},"modified":"2025-05-08T08:33:54","modified_gmt":"2025-05-08T08:33:54","slug":"emile-henry-delight-tajine-26-cm-ardoise","status":"publish","type":"product","link":"https:\/\/www.erresse-shop.it\/fr\/shop\/poeles-pots\/tajine\/emile-henry-delight-tajine-26-cm-ardoise\/","title":{"rendered":"EMILE HENRY Delight Tajine 27 cm Ardoise"},"content":{"rendered":"<p>Notre tajine \u2018Delight\u2019 vous permet de cr\u00e9er de d\u00e9licieuses recettes traditionnelles pour les tajines et autres plats mijot\u00e9s, sur tous types de sources de chaleur (y compris les plaques \u00e0 induction) et au four.<\/p>\n<p>Fabriqu\u00e9 \u00e0 partir de la derni\u00e8re c\u00e9ramique innovante, il est plus l\u00e9ger qu&#8217;un tajine classique et offre l&#8217;avantage d&#8217;une cuisine saine respectant les qualit\u00e9s nutritionnelles des ingr\u00e9dients utilis\u00e9s.<\/p>\n<p>Il permet \u00e9galement de diffuser la chaleur uniform\u00e9ment pour un fr\u00e9missage doux, faisant ressortir les saveurs d\u00e9licates des ingr\u00e9dients. Le r\u00e9sultat est tendre, humide et plein de saveur, gr\u00e2ce \u00e0 la forme unique du couvercle qui permet aux jus \u00e9vapor\u00e9s de circuler.<\/p>\n<p>Les lignes \u00e9pur\u00e9es offrent un service \u00e9l\u00e9gant sur la table et rehaussent toutes sortes de recettes, \u00e0 la fois exotiques et plus traditionnelles. Son vernis naturellement antiadh\u00e9sif facilite le nettoyage et l&#8217;entretien.<\/p>\n<p>Un design chic et intemporel :<\/p>\n<p>V\u00e9ronique Maire dessine des collections d\u2019art de la table qui ne passent pas inaper\u00e7ues. Confront\u00e9e \u00e0 plusieurs univers \u2014 le luxe, l\u2019am\u00e9nagement d\u2019int\u00e9rieur, la sc\u00e9nographie \u2014 la designer, privil\u00e9gie des collaborations avec des marques riches de leur savoir-faire.<\/p>\n<p>Pour Delight, V\u00e9ronique a r\u00e9invent\u00e9 le design de la cocotte inspir\u00e9 des plats japonais r\u00e9versibles, afin de perp\u00e9tuer, dans un monde contemporain \u00e0 la recherche de simplicit\u00e9, les recettes d\u2019antan ou d\u2019ailleurs, \u00e0 partager autour d\u2019une table.<\/p>\n<p>Fabriqu\u00e9 \u00e0 la main et contr\u00f4l\u00e9 dans nos ateliers de Bourgogne, le tajine \u2018Delight\u2019 est garanti 5 ans.<\/p>\n<p>Les d\u00e9tails &amp; conseils<br \/>\nLongueur\/diam\u00e8tre 27 cm<br \/>\nHauteur 20 cm<br \/>\nNombre de personnes 4-6<br \/>\nTemp\u00e9rature maximale 290 \u00b0C<br \/>\nTemp\u00e9rature minimale -20 \u00b0C<\/p>\n<p>Four\/Cong\u00e9lateur\/Lave-Vaisselle\/Micro-ondes\/Induction, gaz, plaques vitroc\u00e9ramique, halog\u00e8ne et \u00e9lectrique<\/p>\n<p>C\u00e9ramique exempte de plomb, de cadmium et de nickel<\/p>\n","protected":false},"excerpt":{"rendered":"<p>Notre tajine \u2018Delight\u2019 vous permet de cr\u00e9er de d\u00e9licieuses recettes traditionnelles pour les tajines et autres plats mijot\u00e9s, sur tous<\/p>\n","protected":false},"featured_media":226656,"template":"","meta":{"_acf_changed":false,"inline_featured_image":false},"product_cat":[12458,14784],"product_tag":[13272],"acf":[],"yoast_head":"<!-- This site is optimized with the Yoast SEO Premium plugin v18.6 (Yoast SEO v19.13) - https:\/\/yoast.com\/wordpress\/plugins\/seo\/ -->\n<title>EMILE HENRY Delight Tajine 26 cm Ardoise<\/title>\n<meta name=\"description\" content=\"D\u00e9couvrez EMILE HENRY Delight Tajine 26 cm Ardoise sur ErresseShop. Qualit\u00e9, prix r\u00e9duits et achat s\u00e9curis\u00e9 \u2013 commandez d\u00e8s maintenant en ligne !\" \/>\n<meta name=\"robots\" content=\"index, follow, max-snippet:-1, max-image-preview:large, max-video-preview:-1\" \/>\n<link rel=\"canonical\" href=\"https:\/\/www.erresse-shop.it\/fr\/shop\/poeles-pots\/tajine\/emile-henry-delight-tajine-26-cm-ardoise\/\" \/>\n<meta property=\"og:locale\" content=\"fr_FR\" \/>\n<meta property=\"og:type\" content=\"article\" \/>\n<meta property=\"og:title\" content=\"EMILE HENRY Delight Tajine 27 cm Ardoise\" \/>\n<meta property=\"og:description\" content=\"D\u00e9couvrez EMILE HENRY Delight Tajine 26 cm Ardoise sur ErresseShop. Qualit\u00e9, prix r\u00e9duits et achat s\u00e9curis\u00e9 \u2013 commandez d\u00e8s maintenant en ligne !\" \/>\n<meta property=\"og:url\" content=\"https:\/\/www.erresse-shop.it\/fr\/shop\/poeles-pots\/tajine\/emile-henry-delight-tajine-26-cm-ardoise\/\" \/>\n<meta property=\"og:site_name\" content=\"Erresse Shop\" \/>\n<meta property=\"article:modified_time\" content=\"2025-05-08T08:33:54+00:00\" \/>\n<meta property=\"og:image\" content=\"https:\/\/www.erresse-shop.it\/wp-content\/uploads\/2022\/12\/EMILE-HENRY-Tajine-26-cm-Nero.jpg\" \/>\n\t<meta property=\"og:image:width\" content=\"590\" \/>\n\t<meta property=\"og:image:height\" content=\"590\" \/>\n\t<meta property=\"og:image:type\" content=\"image\/jpeg\" \/>\n<meta name=\"twitter:card\" content=\"summary_large_image\" \/>\n<script type=\"application\/ld+json\" class=\"yoast-schema-graph\">{\"@context\":\"https:\/\/schema.org\",\"@graph\":[{\"@type\":\"WebPage\",\"@id\":\"https:\/\/www.erresse-shop.it\/fr\/shop\/poeles-pots\/tajine\/emile-henry-delight-tajine-26-cm-ardoise\/\",\"url\":\"https:\/\/www.erresse-shop.it\/fr\/shop\/poeles-pots\/tajine\/emile-henry-delight-tajine-26-cm-ardoise\/\",\"name\":\"EMILE HENRY Delight Tajine 26 cm Ardoise\",\"isPartOf\":{\"@id\":\"https:\/\/www.erresse-shop.it\/fr\/#website\"},\"datePublished\":\"2022-12-30T13:12:11+00:00\",\"dateModified\":\"2025-05-08T08:33:54+00:00\",\"description\":\"D\u00e9couvrez EMILE HENRY Delight Tajine 26 cm Ardoise sur ErresseShop. Qualit\u00e9, prix r\u00e9duits et achat s\u00e9curis\u00e9 \u2013 commandez d\u00e8s maintenant en ligne !\",\"breadcrumb\":{\"@id\":\"https:\/\/www.erresse-shop.it\/fr\/shop\/poeles-pots\/tajine\/emile-henry-delight-tajine-26-cm-ardoise\/#breadcrumb\"},\"inLanguage\":\"fr-FR\",\"potentialAction\":[{\"@type\":\"ReadAction\",\"target\":[\"https:\/\/www.erresse-shop.it\/fr\/shop\/poeles-pots\/tajine\/emile-henry-delight-tajine-26-cm-ardoise\/\"]}]},{\"@type\":\"BreadcrumbList\",\"@id\":\"https:\/\/www.erresse-shop.it\/fr\/shop\/poeles-pots\/tajine\/emile-henry-delight-tajine-26-cm-ardoise\/#breadcrumb\",\"itemListElement\":[{\"@type\":\"ListItem\",\"position\":1,\"name\":\"Home\",\"item\":\"https:\/\/www.erresse-shop.it\/fr\/\"},{\"@type\":\"ListItem\",\"position\":2,\"name\":\"Shop\",\"item\":\"https:\/\/www.erresse-shop.it\/fr\/shop\/\"},{\"@type\":\"ListItem\",\"position\":3,\"name\":\"EMILE HENRY Delight Tajine 27 cm Ardoise\"}]},{\"@type\":\"WebSite\",\"@id\":\"https:\/\/www.erresse-shop.it\/fr\/#website\",\"url\":\"https:\/\/www.erresse-shop.it\/fr\/\",\"name\":\"Erresse Shop\",\"description\":\"Articoli di qualit\u00e0 per la casa\",\"potentialAction\":[{\"@type\":\"SearchAction\",\"target\":{\"@type\":\"EntryPoint\",\"urlTemplate\":\"https:\/\/www.erresse-shop.it\/fr\/?s={search_term_string}\"},\"query-input\":\"required name=search_term_string\"}],\"inLanguage\":\"fr-FR\"}]}<\/script>\n<!-- \/ Yoast SEO Premium plugin. -->","yoast_head_json":{"title":"EMILE HENRY Delight Tajine 26 cm Ardoise","description":"D\u00e9couvrez EMILE HENRY Delight Tajine 26 cm Ardoise sur ErresseShop. Qualit\u00e9, prix r\u00e9duits et achat s\u00e9curis\u00e9 \u2013 commandez d\u00e8s maintenant en ligne !","robots":{"index":"index","follow":"follow","max-snippet":"max-snippet:-1","max-image-preview":"max-image-preview:large","max-video-preview":"max-video-preview:-1"},"canonical":"https:\/\/www.erresse-shop.it\/fr\/shop\/poeles-pots\/tajine\/emile-henry-delight-tajine-26-cm-ardoise\/","og_locale":"fr_FR","og_type":"article","og_title":"EMILE HENRY Delight Tajine 27 cm Ardoise","og_description":"D\u00e9couvrez EMILE HENRY Delight Tajine 26 cm Ardoise sur ErresseShop. Qualit\u00e9, prix r\u00e9duits et achat s\u00e9curis\u00e9 \u2013 commandez d\u00e8s maintenant en ligne !","og_url":"https:\/\/www.erresse-shop.it\/fr\/shop\/poeles-pots\/tajine\/emile-henry-delight-tajine-26-cm-ardoise\/","og_site_name":"Erresse Shop","article_modified_time":"2025-05-08T08:33:54+00:00","og_image":[{"width":590,"height":590,"url":"https:\/\/www.erresse-shop.it\/wp-content\/uploads\/2022\/12\/EMILE-HENRY-Tajine-26-cm-Nero.jpg","type":"image\/jpeg"}],"twitter_card":"summary_large_image","schema":{"@context":"https:\/\/schema.org","@graph":[{"@type":"WebPage","@id":"https:\/\/www.erresse-shop.it\/fr\/shop\/poeles-pots\/tajine\/emile-henry-delight-tajine-26-cm-ardoise\/","url":"https:\/\/www.erresse-shop.it\/fr\/shop\/poeles-pots\/tajine\/emile-henry-delight-tajine-26-cm-ardoise\/","name":"EMILE HENRY Delight Tajine 26 cm Ardoise","isPartOf":{"@id":"https:\/\/www.erresse-shop.it\/fr\/#website"},"datePublished":"2022-12-30T13:12:11+00:00","dateModified":"2025-05-08T08:33:54+00:00","description":"D\u00e9couvrez EMILE HENRY Delight Tajine 26 cm Ardoise sur ErresseShop. Qualit\u00e9, prix r\u00e9duits et achat s\u00e9curis\u00e9 \u2013 commandez d\u00e8s maintenant en ligne !","breadcrumb":{"@id":"https:\/\/www.erresse-shop.it\/fr\/shop\/poeles-pots\/tajine\/emile-henry-delight-tajine-26-cm-ardoise\/#breadcrumb"},"inLanguage":"fr-FR","potentialAction":[{"@type":"ReadAction","target":["https:\/\/www.erresse-shop.it\/fr\/shop\/poeles-pots\/tajine\/emile-henry-delight-tajine-26-cm-ardoise\/"]}]},{"@type":"BreadcrumbList","@id":"https:\/\/www.erresse-shop.it\/fr\/shop\/poeles-pots\/tajine\/emile-henry-delight-tajine-26-cm-ardoise\/#breadcrumb","itemListElement":[{"@type":"ListItem","position":1,"name":"Home","item":"https:\/\/www.erresse-shop.it\/fr\/"},{"@type":"ListItem","position":2,"name":"Shop","item":"https:\/\/www.erresse-shop.it\/fr\/shop\/"},{"@type":"ListItem","position":3,"name":"EMILE HENRY Delight Tajine 27 cm Ardoise"}]},{"@type":"WebSite","@id":"https:\/\/www.erresse-shop.it\/fr\/#website","url":"https:\/\/www.erresse-shop.it\/fr\/","name":"Erresse Shop","description":"Articoli di qualit\u00e0 per la casa","potentialAction":[{"@type":"SearchAction","target":{"@type":"EntryPoint","urlTemplate":"https:\/\/www.erresse-shop.it\/fr\/?s={search_term_string}"},"query-input":"required name=search_term_string"}],"inLanguage":"fr-FR"}]}},"df_price":122.95,"df_sale_price":122.95,"df_regular_price":187.5,"df_image_link":"https:\/\/www.erresse-shop.it\/wp-content\/uploads\/2022\/12\/EMILE-HENRY-Tajine-26-cm-Nero-300x300.jpg","_links":{"self":[{"href":"https:\/\/www.erresse-shop.it\/fr\/wp-json\/wp\/v2\/product\/226162"}],"collection":[{"href":"https:\/\/www.erresse-shop.it\/fr\/wp-json\/wp\/v2\/product"}],"about":[{"href":"https:\/\/www.erresse-shop.it\/fr\/wp-json\/wp\/v2\/types\/product"}],"wp:featuredmedia":[{"embeddable":true,"href":"https:\/\/www.erresse-shop.it\/fr\/wp-json\/wp\/v2\/media\/226656"}],"wp:attachment":[{"href":"https:\/\/www.erresse-shop.it\/fr\/wp-json\/wp\/v2\/media?parent=226162"}],"wp:term":[{"taxonomy":"product_cat","embeddable":true,"href":"https:\/\/www.erresse-shop.it\/fr\/wp-json\/wp\/v2\/product_cat?post=226162"},{"taxonomy":"product_tag","embeddable":true,"href":"https:\/\/www.erresse-shop.it\/fr\/wp-json\/wp\/v2\/product_tag?post=226162"}],"curies":[{"name":"wp","href":"https:\/\/api.w.org\/{rel}","templated":true}]}}