{"id":225811,"date":"2022-12-29T13:38:11","date_gmt":"2022-12-29T13:38:17","guid":{"rendered":"https:\/\/www.erresse-shop.it\/?post_type=product&#038;p=225811"},"modified":"2022-12-30T07:33:58","modified_gmt":"2022-12-30T07:33:58","slug":"jura-machine-a-cafe-s8-piano-noir","status":"publish","type":"product","link":"https:\/\/www.erresse-shop.it\/fr\/shop\/petits-electromenagers\/machines-cafe\/automatique\/jura-machine-a-cafe-s8-piano-noir\/","title":{"rendered":"JURA Machine \u00e0 Caf\u00e9 S8 Piano Noir"},"content":{"rendered":"<p><strong>Un grand spectacle dans un design compact<\/strong><br \/>\nL&#8217;\u00e9l\u00e9gante ligne S, avec son design audacieux et sculptural, se distingue par sa qualit\u00e9 et sa pr\u00e9cision. Elle combine le meilleur de la classe compacte avec des \u00e9l\u00e9ments du segment premium.<br \/>\nLa grande vari\u00e9t\u00e9 de sp\u00e9cialit\u00e9s et leur excellence s\u00e9duisent m\u00eame les amateurs de L profond les plus exigeants. La philosophie de fonctionnement est caract\u00e9ris\u00e9e par la simplicit\u00e9 et l&#8217;intelligence.<br \/>\nLa ligne JURA S cr\u00e9e un nouveau segment dans les machines automatiques : le segment premium moyen.<\/p>\n<p><strong>Broyeur d&#8217;ar\u00f4mes professionnel<\/strong><br \/>\nLe Professional Aroma Grinder garantit 12,2%* d&#8217;ar\u00f4me en plus et une qualit\u00e9 de broyage \u00e9lev\u00e9e et inchang\u00e9e pendant toute la dur\u00e9e de vie de la machine.<br \/>\nSa g\u00e9om\u00e9trie perfectionn\u00e9e permet d&#8217;obtenir une courbe de broyage optimale.<br \/>\nCela signifie que le pourcentage plus \u00e9lev\u00e9 de particules fines permet \u00e0 l&#8217;ar\u00f4me de se d\u00e9ployer dans toute son intensit\u00e9.<\/p>\n<p>*Le moulin \u00e0 ar\u00f4me professionnel compar\u00e9 aux moulins \u00e0 caf\u00e9 conventionnels.<\/p>\n<p><strong>Des moments de plaisir vari\u00e9s<\/strong><br \/>\nAvec l&#8217;\u00e9l\u00e9gante S8, toute la gamme de sp\u00e9cialit\u00e9s est pr\u00e9par\u00e9e avec une excellente qualit\u00e9, de l&#8217;espresso au latte macchiato.<br \/>\nUne simple pression sur l&#8217;\u00e9cran tactile couleur et les 15 sp\u00e9cialit\u00e9s arrivent dans votre tasse gr\u00e2ce \u00e0 de nombreuses innovations remarquables.<br \/>\nLe moulin \u00e0 caf\u00e9 professionnel Aroma moud les grains encore plus pr\u00e9cis\u00e9ment, deux fois plus vite et en pr\u00e9servant l&#8217;ar\u00f4me.<br \/>\nLe proc\u00e9d\u00e9 d&#8217;extraction puls\u00e9e (P.E.P.\u00ae) optimise le temps d&#8217;extraction pour les sp\u00e9cialit\u00e9s courtes et garantit un ar\u00f4me in\u00e9gal\u00e9 m\u00eame pour l&#8217;espresso et le ristretto.<br \/>\nLa technologie de la micro-mousse permet de pr\u00e9parer des sp\u00e9cialit\u00e9s tendance avec du lait et de la mousse de lait.<\/p>\n<p><strong>Un confort d&#8217;utilisation qui red\u00e9finit une \u00e9poque<\/strong><br \/>\nLes commandes sont claires et confortables gr\u00e2ce \u00e0 l&#8217;\u00e9cran tactile couleur haute r\u00e9solution de 4,3&#8243; int\u00e9gr\u00e9 \u00e0 la machine \u00e0 caf\u00e9.<br \/>\nIl suffit d&#8217;effleurer l&#8217;\u00e9cran pour que votre sp\u00e9cialit\u00e9 pr\u00e9f\u00e9r\u00e9e arrive dans votre tasse.<br \/>\nLa philosophie d&#8217;utilisation innovante via le grand \u00e9cran s\u00e9duit par sa compr\u00e9hensibilit\u00e9 et s&#8217;adapte \u00e0 l&#8217;\u00e8re moderne.<br \/>\nDes instructions avec des graphiques et des animations rendent la navigation auto-explicative et montrent toutes les \u00e9tapes de la pr\u00e9paration.<br \/>\nVous allez donc directement au but. Les pr\u00e9f\u00e9rences individuelles peuvent \u00eatre programm\u00e9es en quelques \u00e9tapes seulement. Renommer, d\u00e9placer, copier, doubler : avec la S8, tout se fait en un instant.<\/p>\n<p><strong>Mousse de lait fantaisie<\/strong><br \/>\nLa pr\u00e9cision et la qualit\u00e9 jusque dans les moindres d\u00e9tails sont les caract\u00e9ristiques du design de JURA.<br \/>\nLa nouvelle buse \u00e0 micro-mousse S8 Professional est fabriqu\u00e9e \u00e0 partir de mat\u00e9riaux de haute qualit\u00e9 et allie l&#8217;esth\u00e9tique \u00e0 un toucher agr\u00e9able.<br \/>\nLa buse de moussage multifonctionnelle a \u00e9t\u00e9 sp\u00e9cialement con\u00e7ue pour la pr\u00e9paration de caf\u00e9s sp\u00e9ciaux avec du lait de haute qualit\u00e9 et de la mousse de lait, et pr\u00e9pare comme par magie un latte macchiato.<br \/>\net bien plus encore. Des graphiques et des animations modernes sur l&#8217;\u00e9cran rendent l&#8217;utilisation plus facile que jamais.<\/p>\n<p><strong>SP\u00c9CIFICATIONS TECHNIQUES :<\/strong><\/p>\n<ul>\n<li>Nombre de caf\u00e9s de sp\u00e9cialit\u00e9 : 15<\/li>\n<li>Contr\u00f4le actif des haricots<\/li>\n<li>Smart Connect<\/li>\n<li>Fonction One-Touch<\/li>\n<li>Groupe de brassage \u00e0 capacit\u00e9 variable<\/li>\n<li>Broyeur d&#8217;ar\u00f4mes professionnel<\/li>\n<li>Pompe de 15 bars<\/li>\n<li>Syst\u00e8me de chauffage Thermoblock<\/li>\n<li>Syst\u00e8me de lait \/ mousseur \u00e0 lait rempla\u00e7able<\/li>\n<li>Compartiment pour le caf\u00e9 moulu<\/li>\n<li>Couvercle de protection contre les ar\u00f4mes<\/li>\n<li>\u00c9cran couleur de 4,3 pouces avec technologie d&#8217;\u00e9cran tactile<\/li>\n<li>Insertion, multiplication et personnalisation des produits<\/li>\n<li>Quantit\u00e9 d&#8217;eau pour le caf\u00e9 programmable et personnalisable<\/li>\n<li>Intensit\u00e9 du caf\u00e9 programmable et personnalisable &#8211; 10 niveaux<\/li>\n<li>Quantit\u00e9 de lait\/mousse programmable<\/li>\n<li>Temp\u00e9rature d&#8217;infusion programmable &#8211; 3 niveaux<\/li>\n<li>Temp\u00e9rature de l&#8217;eau chaude programmable &#8211; 3 niveaux<\/li>\n<li>Mode d&#8217;\u00e9conomie d&#8217;\u00e9nergie<\/li>\n<li>Temps d&#8217;arr\u00eat programmable<\/li>\n<li>Distributeur de caf\u00e9 r\u00e9glable en hauteur et en largeur<\/li>\n<li>Distributeur de cappuccino r\u00e9glable en hauteur<\/li>\n<li>Distributeur d&#8217;eau chaude r\u00e9glable en hauteur<\/li>\n<li>Capacit\u00e9 du r\u00e9servoir d&#8217;eau &#8211; 1,9 l<\/li>\n<li>Capacit\u00e9 du r\u00e9cipient \u00e0 caf\u00e9 en grains &#8211; 280 gr<\/li>\n<li>Bac \u00e0 marc de caf\u00e9 &#8211; 20 portions<\/li>\n<li>Fabriqu\u00e9 en Suisse\n<div class=\"su-youtube su-u-responsive-media-yes\"><iframe loading=\"lazy\" width=\"200\" height=\"200\" src=\"https:\/\/www.youtube.com\/embed\/DqCY3_klo1Q?\" frameborder=\"0\" allowfullscreen allow=\"autoplay; encrypted-media; picture-in-picture\" title=\"\"><\/iframe><\/div><\/li>\n<\/ul>\n","protected":false},"excerpt":{"rendered":"<p>Un grand spectacle dans un design compact L&#8217;\u00e9l\u00e9gante ligne S, avec son design audacieux et sculptural, se distingue par sa<\/p>\n","protected":false},"featured_media":225950,"template":"","meta":{"_acf_changed":false,"inline_featured_image":false},"product_cat":[25360,12764,12449],"product_tag":[23563,20780,13254,23568,21778,21743],"acf":[],"yoast_head":"<!-- This site is optimized with the Yoast SEO Premium plugin v18.6 (Yoast SEO v19.13) - https:\/\/yoast.com\/wordpress\/plugins\/seo\/ -->\n<title>JURA Machine \u00e0 Caf\u00e9 S8 Piano Noir - Erresse Shop<\/title>\n<meta name=\"description\" content=\"Un grand spectacle dans un design compact L&#039;\u00e9l\u00e9gante ligne S, avec son design audacieux et sculptural, se distingue par sa qualit\u00e9 et sa pr\u00e9cision. Elle\" \/>\n<meta name=\"robots\" content=\"index, follow, max-snippet:-1, max-image-preview:large, max-video-preview:-1\" \/>\n<link rel=\"canonical\" href=\"https:\/\/www.erresse-shop.it\/fr\/shop\/petits-electromenagers\/machines-cafe\/automatique\/jura-machine-a-cafe-s8-piano-noir\/\" \/>\n<meta property=\"og:locale\" content=\"fr_FR\" \/>\n<meta property=\"og:type\" content=\"article\" \/>\n<meta property=\"og:title\" content=\"JURA Machine \u00e0 Caf\u00e9 S8 Piano Noir\" \/>\n<meta property=\"og:description\" content=\"Un grand spectacle dans un design compact L&#039;\u00e9l\u00e9gante ligne S, avec son design audacieux et sculptural, se distingue par sa qualit\u00e9 et sa pr\u00e9cision. Elle\" \/>\n<meta property=\"og:url\" content=\"https:\/\/www.erresse-shop.it\/fr\/shop\/petits-electromenagers\/machines-cafe\/automatique\/jura-machine-a-cafe-s8-piano-noir\/\" \/>\n<meta property=\"og:site_name\" content=\"Erresse Shop\" \/>\n<meta property=\"article:modified_time\" content=\"2022-12-30T07:33:58+00:00\" \/>\n<meta property=\"og:image\" content=\"https:\/\/www.erresse-shop.it\/wp-content\/uploads\/2022\/12\/JURA-Macchina-da-caffe-S8-Nero2.jpg\" \/>\n\t<meta property=\"og:image:width\" content=\"800\" \/>\n\t<meta property=\"og:image:height\" content=\"800\" \/>\n\t<meta property=\"og:image:type\" content=\"image\/jpeg\" \/>\n<meta name=\"twitter:card\" content=\"summary_large_image\" \/>\n<script type=\"application\/ld+json\" class=\"yoast-schema-graph\">{\"@context\":\"https:\/\/schema.org\",\"@graph\":[{\"@type\":\"WebPage\",\"@id\":\"https:\/\/www.erresse-shop.it\/fr\/shop\/petits-electromenagers\/machines-cafe\/automatique\/jura-machine-a-cafe-s8-piano-noir\/\",\"url\":\"https:\/\/www.erresse-shop.it\/fr\/shop\/petits-electromenagers\/machines-cafe\/automatique\/jura-machine-a-cafe-s8-piano-noir\/\",\"name\":\"JURA Machine \u00e0 Caf\u00e9 S8 Piano Noir - Erresse Shop\",\"isPartOf\":{\"@id\":\"https:\/\/www.erresse-shop.it\/fr\/#website\"},\"datePublished\":\"2022-12-29T13:38:17+00:00\",\"dateModified\":\"2022-12-30T07:33:58+00:00\",\"description\":\"Un grand spectacle dans un design compact L'\u00e9l\u00e9gante ligne S, avec son design audacieux et sculptural, se distingue par sa qualit\u00e9 et sa pr\u00e9cision. Elle\",\"breadcrumb\":{\"@id\":\"https:\/\/www.erresse-shop.it\/fr\/shop\/petits-electromenagers\/machines-cafe\/automatique\/jura-machine-a-cafe-s8-piano-noir\/#breadcrumb\"},\"inLanguage\":\"fr-FR\",\"potentialAction\":[{\"@type\":\"ReadAction\",\"target\":[\"https:\/\/www.erresse-shop.it\/fr\/shop\/petits-electromenagers\/machines-cafe\/automatique\/jura-machine-a-cafe-s8-piano-noir\/\"]}]},{\"@type\":\"BreadcrumbList\",\"@id\":\"https:\/\/www.erresse-shop.it\/fr\/shop\/petits-electromenagers\/machines-cafe\/automatique\/jura-machine-a-cafe-s8-piano-noir\/#breadcrumb\",\"itemListElement\":[{\"@type\":\"ListItem\",\"position\":1,\"name\":\"Home\",\"item\":\"https:\/\/www.erresse-shop.it\/fr\/\"},{\"@type\":\"ListItem\",\"position\":2,\"name\":\"Shop\",\"item\":\"https:\/\/www.erresse-shop.it\/fr\/shop\/\"},{\"@type\":\"ListItem\",\"position\":3,\"name\":\"JURA Machine \u00e0 Caf\u00e9 S8 Piano Noir\"}]},{\"@type\":\"WebSite\",\"@id\":\"https:\/\/www.erresse-shop.it\/fr\/#website\",\"url\":\"https:\/\/www.erresse-shop.it\/fr\/\",\"name\":\"Erresse Shop\",\"description\":\"Articoli di qualit\u00e0 per la casa\",\"potentialAction\":[{\"@type\":\"SearchAction\",\"target\":{\"@type\":\"EntryPoint\",\"urlTemplate\":\"https:\/\/www.erresse-shop.it\/fr\/?s={search_term_string}\"},\"query-input\":\"required name=search_term_string\"}],\"inLanguage\":\"fr-FR\"}]}<\/script>\n<!-- \/ Yoast SEO Premium plugin. -->","yoast_head_json":{"title":"JURA Machine \u00e0 Caf\u00e9 S8 Piano Noir - Erresse Shop","description":"Un grand spectacle dans un design compact L'\u00e9l\u00e9gante ligne S, avec son design audacieux et sculptural, se distingue par sa qualit\u00e9 et sa pr\u00e9cision. Elle","robots":{"index":"index","follow":"follow","max-snippet":"max-snippet:-1","max-image-preview":"max-image-preview:large","max-video-preview":"max-video-preview:-1"},"canonical":"https:\/\/www.erresse-shop.it\/fr\/shop\/petits-electromenagers\/machines-cafe\/automatique\/jura-machine-a-cafe-s8-piano-noir\/","og_locale":"fr_FR","og_type":"article","og_title":"JURA Machine \u00e0 Caf\u00e9 S8 Piano Noir","og_description":"Un grand spectacle dans un design compact L'\u00e9l\u00e9gante ligne S, avec son design audacieux et sculptural, se distingue par sa qualit\u00e9 et sa pr\u00e9cision. Elle","og_url":"https:\/\/www.erresse-shop.it\/fr\/shop\/petits-electromenagers\/machines-cafe\/automatique\/jura-machine-a-cafe-s8-piano-noir\/","og_site_name":"Erresse Shop","article_modified_time":"2022-12-30T07:33:58+00:00","og_image":[{"width":800,"height":800,"url":"https:\/\/www.erresse-shop.it\/wp-content\/uploads\/2022\/12\/JURA-Macchina-da-caffe-S8-Nero2.jpg","type":"image\/jpeg"}],"twitter_card":"summary_large_image","schema":{"@context":"https:\/\/schema.org","@graph":[{"@type":"WebPage","@id":"https:\/\/www.erresse-shop.it\/fr\/shop\/petits-electromenagers\/machines-cafe\/automatique\/jura-machine-a-cafe-s8-piano-noir\/","url":"https:\/\/www.erresse-shop.it\/fr\/shop\/petits-electromenagers\/machines-cafe\/automatique\/jura-machine-a-cafe-s8-piano-noir\/","name":"JURA Machine \u00e0 Caf\u00e9 S8 Piano Noir - Erresse Shop","isPartOf":{"@id":"https:\/\/www.erresse-shop.it\/fr\/#website"},"datePublished":"2022-12-29T13:38:17+00:00","dateModified":"2022-12-30T07:33:58+00:00","description":"Un grand spectacle dans un design compact L'\u00e9l\u00e9gante ligne S, avec son design audacieux et sculptural, se distingue par sa qualit\u00e9 et sa pr\u00e9cision. Elle","breadcrumb":{"@id":"https:\/\/www.erresse-shop.it\/fr\/shop\/petits-electromenagers\/machines-cafe\/automatique\/jura-machine-a-cafe-s8-piano-noir\/#breadcrumb"},"inLanguage":"fr-FR","potentialAction":[{"@type":"ReadAction","target":["https:\/\/www.erresse-shop.it\/fr\/shop\/petits-electromenagers\/machines-cafe\/automatique\/jura-machine-a-cafe-s8-piano-noir\/"]}]},{"@type":"BreadcrumbList","@id":"https:\/\/www.erresse-shop.it\/fr\/shop\/petits-electromenagers\/machines-cafe\/automatique\/jura-machine-a-cafe-s8-piano-noir\/#breadcrumb","itemListElement":[{"@type":"ListItem","position":1,"name":"Home","item":"https:\/\/www.erresse-shop.it\/fr\/"},{"@type":"ListItem","position":2,"name":"Shop","item":"https:\/\/www.erresse-shop.it\/fr\/shop\/"},{"@type":"ListItem","position":3,"name":"JURA Machine \u00e0 Caf\u00e9 S8 Piano Noir"}]},{"@type":"WebSite","@id":"https:\/\/www.erresse-shop.it\/fr\/#website","url":"https:\/\/www.erresse-shop.it\/fr\/","name":"Erresse Shop","description":"Articoli di qualit\u00e0 per la casa","potentialAction":[{"@type":"SearchAction","target":{"@type":"EntryPoint","urlTemplate":"https:\/\/www.erresse-shop.it\/fr\/?s={search_term_string}"},"query-input":"required name=search_term_string"}],"inLanguage":"fr-FR"}]}},"df_price":1349.95,"df_sale_price":1349.95,"df_regular_price":1899,"df_image_link":"https:\/\/www.erresse-shop.it\/wp-content\/uploads\/2022\/12\/JURA-Macchina-da-caffe-S8-Nero2-300x300.jpg","_links":{"self":[{"href":"https:\/\/www.erresse-shop.it\/fr\/wp-json\/wp\/v2\/product\/225811"}],"collection":[{"href":"https:\/\/www.erresse-shop.it\/fr\/wp-json\/wp\/v2\/product"}],"about":[{"href":"https:\/\/www.erresse-shop.it\/fr\/wp-json\/wp\/v2\/types\/product"}],"wp:featuredmedia":[{"embeddable":true,"href":"https:\/\/www.erresse-shop.it\/fr\/wp-json\/wp\/v2\/media\/225950"}],"wp:attachment":[{"href":"https:\/\/www.erresse-shop.it\/fr\/wp-json\/wp\/v2\/media?parent=225811"}],"wp:term":[{"taxonomy":"product_cat","embeddable":true,"href":"https:\/\/www.erresse-shop.it\/fr\/wp-json\/wp\/v2\/product_cat?post=225811"},{"taxonomy":"product_tag","embeddable":true,"href":"https:\/\/www.erresse-shop.it\/fr\/wp-json\/wp\/v2\/product_tag?post=225811"}],"curies":[{"name":"wp","href":"https:\/\/api.w.org\/{rel}","templated":true}]}}