{"id":223457,"date":"2022-12-21T13:12:06","date_gmt":"2022-12-21T13:12:13","guid":{"rendered":"https:\/\/www.erresse-shop.it\/?post_type=product&#038;p=223457"},"modified":"2023-06-19T06:20:36","modified_gmt":"2023-06-19T06:20:36","slug":"venini-lampe-de-table-fantasmino-orange","status":"publish","type":"product","link":"https:\/\/www.erresse-shop.it\/fr\/shop\/ameublement-maison\/lampes\/venini-lampe-de-table-fantasmino-orange\/","title":{"rendered":"VENINI Lampe de table Fantasmino Orange"},"content":{"rendered":"<p><strong>CENT ANS D&#8217;ART, DE BEAUT\u00c9 ET DE MADE IN ITALY<\/strong><\/p>\n<p>La silhouette rappelle le vase iconique Fazzoletto de VENINI, con\u00e7u en 1948, mais son utilisation portable lui conf\u00e8re une touche contemporaine. Disponible dans les cinq couleurs tendance Rosso, Arancio, Ambra, Acquamare et Lattimo, toutes en verre opalin, il devient une pr\u00e9sence domestique amusante et surprenante.<\/p>\n<p>Cette lampe d&#8217;art Venini est fabriqu\u00e9e selon la technique de travail : Opalini. La technique de traitement du verre Opalino consiste \u00e0 ajouter des substances opacifiantes au verre &#8220;Lattimo&#8221; (une couleur particuli\u00e8re de blanc) pendant le p\u00e9trissage, afin qu&#8217;il prenne une couleur vive et brillante.<\/p>\n<p>Cette \u0153uvre fait partie de la collection Architetture di Luce (Architectures de lumi\u00e8re), qui pr\u00e9sente des lampes et des lustres con\u00e7us pour \u00e9clairer aussi bien lorsqu&#8217;ils sont allum\u00e9s qu&#8217;\u00e9teints. En tant que tels, ils conviennent pour embellir n&#8217;importe quel environnement, notamment l&#8217;int\u00e9rieur d&#8217;une maison ou d&#8217;un bureau moderne. Il s&#8217;agit d&#8217;une proposition amusante et color\u00e9e qui peut \u00eatre transport\u00e9e gr\u00e2ce \u00e0 la solution d&#8217;\u00e9clairage innovante avec des batteries rechargeables.<\/p>\n<ul>\n<li>Mod\u00e8le : Fantasmino<\/li>\n<li>Collection : Architectures de la lumi\u00e8re<\/li>\n<li>Dimensions Structure : \u00d8 cm 14 H cm 18<\/li>\n<\/ul>\n<p><strong>FANTASMINO<\/strong><br \/>\n<strong>design by Venini &#8211; 2022<\/strong><\/p>\n<div class=\"su-youtube su-u-responsive-media-yes\"><iframe loading=\"lazy\" width=\"200\" height=\"200\" src=\"https:\/\/www.youtube.com\/embed\/VaQdiOVv0rk?\" frameborder=\"0\" allowfullscreen allow=\"autoplay; encrypted-media; picture-in-picture\" title=\"\"><\/iframe><\/div>\n","protected":false},"excerpt":{"rendered":"<p>CENT ANS D&#8217;ART, DE BEAUT\u00c9 ET DE MADE IN ITALY La silhouette rappelle le vase iconique Fazzoletto de VENINI, con\u00e7u<\/p>\n","protected":false},"featured_media":232593,"template":"","meta":{"_acf_changed":false,"inline_featured_image":false},"product_cat":[12738,12741],"product_tag":[14413,17762,17472,12793,24680,12856,17473],"acf":[],"yoast_head":"<!-- This site is optimized with the Yoast SEO Premium plugin v18.6 (Yoast SEO v19.13) - https:\/\/yoast.com\/wordpress\/plugins\/seo\/ -->\n<title>VENINI Lampe de table Fantasmino Orange - Erresse Shop<\/title>\n<meta name=\"description\" content=\"CENT ANS D&#039;ART, DE BEAUT\u00c9 ET DE MADE IN ITALY La silhouette rappelle le vase iconique Fazzoletto de VENINI, con\u00e7u en 1948, mais son utilisation portable\" \/>\n<meta name=\"robots\" content=\"index, follow, max-snippet:-1, max-image-preview:large, max-video-preview:-1\" \/>\n<link rel=\"canonical\" href=\"https:\/\/www.erresse-shop.it\/fr\/shop\/ameublement-maison\/lampes\/venini-lampe-de-table-fantasmino-orange\/\" \/>\n<meta property=\"og:locale\" content=\"fr_FR\" \/>\n<meta property=\"og:type\" content=\"article\" \/>\n<meta property=\"og:title\" content=\"VENINI Lampe de table Fantasmino Orange\" \/>\n<meta property=\"og:description\" content=\"CENT ANS D&#039;ART, DE BEAUT\u00c9 ET DE MADE IN ITALY La silhouette rappelle le vase iconique Fazzoletto de VENINI, con\u00e7u en 1948, mais son utilisation portable\" \/>\n<meta property=\"og:url\" content=\"https:\/\/www.erresse-shop.it\/fr\/shop\/ameublement-maison\/lampes\/venini-lampe-de-table-fantasmino-orange\/\" \/>\n<meta property=\"og:site_name\" content=\"Erresse Shop\" \/>\n<meta property=\"article:modified_time\" content=\"2023-06-19T06:20:36+00:00\" \/>\n<meta property=\"og:image\" content=\"https:\/\/www.erresse-shop.it\/wp-content\/uploads\/2022\/12\/VENINI-Lampada-da-Tavolo-Fantasmino-Arancione.jpeg\" \/>\n\t<meta property=\"og:image:width\" content=\"800\" \/>\n\t<meta property=\"og:image:height\" content=\"800\" \/>\n\t<meta property=\"og:image:type\" content=\"image\/jpeg\" \/>\n<meta name=\"twitter:card\" content=\"summary_large_image\" \/>\n<script type=\"application\/ld+json\" class=\"yoast-schema-graph\">{\"@context\":\"https:\/\/schema.org\",\"@graph\":[{\"@type\":\"WebPage\",\"@id\":\"https:\/\/www.erresse-shop.it\/fr\/shop\/ameublement-maison\/lampes\/venini-lampe-de-table-fantasmino-orange\/\",\"url\":\"https:\/\/www.erresse-shop.it\/fr\/shop\/ameublement-maison\/lampes\/venini-lampe-de-table-fantasmino-orange\/\",\"name\":\"VENINI Lampe de table Fantasmino Orange - Erresse Shop\",\"isPartOf\":{\"@id\":\"https:\/\/www.erresse-shop.it\/fr\/#website\"},\"datePublished\":\"2022-12-21T13:12:13+00:00\",\"dateModified\":\"2023-06-19T06:20:36+00:00\",\"description\":\"CENT ANS D'ART, DE BEAUT\u00c9 ET DE MADE IN ITALY La silhouette rappelle le vase iconique Fazzoletto de VENINI, con\u00e7u en 1948, mais son utilisation portable\",\"breadcrumb\":{\"@id\":\"https:\/\/www.erresse-shop.it\/fr\/shop\/ameublement-maison\/lampes\/venini-lampe-de-table-fantasmino-orange\/#breadcrumb\"},\"inLanguage\":\"fr-FR\",\"potentialAction\":[{\"@type\":\"ReadAction\",\"target\":[\"https:\/\/www.erresse-shop.it\/fr\/shop\/ameublement-maison\/lampes\/venini-lampe-de-table-fantasmino-orange\/\"]}]},{\"@type\":\"BreadcrumbList\",\"@id\":\"https:\/\/www.erresse-shop.it\/fr\/shop\/ameublement-maison\/lampes\/venini-lampe-de-table-fantasmino-orange\/#breadcrumb\",\"itemListElement\":[{\"@type\":\"ListItem\",\"position\":1,\"name\":\"Home\",\"item\":\"https:\/\/www.erresse-shop.it\/fr\/\"},{\"@type\":\"ListItem\",\"position\":2,\"name\":\"Shop\",\"item\":\"https:\/\/www.erresse-shop.it\/fr\/shop\/\"},{\"@type\":\"ListItem\",\"position\":3,\"name\":\"VENINI Lampe de table Fantasmino Orange\"}]},{\"@type\":\"WebSite\",\"@id\":\"https:\/\/www.erresse-shop.it\/fr\/#website\",\"url\":\"https:\/\/www.erresse-shop.it\/fr\/\",\"name\":\"Erresse Shop\",\"description\":\"Articoli di qualit\u00e0 per la casa\",\"potentialAction\":[{\"@type\":\"SearchAction\",\"target\":{\"@type\":\"EntryPoint\",\"urlTemplate\":\"https:\/\/www.erresse-shop.it\/fr\/?s={search_term_string}\"},\"query-input\":\"required name=search_term_string\"}],\"inLanguage\":\"fr-FR\"}]}<\/script>\n<!-- \/ Yoast SEO Premium plugin. -->","yoast_head_json":{"title":"VENINI Lampe de table Fantasmino Orange - Erresse Shop","description":"CENT ANS D'ART, DE BEAUT\u00c9 ET DE MADE IN ITALY La silhouette rappelle le vase iconique Fazzoletto de VENINI, con\u00e7u en 1948, mais son utilisation portable","robots":{"index":"index","follow":"follow","max-snippet":"max-snippet:-1","max-image-preview":"max-image-preview:large","max-video-preview":"max-video-preview:-1"},"canonical":"https:\/\/www.erresse-shop.it\/fr\/shop\/ameublement-maison\/lampes\/venini-lampe-de-table-fantasmino-orange\/","og_locale":"fr_FR","og_type":"article","og_title":"VENINI Lampe de table Fantasmino Orange","og_description":"CENT ANS D'ART, DE BEAUT\u00c9 ET DE MADE IN ITALY La silhouette rappelle le vase iconique Fazzoletto de VENINI, con\u00e7u en 1948, mais son utilisation portable","og_url":"https:\/\/www.erresse-shop.it\/fr\/shop\/ameublement-maison\/lampes\/venini-lampe-de-table-fantasmino-orange\/","og_site_name":"Erresse Shop","article_modified_time":"2023-06-19T06:20:36+00:00","og_image":[{"width":800,"height":800,"url":"https:\/\/www.erresse-shop.it\/wp-content\/uploads\/2022\/12\/VENINI-Lampada-da-Tavolo-Fantasmino-Arancione.jpeg","type":"image\/jpeg"}],"twitter_card":"summary_large_image","schema":{"@context":"https:\/\/schema.org","@graph":[{"@type":"WebPage","@id":"https:\/\/www.erresse-shop.it\/fr\/shop\/ameublement-maison\/lampes\/venini-lampe-de-table-fantasmino-orange\/","url":"https:\/\/www.erresse-shop.it\/fr\/shop\/ameublement-maison\/lampes\/venini-lampe-de-table-fantasmino-orange\/","name":"VENINI Lampe de table Fantasmino Orange - Erresse Shop","isPartOf":{"@id":"https:\/\/www.erresse-shop.it\/fr\/#website"},"datePublished":"2022-12-21T13:12:13+00:00","dateModified":"2023-06-19T06:20:36+00:00","description":"CENT ANS D'ART, DE BEAUT\u00c9 ET DE MADE IN ITALY La silhouette rappelle le vase iconique Fazzoletto de VENINI, con\u00e7u en 1948, mais son utilisation portable","breadcrumb":{"@id":"https:\/\/www.erresse-shop.it\/fr\/shop\/ameublement-maison\/lampes\/venini-lampe-de-table-fantasmino-orange\/#breadcrumb"},"inLanguage":"fr-FR","potentialAction":[{"@type":"ReadAction","target":["https:\/\/www.erresse-shop.it\/fr\/shop\/ameublement-maison\/lampes\/venini-lampe-de-table-fantasmino-orange\/"]}]},{"@type":"BreadcrumbList","@id":"https:\/\/www.erresse-shop.it\/fr\/shop\/ameublement-maison\/lampes\/venini-lampe-de-table-fantasmino-orange\/#breadcrumb","itemListElement":[{"@type":"ListItem","position":1,"name":"Home","item":"https:\/\/www.erresse-shop.it\/fr\/"},{"@type":"ListItem","position":2,"name":"Shop","item":"https:\/\/www.erresse-shop.it\/fr\/shop\/"},{"@type":"ListItem","position":3,"name":"VENINI Lampe de table Fantasmino Orange"}]},{"@type":"WebSite","@id":"https:\/\/www.erresse-shop.it\/fr\/#website","url":"https:\/\/www.erresse-shop.it\/fr\/","name":"Erresse Shop","description":"Articoli di qualit\u00e0 per la casa","potentialAction":[{"@type":"SearchAction","target":{"@type":"EntryPoint","urlTemplate":"https:\/\/www.erresse-shop.it\/fr\/?s={search_term_string}"},"query-input":"required name=search_term_string"}],"inLanguage":"fr-FR"}]}},"df_price":306.8,"df_sale_price":306.8,"df_regular_price":590,"df_image_link":"https:\/\/www.erresse-shop.it\/wp-content\/uploads\/2022\/12\/VENINI-Lampada-da-Tavolo-Fantasmino-Arancione-300x300.jpeg","_links":{"self":[{"href":"https:\/\/www.erresse-shop.it\/fr\/wp-json\/wp\/v2\/product\/223457"}],"collection":[{"href":"https:\/\/www.erresse-shop.it\/fr\/wp-json\/wp\/v2\/product"}],"about":[{"href":"https:\/\/www.erresse-shop.it\/fr\/wp-json\/wp\/v2\/types\/product"}],"wp:featuredmedia":[{"embeddable":true,"href":"https:\/\/www.erresse-shop.it\/fr\/wp-json\/wp\/v2\/media\/232593"}],"wp:attachment":[{"href":"https:\/\/www.erresse-shop.it\/fr\/wp-json\/wp\/v2\/media?parent=223457"}],"wp:term":[{"taxonomy":"product_cat","embeddable":true,"href":"https:\/\/www.erresse-shop.it\/fr\/wp-json\/wp\/v2\/product_cat?post=223457"},{"taxonomy":"product_tag","embeddable":true,"href":"https:\/\/www.erresse-shop.it\/fr\/wp-json\/wp\/v2\/product_tag?post=223457"}],"curies":[{"name":"wp","href":"https:\/\/api.w.org\/{rel}","templated":true}]}}