{"id":222857,"date":"2022-12-20T14:26:23","date_gmt":"2022-12-20T14:26:27","guid":{"rendered":"https:\/\/www.erresse-shop.it\/?post_type=product&#038;p=222857"},"modified":"2022-12-21T10:33:42","modified_gmt":"2022-12-21T10:33:42","slug":"le-creuset-marmitte-22-cm-noir","status":"publish","type":"product","link":"https:\/\/www.erresse-shop.it\/fr\/shop\/poeles-pots\/marmites-et-cocottes-poeles-pots\/le-creuset-marmitte-22-cm-noir\/","title":{"rendered":"LE CREUSET Marmitte 22 cm Noir"},"content":{"rendered":"<p>Faites mijoter votre rago\u00fbt pr\u00e9f\u00e9r\u00e9 sur la cuisini\u00e8re ou laissez-le mijoter au four, en laissant toutes ces d\u00e9licieuses saveurs s&#8217;approfondir et se m\u00e9langer.<br \/>\nAvec ses c\u00f4t\u00e9s inclin\u00e9s, son couvercle bomb\u00e9 et sa r\u00e9tention uniforme de la chaleur, cette marmite ronde en fonte rend les repas en casserole encore plus satisfaisants \u00e0 cuisiner.<\/p>\n<p>Restez calme : notre bouton r\u00e9sistant \u00e0 la chaleur (jusqu&#8217;\u00e0 260\u00b0C) est con\u00e7u pour une meilleure prise en main, m\u00eame lorsque vous utilisez des gants de cuisine pour soulever le couvercle.<br \/>\nNettoyage rapide : l&#8217;int\u00e9rieur \u00e9maill\u00e9 transparent facilite le nettoyage.<br \/>\nDes poign\u00e9es de r\u00eave : gr\u00e2ce \u00e0 nos grandes poign\u00e9es, vous pouvez facilement passer de la plaque de cuisson au four et \u00e0 la table, m\u00eame en portant des gants de cuisine.<br \/>\nUn v\u00e9ritable bourreau de travail : il convient pour le four, la plaque de cuisson, l&#8217;induction ou le gril.<br \/>\nDes aliments d\u00e9licieux \u00e0 d\u00e9guster : la structure en fonte retient la chaleur pour une cuisson et un brunissage uniformes. Vos d\u00e9licieuses cr\u00e9ations resteront chaudes encore plus longtemps \u00e0 table.<br \/>\nConservez l&#8217;humidit\u00e9 : notre couvercle herm\u00e9tique permet d&#8217;augmenter l&#8217;humidit\u00e9 et d&#8217;am\u00e9liorer la saveur, pour des aliments parfaitement cuits.<br \/>\nPrise en main facile : ses poign\u00e9es \u00e9l\u00e9gantes et confortables permettent de le soulever en toute s\u00e9curit\u00e9.<br \/>\nLe meilleur de sa cat\u00e9gorie : nos produits sont fabriqu\u00e9s \u00e0 partir des meilleurs mat\u00e9riaux dans des installations du monde entier, garantissant ainsi la qualit\u00e9 que vous attendez de Le Creuset.<\/p>\n<p>Mat\u00e9riau : fonte vitrifi\u00e9e<br \/>\nFabriqu\u00e9 en : France<br \/>\nGarantie : \u00e0 vie<\/p>\n<p><strong>Source de chaleur:<\/strong><\/p>\n<ul>\n<li>Four<\/li>\n<li>Mode gril du four<\/li>\n<li>Table de cuisson \u00e9lectrique<\/li>\n<li>Verre c\u00e9ramique<\/li>\n<li>Table de cuisson \u00e0 gaz<\/li>\n<\/ul>\n<p style=\"text-align: left;\">Plaque \u00e0 induction<\/p>\n<p><strong>Nettoyage et entretien:<\/strong><\/p>\n<ul>\n<li>Attendez que le produit refroidisse avant de commencer \u00e0 le nettoyer.<\/li>\n<li>Nettoyez les restes de la base et des c\u00f4t\u00e9s du produit. Si des aliments y sont coll\u00e9s, remplissez le produit d&#8217;eau chaude savonneuse et laissez-le tremper pendant 15 \u00e0 20 minutes avant de le laver comme d&#8217;habitude.<\/li>\n<li>N&#8217;utilisez pas de nettoyants abrasifs ni d&#8217;\u00e9ponges ou de brosses m\u00e9talliques tr\u00e8s rigides sur aucune des surfaces.<\/li>\n<li>Bien s\u00e9cher apr\u00e8s le lavage et conserver dans un endroit sec.<\/li>\n<\/ul>\n<div class=\"su-youtube su-u-responsive-media-yes\"><iframe loading=\"lazy\" width=\"500\" height=\"200\" src=\"https:\/\/www.youtube.com\/embed\/YoiKOay1xos?\" frameborder=\"0\" allowfullscreen allow=\"autoplay; encrypted-media; picture-in-picture\" title=\"\"><\/iframe><\/div>\n","protected":false},"excerpt":{"rendered":"<p>Faites mijoter votre rago\u00fbt pr\u00e9f\u00e9r\u00e9 sur la cuisini\u00e8re ou laissez-le mijoter au four, en laissant toutes ces d\u00e9licieuses saveurs s&#8217;approfondir<\/p>\n","protected":false},"featured_media":223188,"template":"","meta":{"_acf_changed":false,"inline_featured_image":false},"product_cat":[12458,14792],"product_tag":[25086,25021,14826,12460,12461,13711,12468,12469],"acf":[],"yoast_head":"<!-- This site is optimized with the Yoast SEO Premium plugin v18.6 (Yoast SEO v19.13) - https:\/\/yoast.com\/wordpress\/plugins\/seo\/ -->\n<title>LE CREUSET Marmitte 22 cm Noir - Erresse Shop<\/title>\n<meta name=\"description\" content=\"Faites mijoter votre rago\u00fbt pr\u00e9f\u00e9r\u00e9 sur la cuisini\u00e8re ou laissez-le mijoter au four, en laissant toutes ces d\u00e9licieuses saveurs s&#039;approfondir et se\" \/>\n<meta name=\"robots\" content=\"index, follow, max-snippet:-1, max-image-preview:large, max-video-preview:-1\" \/>\n<link rel=\"canonical\" href=\"https:\/\/www.erresse-shop.it\/fr\/shop\/poeles-pots\/marmites-et-cocottes-poeles-pots\/le-creuset-marmitte-22-cm-noir\/\" \/>\n<meta property=\"og:locale\" content=\"fr_FR\" \/>\n<meta property=\"og:type\" content=\"article\" \/>\n<meta property=\"og:title\" content=\"LE CREUSET Marmitte 22 cm Noir\" \/>\n<meta property=\"og:description\" content=\"Faites mijoter votre rago\u00fbt pr\u00e9f\u00e9r\u00e9 sur la cuisini\u00e8re ou laissez-le mijoter au four, en laissant toutes ces d\u00e9licieuses saveurs s&#039;approfondir et se\" \/>\n<meta property=\"og:url\" content=\"https:\/\/www.erresse-shop.it\/fr\/shop\/poeles-pots\/marmites-et-cocottes-poeles-pots\/le-creuset-marmitte-22-cm-noir\/\" \/>\n<meta property=\"og:site_name\" content=\"Erresse Shop\" \/>\n<meta property=\"article:modified_time\" content=\"2022-12-21T10:33:42+00:00\" \/>\n<meta property=\"og:image\" content=\"https:\/\/www.erresse-shop.it\/wp-content\/uploads\/2022\/12\/Le-Creuset-Marmitta-Nero-26-cm4.jpg\" \/>\n\t<meta property=\"og:image:width\" content=\"800\" \/>\n\t<meta property=\"og:image:height\" content=\"800\" \/>\n\t<meta property=\"og:image:type\" content=\"image\/jpeg\" \/>\n<meta name=\"twitter:card\" content=\"summary_large_image\" \/>\n<script type=\"application\/ld+json\" class=\"yoast-schema-graph\">{\"@context\":\"https:\/\/schema.org\",\"@graph\":[{\"@type\":\"WebPage\",\"@id\":\"https:\/\/www.erresse-shop.it\/fr\/shop\/poeles-pots\/marmites-et-cocottes-poeles-pots\/le-creuset-marmitte-22-cm-noir\/\",\"url\":\"https:\/\/www.erresse-shop.it\/fr\/shop\/poeles-pots\/marmites-et-cocottes-poeles-pots\/le-creuset-marmitte-22-cm-noir\/\",\"name\":\"LE CREUSET Marmitte 22 cm Noir - Erresse Shop\",\"isPartOf\":{\"@id\":\"https:\/\/www.erresse-shop.it\/fr\/#website\"},\"datePublished\":\"2022-12-20T14:26:27+00:00\",\"dateModified\":\"2022-12-21T10:33:42+00:00\",\"description\":\"Faites mijoter votre rago\u00fbt pr\u00e9f\u00e9r\u00e9 sur la cuisini\u00e8re ou laissez-le mijoter au four, en laissant toutes ces d\u00e9licieuses saveurs s'approfondir et se\",\"breadcrumb\":{\"@id\":\"https:\/\/www.erresse-shop.it\/fr\/shop\/poeles-pots\/marmites-et-cocottes-poeles-pots\/le-creuset-marmitte-22-cm-noir\/#breadcrumb\"},\"inLanguage\":\"fr-FR\",\"potentialAction\":[{\"@type\":\"ReadAction\",\"target\":[\"https:\/\/www.erresse-shop.it\/fr\/shop\/poeles-pots\/marmites-et-cocottes-poeles-pots\/le-creuset-marmitte-22-cm-noir\/\"]}]},{\"@type\":\"BreadcrumbList\",\"@id\":\"https:\/\/www.erresse-shop.it\/fr\/shop\/poeles-pots\/marmites-et-cocottes-poeles-pots\/le-creuset-marmitte-22-cm-noir\/#breadcrumb\",\"itemListElement\":[{\"@type\":\"ListItem\",\"position\":1,\"name\":\"Home\",\"item\":\"https:\/\/www.erresse-shop.it\/fr\/\"},{\"@type\":\"ListItem\",\"position\":2,\"name\":\"Shop\",\"item\":\"https:\/\/www.erresse-shop.it\/fr\/shop\/\"},{\"@type\":\"ListItem\",\"position\":3,\"name\":\"LE CREUSET Marmitte 22 cm Noir\"}]},{\"@type\":\"WebSite\",\"@id\":\"https:\/\/www.erresse-shop.it\/fr\/#website\",\"url\":\"https:\/\/www.erresse-shop.it\/fr\/\",\"name\":\"Erresse Shop\",\"description\":\"Articoli di qualit\u00e0 per la casa\",\"potentialAction\":[{\"@type\":\"SearchAction\",\"target\":{\"@type\":\"EntryPoint\",\"urlTemplate\":\"https:\/\/www.erresse-shop.it\/fr\/?s={search_term_string}\"},\"query-input\":\"required name=search_term_string\"}],\"inLanguage\":\"fr-FR\"}]}<\/script>\n<!-- \/ Yoast SEO Premium plugin. -->","yoast_head_json":{"title":"LE CREUSET Marmitte 22 cm Noir - Erresse Shop","description":"Faites mijoter votre rago\u00fbt pr\u00e9f\u00e9r\u00e9 sur la cuisini\u00e8re ou laissez-le mijoter au four, en laissant toutes ces d\u00e9licieuses saveurs s'approfondir et se","robots":{"index":"index","follow":"follow","max-snippet":"max-snippet:-1","max-image-preview":"max-image-preview:large","max-video-preview":"max-video-preview:-1"},"canonical":"https:\/\/www.erresse-shop.it\/fr\/shop\/poeles-pots\/marmites-et-cocottes-poeles-pots\/le-creuset-marmitte-22-cm-noir\/","og_locale":"fr_FR","og_type":"article","og_title":"LE CREUSET Marmitte 22 cm Noir","og_description":"Faites mijoter votre rago\u00fbt pr\u00e9f\u00e9r\u00e9 sur la cuisini\u00e8re ou laissez-le mijoter au four, en laissant toutes ces d\u00e9licieuses saveurs s'approfondir et se","og_url":"https:\/\/www.erresse-shop.it\/fr\/shop\/poeles-pots\/marmites-et-cocottes-poeles-pots\/le-creuset-marmitte-22-cm-noir\/","og_site_name":"Erresse Shop","article_modified_time":"2022-12-21T10:33:42+00:00","og_image":[{"width":800,"height":800,"url":"https:\/\/www.erresse-shop.it\/wp-content\/uploads\/2022\/12\/Le-Creuset-Marmitta-Nero-26-cm4.jpg","type":"image\/jpeg"}],"twitter_card":"summary_large_image","schema":{"@context":"https:\/\/schema.org","@graph":[{"@type":"WebPage","@id":"https:\/\/www.erresse-shop.it\/fr\/shop\/poeles-pots\/marmites-et-cocottes-poeles-pots\/le-creuset-marmitte-22-cm-noir\/","url":"https:\/\/www.erresse-shop.it\/fr\/shop\/poeles-pots\/marmites-et-cocottes-poeles-pots\/le-creuset-marmitte-22-cm-noir\/","name":"LE CREUSET Marmitte 22 cm Noir - Erresse Shop","isPartOf":{"@id":"https:\/\/www.erresse-shop.it\/fr\/#website"},"datePublished":"2022-12-20T14:26:27+00:00","dateModified":"2022-12-21T10:33:42+00:00","description":"Faites mijoter votre rago\u00fbt pr\u00e9f\u00e9r\u00e9 sur la cuisini\u00e8re ou laissez-le mijoter au four, en laissant toutes ces d\u00e9licieuses saveurs s'approfondir et se","breadcrumb":{"@id":"https:\/\/www.erresse-shop.it\/fr\/shop\/poeles-pots\/marmites-et-cocottes-poeles-pots\/le-creuset-marmitte-22-cm-noir\/#breadcrumb"},"inLanguage":"fr-FR","potentialAction":[{"@type":"ReadAction","target":["https:\/\/www.erresse-shop.it\/fr\/shop\/poeles-pots\/marmites-et-cocottes-poeles-pots\/le-creuset-marmitte-22-cm-noir\/"]}]},{"@type":"BreadcrumbList","@id":"https:\/\/www.erresse-shop.it\/fr\/shop\/poeles-pots\/marmites-et-cocottes-poeles-pots\/le-creuset-marmitte-22-cm-noir\/#breadcrumb","itemListElement":[{"@type":"ListItem","position":1,"name":"Home","item":"https:\/\/www.erresse-shop.it\/fr\/"},{"@type":"ListItem","position":2,"name":"Shop","item":"https:\/\/www.erresse-shop.it\/fr\/shop\/"},{"@type":"ListItem","position":3,"name":"LE CREUSET Marmitte 22 cm Noir"}]},{"@type":"WebSite","@id":"https:\/\/www.erresse-shop.it\/fr\/#website","url":"https:\/\/www.erresse-shop.it\/fr\/","name":"Erresse Shop","description":"Articoli di qualit\u00e0 per la casa","potentialAction":[{"@type":"SearchAction","target":{"@type":"EntryPoint","urlTemplate":"https:\/\/www.erresse-shop.it\/fr\/?s={search_term_string}"},"query-input":"required name=search_term_string"}],"inLanguage":"fr-FR"}]}},"df_price":156.95,"df_sale_price":156.95,"df_regular_price":299,"df_image_link":"https:\/\/www.erresse-shop.it\/wp-content\/uploads\/2022\/12\/Le-Creuset-Marmitta-Nero-26-cm4-300x300.jpg","_links":{"self":[{"href":"https:\/\/www.erresse-shop.it\/fr\/wp-json\/wp\/v2\/product\/222857"}],"collection":[{"href":"https:\/\/www.erresse-shop.it\/fr\/wp-json\/wp\/v2\/product"}],"about":[{"href":"https:\/\/www.erresse-shop.it\/fr\/wp-json\/wp\/v2\/types\/product"}],"wp:featuredmedia":[{"embeddable":true,"href":"https:\/\/www.erresse-shop.it\/fr\/wp-json\/wp\/v2\/media\/223188"}],"wp:attachment":[{"href":"https:\/\/www.erresse-shop.it\/fr\/wp-json\/wp\/v2\/media?parent=222857"}],"wp:term":[{"taxonomy":"product_cat","embeddable":true,"href":"https:\/\/www.erresse-shop.it\/fr\/wp-json\/wp\/v2\/product_cat?post=222857"},{"taxonomy":"product_tag","embeddable":true,"href":"https:\/\/www.erresse-shop.it\/fr\/wp-json\/wp\/v2\/product_tag?post=222857"}],"curies":[{"name":"wp","href":"https:\/\/api.w.org\/{rel}","templated":true}]}}