{"id":222590,"date":"2022-12-19T15:43:11","date_gmt":"2022-12-19T15:43:15","guid":{"rendered":"https:\/\/www.erresse-shop.it\/?post_type=product&#038;p=222590"},"modified":"2023-12-01T18:27:36","modified_gmt":"2023-12-01T18:27:36","slug":"le-creuset-pot-a-risotto-ovale-en-fonte-27-cm-orange","status":"publish","type":"product","link":"https:\/\/www.erresse-shop.it\/fr\/shop\/poeles-pots\/sauteuses-et-faitout\/le-creuset-pot-a-risotto-ovale-en-fonte-27-cm-orange\/","title":{"rendered":"LE CREUSET Pot \u00e0 risotto ovale en fonte 27 cm Orange"},"content":{"rendered":"<p>Ador\u00e9e par les chefs du monde entier, notre cocotte \u00e0 risotto est id\u00e9ale pour cuisiner des risottos parfaitement saut\u00e9s, mais aussi pour pr\u00e9parer de nombreuses autres recettes, des r\u00f4tis et soupes aux pains et g\u00e2teaux. Fabriqu\u00e9 en fonte vitrifi\u00e9e et dot\u00e9 d&#8217;une \u00e9l\u00e9gante forme ovale, il ajoutera une touche de classe \u00e0 votre cuisine.<\/p>\n<p><strong>D\u00e9tails<\/strong><br \/>\nNettoyage rapide : une fine couche int\u00e9rieure vitrifi\u00e9e facilite le nettoyage.<\/p>\n<p>Des poign\u00e9es de r\u00eave : gr\u00e2ce \u00e0 nos grandes poign\u00e9es, vous pouvez passer facilement de la table de cuisson \u00e0 la table, m\u00eame en utilisant des gants de cuisine.<\/p>\n<p>Polyvalence : ce produit est adapt\u00e9 au mode four, cuisini\u00e8re et gril.<\/p>\n<p>Des aliments savoureux : la fonte vitrifi\u00e9e retient la chaleur pour une cuisson et un brunissement uniformes. Vos d\u00e9licieuses cr\u00e9ations resteront chaudes plus longtemps \u00e0 table.<\/p>\n<p>Pr\u00e9serve la succulence : notre couvercle retient la vapeur g\u00e9n\u00e9r\u00e9e par la cuisson des aliments et exalte les saveurs pour des r\u00e9sultats de cuisson extraordinaires.<\/p>\n<p>Facile \u00e0 tenir : les poign\u00e9es \u00e9l\u00e9gantes et confortables vous permettent de soulever le produit en toute s\u00e9curit\u00e9.<\/p>\n<p>Le meilleur de sa cat\u00e9gorie : nos produits sont fabriqu\u00e9s \u00e0 partir des meilleurs mat\u00e9riaux dans des usines du monde entier afin de garantir la qualit\u00e9 que vous attendez de Le Creuset.<\/p>\n<p>Mat\u00e9riau : fonte vitrifi\u00e9e<br \/>\nFabriqu\u00e9 en : France<br \/>\nGarantie : \u00e0 vie<\/p>\n<p><strong>Source de chaleur :<\/strong><\/p>\n<ul>\n<li>Four<\/li>\n<li>Mode gril du four<\/li>\n<li>Table de cuisson \u00e9lectrique<\/li>\n<li>Verre c\u00e9ramique<\/li>\n<li>Table de cuisson \u00e0 gaz<\/li>\n<li>Plaque \u00e0 induction<\/li>\n<\/ul>\n<p><strong>Recommandations d&#8217;utilisation<\/strong><\/p>\n<p><strong>Stockage<\/strong><br \/>\nConvient pour la cong\u00e9lation<\/p>\n<p><strong>Soins<\/strong><br \/>\nlavage \u00e0 la main<\/p>\n<p><strong>Avant la premi\u00e8re utilisation<\/strong><br \/>\nProfitez du moment o\u00f9 vous ouvrez l&#8217;emballage de votre nouvel achat ! Et veillez \u00e0 retirer toutes les \u00e9tiquettes et tous les emballages.<br \/>\nLavez votre produit Le Creuset \u00e0 l&#8217;eau chaude savonneuse, puis rincez-le et s\u00e9chez-le soigneusement.<\/p>\n<p><strong>Cuisine<\/strong><br \/>\nProt\u00e9gez-vous toujours en utilisant des maniques lorsque vous manipulez des ustensiles chauds.<br \/>\nNous vous recommandons d&#8217;utiliser uniquement des ustensiles en silicone Le Creuset ou des ustensiles en bois ou en plastique r\u00e9sistant \u00e0 la chaleur. NE PAS utiliser de couteaux ou d&#8217;ustensiles en m\u00e9tal pour \u00e9viter les marques et les rayures sur la surface vitrifi\u00e9e du produit.<br \/>\nUtilisez le produit sur l&#8217;anneau de la table de cuisson de la taille la plus appropri\u00e9e : cela permettra une cuisson plus uniforme des aliments et r\u00e9duira le risque d&#8217;endommager les poign\u00e9es et les c\u00f4t\u00e9s. Ceci est particuli\u00e8rement important pour les plaques \u00e0 induction : si l&#8217;anneau utilis\u00e9 n&#8217;est pas de la bonne taille, il y a un risque que la plaque ne &#8221; reconnaisse &#8221; pas le produit.<br \/>\nLa cuisson \u00e0 feu moyen ou doux donne les meilleurs r\u00e9sultats. Chauffez la cocotte progressivement pour obtenir des saveurs extraordinaires et une cuisson uniforme. Si une chaleur \u00e9lev\u00e9e est n\u00e9cessaire, baissez l&#8217;intensit\u00e9 une fois que le niveau de chaleur souhait\u00e9 est atteint.<br \/>\nNe faites pas glisser le produit sur une plaque de cuisson en verre, car cela pourrait endommager la base du produit et le verre. Soulevez toujours le produit lorsque vous le placez, le d\u00e9placez ou le retirez de la surface.<\/p>\n<p><strong>Nettoyer<\/strong><br \/>\nAttendez que le produit refroidisse compl\u00e8tement avant de commencer \u00e0 le nettoyer.<br \/>\nEnlevez tout r\u00e9sidu de la base et des c\u00f4t\u00e9s du produit. Pour les r\u00e9sidus alimentaires tenaces, remplissez le produit d&#8217;eau savonneuse ti\u00e8de, et laissez-le tremper pendant 15 \u00e0 20 minutes avant de le laver comme d&#8217;habitude.<br \/>\nN&#8217;utilisez pas de nettoyants abrasifs ou de m\u00e9tal, d&#8217;\u00e9ponges abrasives ou de brosses tr\u00e8s dures et rigides pour nettoyer les surfaces.<br \/>\nApr\u00e8s le lavage, s\u00e9chez soigneusement le produit et stockez-le dans un endroit sec.<\/p>\n<div class=\"su-youtube su-u-responsive-media-yes\"><iframe loading=\"lazy\" width=\"500\" height=\"200\" src=\"https:\/\/www.youtube.com\/embed\/YoiKOay1xos?\" frameborder=\"0\" allowfullscreen allow=\"autoplay; encrypted-media; picture-in-picture\" title=\"\"><\/iframe><\/div>\n","protected":false},"excerpt":{"rendered":"<p>Ador\u00e9e par les chefs du monde entier, notre cocotte \u00e0 risotto est id\u00e9ale pour cuisiner des risottos parfaitement saut\u00e9s, mais<\/p>\n","protected":false},"featured_media":223056,"template":"","meta":{"_acf_changed":false,"inline_featured_image":false},"product_cat":[12458,14797],"product_tag":[25086,23910,25021,14826],"acf":[],"yoast_head":"<!-- This site is optimized with the Yoast SEO Premium plugin v18.6 (Yoast SEO v19.13) - https:\/\/yoast.com\/wordpress\/plugins\/seo\/ -->\n<title>LE CREUSET Pot \u00e0 risotto ovale en fonte 27 cm Orange - Erresse Shop<\/title>\n<meta name=\"description\" content=\"Ador\u00e9e par les chefs du monde entier, notre cocotte \u00e0 risotto est id\u00e9ale pour cuisiner des risottos parfaitement saut\u00e9s, mais aussi pour pr\u00e9parer de\" \/>\n<meta name=\"robots\" content=\"index, follow, max-snippet:-1, max-image-preview:large, max-video-preview:-1\" \/>\n<link rel=\"canonical\" href=\"https:\/\/www.erresse-shop.it\/fr\/shop\/poeles-pots\/sauteuses-et-faitout\/le-creuset-pot-a-risotto-ovale-en-fonte-27-cm-orange\/\" \/>\n<meta property=\"og:locale\" content=\"fr_FR\" \/>\n<meta property=\"og:type\" content=\"article\" \/>\n<meta property=\"og:title\" content=\"LE CREUSET Pot \u00e0 risotto ovale en fonte 27 cm Orange\" \/>\n<meta property=\"og:description\" content=\"Ador\u00e9e par les chefs du monde entier, notre cocotte \u00e0 risotto est id\u00e9ale pour cuisiner des risottos parfaitement saut\u00e9s, mais aussi pour pr\u00e9parer de\" \/>\n<meta property=\"og:url\" content=\"https:\/\/www.erresse-shop.it\/fr\/shop\/poeles-pots\/sauteuses-et-faitout\/le-creuset-pot-a-risotto-ovale-en-fonte-27-cm-orange\/\" \/>\n<meta property=\"og:site_name\" content=\"Erresse Shop\" \/>\n<meta property=\"article:modified_time\" content=\"2023-12-01T18:27:36+00:00\" \/>\n<meta property=\"og:image\" content=\"https:\/\/www.erresse-shop.it\/wp-content\/uploads\/2022\/12\/LE-CREUSET-Tegame-Alto-Risotto-Arancione1.jpg\" \/>\n\t<meta property=\"og:image:width\" content=\"800\" \/>\n\t<meta property=\"og:image:height\" content=\"800\" \/>\n\t<meta property=\"og:image:type\" content=\"image\/jpeg\" \/>\n<meta name=\"twitter:card\" content=\"summary_large_image\" \/>\n<script type=\"application\/ld+json\" class=\"yoast-schema-graph\">{\"@context\":\"https:\/\/schema.org\",\"@graph\":[{\"@type\":\"WebPage\",\"@id\":\"https:\/\/www.erresse-shop.it\/fr\/shop\/poeles-pots\/sauteuses-et-faitout\/le-creuset-pot-a-risotto-ovale-en-fonte-27-cm-orange\/\",\"url\":\"https:\/\/www.erresse-shop.it\/fr\/shop\/poeles-pots\/sauteuses-et-faitout\/le-creuset-pot-a-risotto-ovale-en-fonte-27-cm-orange\/\",\"name\":\"LE CREUSET Pot \u00e0 risotto ovale en fonte 27 cm Orange - Erresse Shop\",\"isPartOf\":{\"@id\":\"https:\/\/www.erresse-shop.it\/fr\/#website\"},\"datePublished\":\"2022-12-19T15:43:15+00:00\",\"dateModified\":\"2023-12-01T18:27:36+00:00\",\"description\":\"Ador\u00e9e par les chefs du monde entier, notre cocotte \u00e0 risotto est id\u00e9ale pour cuisiner des risottos parfaitement saut\u00e9s, mais aussi pour pr\u00e9parer de\",\"breadcrumb\":{\"@id\":\"https:\/\/www.erresse-shop.it\/fr\/shop\/poeles-pots\/sauteuses-et-faitout\/le-creuset-pot-a-risotto-ovale-en-fonte-27-cm-orange\/#breadcrumb\"},\"inLanguage\":\"fr-FR\",\"potentialAction\":[{\"@type\":\"ReadAction\",\"target\":[\"https:\/\/www.erresse-shop.it\/fr\/shop\/poeles-pots\/sauteuses-et-faitout\/le-creuset-pot-a-risotto-ovale-en-fonte-27-cm-orange\/\"]}]},{\"@type\":\"BreadcrumbList\",\"@id\":\"https:\/\/www.erresse-shop.it\/fr\/shop\/poeles-pots\/sauteuses-et-faitout\/le-creuset-pot-a-risotto-ovale-en-fonte-27-cm-orange\/#breadcrumb\",\"itemListElement\":[{\"@type\":\"ListItem\",\"position\":1,\"name\":\"Home\",\"item\":\"https:\/\/www.erresse-shop.it\/fr\/\"},{\"@type\":\"ListItem\",\"position\":2,\"name\":\"Shop\",\"item\":\"https:\/\/www.erresse-shop.it\/fr\/shop\/\"},{\"@type\":\"ListItem\",\"position\":3,\"name\":\"LE CREUSET Pot \u00e0 risotto ovale en fonte 27 cm Orange\"}]},{\"@type\":\"WebSite\",\"@id\":\"https:\/\/www.erresse-shop.it\/fr\/#website\",\"url\":\"https:\/\/www.erresse-shop.it\/fr\/\",\"name\":\"Erresse Shop\",\"description\":\"Articoli di qualit\u00e0 per la casa\",\"potentialAction\":[{\"@type\":\"SearchAction\",\"target\":{\"@type\":\"EntryPoint\",\"urlTemplate\":\"https:\/\/www.erresse-shop.it\/fr\/?s={search_term_string}\"},\"query-input\":\"required name=search_term_string\"}],\"inLanguage\":\"fr-FR\"}]}<\/script>\n<!-- \/ Yoast SEO Premium plugin. -->","yoast_head_json":{"title":"LE CREUSET Pot \u00e0 risotto ovale en fonte 27 cm Orange - Erresse Shop","description":"Ador\u00e9e par les chefs du monde entier, notre cocotte \u00e0 risotto est id\u00e9ale pour cuisiner des risottos parfaitement saut\u00e9s, mais aussi pour pr\u00e9parer de","robots":{"index":"index","follow":"follow","max-snippet":"max-snippet:-1","max-image-preview":"max-image-preview:large","max-video-preview":"max-video-preview:-1"},"canonical":"https:\/\/www.erresse-shop.it\/fr\/shop\/poeles-pots\/sauteuses-et-faitout\/le-creuset-pot-a-risotto-ovale-en-fonte-27-cm-orange\/","og_locale":"fr_FR","og_type":"article","og_title":"LE CREUSET Pot \u00e0 risotto ovale en fonte 27 cm Orange","og_description":"Ador\u00e9e par les chefs du monde entier, notre cocotte \u00e0 risotto est id\u00e9ale pour cuisiner des risottos parfaitement saut\u00e9s, mais aussi pour pr\u00e9parer de","og_url":"https:\/\/www.erresse-shop.it\/fr\/shop\/poeles-pots\/sauteuses-et-faitout\/le-creuset-pot-a-risotto-ovale-en-fonte-27-cm-orange\/","og_site_name":"Erresse Shop","article_modified_time":"2023-12-01T18:27:36+00:00","og_image":[{"width":800,"height":800,"url":"https:\/\/www.erresse-shop.it\/wp-content\/uploads\/2022\/12\/LE-CREUSET-Tegame-Alto-Risotto-Arancione1.jpg","type":"image\/jpeg"}],"twitter_card":"summary_large_image","schema":{"@context":"https:\/\/schema.org","@graph":[{"@type":"WebPage","@id":"https:\/\/www.erresse-shop.it\/fr\/shop\/poeles-pots\/sauteuses-et-faitout\/le-creuset-pot-a-risotto-ovale-en-fonte-27-cm-orange\/","url":"https:\/\/www.erresse-shop.it\/fr\/shop\/poeles-pots\/sauteuses-et-faitout\/le-creuset-pot-a-risotto-ovale-en-fonte-27-cm-orange\/","name":"LE CREUSET Pot \u00e0 risotto ovale en fonte 27 cm Orange - Erresse Shop","isPartOf":{"@id":"https:\/\/www.erresse-shop.it\/fr\/#website"},"datePublished":"2022-12-19T15:43:15+00:00","dateModified":"2023-12-01T18:27:36+00:00","description":"Ador\u00e9e par les chefs du monde entier, notre cocotte \u00e0 risotto est id\u00e9ale pour cuisiner des risottos parfaitement saut\u00e9s, mais aussi pour pr\u00e9parer de","breadcrumb":{"@id":"https:\/\/www.erresse-shop.it\/fr\/shop\/poeles-pots\/sauteuses-et-faitout\/le-creuset-pot-a-risotto-ovale-en-fonte-27-cm-orange\/#breadcrumb"},"inLanguage":"fr-FR","potentialAction":[{"@type":"ReadAction","target":["https:\/\/www.erresse-shop.it\/fr\/shop\/poeles-pots\/sauteuses-et-faitout\/le-creuset-pot-a-risotto-ovale-en-fonte-27-cm-orange\/"]}]},{"@type":"BreadcrumbList","@id":"https:\/\/www.erresse-shop.it\/fr\/shop\/poeles-pots\/sauteuses-et-faitout\/le-creuset-pot-a-risotto-ovale-en-fonte-27-cm-orange\/#breadcrumb","itemListElement":[{"@type":"ListItem","position":1,"name":"Home","item":"https:\/\/www.erresse-shop.it\/fr\/"},{"@type":"ListItem","position":2,"name":"Shop","item":"https:\/\/www.erresse-shop.it\/fr\/shop\/"},{"@type":"ListItem","position":3,"name":"LE CREUSET Pot \u00e0 risotto ovale en fonte 27 cm Orange"}]},{"@type":"WebSite","@id":"https:\/\/www.erresse-shop.it\/fr\/#website","url":"https:\/\/www.erresse-shop.it\/fr\/","name":"Erresse Shop","description":"Articoli di qualit\u00e0 per la casa","potentialAction":[{"@type":"SearchAction","target":{"@type":"EntryPoint","urlTemplate":"https:\/\/www.erresse-shop.it\/fr\/?s={search_term_string}"},"query-input":"required name=search_term_string"}],"inLanguage":"fr-FR"}]}},"df_price":179.95,"df_sale_price":179.95,"df_regular_price":309,"df_image_link":"https:\/\/www.erresse-shop.it\/wp-content\/uploads\/2022\/12\/LE-CREUSET-Tegame-Alto-Risotto-Arancione1-300x300.jpg","_links":{"self":[{"href":"https:\/\/www.erresse-shop.it\/fr\/wp-json\/wp\/v2\/product\/222590"}],"collection":[{"href":"https:\/\/www.erresse-shop.it\/fr\/wp-json\/wp\/v2\/product"}],"about":[{"href":"https:\/\/www.erresse-shop.it\/fr\/wp-json\/wp\/v2\/types\/product"}],"wp:featuredmedia":[{"embeddable":true,"href":"https:\/\/www.erresse-shop.it\/fr\/wp-json\/wp\/v2\/media\/223056"}],"wp:attachment":[{"href":"https:\/\/www.erresse-shop.it\/fr\/wp-json\/wp\/v2\/media?parent=222590"}],"wp:term":[{"taxonomy":"product_cat","embeddable":true,"href":"https:\/\/www.erresse-shop.it\/fr\/wp-json\/wp\/v2\/product_cat?post=222590"},{"taxonomy":"product_tag","embeddable":true,"href":"https:\/\/www.erresse-shop.it\/fr\/wp-json\/wp\/v2\/product_tag?post=222590"}],"curies":[{"name":"wp","href":"https:\/\/api.w.org\/{rel}","templated":true}]}}