{"id":221574,"date":"2022-12-16T10:38:34","date_gmt":"2022-12-16T10:38:40","guid":{"rendered":"https:\/\/www.erresse-shop.it\/?post_type=product&#038;p=221574"},"modified":"2024-07-05T14:53:42","modified_gmt":"2024-07-05T14:53:42","slug":"zwilling-enfinigy-blender-a-immersion-blanc","status":"publish","type":"product","link":"https:\/\/www.erresse-shop.it\/fr\/shop\/petits-electromenagers\/mixeurs\/zwilling-enfinigy-blender-a-immersion-blanc\/","title":{"rendered":"ZWILLING ENFINIGY Blender \u00e0 immersion Blanc"},"content":{"rendered":"<p><strong>DESCRIPTION<\/strong><\/p>\n<p>Un seul blender, un seul pot de m\u00e9lange, des possibilit\u00e9s infinies. Le mixeur plongeant <strong>ENFINIGY<\/strong> de <strong>ZWILLING<\/strong> avec pichet doseur est pratique<br \/>\npratique et polyvalent pour de nombreuses pr\u00e9parations diff\u00e9rentes, qu&#8217;il s&#8217;agisse de smoothies, de sauces ou d&#8217;aliments homog\u00e9n\u00e9is\u00e9s.<\/p>\n<p>Gr\u00e2ce au puissant moteur de 800 watts et \u00e0 ses 9 vitesses, le blender a toujours le bon r\u00e9glage pour que chaque pr\u00e9paration soit parfaite.<br \/>\nLa lame ZWILLING \u00e0 ailettes et dentelure Pirahna garantit des r\u00e9sultats parfaits.<br \/>\nLe pichet doseur de 600 ml est sans BPA et poss\u00e8de un couvercle compatible avec le syst\u00e8me FRESH &amp; SAVE de ZWILLING.<br \/>\nDe cette mani\u00e8re, les sauces peuvent \u00eatre pr\u00e9par\u00e9es \u00e0 l&#8217;avance, emball\u00e9es sous vide et d\u00e9gust\u00e9es fra\u00eeches ult\u00e9rieurement.<br \/>\nLes autres avantages exclusifs du mixeur plongeant pour vergers sont : la fonction de d\u00e9marrage progressif pour r\u00e9duire les \u00e9claboussures, la commande intuitive \u00e0 2 boutons et le c\u00e2ble de 1,2 m\u00e8tre.<br \/>\npour une utilisation pratique pendant la cuisson.<\/p>\n<ul>\n<li>Puissant moteur haute performance de 800 watts pour un mixage parfait<\/li>\n<li>9 vitesses diff\u00e9rentes r\u00e9glables (6 500 &#8211; 13 000 tr\/min), y compris la fonction d&#8217;impulsion.<\/li>\n<li>Lame \u00e0 ailettes ZWILLING avec denture Piranha pour un hachage exceptionnel des ingr\u00e9dients.<\/li>\n<li>Lame robuste en acier inoxydable de haute qualit\u00e9<\/li>\n<li>Pichet de 600 ml, sans BFA, avec couvercle herm\u00e9tique pour une bonne conservation des pr\u00e9parations<\/li>\n<li>Cordon d&#8217;alimentation de 1,2 m pour une utilisation pratique<\/li>\n<li>Sac en coton inclus pour un rangement pratique du mixeur plongeant apr\u00e8s chaque utilisation.<\/li>\n<li>Emballage sans plastique<\/li>\n<\/ul>\n<p><strong>FEATURES<\/strong><\/p>\n<ul>\n<li>Couleur : blanc acier<\/li>\n<li>Mat\u00e9riau : ABS<\/li>\n<li>Nombre de pi\u00e8ces : 1<\/li>\n<li>Tension : 220-240 V<\/li>\n<li>Fr\u00e9quence : 50\/60 Hz<\/li>\n<li>Verrouillage de s\u00e9curit\u00e9 : Oui<\/li>\n<li>Type de moteur : moteur \u00e0 courant continu<\/li>\n<li>Blender ENFINIGY<\/li>\n<li>Programmes : 1<\/li>\n<li>Type de lame : lame \u00e0 ailettes<\/li>\n<li>R\u00e9glages de la vitesse : 9<\/li>\n<li>Puissance absorb\u00e9e : 800 W<\/li>\n<li>Poids net : 1,20 kg<\/li>\n<\/ul>\n<p><strong>Design:<\/strong> Matteo Thun &amp; Antonio Rodriguez<\/p>\n<p><strong>PAS DE VENTE EN DEHORS DE L&#8217;EUROPE<\/strong><\/p>\n","protected":false},"excerpt":{"rendered":"<p>DESCRIPTION Un seul blender, un seul pot de m\u00e9lange, des possibilit\u00e9s infinies. Le mixeur plongeant ENFINIGY de ZWILLING avec pichet<\/p>\n","protected":false},"featured_media":221579,"template":"","meta":{"_acf_changed":false,"inline_featured_image":false},"product_cat":[12766,12449],"product_tag":[25036,12820,12948,13718,25021,20848,24588,13260],"acf":[],"yoast_head":"<!-- This site is optimized with the Yoast SEO Premium plugin v18.6 (Yoast SEO v19.13) - https:\/\/yoast.com\/wordpress\/plugins\/seo\/ -->\n<title>ZWILLING ENFINIGY Blender \u00e0 immersion Blanc - Erresse Shop<\/title>\n<meta name=\"description\" content=\"DESCRIPTION Un seul blender, un seul pot de m\u00e9lange, des possibilit\u00e9s infinies. Le mixeur plongeant ENFINIGY de ZWILLING avec pichet doseur est pratique\" \/>\n<meta name=\"robots\" content=\"index, follow, max-snippet:-1, max-image-preview:large, max-video-preview:-1\" \/>\n<link rel=\"canonical\" href=\"https:\/\/www.erresse-shop.it\/fr\/shop\/petits-electromenagers\/mixeurs\/zwilling-enfinigy-blender-a-immersion-blanc\/\" \/>\n<meta property=\"og:locale\" content=\"fr_FR\" \/>\n<meta property=\"og:type\" content=\"article\" \/>\n<meta property=\"og:title\" content=\"ZWILLING ENFINIGY Blender \u00e0 immersion Blanc\" \/>\n<meta property=\"og:description\" content=\"DESCRIPTION Un seul blender, un seul pot de m\u00e9lange, des possibilit\u00e9s infinies. Le mixeur plongeant ENFINIGY de ZWILLING avec pichet doseur est pratique\" \/>\n<meta property=\"og:url\" content=\"https:\/\/www.erresse-shop.it\/fr\/shop\/petits-electromenagers\/mixeurs\/zwilling-enfinigy-blender-a-immersion-blanc\/\" \/>\n<meta property=\"og:site_name\" content=\"Erresse Shop\" \/>\n<meta property=\"article:modified_time\" content=\"2024-07-05T14:53:42+00:00\" \/>\n<meta property=\"og:image\" content=\"https:\/\/www.erresse-shop.it\/wp-content\/uploads\/2022\/12\/Zwilling-Enfinigy-frullatore-imm.-bianco.jpg\" \/>\n\t<meta property=\"og:image:width\" content=\"800\" \/>\n\t<meta property=\"og:image:height\" content=\"800\" \/>\n\t<meta property=\"og:image:type\" content=\"image\/jpeg\" \/>\n<meta name=\"twitter:card\" content=\"summary_large_image\" \/>\n<script type=\"application\/ld+json\" class=\"yoast-schema-graph\">{\"@context\":\"https:\/\/schema.org\",\"@graph\":[{\"@type\":\"WebPage\",\"@id\":\"https:\/\/www.erresse-shop.it\/fr\/shop\/petits-electromenagers\/mixeurs\/zwilling-enfinigy-blender-a-immersion-blanc\/\",\"url\":\"https:\/\/www.erresse-shop.it\/fr\/shop\/petits-electromenagers\/mixeurs\/zwilling-enfinigy-blender-a-immersion-blanc\/\",\"name\":\"ZWILLING ENFINIGY Blender \u00e0 immersion Blanc - Erresse Shop\",\"isPartOf\":{\"@id\":\"https:\/\/www.erresse-shop.it\/fr\/#website\"},\"datePublished\":\"2022-12-16T10:38:40+00:00\",\"dateModified\":\"2024-07-05T14:53:42+00:00\",\"description\":\"DESCRIPTION Un seul blender, un seul pot de m\u00e9lange, des possibilit\u00e9s infinies. Le mixeur plongeant ENFINIGY de ZWILLING avec pichet doseur est pratique\",\"breadcrumb\":{\"@id\":\"https:\/\/www.erresse-shop.it\/fr\/shop\/petits-electromenagers\/mixeurs\/zwilling-enfinigy-blender-a-immersion-blanc\/#breadcrumb\"},\"inLanguage\":\"fr-FR\",\"potentialAction\":[{\"@type\":\"ReadAction\",\"target\":[\"https:\/\/www.erresse-shop.it\/fr\/shop\/petits-electromenagers\/mixeurs\/zwilling-enfinigy-blender-a-immersion-blanc\/\"]}]},{\"@type\":\"BreadcrumbList\",\"@id\":\"https:\/\/www.erresse-shop.it\/fr\/shop\/petits-electromenagers\/mixeurs\/zwilling-enfinigy-blender-a-immersion-blanc\/#breadcrumb\",\"itemListElement\":[{\"@type\":\"ListItem\",\"position\":1,\"name\":\"Home\",\"item\":\"https:\/\/www.erresse-shop.it\/fr\/\"},{\"@type\":\"ListItem\",\"position\":2,\"name\":\"Shop\",\"item\":\"https:\/\/www.erresse-shop.it\/fr\/shop\/\"},{\"@type\":\"ListItem\",\"position\":3,\"name\":\"ZWILLING ENFINIGY Blender \u00e0 immersion Blanc\"}]},{\"@type\":\"WebSite\",\"@id\":\"https:\/\/www.erresse-shop.it\/fr\/#website\",\"url\":\"https:\/\/www.erresse-shop.it\/fr\/\",\"name\":\"Erresse Shop\",\"description\":\"Articoli di qualit\u00e0 per la casa\",\"potentialAction\":[{\"@type\":\"SearchAction\",\"target\":{\"@type\":\"EntryPoint\",\"urlTemplate\":\"https:\/\/www.erresse-shop.it\/fr\/?s={search_term_string}\"},\"query-input\":\"required name=search_term_string\"}],\"inLanguage\":\"fr-FR\"}]}<\/script>\n<!-- \/ Yoast SEO Premium plugin. -->","yoast_head_json":{"title":"ZWILLING ENFINIGY Blender \u00e0 immersion Blanc - Erresse Shop","description":"DESCRIPTION Un seul blender, un seul pot de m\u00e9lange, des possibilit\u00e9s infinies. Le mixeur plongeant ENFINIGY de ZWILLING avec pichet doseur est pratique","robots":{"index":"index","follow":"follow","max-snippet":"max-snippet:-1","max-image-preview":"max-image-preview:large","max-video-preview":"max-video-preview:-1"},"canonical":"https:\/\/www.erresse-shop.it\/fr\/shop\/petits-electromenagers\/mixeurs\/zwilling-enfinigy-blender-a-immersion-blanc\/","og_locale":"fr_FR","og_type":"article","og_title":"ZWILLING ENFINIGY Blender \u00e0 immersion Blanc","og_description":"DESCRIPTION Un seul blender, un seul pot de m\u00e9lange, des possibilit\u00e9s infinies. Le mixeur plongeant ENFINIGY de ZWILLING avec pichet doseur est pratique","og_url":"https:\/\/www.erresse-shop.it\/fr\/shop\/petits-electromenagers\/mixeurs\/zwilling-enfinigy-blender-a-immersion-blanc\/","og_site_name":"Erresse Shop","article_modified_time":"2024-07-05T14:53:42+00:00","og_image":[{"width":800,"height":800,"url":"https:\/\/www.erresse-shop.it\/wp-content\/uploads\/2022\/12\/Zwilling-Enfinigy-frullatore-imm.-bianco.jpg","type":"image\/jpeg"}],"twitter_card":"summary_large_image","schema":{"@context":"https:\/\/schema.org","@graph":[{"@type":"WebPage","@id":"https:\/\/www.erresse-shop.it\/fr\/shop\/petits-electromenagers\/mixeurs\/zwilling-enfinigy-blender-a-immersion-blanc\/","url":"https:\/\/www.erresse-shop.it\/fr\/shop\/petits-electromenagers\/mixeurs\/zwilling-enfinigy-blender-a-immersion-blanc\/","name":"ZWILLING ENFINIGY Blender \u00e0 immersion Blanc - Erresse Shop","isPartOf":{"@id":"https:\/\/www.erresse-shop.it\/fr\/#website"},"datePublished":"2022-12-16T10:38:40+00:00","dateModified":"2024-07-05T14:53:42+00:00","description":"DESCRIPTION Un seul blender, un seul pot de m\u00e9lange, des possibilit\u00e9s infinies. Le mixeur plongeant ENFINIGY de ZWILLING avec pichet doseur est pratique","breadcrumb":{"@id":"https:\/\/www.erresse-shop.it\/fr\/shop\/petits-electromenagers\/mixeurs\/zwilling-enfinigy-blender-a-immersion-blanc\/#breadcrumb"},"inLanguage":"fr-FR","potentialAction":[{"@type":"ReadAction","target":["https:\/\/www.erresse-shop.it\/fr\/shop\/petits-electromenagers\/mixeurs\/zwilling-enfinigy-blender-a-immersion-blanc\/"]}]},{"@type":"BreadcrumbList","@id":"https:\/\/www.erresse-shop.it\/fr\/shop\/petits-electromenagers\/mixeurs\/zwilling-enfinigy-blender-a-immersion-blanc\/#breadcrumb","itemListElement":[{"@type":"ListItem","position":1,"name":"Home","item":"https:\/\/www.erresse-shop.it\/fr\/"},{"@type":"ListItem","position":2,"name":"Shop","item":"https:\/\/www.erresse-shop.it\/fr\/shop\/"},{"@type":"ListItem","position":3,"name":"ZWILLING ENFINIGY Blender \u00e0 immersion Blanc"}]},{"@type":"WebSite","@id":"https:\/\/www.erresse-shop.it\/fr\/#website","url":"https:\/\/www.erresse-shop.it\/fr\/","name":"Erresse Shop","description":"Articoli di qualit\u00e0 per la casa","potentialAction":[{"@type":"SearchAction","target":{"@type":"EntryPoint","urlTemplate":"https:\/\/www.erresse-shop.it\/fr\/?s={search_term_string}"},"query-input":"required name=search_term_string"}],"inLanguage":"fr-FR"}]}},"df_price":59.5,"df_sale_price":59.5,"df_regular_price":119,"df_image_link":"https:\/\/www.erresse-shop.it\/wp-content\/uploads\/2022\/12\/Zwilling-Enfinigy-frullatore-imm.-bianco-300x300.jpg","_links":{"self":[{"href":"https:\/\/www.erresse-shop.it\/fr\/wp-json\/wp\/v2\/product\/221574"}],"collection":[{"href":"https:\/\/www.erresse-shop.it\/fr\/wp-json\/wp\/v2\/product"}],"about":[{"href":"https:\/\/www.erresse-shop.it\/fr\/wp-json\/wp\/v2\/types\/product"}],"wp:featuredmedia":[{"embeddable":true,"href":"https:\/\/www.erresse-shop.it\/fr\/wp-json\/wp\/v2\/media\/221579"}],"wp:attachment":[{"href":"https:\/\/www.erresse-shop.it\/fr\/wp-json\/wp\/v2\/media?parent=221574"}],"wp:term":[{"taxonomy":"product_cat","embeddable":true,"href":"https:\/\/www.erresse-shop.it\/fr\/wp-json\/wp\/v2\/product_cat?post=221574"},{"taxonomy":"product_tag","embeddable":true,"href":"https:\/\/www.erresse-shop.it\/fr\/wp-json\/wp\/v2\/product_tag?post=221574"}],"curies":[{"name":"wp","href":"https:\/\/api.w.org\/{rel}","templated":true}]}}