{"id":220518,"date":"2022-12-14T13:29:03","date_gmt":"2022-12-14T13:29:07","guid":{"rendered":"https:\/\/www.erresse-shop.it\/?post_type=product&#038;p=220518"},"modified":"2025-01-14T17:34:45","modified_gmt":"2025-01-14T17:34:45","slug":"coravin-timeless-eleven-noir","status":"publish","type":"product","link":"https:\/\/www.erresse-shop.it\/fr\/shop\/table-fr-2\/vin\/coravin-timeless-eleven-noir\/","title":{"rendered":"CORAVIN Timeless Eleven Noir"},"content":{"rendered":"<p>Timeless Eleven est le premier syst\u00e8me de stockage du vin automatique et connect\u00e9. Connectez-vous \u00e0 l&#8217;application Coravin Moments pour b\u00e9n\u00e9ficier d&#8217;autres fonctions telles que la personnalisation des vitesses de versement, la v\u00e9rification de l&#8217;\u00e9tat du syst\u00e8me et les rappels de remplacement des capsules. Le Timeless Eleven est le fruit des derniers d\u00e9veloppements dans le domaine de la technologie du vin. L&#8217;ensemble comprend des accessoires cl\u00e9s id\u00e9aux pour les collectionneurs, les connaisseurs et les experts en technologie.<\/p>\n<p><strong>Ce qui est inclus<\/strong><\/p>\n<ul>\n<li><strong>Syst\u00e8me de conservation du vin Timeless Eleven<\/strong><br \/>\nLe syst\u00e8me de conservation du vin Timeless Eleven est dot\u00e9 d&#8217;un syst\u00e8me d&#8217;activation automatique de la pointe au versement, d&#8217;une connectivit\u00e9 Bluetooth et d&#8217;un \u00e9cran LED interactif.<\/li>\n<li><strong>Capsules d&#8217;argon Coravin Pure\u2122<\/strong><br \/>\nLes capsules Coravin Pure\u2122 contiennent du gaz d&#8217;argon pur et sont fabriqu\u00e9es et inspect\u00e9es pour garantir le plus haut niveau de conservation sans impact sur le go\u00fbt du vin.<\/li>\n<li><strong>A\u00e9rateur intemporel<\/strong><br \/>\nL&#8217;a\u00e9rateur Coravin cr\u00e9e de petits jets de vin pendant le versement, a\u00e9rant rapidement le vin pour obtenir les m\u00eames r\u00e9sultats qu&#8217;une d\u00e9cantation de 60 \u00e0 90 minutes.<\/li>\n<li><strong>Bouchons \u00e0 vis<\/strong><br \/>\nLa capsule \u00e0 vis Coravin peut \u00eatre utilis\u00e9e sur n&#8217;importe quelle bouteille munie d&#8217;une capsule \u00e0 vis pour une utilisation avec toutes les aiguilles Coravin. Le silicone auto-obturant prot\u00e8ge le vin jusqu&#8217;\u00e0 trois mois.<\/li>\n<li><strong>Mallette de transport intemporelle<\/strong><br \/>\nLa mallette de transport Coravin comporte deux poches int\u00e9rieures pour ranger les capsules Coravin Pure\u2122 ou l&#8217;a\u00e9rateur Coravin.<\/li>\n<li><strong>D\u00e9tergent<\/strong><br \/>\nSi l&#8217;aiguille de Timeless Eleven se bouche, utilisez cet outil sp\u00e9cialement con\u00e7u pour \u00e9liminer les particules de li\u00e8ge.<\/li>\n<li><strong>Cache-bouteille<\/strong><br \/>\nLes bouteilles de vin endommag\u00e9es ou d\u00e9fectueuses peuvent se briser sous l&#8217;effet de la pression. L&#8217;utilisation du couvre-bouteille Coravin permet de r\u00e9duire le risque de blessures caus\u00e9es par le verre bris\u00e9.<\/li>\n<\/ul>\n<p><strong>Une nouvelle fa\u00e7on de verser le vin<\/strong><\/p>\n<p><strong>Ins\u00e9rer<\/strong><br \/>\nAlignez les SmartClamps\u2122 sur le goulot de la bouteille et, d&#8217;un mouvement souple, poussez fermement sur la poign\u00e9e.<\/p>\n<p>Incliner et verser<br \/>\nInclinez la bouteille jusqu&#8217;\u00e0 ce que le bec soit sur le verre. Le vin se d\u00e9verse automatiquement.<\/p>\n<p>Suivre l&#8217;utilisation du syst\u00e8me<\/p>\n<p>T\u00e9l\u00e9chargez l&#8217;application Coravin Moments et connectez sans fil votre syst\u00e8me Model Eleven pour suivre les inserts, l&#8217;utilisation du gaz et plus encore.<\/p>\n<p>Versement automatique<\/p>\n<p>Versez comme vous le feriez naturellement, en renversant simplement le syst\u00e8me et la bouteille sur le verre. Le syst\u00e8me versera automatiquement le vin par le bec verseur.<\/p>\n<p><strong>Caract\u00e9ristiques principales<\/strong><\/p>\n<ul>\n<li>Versement automatique<\/li>\n<li>Ins\u00e9rez l&#8217;aiguille dans le bouchon et inclinez la bouteille. Le vin s&#8217;\u00e9coulera automatiquement.<\/li>\n<li>Affichage LED couleur<\/li>\n<li>Des ic\u00f4nes intuitives vous indiquent quand il est temps de charger le syst\u00e8me et quand vous \u00eates connect\u00e9 \u00e0 l&#8217;appli Coravin Moments.<\/li>\n<\/ul>\n<p><strong>L&#8217;application Coravin Moments<br \/>\n<\/strong>Connectez-vous \u00e0 l&#8217;application Coravin Moments pour g\u00e9rer le niveau de gaz, la charge de la batterie, la vitesse de versement et bien plus encore.<\/p>\n<p>&nbsp;<\/p>\n<div class=\"su-youtube su-u-responsive-media-yes\"><iframe loading=\"lazy\" width=\"200\" height=\"200\" src=\"https:\/\/www.youtube.com\/embed\/l8foetvN05I?\" frameborder=\"0\" allowfullscreen allow=\"autoplay; encrypted-media; picture-in-picture\" title=\"\"><\/iframe><\/div>\n","protected":false},"excerpt":{"rendered":"<p>Timeless Eleven est le premier syst\u00e8me de stockage du vin automatique et connect\u00e9. Connectez-vous \u00e0 l&#8217;application Coravin Moments pour b\u00e9n\u00e9ficier<\/p>\n","protected":false},"featured_media":220537,"template":"","meta":{"_acf_changed":false,"inline_featured_image":false},"product_cat":[25982,12782,12754],"product_tag":[21414,21716,21715,16884,23682],"acf":[],"yoast_head":"<!-- This site is optimized with the Yoast SEO Premium plugin v18.6 (Yoast SEO v19.13) - https:\/\/yoast.com\/wordpress\/plugins\/seo\/ -->\n<title>CORAVIN Timeless Eleven Noir<\/title>\n<meta name=\"description\" content=\"D\u00e9couvrez CORAVIN Timeless Eleven Noir sur ErresseShop. Qualit\u00e9, prix r\u00e9duits et achat s\u00e9curis\u00e9 \u2013 commandez d\u00e8s maintenant en ligne !\" \/>\n<meta name=\"robots\" content=\"index, follow, max-snippet:-1, max-image-preview:large, max-video-preview:-1\" \/>\n<link rel=\"canonical\" href=\"https:\/\/www.erresse-shop.it\/fr\/shop\/table-fr-2\/vin\/coravin-timeless-eleven-noir\/\" \/>\n<meta property=\"og:locale\" content=\"fr_FR\" \/>\n<meta property=\"og:type\" content=\"article\" \/>\n<meta property=\"og:title\" content=\"CORAVIN Timeless Eleven Noir\" \/>\n<meta property=\"og:description\" content=\"D\u00e9couvrez CORAVIN Timeless Eleven Noir sur ErresseShop. Qualit\u00e9, prix r\u00e9duits et achat s\u00e9curis\u00e9 \u2013 commandez d\u00e8s maintenant en ligne !\" \/>\n<meta property=\"og:url\" content=\"https:\/\/www.erresse-shop.it\/fr\/shop\/table-fr-2\/vin\/coravin-timeless-eleven-noir\/\" \/>\n<meta property=\"og:site_name\" content=\"Erresse Shop\" \/>\n<meta property=\"article:modified_time\" content=\"2025-01-14T17:34:45+00:00\" \/>\n<meta property=\"og:image\" content=\"https:\/\/www.erresse-shop.it\/wp-content\/uploads\/2022\/12\/IMG_Model-Eleven_Wine-Collectors-Pack.jpeg\" \/>\n\t<meta property=\"og:image:width\" content=\"800\" \/>\n\t<meta property=\"og:image:height\" content=\"800\" \/>\n\t<meta property=\"og:image:type\" content=\"image\/jpeg\" \/>\n<meta name=\"twitter:card\" content=\"summary_large_image\" \/>\n<script type=\"application\/ld+json\" class=\"yoast-schema-graph\">{\"@context\":\"https:\/\/schema.org\",\"@graph\":[{\"@type\":\"WebPage\",\"@id\":\"https:\/\/www.erresse-shop.it\/fr\/shop\/table-fr-2\/vin\/coravin-timeless-eleven-noir\/\",\"url\":\"https:\/\/www.erresse-shop.it\/fr\/shop\/table-fr-2\/vin\/coravin-timeless-eleven-noir\/\",\"name\":\"CORAVIN Timeless Eleven Noir\",\"isPartOf\":{\"@id\":\"https:\/\/www.erresse-shop.it\/fr\/#website\"},\"datePublished\":\"2022-12-14T13:29:07+00:00\",\"dateModified\":\"2025-01-14T17:34:45+00:00\",\"description\":\"D\u00e9couvrez CORAVIN Timeless Eleven Noir sur ErresseShop. Qualit\u00e9, prix r\u00e9duits et achat s\u00e9curis\u00e9 \u2013 commandez d\u00e8s maintenant en ligne !\",\"breadcrumb\":{\"@id\":\"https:\/\/www.erresse-shop.it\/fr\/shop\/table-fr-2\/vin\/coravin-timeless-eleven-noir\/#breadcrumb\"},\"inLanguage\":\"fr-FR\",\"potentialAction\":[{\"@type\":\"ReadAction\",\"target\":[\"https:\/\/www.erresse-shop.it\/fr\/shop\/table-fr-2\/vin\/coravin-timeless-eleven-noir\/\"]}]},{\"@type\":\"BreadcrumbList\",\"@id\":\"https:\/\/www.erresse-shop.it\/fr\/shop\/table-fr-2\/vin\/coravin-timeless-eleven-noir\/#breadcrumb\",\"itemListElement\":[{\"@type\":\"ListItem\",\"position\":1,\"name\":\"Home\",\"item\":\"https:\/\/www.erresse-shop.it\/fr\/\"},{\"@type\":\"ListItem\",\"position\":2,\"name\":\"Shop\",\"item\":\"https:\/\/www.erresse-shop.it\/fr\/shop\/\"},{\"@type\":\"ListItem\",\"position\":3,\"name\":\"CORAVIN Timeless Eleven Noir\"}]},{\"@type\":\"WebSite\",\"@id\":\"https:\/\/www.erresse-shop.it\/fr\/#website\",\"url\":\"https:\/\/www.erresse-shop.it\/fr\/\",\"name\":\"Erresse Shop\",\"description\":\"Articoli di qualit\u00e0 per la casa\",\"potentialAction\":[{\"@type\":\"SearchAction\",\"target\":{\"@type\":\"EntryPoint\",\"urlTemplate\":\"https:\/\/www.erresse-shop.it\/fr\/?s={search_term_string}\"},\"query-input\":\"required name=search_term_string\"}],\"inLanguage\":\"fr-FR\"}]}<\/script>\n<!-- \/ Yoast SEO Premium plugin. -->","yoast_head_json":{"title":"CORAVIN Timeless Eleven Noir","description":"D\u00e9couvrez CORAVIN Timeless Eleven Noir sur ErresseShop. Qualit\u00e9, prix r\u00e9duits et achat s\u00e9curis\u00e9 \u2013 commandez d\u00e8s maintenant en ligne !","robots":{"index":"index","follow":"follow","max-snippet":"max-snippet:-1","max-image-preview":"max-image-preview:large","max-video-preview":"max-video-preview:-1"},"canonical":"https:\/\/www.erresse-shop.it\/fr\/shop\/table-fr-2\/vin\/coravin-timeless-eleven-noir\/","og_locale":"fr_FR","og_type":"article","og_title":"CORAVIN Timeless Eleven Noir","og_description":"D\u00e9couvrez CORAVIN Timeless Eleven Noir sur ErresseShop. Qualit\u00e9, prix r\u00e9duits et achat s\u00e9curis\u00e9 \u2013 commandez d\u00e8s maintenant en ligne !","og_url":"https:\/\/www.erresse-shop.it\/fr\/shop\/table-fr-2\/vin\/coravin-timeless-eleven-noir\/","og_site_name":"Erresse Shop","article_modified_time":"2025-01-14T17:34:45+00:00","og_image":[{"width":800,"height":800,"url":"https:\/\/www.erresse-shop.it\/wp-content\/uploads\/2022\/12\/IMG_Model-Eleven_Wine-Collectors-Pack.jpeg","type":"image\/jpeg"}],"twitter_card":"summary_large_image","schema":{"@context":"https:\/\/schema.org","@graph":[{"@type":"WebPage","@id":"https:\/\/www.erresse-shop.it\/fr\/shop\/table-fr-2\/vin\/coravin-timeless-eleven-noir\/","url":"https:\/\/www.erresse-shop.it\/fr\/shop\/table-fr-2\/vin\/coravin-timeless-eleven-noir\/","name":"CORAVIN Timeless Eleven Noir","isPartOf":{"@id":"https:\/\/www.erresse-shop.it\/fr\/#website"},"datePublished":"2022-12-14T13:29:07+00:00","dateModified":"2025-01-14T17:34:45+00:00","description":"D\u00e9couvrez CORAVIN Timeless Eleven Noir sur ErresseShop. Qualit\u00e9, prix r\u00e9duits et achat s\u00e9curis\u00e9 \u2013 commandez d\u00e8s maintenant en ligne !","breadcrumb":{"@id":"https:\/\/www.erresse-shop.it\/fr\/shop\/table-fr-2\/vin\/coravin-timeless-eleven-noir\/#breadcrumb"},"inLanguage":"fr-FR","potentialAction":[{"@type":"ReadAction","target":["https:\/\/www.erresse-shop.it\/fr\/shop\/table-fr-2\/vin\/coravin-timeless-eleven-noir\/"]}]},{"@type":"BreadcrumbList","@id":"https:\/\/www.erresse-shop.it\/fr\/shop\/table-fr-2\/vin\/coravin-timeless-eleven-noir\/#breadcrumb","itemListElement":[{"@type":"ListItem","position":1,"name":"Home","item":"https:\/\/www.erresse-shop.it\/fr\/"},{"@type":"ListItem","position":2,"name":"Shop","item":"https:\/\/www.erresse-shop.it\/fr\/shop\/"},{"@type":"ListItem","position":3,"name":"CORAVIN Timeless Eleven Noir"}]},{"@type":"WebSite","@id":"https:\/\/www.erresse-shop.it\/fr\/#website","url":"https:\/\/www.erresse-shop.it\/fr\/","name":"Erresse Shop","description":"Articoli di qualit\u00e0 per la casa","potentialAction":[{"@type":"SearchAction","target":{"@type":"EntryPoint","urlTemplate":"https:\/\/www.erresse-shop.it\/fr\/?s={search_term_string}"},"query-input":"required name=search_term_string"}],"inLanguage":"fr-FR"}]}},"df_price":419.92999999999995,"df_sale_price":419.92999999999995,"df_regular_price":599.9,"df_image_link":"https:\/\/www.erresse-shop.it\/wp-content\/uploads\/2022\/12\/IMG_Model-Eleven_Wine-Collectors-Pack-300x300.jpeg","_links":{"self":[{"href":"https:\/\/www.erresse-shop.it\/fr\/wp-json\/wp\/v2\/product\/220518"}],"collection":[{"href":"https:\/\/www.erresse-shop.it\/fr\/wp-json\/wp\/v2\/product"}],"about":[{"href":"https:\/\/www.erresse-shop.it\/fr\/wp-json\/wp\/v2\/types\/product"}],"wp:featuredmedia":[{"embeddable":true,"href":"https:\/\/www.erresse-shop.it\/fr\/wp-json\/wp\/v2\/media\/220537"}],"wp:attachment":[{"href":"https:\/\/www.erresse-shop.it\/fr\/wp-json\/wp\/v2\/media?parent=220518"}],"wp:term":[{"taxonomy":"product_cat","embeddable":true,"href":"https:\/\/www.erresse-shop.it\/fr\/wp-json\/wp\/v2\/product_cat?post=220518"},{"taxonomy":"product_tag","embeddable":true,"href":"https:\/\/www.erresse-shop.it\/fr\/wp-json\/wp\/v2\/product_tag?post=220518"}],"curies":[{"name":"wp","href":"https:\/\/api.w.org\/{rel}","templated":true}]}}