{"id":220405,"date":"2022-12-14T11:02:23","date_gmt":"2022-12-14T11:02:27","guid":{"rendered":"https:\/\/www.erresse-shop.it\/?post_type=product&#038;p=220405"},"modified":"2025-05-21T13:21:35","modified_gmt":"2025-05-21T13:21:35","slug":"coravin-pivot-noir","status":"publish","type":"product","link":"https:\/\/www.erresse-shop.it\/fr\/shop\/table-fr-2\/vin\/coravin-pivot-noir\/","title":{"rendered":"CORAVIN Pivot+ Noir"},"content":{"rendered":"<p>Versez vos vins pr\u00e9f\u00e9r\u00e9s sans jamais retirer le bouchon. Le Coravin Timeless Six porte l&#8217;\u00e9l\u00e9gance \u00e0 un niveau sup\u00e9rieur en vous permettant de choisir parmi une vari\u00e9t\u00e9 de couleurs sophistiqu\u00e9es, toutes dot\u00e9es de finitions brillantes, d&#8217;accents m\u00e9talliques et d&#8217;une gamme d&#8217;accessoires haut de gamme. Il suffit d&#8217;ins\u00e9rer, d&#8217;incliner et de verser autant de vin que vous le souhaitez tout en conservant tranquillement le reste de la bouteille pendant des semaines, des mois, voire des ann\u00e9es. Cet \u00e9l\u00e9gant syst\u00e8me de stockage du vin est parfait pour les connaisseurs mais aussi pour tous les amateurs de vin.<\/p>\n<p><strong>SYST\u00c8ME DE CONSERVATION DU VIN:<\/strong> pr\u00e9servez la saveur, la couleur et l&#8217;ar\u00f4me de votre vin rouge ou blanc jusqu&#8217;\u00e0 4 semaines en utilisant le syst\u00e8me de conservation du vin Pivot Plus et l&#8217;accessoire a\u00e9rateur Pivot.<br \/>\n<strong>Savourez le vin \u00e0 votre guise:<\/strong> les amateurs de vin peuvent d\u00e9guster autant ou aussi peu de vin qu&#8217;ils le souhaitent sans la pression de finir la bouteille en une seule s\u00e9ance &#8211; il dure plus longtemps.<br \/>\n<strong>PROT\u00c9GE LE VIN DE L&#8217;OXYDATION:<\/strong> le syst\u00e8me Pivot remplace l&#8217;oxyg\u00e8ne dans une bouteille ouverte par du gaz argon pur de qualit\u00e9 alimentaire, de sorte que votre vin reste frais plus longtemps.<br \/>\n<strong>GARDE LA FRA\u00ceCHEUR DU VIN:<\/strong> il suffit de remplacer le bouchon de li\u00e8ge ou la capsule \u00e0 vis par un bouchon, de connecter l&#8217;a\u00e9rateur au dispositif de pivotement, puis d&#8217;ins\u00e9rer le dispositif lorsque vous \u00eates pr\u00eat \u00e0 verser. Lorsque vous avez termin\u00e9, retirez le dispositif et fermez le bouchon.<br \/>\n<strong>CONTENU DU PACKAGE:<\/strong> 1 dispositif de pivot, 2 bouchons de pivot, 2 capsules Coravin Pure et 1 a\u00e9rateur de pivot.<\/p>\n<p>Le syst\u00e8me Pivot\u2122+ combine la pr\u00e9servation du vin avec une oxyg\u00e9nation parfaite. Gr\u00e2ce \u00e0 l&#8217;a\u00e9rateur Pivot (inclus), un effet de d\u00e9cantation de 90 minutes peut \u00eatre obtenu pendant le versement, ce qui rehaussera la saveur et l&#8217;ar\u00f4me de notre vin. La quantit\u00e9 restante dans la bouteille peut ensuite \u00eatre consomm\u00e9e au cours des 4 semaines suivantes avec la garantie que le dernier verre sera aussi parfait que le premier. Adaptez le vin \u00e0 votre humeur, au plat du jour ou \u00e0 la m\u00e9t\u00e9o, c&#8217;est vous qui choisissez.<\/p>\n<p><strong>Pour les n\u00e9ophytes et les enthousiastes<\/strong><br \/>\nLe syst\u00e8me Pivot est la solution id\u00e9ale pour les &#8220;amateurs occasionnels&#8221; et les &#8220;amateurs en herbe&#8221;.<\/p>\n<p><strong>Dur\u00e9e de vie des capsules<\/strong><br \/>\nChaque capsule vous permet de verser jusqu&#8217;\u00e0 vingt verres de vin de 150 ml.<\/p>\n<p><strong>Design unique<\/strong><br \/>\nOuvrez la bouteille, remplacez le bouchon d&#8217;origine par le Stopper Pivot et savourez un ou plusieurs verres de vin uniquement quand vous le souhaitez.<\/p>\n<p><strong>Mat\u00e9riaux<\/strong><\/p>\n<ul>\n<li>Dispositif Pivot\u2122 : plastique moul\u00e9 par injection, acier inoxydable, \u00e9lastom\u00e8res.<\/li>\n<li>A\u00e9rateur Pivot\u2122 : Elastom\u00e8res, acier inoxydable<\/li>\n<li>Bouchon Pivot\u2122 : plastique moul\u00e9 par injection.<\/li>\n<li>Capsules Coravin Pure\u2122 Argon : acier recyclable, gaz argon 100 % pur, caoutchouc synth\u00e9tique, nylon renforc\u00e9 de fibre de verre.<\/li>\n<li>Housse de bouteille : Polyester<\/li>\n<\/ul>\n<div class=\"su-youtube su-u-responsive-media-yes\"><iframe loading=\"lazy\" width=\"200\" height=\"200\" src=\"https:\/\/www.youtube.com\/embed\/l8foetvN05I?\" frameborder=\"0\" allowfullscreen allow=\"autoplay; encrypted-media; picture-in-picture\" title=\"\"><\/iframe><\/div>\n","protected":false},"excerpt":{"rendered":"<p>Versez vos vins pr\u00e9f\u00e9r\u00e9s sans jamais retirer le bouchon. Le Coravin Timeless Six porte l&#8217;\u00e9l\u00e9gance \u00e0 un niveau sup\u00e9rieur en<\/p>\n","protected":false},"featured_media":500457,"template":"","meta":{"_acf_changed":false,"inline_featured_image":false},"product_cat":[25982,12782,12754],"product_tag":[25036,25021,24397,21715,16884],"acf":[],"yoast_head":"<!-- This site is optimized with the Yoast SEO Premium plugin v18.6 (Yoast SEO v19.13) - https:\/\/yoast.com\/wordpress\/plugins\/seo\/ -->\n<title>CORAVIN Pivot\u2122+ Noir<\/title>\n<meta name=\"description\" content=\"D\u00e9couvrez CORAVIN Pivot\u2122+ Noir sur ErresseShop. Qualit\u00e9, prix r\u00e9duits et achat s\u00e9curis\u00e9 \u2013 commandez d\u00e8s maintenant en ligne !\" \/>\n<meta name=\"robots\" content=\"index, follow, max-snippet:-1, max-image-preview:large, max-video-preview:-1\" \/>\n<link rel=\"canonical\" href=\"https:\/\/www.erresse-shop.it\/fr\/shop\/table-fr-2\/vin\/coravin-pivot-noir\/\" \/>\n<meta property=\"og:locale\" content=\"fr_FR\" \/>\n<meta property=\"og:type\" content=\"article\" \/>\n<meta property=\"og:title\" content=\"CORAVIN Pivot+ Noir\" \/>\n<meta property=\"og:description\" content=\"D\u00e9couvrez CORAVIN Pivot\u2122+ Noir sur ErresseShop. Qualit\u00e9, prix r\u00e9duits et achat s\u00e9curis\u00e9 \u2013 commandez d\u00e8s maintenant en ligne !\" \/>\n<meta property=\"og:url\" content=\"https:\/\/www.erresse-shop.it\/fr\/shop\/table-fr-2\/vin\/coravin-pivot-noir\/\" \/>\n<meta property=\"og:site_name\" content=\"Erresse Shop\" \/>\n<meta property=\"article:modified_time\" content=\"2025-05-21T13:21:35+00:00\" \/>\n<meta property=\"og:image\" content=\"https:\/\/www.erresse-shop.it\/wp-content\/uploads\/2022\/12\/CORAVIN-Pivot-Nero.jpg\" \/>\n\t<meta property=\"og:image:width\" content=\"1200\" \/>\n\t<meta property=\"og:image:height\" content=\"1200\" \/>\n\t<meta property=\"og:image:type\" content=\"image\/jpeg\" \/>\n<meta name=\"twitter:card\" content=\"summary_large_image\" \/>\n<script type=\"application\/ld+json\" class=\"yoast-schema-graph\">{\"@context\":\"https:\/\/schema.org\",\"@graph\":[{\"@type\":\"WebPage\",\"@id\":\"https:\/\/www.erresse-shop.it\/fr\/shop\/table-fr-2\/vin\/coravin-pivot-noir\/\",\"url\":\"https:\/\/www.erresse-shop.it\/fr\/shop\/table-fr-2\/vin\/coravin-pivot-noir\/\",\"name\":\"CORAVIN Pivot\u2122+ Noir\",\"isPartOf\":{\"@id\":\"https:\/\/www.erresse-shop.it\/fr\/#website\"},\"datePublished\":\"2022-12-14T11:02:27+00:00\",\"dateModified\":\"2025-05-21T13:21:35+00:00\",\"description\":\"D\u00e9couvrez CORAVIN Pivot\u2122+ Noir sur ErresseShop. Qualit\u00e9, prix r\u00e9duits et achat s\u00e9curis\u00e9 \u2013 commandez d\u00e8s maintenant en ligne !\",\"breadcrumb\":{\"@id\":\"https:\/\/www.erresse-shop.it\/fr\/shop\/table-fr-2\/vin\/coravin-pivot-noir\/#breadcrumb\"},\"inLanguage\":\"fr-FR\",\"potentialAction\":[{\"@type\":\"ReadAction\",\"target\":[\"https:\/\/www.erresse-shop.it\/fr\/shop\/table-fr-2\/vin\/coravin-pivot-noir\/\"]}]},{\"@type\":\"BreadcrumbList\",\"@id\":\"https:\/\/www.erresse-shop.it\/fr\/shop\/table-fr-2\/vin\/coravin-pivot-noir\/#breadcrumb\",\"itemListElement\":[{\"@type\":\"ListItem\",\"position\":1,\"name\":\"Home\",\"item\":\"https:\/\/www.erresse-shop.it\/fr\/\"},{\"@type\":\"ListItem\",\"position\":2,\"name\":\"Shop\",\"item\":\"https:\/\/www.erresse-shop.it\/fr\/shop\/\"},{\"@type\":\"ListItem\",\"position\":3,\"name\":\"CORAVIN Pivot+ Noir\"}]},{\"@type\":\"WebSite\",\"@id\":\"https:\/\/www.erresse-shop.it\/fr\/#website\",\"url\":\"https:\/\/www.erresse-shop.it\/fr\/\",\"name\":\"Erresse Shop\",\"description\":\"Articoli di qualit\u00e0 per la casa\",\"potentialAction\":[{\"@type\":\"SearchAction\",\"target\":{\"@type\":\"EntryPoint\",\"urlTemplate\":\"https:\/\/www.erresse-shop.it\/fr\/?s={search_term_string}\"},\"query-input\":\"required name=search_term_string\"}],\"inLanguage\":\"fr-FR\"}]}<\/script>\n<!-- \/ Yoast SEO Premium plugin. -->","yoast_head_json":{"title":"CORAVIN Pivot\u2122+ Noir","description":"D\u00e9couvrez CORAVIN Pivot\u2122+ Noir sur ErresseShop. Qualit\u00e9, prix r\u00e9duits et achat s\u00e9curis\u00e9 \u2013 commandez d\u00e8s maintenant en ligne !","robots":{"index":"index","follow":"follow","max-snippet":"max-snippet:-1","max-image-preview":"max-image-preview:large","max-video-preview":"max-video-preview:-1"},"canonical":"https:\/\/www.erresse-shop.it\/fr\/shop\/table-fr-2\/vin\/coravin-pivot-noir\/","og_locale":"fr_FR","og_type":"article","og_title":"CORAVIN Pivot+ Noir","og_description":"D\u00e9couvrez CORAVIN Pivot\u2122+ Noir sur ErresseShop. Qualit\u00e9, prix r\u00e9duits et achat s\u00e9curis\u00e9 \u2013 commandez d\u00e8s maintenant en ligne !","og_url":"https:\/\/www.erresse-shop.it\/fr\/shop\/table-fr-2\/vin\/coravin-pivot-noir\/","og_site_name":"Erresse Shop","article_modified_time":"2025-05-21T13:21:35+00:00","og_image":[{"width":1200,"height":1200,"url":"https:\/\/www.erresse-shop.it\/wp-content\/uploads\/2022\/12\/CORAVIN-Pivot-Nero.jpg","type":"image\/jpeg"}],"twitter_card":"summary_large_image","schema":{"@context":"https:\/\/schema.org","@graph":[{"@type":"WebPage","@id":"https:\/\/www.erresse-shop.it\/fr\/shop\/table-fr-2\/vin\/coravin-pivot-noir\/","url":"https:\/\/www.erresse-shop.it\/fr\/shop\/table-fr-2\/vin\/coravin-pivot-noir\/","name":"CORAVIN Pivot\u2122+ Noir","isPartOf":{"@id":"https:\/\/www.erresse-shop.it\/fr\/#website"},"datePublished":"2022-12-14T11:02:27+00:00","dateModified":"2025-05-21T13:21:35+00:00","description":"D\u00e9couvrez CORAVIN Pivot\u2122+ Noir sur ErresseShop. Qualit\u00e9, prix r\u00e9duits et achat s\u00e9curis\u00e9 \u2013 commandez d\u00e8s maintenant en ligne !","breadcrumb":{"@id":"https:\/\/www.erresse-shop.it\/fr\/shop\/table-fr-2\/vin\/coravin-pivot-noir\/#breadcrumb"},"inLanguage":"fr-FR","potentialAction":[{"@type":"ReadAction","target":["https:\/\/www.erresse-shop.it\/fr\/shop\/table-fr-2\/vin\/coravin-pivot-noir\/"]}]},{"@type":"BreadcrumbList","@id":"https:\/\/www.erresse-shop.it\/fr\/shop\/table-fr-2\/vin\/coravin-pivot-noir\/#breadcrumb","itemListElement":[{"@type":"ListItem","position":1,"name":"Home","item":"https:\/\/www.erresse-shop.it\/fr\/"},{"@type":"ListItem","position":2,"name":"Shop","item":"https:\/\/www.erresse-shop.it\/fr\/shop\/"},{"@type":"ListItem","position":3,"name":"CORAVIN Pivot+ Noir"}]},{"@type":"WebSite","@id":"https:\/\/www.erresse-shop.it\/fr\/#website","url":"https:\/\/www.erresse-shop.it\/fr\/","name":"Erresse Shop","description":"Articoli di qualit\u00e0 per la casa","potentialAction":[{"@type":"SearchAction","target":{"@type":"EntryPoint","urlTemplate":"https:\/\/www.erresse-shop.it\/fr\/?s={search_term_string}"},"query-input":"required name=search_term_string"}],"inLanguage":"fr-FR"}]}},"df_price":139.993,"df_sale_price":139.993,"df_regular_price":199.99,"df_image_link":"https:\/\/www.erresse-shop.it\/wp-content\/uploads\/2022\/12\/CORAVIN-Pivot-Nero-300x300.jpg","_links":{"self":[{"href":"https:\/\/www.erresse-shop.it\/fr\/wp-json\/wp\/v2\/product\/220405"}],"collection":[{"href":"https:\/\/www.erresse-shop.it\/fr\/wp-json\/wp\/v2\/product"}],"about":[{"href":"https:\/\/www.erresse-shop.it\/fr\/wp-json\/wp\/v2\/types\/product"}],"wp:featuredmedia":[{"embeddable":true,"href":"https:\/\/www.erresse-shop.it\/fr\/wp-json\/wp\/v2\/media\/500457"}],"wp:attachment":[{"href":"https:\/\/www.erresse-shop.it\/fr\/wp-json\/wp\/v2\/media?parent=220405"}],"wp:term":[{"taxonomy":"product_cat","embeddable":true,"href":"https:\/\/www.erresse-shop.it\/fr\/wp-json\/wp\/v2\/product_cat?post=220405"},{"taxonomy":"product_tag","embeddable":true,"href":"https:\/\/www.erresse-shop.it\/fr\/wp-json\/wp\/v2\/product_tag?post=220405"}],"curies":[{"name":"wp","href":"https:\/\/api.w.org\/{rel}","templated":true}]}}