{"id":219307,"date":"2022-12-14T08:49:40","date_gmt":"2022-12-14T08:49:40","guid":{"rendered":"https:\/\/www.erresse-shop.it\/?post_type=product&#038;p=219307"},"modified":"2025-01-14T17:33:42","modified_gmt":"2025-01-14T17:33:42","slug":"cilio-presse-agrumes-amalfi-noir","status":"publish","type":"product","link":"https:\/\/www.erresse-shop.it\/fr\/shop\/petits-electromenagers\/presse-agrumes\/cilio-presse-agrumes-amalfi-noir\/","title":{"rendered":"CILIO Presse-agrumes Amalfi noir"},"content":{"rendered":"<p>Jus d&#8217;orange ou jus de citron &#8211; fra\u00eechement press\u00e9 ?<br \/>\nAvec le presse-agrumes Cilio Amalfi, vous pouvez transformer les agrumes en jus d\u00e9licieux en un rien de temps.<\/p>\n<ul>\n<li>25% de jus en plus qu&#8217;un extracteur de jus classique.<\/li>\n<li>Convient \u00e0 tous les types d&#8217;agrumes.<\/li>\n<li>Facile \u00e0 utiliser<\/li>\n<li>Syst\u00e8me d&#8217;extraction de jus \u00e0 l&#8217;aide d&#8217;un levier<\/li>\n<li>Quatre pieds \u00e0 ventouse garantissent une position s\u00fbre.<\/li>\n<li>Pratique : les graines et la pulpe restent dans le c\u00f4ne press\u00e9 !<\/li>\n<li>Qualit\u00e9 professionnelle : l&#8217;acier inoxydable robuste est non seulement \u00e9l\u00e9gant et styl\u00e9, mais aussi durable et tr\u00e8s robuste.<\/li>\n<\/ul>\n<p><strong>Les presse-agrumes professionnels ne sont pas seulement un \u00e9l\u00e9ment de design dans chaque cuisine, ils impressionnent \u00e9galement par leur fonctionnalit\u00e9 et leur qualit\u00e9 parfaites.\u00a0 \u00a0 \u00a0 \u00a0 \u00a0 \u00a0 \u00a0 \u00a0<\/strong><\/p>\n<p><strong>FRAIS, D\u00c9LICIEUX ET SAINS :<\/strong><\/p>\n<ul>\n<li>Les jus de fruits fra\u00eechement press\u00e9s sont non seulement sains, mais aussi d\u00e9licieux. Avec le presse-agrumes professionnel Amalfi de Cilio, tous les jus d&#8217;agrumes peuvent \u00eatre press\u00e9s sans effort, partout et sans \u00e9lectricit\u00e9.<\/li>\n<li>L&#8217;avantage du presse-agrumes manuel est que par rapport aux presse-agrumes \u00e9lectriques, beaucoup moins de substances am\u00e8res sont press\u00e9es dans le bol et le jus reste doux et fruit\u00e9.<\/li>\n<\/ul>\n<p><strong>QUALIT\u00c9 SUP\u00c9RIEURE POUR UN R\u00c9SULTAT EXCEPTIONNEL:<\/strong><\/p>\n<ul>\n<li>Des jus faciles \u00e0 pr\u00e9parer avec un minimum d&#8217;effort. La transmission m\u00e9canique de la force est bas\u00e9e sur l&#8217;ancienne loi physique de l&#8217;effet de levier.<\/li>\n<li>La longue poign\u00e9e avec une transmission sophistiqu\u00e9e garantit un pressage facile sans grand effort.<\/li>\n<\/ul>\n<p><strong>ENTONNOIR ET C\u00d4NE EN ACIER MOUL\u00c9 SOUS PRESSION:<\/strong><\/p>\n<ul>\n<li>Le c\u00f4ne de pressage de haute qualit\u00e9 garantit la meilleure efficacit\u00e9 possible du jus. L&#8217;entonnoir et le c\u00f4ne sont en acier inoxydable, faciles \u00e0 retirer et lavables au lave-vaisselle.<\/li>\n<\/ul>\n<p><strong>Sp\u00e9cifications du produit<\/strong><\/p>\n<p><strong>Marque:<\/strong> Cilio<br \/>\n<strong>Couleur:<\/strong> Noir<br \/>\n<strong>Mat\u00e9riau:<\/strong> acier<br \/>\n<strong>Entretien du produit:<\/strong> va au lave-vaisselle<br \/>\n<strong>Poids du produit:<\/strong> 4,5 Kg<br \/>\n<strong>Mat\u00e9riau de la lame:<\/strong> Acier inoxydable<br \/>\n<strong>Dimensions du produit:<\/strong> 18 X 23 X 40\/72 cm<\/p>\n","protected":false},"excerpt":{"rendered":"<p>Jus d&#8217;orange ou jus de citron &#8211; fra\u00eechement press\u00e9 ? Avec le presse-agrumes Cilio Amalfi, vous pouvez transformer les agrumes<\/p>\n","protected":false},"featured_media":219291,"template":"","meta":{"_acf_changed":false,"inline_featured_image":false},"product_cat":[12449,12769],"product_tag":[25026,25021,21678,13252,24603],"acf":[],"yoast_head":"<!-- This site is optimized with the Yoast SEO Premium plugin v18.6 (Yoast SEO v19.13) - https:\/\/yoast.com\/wordpress\/plugins\/seo\/ -->\n<title>CILIO Presse-agrumes Amalfi noir<\/title>\n<meta name=\"description\" content=\"D\u00e9couvrez CILIO Presse-agrumes Amalfi noir sur ErresseShop. Qualit\u00e9, prix r\u00e9duits et achat s\u00e9curis\u00e9 \u2013 commandez d\u00e8s maintenant en ligne !\" \/>\n<meta name=\"robots\" content=\"index, follow, max-snippet:-1, max-image-preview:large, max-video-preview:-1\" \/>\n<link rel=\"canonical\" href=\"https:\/\/www.erresse-shop.it\/fr\/shop\/petits-electromenagers\/presse-agrumes\/cilio-presse-agrumes-amalfi-noir\/\" \/>\n<meta property=\"og:locale\" content=\"fr_FR\" \/>\n<meta property=\"og:type\" content=\"article\" \/>\n<meta property=\"og:title\" content=\"CILIO Presse-agrumes Amalfi noir\" \/>\n<meta property=\"og:description\" content=\"D\u00e9couvrez CILIO Presse-agrumes Amalfi noir sur ErresseShop. Qualit\u00e9, prix r\u00e9duits et achat s\u00e9curis\u00e9 \u2013 commandez d\u00e8s maintenant en ligne !\" \/>\n<meta property=\"og:url\" content=\"https:\/\/www.erresse-shop.it\/fr\/shop\/petits-electromenagers\/presse-agrumes\/cilio-presse-agrumes-amalfi-noir\/\" \/>\n<meta property=\"og:site_name\" content=\"Erresse Shop\" \/>\n<meta property=\"article:modified_time\" content=\"2025-01-14T17:33:42+00:00\" \/>\n<meta property=\"og:image\" content=\"https:\/\/www.erresse-shop.it\/wp-content\/uploads\/2022\/12\/amalfi-nero.jpg\" \/>\n\t<meta property=\"og:image:width\" content=\"1535\" \/>\n\t<meta property=\"og:image:height\" content=\"1535\" \/>\n\t<meta property=\"og:image:type\" content=\"image\/jpeg\" \/>\n<meta name=\"twitter:card\" content=\"summary_large_image\" \/>\n<script type=\"application\/ld+json\" class=\"yoast-schema-graph\">{\"@context\":\"https:\/\/schema.org\",\"@graph\":[{\"@type\":\"WebPage\",\"@id\":\"https:\/\/www.erresse-shop.it\/fr\/shop\/petits-electromenagers\/presse-agrumes\/cilio-presse-agrumes-amalfi-noir\/\",\"url\":\"https:\/\/www.erresse-shop.it\/fr\/shop\/petits-electromenagers\/presse-agrumes\/cilio-presse-agrumes-amalfi-noir\/\",\"name\":\"CILIO Presse-agrumes Amalfi noir\",\"isPartOf\":{\"@id\":\"https:\/\/www.erresse-shop.it\/fr\/#website\"},\"datePublished\":\"2022-12-14T08:49:40+00:00\",\"dateModified\":\"2025-01-14T17:33:42+00:00\",\"description\":\"D\u00e9couvrez CILIO Presse-agrumes Amalfi noir sur ErresseShop. Qualit\u00e9, prix r\u00e9duits et achat s\u00e9curis\u00e9 \u2013 commandez d\u00e8s maintenant en ligne !\",\"breadcrumb\":{\"@id\":\"https:\/\/www.erresse-shop.it\/fr\/shop\/petits-electromenagers\/presse-agrumes\/cilio-presse-agrumes-amalfi-noir\/#breadcrumb\"},\"inLanguage\":\"fr-FR\",\"potentialAction\":[{\"@type\":\"ReadAction\",\"target\":[\"https:\/\/www.erresse-shop.it\/fr\/shop\/petits-electromenagers\/presse-agrumes\/cilio-presse-agrumes-amalfi-noir\/\"]}]},{\"@type\":\"BreadcrumbList\",\"@id\":\"https:\/\/www.erresse-shop.it\/fr\/shop\/petits-electromenagers\/presse-agrumes\/cilio-presse-agrumes-amalfi-noir\/#breadcrumb\",\"itemListElement\":[{\"@type\":\"ListItem\",\"position\":1,\"name\":\"Home\",\"item\":\"https:\/\/www.erresse-shop.it\/fr\/\"},{\"@type\":\"ListItem\",\"position\":2,\"name\":\"Shop\",\"item\":\"https:\/\/www.erresse-shop.it\/fr\/shop\/\"},{\"@type\":\"ListItem\",\"position\":3,\"name\":\"CILIO Presse-agrumes Amalfi noir\"}]},{\"@type\":\"WebSite\",\"@id\":\"https:\/\/www.erresse-shop.it\/fr\/#website\",\"url\":\"https:\/\/www.erresse-shop.it\/fr\/\",\"name\":\"Erresse Shop\",\"description\":\"Articoli di qualit\u00e0 per la casa\",\"potentialAction\":[{\"@type\":\"SearchAction\",\"target\":{\"@type\":\"EntryPoint\",\"urlTemplate\":\"https:\/\/www.erresse-shop.it\/fr\/?s={search_term_string}\"},\"query-input\":\"required name=search_term_string\"}],\"inLanguage\":\"fr-FR\"}]}<\/script>\n<!-- \/ Yoast SEO Premium plugin. -->","yoast_head_json":{"title":"CILIO Presse-agrumes Amalfi noir","description":"D\u00e9couvrez CILIO Presse-agrumes Amalfi noir sur ErresseShop. Qualit\u00e9, prix r\u00e9duits et achat s\u00e9curis\u00e9 \u2013 commandez d\u00e8s maintenant en ligne !","robots":{"index":"index","follow":"follow","max-snippet":"max-snippet:-1","max-image-preview":"max-image-preview:large","max-video-preview":"max-video-preview:-1"},"canonical":"https:\/\/www.erresse-shop.it\/fr\/shop\/petits-electromenagers\/presse-agrumes\/cilio-presse-agrumes-amalfi-noir\/","og_locale":"fr_FR","og_type":"article","og_title":"CILIO Presse-agrumes Amalfi noir","og_description":"D\u00e9couvrez CILIO Presse-agrumes Amalfi noir sur ErresseShop. Qualit\u00e9, prix r\u00e9duits et achat s\u00e9curis\u00e9 \u2013 commandez d\u00e8s maintenant en ligne !","og_url":"https:\/\/www.erresse-shop.it\/fr\/shop\/petits-electromenagers\/presse-agrumes\/cilio-presse-agrumes-amalfi-noir\/","og_site_name":"Erresse Shop","article_modified_time":"2025-01-14T17:33:42+00:00","og_image":[{"width":1535,"height":1535,"url":"https:\/\/www.erresse-shop.it\/wp-content\/uploads\/2022\/12\/amalfi-nero.jpg","type":"image\/jpeg"}],"twitter_card":"summary_large_image","schema":{"@context":"https:\/\/schema.org","@graph":[{"@type":"WebPage","@id":"https:\/\/www.erresse-shop.it\/fr\/shop\/petits-electromenagers\/presse-agrumes\/cilio-presse-agrumes-amalfi-noir\/","url":"https:\/\/www.erresse-shop.it\/fr\/shop\/petits-electromenagers\/presse-agrumes\/cilio-presse-agrumes-amalfi-noir\/","name":"CILIO Presse-agrumes Amalfi noir","isPartOf":{"@id":"https:\/\/www.erresse-shop.it\/fr\/#website"},"datePublished":"2022-12-14T08:49:40+00:00","dateModified":"2025-01-14T17:33:42+00:00","description":"D\u00e9couvrez CILIO Presse-agrumes Amalfi noir sur ErresseShop. Qualit\u00e9, prix r\u00e9duits et achat s\u00e9curis\u00e9 \u2013 commandez d\u00e8s maintenant en ligne !","breadcrumb":{"@id":"https:\/\/www.erresse-shop.it\/fr\/shop\/petits-electromenagers\/presse-agrumes\/cilio-presse-agrumes-amalfi-noir\/#breadcrumb"},"inLanguage":"fr-FR","potentialAction":[{"@type":"ReadAction","target":["https:\/\/www.erresse-shop.it\/fr\/shop\/petits-electromenagers\/presse-agrumes\/cilio-presse-agrumes-amalfi-noir\/"]}]},{"@type":"BreadcrumbList","@id":"https:\/\/www.erresse-shop.it\/fr\/shop\/petits-electromenagers\/presse-agrumes\/cilio-presse-agrumes-amalfi-noir\/#breadcrumb","itemListElement":[{"@type":"ListItem","position":1,"name":"Home","item":"https:\/\/www.erresse-shop.it\/fr\/"},{"@type":"ListItem","position":2,"name":"Shop","item":"https:\/\/www.erresse-shop.it\/fr\/shop\/"},{"@type":"ListItem","position":3,"name":"CILIO Presse-agrumes Amalfi noir"}]},{"@type":"WebSite","@id":"https:\/\/www.erresse-shop.it\/fr\/#website","url":"https:\/\/www.erresse-shop.it\/fr\/","name":"Erresse Shop","description":"Articoli di qualit\u00e0 per la casa","potentialAction":[{"@type":"SearchAction","target":{"@type":"EntryPoint","urlTemplate":"https:\/\/www.erresse-shop.it\/fr\/?s={search_term_string}"},"query-input":"required name=search_term_string"}],"inLanguage":"fr-FR"}]}},"df_price":169.5,"df_sale_price":169.5,"df_regular_price":189.9,"df_image_link":"https:\/\/www.erresse-shop.it\/wp-content\/uploads\/2022\/12\/amalfi-nero-300x300.jpg","_links":{"self":[{"href":"https:\/\/www.erresse-shop.it\/fr\/wp-json\/wp\/v2\/product\/219307"}],"collection":[{"href":"https:\/\/www.erresse-shop.it\/fr\/wp-json\/wp\/v2\/product"}],"about":[{"href":"https:\/\/www.erresse-shop.it\/fr\/wp-json\/wp\/v2\/types\/product"}],"wp:featuredmedia":[{"embeddable":true,"href":"https:\/\/www.erresse-shop.it\/fr\/wp-json\/wp\/v2\/media\/219291"}],"wp:attachment":[{"href":"https:\/\/www.erresse-shop.it\/fr\/wp-json\/wp\/v2\/media?parent=219307"}],"wp:term":[{"taxonomy":"product_cat","embeddable":true,"href":"https:\/\/www.erresse-shop.it\/fr\/wp-json\/wp\/v2\/product_cat?post=219307"},{"taxonomy":"product_tag","embeddable":true,"href":"https:\/\/www.erresse-shop.it\/fr\/wp-json\/wp\/v2\/product_tag?post=219307"}],"curies":[{"name":"wp","href":"https:\/\/api.w.org\/{rel}","templated":true}]}}