{"id":218336,"date":"2022-12-09T10:37:47","date_gmt":"2022-12-09T10:37:52","guid":{"rendered":"https:\/\/www.erresse-shop.it\/?post_type=product&#038;p=218336"},"modified":"2024-10-17T08:00:07","modified_gmt":"2024-10-17T08:00:07","slug":"joseph-joseph-pocket-plus-planche-a-repasser-pliable-noir","status":"publish","type":"product","link":"https:\/\/www.erresse-shop.it\/fr\/shop\/ameublement-maison\/planches-a-repasser\/joseph-joseph-pocket-plus-planche-a-repasser-pliable-noir\/","title":{"rendered":"JOSEPH JOSEPH Pocket Plus Planche \u00e0 repasser pliable Noir"},"content":{"rendered":"<p><strong>Joseph Joseph<\/strong>, le premier fabricant mondial de produits pour la cuisine et la maison.<br \/>\nFond\u00e9 en 2003, Joseph Joseph fusionne un design innovant avec un style moderne.<br \/>\nL&#8217;utilisation de la couleur caract\u00e9rise ind\u00e9niablement les produits et le design soign\u00e9.<br \/>\nles rend absolument fonctionnels et pratiques.<\/p>\n<p><strong>Caract\u00e9ristiques du produit<\/strong><\/p>\n<ul>\n<li>Conception pliable et compacte<\/li>\n<li>Poche int\u00e9gr\u00e9e pour le rangement du fer \u00e0 repasser<\/li>\n<li>Support de suspension s\u00e9par\u00e9 inclus pour un rangement facile<\/li>\n<li>Couvercle avanc\u00e9 et facile \u00e0 changer avec la technologie Drip Lock<\/li>\n<li>Grande surface de repassage<\/li>\n<\/ul>\n<p><strong>Pr\u00e9cautions et utilisation:<\/strong><\/p>\n<ul>\n<li>Montage mural : un support, des vis et des chevilles sont fournis pour le montage du Pocket sur une surface appropri\u00e9e.<\/li>\n<li>Couvercle : nettoyer uniquement avec un chiffon, ne pas laver en machine.<\/li>\n<li>Cadre : nettoyer avec un chiffon humide, ne pas utiliser d&#8217;\u00e9ponges ou de produits chimiques agressifs.<\/li>\n<li>Attention : laissez le fer refroidir \u00e0 la temp\u00e9rature ambiante avant de le placer dans le sac de rangement.<\/li>\n<li>V\u00e9rifiez que la couverture est s\u00e8che avant de la plier et de la ranger.<\/li>\n<li>Tenir hors de port\u00e9e des enfants lors de l&#8217;utilisation. Rangez-le en toute s\u00e9curit\u00e9 apr\u00e8s utilisation.<\/li>\n<li><strong>La p\u00e9riode de garantie contre les d\u00e9fauts de fabrication est de 5 ans, tous les d\u00e9tails peuvent \u00eatre trouv\u00e9s sur la page de garantie ici, tous les autres composants sont garantis pendant 2 ans.<\/strong><\/li>\n<\/ul>\n<p><strong>Dimensions:<\/strong><br \/>\nFerm\u00e9 : H45,5 x L34 x D15,5 cm (H18 x L13\u00bd x D6\u00bc pouces)<br \/>\nSurface de repassage : H90 x W33cm (H35\u00bd x L13 inches)<br \/>\nLorsqu&#8217;elle est ouverte, la surface de repassage se trouve \u00e0 11 cm du plateau de la table.<\/p>\n<p><strong>Poids:<\/strong><br \/>\n2,68 kg<\/p>\n<p><strong>Composition textile:<\/strong><br \/>\nCouche sup\u00e9rieure du rembourrage : 100% coton<br \/>\nSous-couche de feutre : 100% polyester<br \/>\nCouche imperm\u00e9able : 100% polyester avec rev\u00eatement en polyur\u00e9thane<\/p>\n<p><strong>Con\u00e7u par Joseph Joseph<\/strong><\/p>\n","protected":false},"excerpt":{"rendered":"<p><\/p>\n","protected":false},"featured_media":443134,"template":"","meta":{"_acf_changed":false,"inline_featured_image":false},"product_cat":[12738,18095],"product_tag":[25026,25021,21656],"acf":[],"yoast_head":"<!-- This site is optimized with the Yoast SEO Premium plugin v18.6 (Yoast SEO v19.13) - https:\/\/yoast.com\/wordpress\/plugins\/seo\/ -->\n<title>JOSEPH JOSEPH Pocket Plus Planche \u00e0 repasser pliable Noir - Erresse Shop<\/title>\n<meta name=\"robots\" content=\"index, follow, max-snippet:-1, max-image-preview:large, max-video-preview:-1\" \/>\n<link rel=\"canonical\" href=\"https:\/\/www.erresse-shop.it\/fr\/shop\/ameublement-maison\/planches-a-repasser\/joseph-joseph-pocket-plus-planche-a-repasser-pliable-noir\/\" \/>\n<meta property=\"og:locale\" content=\"fr_FR\" \/>\n<meta property=\"og:type\" content=\"article\" \/>\n<meta property=\"og:title\" content=\"JOSEPH JOSEPH Pocket Plus Planche \u00e0 repasser pliable Noir\" \/>\n<meta property=\"og:url\" content=\"https:\/\/www.erresse-shop.it\/fr\/shop\/ameublement-maison\/planches-a-repasser\/joseph-joseph-pocket-plus-planche-a-repasser-pliable-noir\/\" \/>\n<meta property=\"og:site_name\" content=\"Erresse Shop\" \/>\n<meta property=\"article:modified_time\" content=\"2024-10-17T08:00:07+00:00\" \/>\n<meta property=\"og:image\" content=\"https:\/\/www.erresse-shop.it\/wp-content\/uploads\/2022\/12\/JOSEPH-JOSEPH-Pocket-Plus-Asse-da-Stiro-da-Tavolo-Pieghevole-Nero.jpg\" \/>\n\t<meta property=\"og:image:width\" content=\"1200\" \/>\n\t<meta property=\"og:image:height\" content=\"1200\" \/>\n\t<meta property=\"og:image:type\" content=\"image\/jpeg\" \/>\n<meta name=\"twitter:card\" content=\"summary_large_image\" \/>\n<script type=\"application\/ld+json\" class=\"yoast-schema-graph\">{\"@context\":\"https:\/\/schema.org\",\"@graph\":[{\"@type\":\"WebPage\",\"@id\":\"https:\/\/www.erresse-shop.it\/fr\/shop\/ameublement-maison\/planches-a-repasser\/joseph-joseph-pocket-plus-planche-a-repasser-pliable-noir\/\",\"url\":\"https:\/\/www.erresse-shop.it\/fr\/shop\/ameublement-maison\/planches-a-repasser\/joseph-joseph-pocket-plus-planche-a-repasser-pliable-noir\/\",\"name\":\"JOSEPH JOSEPH Pocket Plus Planche \u00e0 repasser pliable Noir - Erresse Shop\",\"isPartOf\":{\"@id\":\"https:\/\/www.erresse-shop.it\/fr\/#website\"},\"datePublished\":\"2022-12-09T10:37:52+00:00\",\"dateModified\":\"2024-10-17T08:00:07+00:00\",\"breadcrumb\":{\"@id\":\"https:\/\/www.erresse-shop.it\/fr\/shop\/ameublement-maison\/planches-a-repasser\/joseph-joseph-pocket-plus-planche-a-repasser-pliable-noir\/#breadcrumb\"},\"inLanguage\":\"fr-FR\",\"potentialAction\":[{\"@type\":\"ReadAction\",\"target\":[\"https:\/\/www.erresse-shop.it\/fr\/shop\/ameublement-maison\/planches-a-repasser\/joseph-joseph-pocket-plus-planche-a-repasser-pliable-noir\/\"]}]},{\"@type\":\"BreadcrumbList\",\"@id\":\"https:\/\/www.erresse-shop.it\/fr\/shop\/ameublement-maison\/planches-a-repasser\/joseph-joseph-pocket-plus-planche-a-repasser-pliable-noir\/#breadcrumb\",\"itemListElement\":[{\"@type\":\"ListItem\",\"position\":1,\"name\":\"Home\",\"item\":\"https:\/\/www.erresse-shop.it\/fr\/\"},{\"@type\":\"ListItem\",\"position\":2,\"name\":\"Shop\",\"item\":\"https:\/\/www.erresse-shop.it\/fr\/shop\/\"},{\"@type\":\"ListItem\",\"position\":3,\"name\":\"JOSEPH JOSEPH Pocket Plus Planche \u00e0 repasser pliable Noir\"}]},{\"@type\":\"WebSite\",\"@id\":\"https:\/\/www.erresse-shop.it\/fr\/#website\",\"url\":\"https:\/\/www.erresse-shop.it\/fr\/\",\"name\":\"Erresse Shop\",\"description\":\"Articoli di qualit\u00e0 per la casa\",\"potentialAction\":[{\"@type\":\"SearchAction\",\"target\":{\"@type\":\"EntryPoint\",\"urlTemplate\":\"https:\/\/www.erresse-shop.it\/fr\/?s={search_term_string}\"},\"query-input\":\"required name=search_term_string\"}],\"inLanguage\":\"fr-FR\"}]}<\/script>\n<!-- \/ Yoast SEO Premium plugin. -->","yoast_head_json":{"title":"JOSEPH JOSEPH Pocket Plus Planche \u00e0 repasser pliable Noir - Erresse Shop","robots":{"index":"index","follow":"follow","max-snippet":"max-snippet:-1","max-image-preview":"max-image-preview:large","max-video-preview":"max-video-preview:-1"},"canonical":"https:\/\/www.erresse-shop.it\/fr\/shop\/ameublement-maison\/planches-a-repasser\/joseph-joseph-pocket-plus-planche-a-repasser-pliable-noir\/","og_locale":"fr_FR","og_type":"article","og_title":"JOSEPH JOSEPH Pocket Plus Planche \u00e0 repasser pliable Noir","og_url":"https:\/\/www.erresse-shop.it\/fr\/shop\/ameublement-maison\/planches-a-repasser\/joseph-joseph-pocket-plus-planche-a-repasser-pliable-noir\/","og_site_name":"Erresse Shop","article_modified_time":"2024-10-17T08:00:07+00:00","og_image":[{"width":1200,"height":1200,"url":"https:\/\/www.erresse-shop.it\/wp-content\/uploads\/2022\/12\/JOSEPH-JOSEPH-Pocket-Plus-Asse-da-Stiro-da-Tavolo-Pieghevole-Nero.jpg","type":"image\/jpeg"}],"twitter_card":"summary_large_image","schema":{"@context":"https:\/\/schema.org","@graph":[{"@type":"WebPage","@id":"https:\/\/www.erresse-shop.it\/fr\/shop\/ameublement-maison\/planches-a-repasser\/joseph-joseph-pocket-plus-planche-a-repasser-pliable-noir\/","url":"https:\/\/www.erresse-shop.it\/fr\/shop\/ameublement-maison\/planches-a-repasser\/joseph-joseph-pocket-plus-planche-a-repasser-pliable-noir\/","name":"JOSEPH JOSEPH Pocket Plus Planche \u00e0 repasser pliable Noir - Erresse Shop","isPartOf":{"@id":"https:\/\/www.erresse-shop.it\/fr\/#website"},"datePublished":"2022-12-09T10:37:52+00:00","dateModified":"2024-10-17T08:00:07+00:00","breadcrumb":{"@id":"https:\/\/www.erresse-shop.it\/fr\/shop\/ameublement-maison\/planches-a-repasser\/joseph-joseph-pocket-plus-planche-a-repasser-pliable-noir\/#breadcrumb"},"inLanguage":"fr-FR","potentialAction":[{"@type":"ReadAction","target":["https:\/\/www.erresse-shop.it\/fr\/shop\/ameublement-maison\/planches-a-repasser\/joseph-joseph-pocket-plus-planche-a-repasser-pliable-noir\/"]}]},{"@type":"BreadcrumbList","@id":"https:\/\/www.erresse-shop.it\/fr\/shop\/ameublement-maison\/planches-a-repasser\/joseph-joseph-pocket-plus-planche-a-repasser-pliable-noir\/#breadcrumb","itemListElement":[{"@type":"ListItem","position":1,"name":"Home","item":"https:\/\/www.erresse-shop.it\/fr\/"},{"@type":"ListItem","position":2,"name":"Shop","item":"https:\/\/www.erresse-shop.it\/fr\/shop\/"},{"@type":"ListItem","position":3,"name":"JOSEPH JOSEPH Pocket Plus Planche \u00e0 repasser pliable Noir"}]},{"@type":"WebSite","@id":"https:\/\/www.erresse-shop.it\/fr\/#website","url":"https:\/\/www.erresse-shop.it\/fr\/","name":"Erresse Shop","description":"Articoli di qualit\u00e0 per la casa","potentialAction":[{"@type":"SearchAction","target":{"@type":"EntryPoint","urlTemplate":"https:\/\/www.erresse-shop.it\/fr\/?s={search_term_string}"},"query-input":"required name=search_term_string"}],"inLanguage":"fr-FR"}]}},"df_price":96.95,"df_sale_price":96.95,"df_regular_price":139.95,"df_image_link":"https:\/\/www.erresse-shop.it\/wp-content\/uploads\/2022\/12\/JOSEPH-JOSEPH-Pocket-Plus-Asse-da-Stiro-da-Tavolo-Pieghevole-Nero-300x300.jpg","_links":{"self":[{"href":"https:\/\/www.erresse-shop.it\/fr\/wp-json\/wp\/v2\/product\/218336"}],"collection":[{"href":"https:\/\/www.erresse-shop.it\/fr\/wp-json\/wp\/v2\/product"}],"about":[{"href":"https:\/\/www.erresse-shop.it\/fr\/wp-json\/wp\/v2\/types\/product"}],"wp:featuredmedia":[{"embeddable":true,"href":"https:\/\/www.erresse-shop.it\/fr\/wp-json\/wp\/v2\/media\/443134"}],"wp:attachment":[{"href":"https:\/\/www.erresse-shop.it\/fr\/wp-json\/wp\/v2\/media?parent=218336"}],"wp:term":[{"taxonomy":"product_cat","embeddable":true,"href":"https:\/\/www.erresse-shop.it\/fr\/wp-json\/wp\/v2\/product_cat?post=218336"},{"taxonomy":"product_tag","embeddable":true,"href":"https:\/\/www.erresse-shop.it\/fr\/wp-json\/wp\/v2\/product_tag?post=218336"}],"curies":[{"name":"wp","href":"https:\/\/api.w.org\/{rel}","templated":true}]}}