{"id":218148,"date":"2022-12-09T09:01:53","date_gmt":"2022-12-09T09:01:58","guid":{"rendered":"https:\/\/www.erresse-shop.it\/?post_type=product&#038;p=218148"},"modified":"2025-05-21T12:33:06","modified_gmt":"2025-05-21T12:33:06","slug":"joseph-joseph-elevate-set-6-ustensiles-de-cuisine-carousel-vert","status":"publish","type":"product","link":"https:\/\/www.erresse-shop.it\/fr\/shop\/cuisine\/outils\/joseph-joseph-elevate-set-6-ustensiles-de-cuisine-carousel-vert\/","title":{"rendered":"JOSEPH JOSEPH Elevate Set 6 Ustensiles de cuisine Carousel Vert"},"content":{"rendered":"<p><strong>Caract\u00e9ristiques du produit<\/strong><\/p>\n<ul>\n<li>Les ustensiles de cuisine inclus dans ce set ont des poign\u00e9es lest\u00e9es pour une hygi\u00e8ne optimale et une surface de travail efficace.<\/li>\n<li>Le set comprend : une \u00e9cumoire, une louche \u00e0 spaghetti, des spatules \u00e0 fente, souples et solides, une louche<\/li>\n<li>Les poign\u00e9es lest\u00e9es garantissent que les t\u00eates ne touchent pas le plan de travail lorsqu&#8217;elles sont positionn\u00e9es vers le bas.<\/li>\n<li>Les t\u00eates en nylon r\u00e9sistent \u00e0 la chaleur jusqu&#8217;\u00e0 200\u00b0C (392\u00b0F).<\/li>\n<li>Les poign\u00e9es en silicone r\u00e9sistent \u00e0 la chaleur jusqu&#8217;\u00e0 270\u00b0C (520\u00b0F).<\/li>\n<li>Le carrousel est \u00e9quip\u00e9 d&#8217;une base antid\u00e9rapante et se d\u00e9place facilement pour faciliter la s\u00e9lection des ustensiles.<\/li>\n<li>Convient \u00e0 tous les types d&#8217;ustensiles de cuisine<\/li>\n<\/ul>\n<p><strong>Pr\u00e9cautions et utilisation<\/strong><\/p>\n<ul>\n<li>Lavable au lave-vaisselle<\/li>\n<li>Nettoyez le carrousel avec un chiffon humide.<\/li>\n<li>Pour \u00e9viter les taches, n&#8217;utilisez pas de produits \u00e0 fort pouvoir colorant, comme le curcuma.<\/li>\n<li>Sans BPA<\/li>\n<\/ul>\n<p><strong>Dimensions:<\/strong><br \/>\nH35 x L16,5 x D16,5 cm (H13\u00be x L6\u00bd x D6\u00bd pouces)<\/p>\n<p><strong>Con\u00e7u par Joseph Joseph<\/strong><\/p>\n","protected":false},"excerpt":{"rendered":"<p>Caract\u00e9ristiques du produit Les ustensiles de cuisine inclus dans ce set ont des poign\u00e9es lest\u00e9es pour une hygi\u00e8ne optimale et<\/p>\n","protected":false},"featured_media":500354,"template":"","meta":{"_acf_changed":false,"inline_featured_image":false},"product_cat":[12748,25333],"product_tag":[25026,21634,25021,21633,21635,18366],"acf":[],"yoast_head":"<!-- This site is optimized with the Yoast SEO Premium plugin v18.6 (Yoast SEO v19.13) - https:\/\/yoast.com\/wordpress\/plugins\/seo\/ -->\n<title>JOSEPH JOSEPH Elevate Set 6 Ustensiles de cuisine Carousel Vert - Erresse Shop<\/title>\n<meta name=\"description\" content=\"Caract\u00e9ristiques du produit Les ustensiles de cuisine inclus dans ce set ont des poign\u00e9es lest\u00e9es pour une hygi\u00e8ne optimale et une surface de travail\" \/>\n<meta name=\"robots\" content=\"index, follow, max-snippet:-1, max-image-preview:large, max-video-preview:-1\" \/>\n<link rel=\"canonical\" href=\"https:\/\/www.erresse-shop.it\/fr\/shop\/cuisine\/outils\/joseph-joseph-elevate-set-6-ustensiles-de-cuisine-carousel-vert\/\" \/>\n<meta property=\"og:locale\" content=\"fr_FR\" \/>\n<meta property=\"og:type\" content=\"article\" \/>\n<meta property=\"og:title\" content=\"JOSEPH JOSEPH Elevate Set 6 Ustensiles de cuisine Carousel Vert\" \/>\n<meta property=\"og:description\" content=\"Caract\u00e9ristiques du produit Les ustensiles de cuisine inclus dans ce set ont des poign\u00e9es lest\u00e9es pour une hygi\u00e8ne optimale et une surface de travail\" \/>\n<meta property=\"og:url\" content=\"https:\/\/www.erresse-shop.it\/fr\/shop\/cuisine\/outils\/joseph-joseph-elevate-set-6-ustensiles-de-cuisine-carousel-vert\/\" \/>\n<meta property=\"og:site_name\" content=\"Erresse Shop\" \/>\n<meta property=\"article:modified_time\" content=\"2025-05-21T12:33:06+00:00\" \/>\n<meta property=\"og:image\" content=\"https:\/\/www.erresse-shop.it\/wp-content\/uploads\/2022\/12\/JOSEPH-JOSEPH-Set-6-Utensili-da-Cucina-Carosello-Verde.jpg\" \/>\n\t<meta property=\"og:image:width\" content=\"1200\" \/>\n\t<meta property=\"og:image:height\" content=\"1200\" \/>\n\t<meta property=\"og:image:type\" content=\"image\/jpeg\" \/>\n<meta name=\"twitter:card\" content=\"summary_large_image\" \/>\n<script type=\"application\/ld+json\" class=\"yoast-schema-graph\">{\"@context\":\"https:\/\/schema.org\",\"@graph\":[{\"@type\":\"WebPage\",\"@id\":\"https:\/\/www.erresse-shop.it\/fr\/shop\/cuisine\/outils\/joseph-joseph-elevate-set-6-ustensiles-de-cuisine-carousel-vert\/\",\"url\":\"https:\/\/www.erresse-shop.it\/fr\/shop\/cuisine\/outils\/joseph-joseph-elevate-set-6-ustensiles-de-cuisine-carousel-vert\/\",\"name\":\"JOSEPH JOSEPH Elevate Set 6 Ustensiles de cuisine Carousel Vert - Erresse Shop\",\"isPartOf\":{\"@id\":\"https:\/\/www.erresse-shop.it\/fr\/#website\"},\"datePublished\":\"2022-12-09T09:01:58+00:00\",\"dateModified\":\"2025-05-21T12:33:06+00:00\",\"description\":\"Caract\u00e9ristiques du produit Les ustensiles de cuisine inclus dans ce set ont des poign\u00e9es lest\u00e9es pour une hygi\u00e8ne optimale et une surface de travail\",\"breadcrumb\":{\"@id\":\"https:\/\/www.erresse-shop.it\/fr\/shop\/cuisine\/outils\/joseph-joseph-elevate-set-6-ustensiles-de-cuisine-carousel-vert\/#breadcrumb\"},\"inLanguage\":\"fr-FR\",\"potentialAction\":[{\"@type\":\"ReadAction\",\"target\":[\"https:\/\/www.erresse-shop.it\/fr\/shop\/cuisine\/outils\/joseph-joseph-elevate-set-6-ustensiles-de-cuisine-carousel-vert\/\"]}]},{\"@type\":\"BreadcrumbList\",\"@id\":\"https:\/\/www.erresse-shop.it\/fr\/shop\/cuisine\/outils\/joseph-joseph-elevate-set-6-ustensiles-de-cuisine-carousel-vert\/#breadcrumb\",\"itemListElement\":[{\"@type\":\"ListItem\",\"position\":1,\"name\":\"Home\",\"item\":\"https:\/\/www.erresse-shop.it\/fr\/\"},{\"@type\":\"ListItem\",\"position\":2,\"name\":\"Shop\",\"item\":\"https:\/\/www.erresse-shop.it\/fr\/shop\/\"},{\"@type\":\"ListItem\",\"position\":3,\"name\":\"JOSEPH JOSEPH Elevate Set 6 Ustensiles de cuisine Carousel Vert\"}]},{\"@type\":\"WebSite\",\"@id\":\"https:\/\/www.erresse-shop.it\/fr\/#website\",\"url\":\"https:\/\/www.erresse-shop.it\/fr\/\",\"name\":\"Erresse Shop\",\"description\":\"Articoli di qualit\u00e0 per la casa\",\"potentialAction\":[{\"@type\":\"SearchAction\",\"target\":{\"@type\":\"EntryPoint\",\"urlTemplate\":\"https:\/\/www.erresse-shop.it\/fr\/?s={search_term_string}\"},\"query-input\":\"required name=search_term_string\"}],\"inLanguage\":\"fr-FR\"}]}<\/script>\n<!-- \/ Yoast SEO Premium plugin. -->","yoast_head_json":{"title":"JOSEPH JOSEPH Elevate Set 6 Ustensiles de cuisine Carousel Vert - Erresse Shop","description":"Caract\u00e9ristiques du produit Les ustensiles de cuisine inclus dans ce set ont des poign\u00e9es lest\u00e9es pour une hygi\u00e8ne optimale et une surface de travail","robots":{"index":"index","follow":"follow","max-snippet":"max-snippet:-1","max-image-preview":"max-image-preview:large","max-video-preview":"max-video-preview:-1"},"canonical":"https:\/\/www.erresse-shop.it\/fr\/shop\/cuisine\/outils\/joseph-joseph-elevate-set-6-ustensiles-de-cuisine-carousel-vert\/","og_locale":"fr_FR","og_type":"article","og_title":"JOSEPH JOSEPH Elevate Set 6 Ustensiles de cuisine Carousel Vert","og_description":"Caract\u00e9ristiques du produit Les ustensiles de cuisine inclus dans ce set ont des poign\u00e9es lest\u00e9es pour une hygi\u00e8ne optimale et une surface de travail","og_url":"https:\/\/www.erresse-shop.it\/fr\/shop\/cuisine\/outils\/joseph-joseph-elevate-set-6-ustensiles-de-cuisine-carousel-vert\/","og_site_name":"Erresse Shop","article_modified_time":"2025-05-21T12:33:06+00:00","og_image":[{"width":1200,"height":1200,"url":"https:\/\/www.erresse-shop.it\/wp-content\/uploads\/2022\/12\/JOSEPH-JOSEPH-Set-6-Utensili-da-Cucina-Carosello-Verde.jpg","type":"image\/jpeg"}],"twitter_card":"summary_large_image","schema":{"@context":"https:\/\/schema.org","@graph":[{"@type":"WebPage","@id":"https:\/\/www.erresse-shop.it\/fr\/shop\/cuisine\/outils\/joseph-joseph-elevate-set-6-ustensiles-de-cuisine-carousel-vert\/","url":"https:\/\/www.erresse-shop.it\/fr\/shop\/cuisine\/outils\/joseph-joseph-elevate-set-6-ustensiles-de-cuisine-carousel-vert\/","name":"JOSEPH JOSEPH Elevate Set 6 Ustensiles de cuisine Carousel Vert - Erresse Shop","isPartOf":{"@id":"https:\/\/www.erresse-shop.it\/fr\/#website"},"datePublished":"2022-12-09T09:01:58+00:00","dateModified":"2025-05-21T12:33:06+00:00","description":"Caract\u00e9ristiques du produit Les ustensiles de cuisine inclus dans ce set ont des poign\u00e9es lest\u00e9es pour une hygi\u00e8ne optimale et une surface de travail","breadcrumb":{"@id":"https:\/\/www.erresse-shop.it\/fr\/shop\/cuisine\/outils\/joseph-joseph-elevate-set-6-ustensiles-de-cuisine-carousel-vert\/#breadcrumb"},"inLanguage":"fr-FR","potentialAction":[{"@type":"ReadAction","target":["https:\/\/www.erresse-shop.it\/fr\/shop\/cuisine\/outils\/joseph-joseph-elevate-set-6-ustensiles-de-cuisine-carousel-vert\/"]}]},{"@type":"BreadcrumbList","@id":"https:\/\/www.erresse-shop.it\/fr\/shop\/cuisine\/outils\/joseph-joseph-elevate-set-6-ustensiles-de-cuisine-carousel-vert\/#breadcrumb","itemListElement":[{"@type":"ListItem","position":1,"name":"Home","item":"https:\/\/www.erresse-shop.it\/fr\/"},{"@type":"ListItem","position":2,"name":"Shop","item":"https:\/\/www.erresse-shop.it\/fr\/shop\/"},{"@type":"ListItem","position":3,"name":"JOSEPH JOSEPH Elevate Set 6 Ustensiles de cuisine Carousel Vert"}]},{"@type":"WebSite","@id":"https:\/\/www.erresse-shop.it\/fr\/#website","url":"https:\/\/www.erresse-shop.it\/fr\/","name":"Erresse Shop","description":"Articoli di qualit\u00e0 per la casa","potentialAction":[{"@type":"SearchAction","target":{"@type":"EntryPoint","urlTemplate":"https:\/\/www.erresse-shop.it\/fr\/?s={search_term_string}"},"query-input":"required name=search_term_string"}],"inLanguage":"fr-FR"}]}},"df_price":39.95,"df_sale_price":39.95,"df_regular_price":79.9,"df_image_link":"https:\/\/www.erresse-shop.it\/wp-content\/uploads\/2022\/12\/JOSEPH-JOSEPH-Set-6-Utensili-da-Cucina-Carosello-Verde-300x300.jpg","_links":{"self":[{"href":"https:\/\/www.erresse-shop.it\/fr\/wp-json\/wp\/v2\/product\/218148"}],"collection":[{"href":"https:\/\/www.erresse-shop.it\/fr\/wp-json\/wp\/v2\/product"}],"about":[{"href":"https:\/\/www.erresse-shop.it\/fr\/wp-json\/wp\/v2\/types\/product"}],"wp:featuredmedia":[{"embeddable":true,"href":"https:\/\/www.erresse-shop.it\/fr\/wp-json\/wp\/v2\/media\/500354"}],"wp:attachment":[{"href":"https:\/\/www.erresse-shop.it\/fr\/wp-json\/wp\/v2\/media?parent=218148"}],"wp:term":[{"taxonomy":"product_cat","embeddable":true,"href":"https:\/\/www.erresse-shop.it\/fr\/wp-json\/wp\/v2\/product_cat?post=218148"},{"taxonomy":"product_tag","embeddable":true,"href":"https:\/\/www.erresse-shop.it\/fr\/wp-json\/wp\/v2\/product_tag?post=218148"}],"curies":[{"name":"wp","href":"https:\/\/api.w.org\/{rel}","templated":true}]}}