{"id":218046,"date":"2022-12-09T07:44:47","date_gmt":"2022-12-09T07:44:53","guid":{"rendered":"https:\/\/www.erresse-shop.it\/?post_type=product&#038;p=218046"},"modified":"2025-05-21T10:18:26","modified_gmt":"2025-05-21T10:18:26","slug":"joseph-joseph-elevate-5-couteaux-carrousel-vert","status":"publish","type":"product","link":"https:\/\/www.erresse-shop.it\/fr\/shop\/cuisine\/couteaux\/joseph-joseph-elevate-5-couteaux-carrousel-vert\/","title":{"rendered":"JOSEPH JOSEPH Elevate 5 Couteaux Carrousel Vert"},"content":{"rendered":"<p><strong>Caract\u00e9ristiques du produit<\/strong><\/p>\n<ul>\n<li>Tous ces couteaux sont fabriqu\u00e9s en acier inoxydable japonais et peuvent \u00eatre<\/li>\n<li>facilement s\u00e9lectionn\u00e9s \u00e0 partir du couteau rotatif, m\u00eame s&#8217;il est rang\u00e9 dans un placard.<\/li>\n<li>La technologie Elevate\u2122 est con\u00e7ue pour am\u00e9liorer l&#8217;hygi\u00e8ne et minimiser les d\u00e9chets.<\/li>\n<li>Les poign\u00e9es lest\u00e9es et les porte-couteaux int\u00e9gr\u00e9s emp\u00eachent les lames de toucher le plan de travail lorsqu&#8217;elles sont pos\u00e9es.<\/li>\n<li>Lames en acier inoxydable japonais<\/li>\n<li>Le porte-couteau rotatif est dot\u00e9 de fentes verticales pour un acc\u00e8s facile et d&#8217;une base antid\u00e9rapante.<\/li>\n<li>L&#8217;ensemble comprend : un couteau de chef de 3\u00bd po, un couteau dentel\u00e9 de 4\u00bd po, un couteau Santoku de 5\u00bd po, un couteau de chef de 6\u00bd po, un couteau \u00e0 pain de 8 po et un porte-couteau rotatif.<\/li>\n<\/ul>\n<p><strong>Pr\u00e9cautions et utilisation:<\/strong><\/p>\n<ul>\n<li>Ne va pas au lave-vaisselle<\/li>\n<li>Couteaux &#8211; laver \u00e0 la main uniquement et s\u00e9cher imm\u00e9diatement<\/li>\n<li>Carrousel &#8211; nettoyer avec un chiffon humide<\/li>\n<li>Sans BPA<\/li>\n<\/ul>\n<p><strong>Dimensions :<\/strong><br \/>\nH35 x L13.3 x D13.3 cm (H13\u00be x L5\u00bc x D5\u00bc pouces)<\/p>\n<p><strong>Con\u00e7u par Joseph Joseph<\/strong><\/p>\n","protected":false},"excerpt":{"rendered":"<p><\/p>\n","protected":false},"featured_media":500174,"template":"","meta":{"_acf_changed":false,"inline_featured_image":false},"product_cat":[12742,14452,12748],"product_tag":[25026,14045,13621,25021,21623],"acf":[],"yoast_head":"<!-- This site is optimized with the Yoast SEO Premium plugin v18.6 (Yoast SEO v19.13) - https:\/\/yoast.com\/wordpress\/plugins\/seo\/ -->\n<title>JOSEPH JOSEPH Elevate 5 Couteaux Carrousel Vert - Erresse Shop<\/title>\n<meta name=\"robots\" content=\"index, follow, max-snippet:-1, max-image-preview:large, max-video-preview:-1\" \/>\n<link rel=\"canonical\" href=\"https:\/\/www.erresse-shop.it\/fr\/shop\/cuisine\/couteaux\/joseph-joseph-elevate-5-couteaux-carrousel-vert\/\" \/>\n<meta property=\"og:locale\" content=\"fr_FR\" \/>\n<meta property=\"og:type\" content=\"article\" \/>\n<meta property=\"og:title\" content=\"JOSEPH JOSEPH Elevate 5 Couteaux Carrousel Vert\" \/>\n<meta property=\"og:url\" content=\"https:\/\/www.erresse-shop.it\/fr\/shop\/cuisine\/couteaux\/joseph-joseph-elevate-5-couteaux-carrousel-vert\/\" \/>\n<meta property=\"og:site_name\" content=\"Erresse Shop\" \/>\n<meta property=\"article:modified_time\" content=\"2025-05-21T10:18:26+00:00\" \/>\n<meta property=\"og:image\" content=\"https:\/\/www.erresse-shop.it\/wp-content\/uploads\/2022\/12\/JOSEPH-JOSEPH-5-coltelli-a-Giostra-Verde.jpg\" \/>\n\t<meta property=\"og:image:width\" content=\"1200\" \/>\n\t<meta property=\"og:image:height\" content=\"1200\" \/>\n\t<meta property=\"og:image:type\" content=\"image\/jpeg\" \/>\n<meta name=\"twitter:card\" content=\"summary_large_image\" \/>\n<script type=\"application\/ld+json\" class=\"yoast-schema-graph\">{\"@context\":\"https:\/\/schema.org\",\"@graph\":[{\"@type\":\"WebPage\",\"@id\":\"https:\/\/www.erresse-shop.it\/fr\/shop\/cuisine\/couteaux\/joseph-joseph-elevate-5-couteaux-carrousel-vert\/\",\"url\":\"https:\/\/www.erresse-shop.it\/fr\/shop\/cuisine\/couteaux\/joseph-joseph-elevate-5-couteaux-carrousel-vert\/\",\"name\":\"JOSEPH JOSEPH Elevate 5 Couteaux Carrousel Vert - Erresse Shop\",\"isPartOf\":{\"@id\":\"https:\/\/www.erresse-shop.it\/fr\/#website\"},\"datePublished\":\"2022-12-09T07:44:53+00:00\",\"dateModified\":\"2025-05-21T10:18:26+00:00\",\"breadcrumb\":{\"@id\":\"https:\/\/www.erresse-shop.it\/fr\/shop\/cuisine\/couteaux\/joseph-joseph-elevate-5-couteaux-carrousel-vert\/#breadcrumb\"},\"inLanguage\":\"fr-FR\",\"potentialAction\":[{\"@type\":\"ReadAction\",\"target\":[\"https:\/\/www.erresse-shop.it\/fr\/shop\/cuisine\/couteaux\/joseph-joseph-elevate-5-couteaux-carrousel-vert\/\"]}]},{\"@type\":\"BreadcrumbList\",\"@id\":\"https:\/\/www.erresse-shop.it\/fr\/shop\/cuisine\/couteaux\/joseph-joseph-elevate-5-couteaux-carrousel-vert\/#breadcrumb\",\"itemListElement\":[{\"@type\":\"ListItem\",\"position\":1,\"name\":\"Home\",\"item\":\"https:\/\/www.erresse-shop.it\/fr\/\"},{\"@type\":\"ListItem\",\"position\":2,\"name\":\"Shop\",\"item\":\"https:\/\/www.erresse-shop.it\/fr\/shop\/\"},{\"@type\":\"ListItem\",\"position\":3,\"name\":\"JOSEPH JOSEPH Elevate 5 Couteaux Carrousel Vert\"}]},{\"@type\":\"WebSite\",\"@id\":\"https:\/\/www.erresse-shop.it\/fr\/#website\",\"url\":\"https:\/\/www.erresse-shop.it\/fr\/\",\"name\":\"Erresse Shop\",\"description\":\"Articoli di qualit\u00e0 per la casa\",\"potentialAction\":[{\"@type\":\"SearchAction\",\"target\":{\"@type\":\"EntryPoint\",\"urlTemplate\":\"https:\/\/www.erresse-shop.it\/fr\/?s={search_term_string}\"},\"query-input\":\"required name=search_term_string\"}],\"inLanguage\":\"fr-FR\"}]}<\/script>\n<!-- \/ Yoast SEO Premium plugin. -->","yoast_head_json":{"title":"JOSEPH JOSEPH Elevate 5 Couteaux Carrousel Vert - Erresse Shop","robots":{"index":"index","follow":"follow","max-snippet":"max-snippet:-1","max-image-preview":"max-image-preview:large","max-video-preview":"max-video-preview:-1"},"canonical":"https:\/\/www.erresse-shop.it\/fr\/shop\/cuisine\/couteaux\/joseph-joseph-elevate-5-couteaux-carrousel-vert\/","og_locale":"fr_FR","og_type":"article","og_title":"JOSEPH JOSEPH Elevate 5 Couteaux Carrousel Vert","og_url":"https:\/\/www.erresse-shop.it\/fr\/shop\/cuisine\/couteaux\/joseph-joseph-elevate-5-couteaux-carrousel-vert\/","og_site_name":"Erresse Shop","article_modified_time":"2025-05-21T10:18:26+00:00","og_image":[{"width":1200,"height":1200,"url":"https:\/\/www.erresse-shop.it\/wp-content\/uploads\/2022\/12\/JOSEPH-JOSEPH-5-coltelli-a-Giostra-Verde.jpg","type":"image\/jpeg"}],"twitter_card":"summary_large_image","schema":{"@context":"https:\/\/schema.org","@graph":[{"@type":"WebPage","@id":"https:\/\/www.erresse-shop.it\/fr\/shop\/cuisine\/couteaux\/joseph-joseph-elevate-5-couteaux-carrousel-vert\/","url":"https:\/\/www.erresse-shop.it\/fr\/shop\/cuisine\/couteaux\/joseph-joseph-elevate-5-couteaux-carrousel-vert\/","name":"JOSEPH JOSEPH Elevate 5 Couteaux Carrousel Vert - Erresse Shop","isPartOf":{"@id":"https:\/\/www.erresse-shop.it\/fr\/#website"},"datePublished":"2022-12-09T07:44:53+00:00","dateModified":"2025-05-21T10:18:26+00:00","breadcrumb":{"@id":"https:\/\/www.erresse-shop.it\/fr\/shop\/cuisine\/couteaux\/joseph-joseph-elevate-5-couteaux-carrousel-vert\/#breadcrumb"},"inLanguage":"fr-FR","potentialAction":[{"@type":"ReadAction","target":["https:\/\/www.erresse-shop.it\/fr\/shop\/cuisine\/couteaux\/joseph-joseph-elevate-5-couteaux-carrousel-vert\/"]}]},{"@type":"BreadcrumbList","@id":"https:\/\/www.erresse-shop.it\/fr\/shop\/cuisine\/couteaux\/joseph-joseph-elevate-5-couteaux-carrousel-vert\/#breadcrumb","itemListElement":[{"@type":"ListItem","position":1,"name":"Home","item":"https:\/\/www.erresse-shop.it\/fr\/"},{"@type":"ListItem","position":2,"name":"Shop","item":"https:\/\/www.erresse-shop.it\/fr\/shop\/"},{"@type":"ListItem","position":3,"name":"JOSEPH JOSEPH Elevate 5 Couteaux Carrousel Vert"}]},{"@type":"WebSite","@id":"https:\/\/www.erresse-shop.it\/fr\/#website","url":"https:\/\/www.erresse-shop.it\/fr\/","name":"Erresse Shop","description":"Articoli di qualit\u00e0 per la casa","potentialAction":[{"@type":"SearchAction","target":{"@type":"EntryPoint","urlTemplate":"https:\/\/www.erresse-shop.it\/fr\/?s={search_term_string}"},"query-input":"required name=search_term_string"}],"inLanguage":"fr-FR"}]}},"df_price":54.995,"df_sale_price":54.995,"df_regular_price":109.99,"df_image_link":"https:\/\/www.erresse-shop.it\/wp-content\/uploads\/2022\/12\/JOSEPH-JOSEPH-5-coltelli-a-Giostra-Verde-300x300.jpg","_links":{"self":[{"href":"https:\/\/www.erresse-shop.it\/fr\/wp-json\/wp\/v2\/product\/218046"}],"collection":[{"href":"https:\/\/www.erresse-shop.it\/fr\/wp-json\/wp\/v2\/product"}],"about":[{"href":"https:\/\/www.erresse-shop.it\/fr\/wp-json\/wp\/v2\/types\/product"}],"wp:featuredmedia":[{"embeddable":true,"href":"https:\/\/www.erresse-shop.it\/fr\/wp-json\/wp\/v2\/media\/500174"}],"wp:attachment":[{"href":"https:\/\/www.erresse-shop.it\/fr\/wp-json\/wp\/v2\/media?parent=218046"}],"wp:term":[{"taxonomy":"product_cat","embeddable":true,"href":"https:\/\/www.erresse-shop.it\/fr\/wp-json\/wp\/v2\/product_cat?post=218046"},{"taxonomy":"product_tag","embeddable":true,"href":"https:\/\/www.erresse-shop.it\/fr\/wp-json\/wp\/v2\/product_tag?post=218046"}],"curies":[{"name":"wp","href":"https:\/\/api.w.org\/{rel}","templated":true}]}}