{"id":217382,"date":"2022-12-07T14:26:46","date_gmt":"2022-12-07T14:26:51","guid":{"rendered":"https:\/\/www.erresse-shop.it\/?post_type=product&#038;p=217382"},"modified":"2025-05-21T10:44:24","modified_gmt":"2025-05-21T10:44:24","slug":"joseph-joseph-nest-9-plus-set-de-bol-a-petrir","status":"publish","type":"product","link":"https:\/\/www.erresse-shop.it\/fr\/shop\/table-fr-2\/recipients-et-bols\/joseph-joseph-nest-9-plus-set-de-bol-a-petrir\/","title":{"rendered":"JOSEPH JOSEPH Nest 9 Plus Set de Bol \u00e0 P\u00e9trir"},"content":{"rendered":"<p><strong>Caract\u00e9ristiques du produit:<\/strong><\/p>\n<p>Ce set de cuisine, \u00e0 la conception unique et aux \u00e9l\u00e9ments individuels empilables, occupe un espace peu encombrant.<br \/>\nL&#8217;ensemble comprend : R\u00e9cipient de 4,5 L, passoire de 3 L, tamis de 1,65 L, bol de 0,5 L, 5 doseurs<\/p>\n<ul>\n<li>Conception et rangement optimaux<\/li>\n<li>Le r\u00e9cipient dispose d\u2019une base antid\u00e9rapante, de larges poign\u00e9es et d\u2019un bec<\/li>\n<li>verseur fonctionnel<\/li>\n<li>Le bol de 0,5 L comprend des unit\u00e9s m\u00e9triques (ml \/ fl.oz)<\/li>\n<li>Le set contient \u00e9galement un tamis \u00e0 p\u00e2tisserie en acier inoxydable ainsi qu\u2019une grande passoire<\/li>\n<\/ul>\n<p><strong>Pr\u00e9cautions &amp; d\u2019utilisation:<\/strong><\/p>\n<ul>\n<li>Lavable au lave-vaisselle<\/li>\n<li>Ne pas mettre au micro-ondes<\/li>\n<li>Sans BPA<\/li>\n<\/ul>\n<p><strong>Dimensions:<\/strong><\/p>\n<p>H14,5 x L28,5 x P28,5 cm (H5\u00be x L11\u00bc x P11\u00bc pouces)<\/p>\n<p><strong>Con\u00e7u par Morph pour Joseph Joseph<\/strong><\/p>\n","protected":false},"excerpt":{"rendered":"<p>Caract\u00e9ristiques du produit: Ce set de cuisine, \u00e0 la conception unique et aux \u00e9l\u00e9ments individuels empilables, occupe un espace peu<\/p>\n","protected":false},"featured_media":500252,"template":"","meta":{"_acf_changed":false,"inline_featured_image":false},"product_cat":[14244,12782],"product_tag":[25026,15901,21601,25021,21602,21603,21604,21606,21605],"acf":[],"yoast_head":"<!-- This site is optimized with the Yoast SEO Premium plugin v18.6 (Yoast SEO v19.13) - https:\/\/yoast.com\/wordpress\/plugins\/seo\/ -->\n<title>JOSEPH JOSEPH Nest 9 Plus Set de Bol \u00e0 P\u00e9trir - Erresse Shop<\/title>\n<meta name=\"description\" content=\"Caract\u00e9ristiques du produit: Ce set de cuisine, \u00e0 la conception unique et aux \u00e9l\u00e9ments individuels empilables, occupe un espace peu encombrant. L&#039;ensemble\" \/>\n<meta name=\"robots\" content=\"index, follow, max-snippet:-1, max-image-preview:large, max-video-preview:-1\" \/>\n<link rel=\"canonical\" href=\"https:\/\/www.erresse-shop.it\/fr\/shop\/table-fr-2\/recipients-et-bols\/joseph-joseph-nest-9-plus-set-de-bol-a-petrir\/\" \/>\n<meta property=\"og:locale\" content=\"fr_FR\" \/>\n<meta property=\"og:type\" content=\"article\" \/>\n<meta property=\"og:title\" content=\"JOSEPH JOSEPH Nest 9 Plus Set de Bol \u00e0 P\u00e9trir\" \/>\n<meta property=\"og:description\" content=\"Caract\u00e9ristiques du produit: Ce set de cuisine, \u00e0 la conception unique et aux \u00e9l\u00e9ments individuels empilables, occupe un espace peu encombrant. L&#039;ensemble\" \/>\n<meta property=\"og:url\" content=\"https:\/\/www.erresse-shop.it\/fr\/shop\/table-fr-2\/recipients-et-bols\/joseph-joseph-nest-9-plus-set-de-bol-a-petrir\/\" \/>\n<meta property=\"og:site_name\" content=\"Erresse Shop\" \/>\n<meta property=\"article:modified_time\" content=\"2025-05-21T10:44:24+00:00\" \/>\n<meta property=\"og:image\" content=\"https:\/\/www.erresse-shop.it\/wp-content\/uploads\/2022\/12\/JOSEPH-JOSEPH-Set-Ciotole-per-Impastare-Verde.jpg\" \/>\n\t<meta property=\"og:image:width\" content=\"1200\" \/>\n\t<meta property=\"og:image:height\" content=\"1200\" \/>\n\t<meta property=\"og:image:type\" content=\"image\/jpeg\" \/>\n<meta name=\"twitter:card\" content=\"summary_large_image\" \/>\n<script type=\"application\/ld+json\" class=\"yoast-schema-graph\">{\"@context\":\"https:\/\/schema.org\",\"@graph\":[{\"@type\":\"WebPage\",\"@id\":\"https:\/\/www.erresse-shop.it\/fr\/shop\/table-fr-2\/recipients-et-bols\/joseph-joseph-nest-9-plus-set-de-bol-a-petrir\/\",\"url\":\"https:\/\/www.erresse-shop.it\/fr\/shop\/table-fr-2\/recipients-et-bols\/joseph-joseph-nest-9-plus-set-de-bol-a-petrir\/\",\"name\":\"JOSEPH JOSEPH Nest 9 Plus Set de Bol \u00e0 P\u00e9trir - Erresse Shop\",\"isPartOf\":{\"@id\":\"https:\/\/www.erresse-shop.it\/fr\/#website\"},\"datePublished\":\"2022-12-07T14:26:51+00:00\",\"dateModified\":\"2025-05-21T10:44:24+00:00\",\"description\":\"Caract\u00e9ristiques du produit: Ce set de cuisine, \u00e0 la conception unique et aux \u00e9l\u00e9ments individuels empilables, occupe un espace peu encombrant. L'ensemble\",\"breadcrumb\":{\"@id\":\"https:\/\/www.erresse-shop.it\/fr\/shop\/table-fr-2\/recipients-et-bols\/joseph-joseph-nest-9-plus-set-de-bol-a-petrir\/#breadcrumb\"},\"inLanguage\":\"fr-FR\",\"potentialAction\":[{\"@type\":\"ReadAction\",\"target\":[\"https:\/\/www.erresse-shop.it\/fr\/shop\/table-fr-2\/recipients-et-bols\/joseph-joseph-nest-9-plus-set-de-bol-a-petrir\/\"]}]},{\"@type\":\"BreadcrumbList\",\"@id\":\"https:\/\/www.erresse-shop.it\/fr\/shop\/table-fr-2\/recipients-et-bols\/joseph-joseph-nest-9-plus-set-de-bol-a-petrir\/#breadcrumb\",\"itemListElement\":[{\"@type\":\"ListItem\",\"position\":1,\"name\":\"Home\",\"item\":\"https:\/\/www.erresse-shop.it\/fr\/\"},{\"@type\":\"ListItem\",\"position\":2,\"name\":\"Shop\",\"item\":\"https:\/\/www.erresse-shop.it\/fr\/shop\/\"},{\"@type\":\"ListItem\",\"position\":3,\"name\":\"JOSEPH JOSEPH Nest 9 Plus Set de Bol \u00e0 P\u00e9trir\"}]},{\"@type\":\"WebSite\",\"@id\":\"https:\/\/www.erresse-shop.it\/fr\/#website\",\"url\":\"https:\/\/www.erresse-shop.it\/fr\/\",\"name\":\"Erresse Shop\",\"description\":\"Articoli di qualit\u00e0 per la casa\",\"potentialAction\":[{\"@type\":\"SearchAction\",\"target\":{\"@type\":\"EntryPoint\",\"urlTemplate\":\"https:\/\/www.erresse-shop.it\/fr\/?s={search_term_string}\"},\"query-input\":\"required name=search_term_string\"}],\"inLanguage\":\"fr-FR\"}]}<\/script>\n<!-- \/ Yoast SEO Premium plugin. -->","yoast_head_json":{"title":"JOSEPH JOSEPH Nest 9 Plus Set de Bol \u00e0 P\u00e9trir - Erresse Shop","description":"Caract\u00e9ristiques du produit: Ce set de cuisine, \u00e0 la conception unique et aux \u00e9l\u00e9ments individuels empilables, occupe un espace peu encombrant. L'ensemble","robots":{"index":"index","follow":"follow","max-snippet":"max-snippet:-1","max-image-preview":"max-image-preview:large","max-video-preview":"max-video-preview:-1"},"canonical":"https:\/\/www.erresse-shop.it\/fr\/shop\/table-fr-2\/recipients-et-bols\/joseph-joseph-nest-9-plus-set-de-bol-a-petrir\/","og_locale":"fr_FR","og_type":"article","og_title":"JOSEPH JOSEPH Nest 9 Plus Set de Bol \u00e0 P\u00e9trir","og_description":"Caract\u00e9ristiques du produit: Ce set de cuisine, \u00e0 la conception unique et aux \u00e9l\u00e9ments individuels empilables, occupe un espace peu encombrant. L'ensemble","og_url":"https:\/\/www.erresse-shop.it\/fr\/shop\/table-fr-2\/recipients-et-bols\/joseph-joseph-nest-9-plus-set-de-bol-a-petrir\/","og_site_name":"Erresse Shop","article_modified_time":"2025-05-21T10:44:24+00:00","og_image":[{"width":1200,"height":1200,"url":"https:\/\/www.erresse-shop.it\/wp-content\/uploads\/2022\/12\/JOSEPH-JOSEPH-Set-Ciotole-per-Impastare-Verde.jpg","type":"image\/jpeg"}],"twitter_card":"summary_large_image","schema":{"@context":"https:\/\/schema.org","@graph":[{"@type":"WebPage","@id":"https:\/\/www.erresse-shop.it\/fr\/shop\/table-fr-2\/recipients-et-bols\/joseph-joseph-nest-9-plus-set-de-bol-a-petrir\/","url":"https:\/\/www.erresse-shop.it\/fr\/shop\/table-fr-2\/recipients-et-bols\/joseph-joseph-nest-9-plus-set-de-bol-a-petrir\/","name":"JOSEPH JOSEPH Nest 9 Plus Set de Bol \u00e0 P\u00e9trir - Erresse Shop","isPartOf":{"@id":"https:\/\/www.erresse-shop.it\/fr\/#website"},"datePublished":"2022-12-07T14:26:51+00:00","dateModified":"2025-05-21T10:44:24+00:00","description":"Caract\u00e9ristiques du produit: Ce set de cuisine, \u00e0 la conception unique et aux \u00e9l\u00e9ments individuels empilables, occupe un espace peu encombrant. L'ensemble","breadcrumb":{"@id":"https:\/\/www.erresse-shop.it\/fr\/shop\/table-fr-2\/recipients-et-bols\/joseph-joseph-nest-9-plus-set-de-bol-a-petrir\/#breadcrumb"},"inLanguage":"fr-FR","potentialAction":[{"@type":"ReadAction","target":["https:\/\/www.erresse-shop.it\/fr\/shop\/table-fr-2\/recipients-et-bols\/joseph-joseph-nest-9-plus-set-de-bol-a-petrir\/"]}]},{"@type":"BreadcrumbList","@id":"https:\/\/www.erresse-shop.it\/fr\/shop\/table-fr-2\/recipients-et-bols\/joseph-joseph-nest-9-plus-set-de-bol-a-petrir\/#breadcrumb","itemListElement":[{"@type":"ListItem","position":1,"name":"Home","item":"https:\/\/www.erresse-shop.it\/fr\/"},{"@type":"ListItem","position":2,"name":"Shop","item":"https:\/\/www.erresse-shop.it\/fr\/shop\/"},{"@type":"ListItem","position":3,"name":"JOSEPH JOSEPH Nest 9 Plus Set de Bol \u00e0 P\u00e9trir"}]},{"@type":"WebSite","@id":"https:\/\/www.erresse-shop.it\/fr\/#website","url":"https:\/\/www.erresse-shop.it\/fr\/","name":"Erresse Shop","description":"Articoli di qualit\u00e0 per la casa","potentialAction":[{"@type":"SearchAction","target":{"@type":"EntryPoint","urlTemplate":"https:\/\/www.erresse-shop.it\/fr\/?s={search_term_string}"},"query-input":"required name=search_term_string"}],"inLanguage":"fr-FR"}]}},"df_price":39,"df_sale_price":39,"df_regular_price":64.9,"df_image_link":"https:\/\/www.erresse-shop.it\/wp-content\/uploads\/2022\/12\/JOSEPH-JOSEPH-Set-Ciotole-per-Impastare-Verde-300x300.jpg","_links":{"self":[{"href":"https:\/\/www.erresse-shop.it\/fr\/wp-json\/wp\/v2\/product\/217382"}],"collection":[{"href":"https:\/\/www.erresse-shop.it\/fr\/wp-json\/wp\/v2\/product"}],"about":[{"href":"https:\/\/www.erresse-shop.it\/fr\/wp-json\/wp\/v2\/types\/product"}],"wp:featuredmedia":[{"embeddable":true,"href":"https:\/\/www.erresse-shop.it\/fr\/wp-json\/wp\/v2\/media\/500252"}],"wp:attachment":[{"href":"https:\/\/www.erresse-shop.it\/fr\/wp-json\/wp\/v2\/media?parent=217382"}],"wp:term":[{"taxonomy":"product_cat","embeddable":true,"href":"https:\/\/www.erresse-shop.it\/fr\/wp-json\/wp\/v2\/product_cat?post=217382"},{"taxonomy":"product_tag","embeddable":true,"href":"https:\/\/www.erresse-shop.it\/fr\/wp-json\/wp\/v2\/product_tag?post=217382"}],"curies":[{"name":"wp","href":"https:\/\/api.w.org\/{rel}","templated":true}]}}